{"id":986,"date":"2023-05-23T17:04:57","date_gmt":"2023-05-23T09:04:57","guid":{"rendered":"https:\/\/megacorepilates.com\/?page_id=986"},"modified":"2025-09-22T17:44:29","modified_gmt":"2025-09-22T09:44:29","slug":"unser-ausstellungsraum","status":"publish","type":"page","link":"https:\/\/megacorepilates.com\/de\/unser-ausstellungsraum\/","title":{"rendered":"Unser Ausstellungsraum"},"content":{"rendered":"<p>[et_pb_section fb_built=\u201d1\u2033 _builder_version=\u201d4.15.1\u2033 _module_preset=\u201ddefault\u201d global_colors_info=\u201d{}\u201d theme_builder_area=\u201dpost_content\u201d][et_pb_row _builder_version=\u201d4.15.1\u2033 _module_preset=\u201ddefault\u201d global_colors_info=\u201d{}\u201d theme_builder_area=\u201dpost_content\u201d][et_pb_column type=\u201d4_4\u2033 _builder_version=\u201d4.15.1\u2033 _module_preset=\u201ddefault\u201d global_colors_info=\u201d{}\u201d theme_builder_area=\u201dpost_content\u201d][et_pb_accordion _builder_version=\u201d4.15.1\u2033 _module_preset=\u201ddefault\u201d hover_enabled=\u201d0\u2033 global_colors_info=\u201d{}\u201d theme_builder_area=\u201dpost_content\u201d sticky_enabled=\u201d0\u2033][et_pb_accordion_item title=\u201dUnser Vorteil\u201d open=\u201don\u201d _builder_version=\u201d4.15.1\u2033 _module_preset=\u201ddefault\u201d hover_enabled=\u201d0\u2033 global_colors_info=\u201d{}\u201d theme_builder_area=\u201dpost_content\u201d sticky_enabled=\u201d0\u2033]<\/p>\n<p>Willkommen bei Megacore Pilates Reformer, wo wir stolz darauf sind, qualitativ hochwertige Pilates-Reformer herzustellen. Unsere Marke bietet Heim- und kommerzielle Optionen, die haupts\u00e4chlich aus Stahl gefertigt sind. Als Unternehmen sind wir bestrebt, Ihnen au\u00dfergew\u00f6hnliche Produkte und einen Service zu bieten, der Ihre Erwartungen \u00fcbertrifft. Wir glauben, dass wir uns durch unsere Produkte und unseren Service von der Konkurrenz abheben.<\/p>\n<p><strong>Unsere Produkte Vorteile<\/strong><\/p>\n<p><strong><b>Fortgeschrittene <\/b><\/strong><\/p>\n<p>Megacore Pilates Reformer setzen viele Fitness-Experten Erfahrung und fortschrittliche Technologie, mit dem neuesten Industrie-Design-Konzept Integration.<\/p>\n<p><strong><b>Gutes Material<\/b><\/strong><strong><b>\u00a0<\/b><\/strong><\/p>\n<p>Megacore Pilates Reformer Hergestellt aus hochwertigen Metall-Materialien und hervorragende Technologie, kann es viel st\u00e4rkere Auswirkungen als traditionelle Pilates-Reformer, langlebig zu widerstehen.<\/p>\n<p><strong><b>Top<\/b><\/strong><strong><b>\u00a0Qualit\u00e4t <\/b><\/strong><\/p>\n<p>Megacore Pilates Reformer autorisierten internationalen ber\u00fchmten Marke OEM-Herstellung, ISO-Qualit\u00e4tskontrollsystem, um sicherzustellen, dass jeder Prozess und jedes Detail den Standards entsprechen.<\/p>\n<p><strong><b>Funktionell<\/b><\/strong><\/p>\n<p>Megacore Pilates Reformer sind voll funktionsf\u00e4hig und ergonomisch gestaltet und verf\u00fcgen \u00fcber einen einstellbaren Widerstand, mit dem die Benutzer ihr Training an ihre spezifischen Bed\u00fcrfnisse und Ziele anpassen k\u00f6nnen. Klassen k\u00f6nnen einschlie\u00dflich Pilates, Yoga, Aerobic und Krafttraining durchgef\u00fchrt werden. Ist ein multifunktionales Fitnessger\u00e4t.<\/p>\n<p><strong><b>Kunden <\/b><\/strong><\/p>\n<p>Megacore Pilates Reformer kann den Kern und die kleinen Muskelgruppen sowie andere Muskelgruppen des ganzen K\u00f6rpers trainieren, die K\u00f6rperform korrigieren und optimieren und die Fitnessbed\u00fcrfnisse verschiedener Kunden erf\u00fcllen, von Teenagern bis zu Menschen mittleren Alters und \u00e4lteren Menschen, von Rehabilitanden bis zu Menschen mit eingeschr\u00e4nkter Gesundheit, von formbegeisterten Menschen bis zu professionellen Menschen.<\/p>\n<p><strong><b>Szene breit <\/b><\/strong><\/p>\n<p>Dank seiner kompakten Gr\u00f6\u00dfe eignet sich der Megacore Pilates Reformer f\u00fcr eine Vielzahl von R\u00e4umen, von zu Hause \u00fcber Studios bis hin zu gro\u00dfen Fitnessstudios.<\/p>\n<p><strong><b>Einfache Wartung<\/b><\/strong><\/p>\n<p>Der Megacore Pilates Reformer ist leicht zu reinigen und bleibt mit minimaler Wartung in Topform.<\/p>\n<p><strong><b>Gute Aussichten <\/b><\/strong><\/p>\n<p>Mit der Erholung der Epidemie, mehr und mehr Menschen sind besorgt \u00fcber die Gesundheit, und die neue und effiziente Art der Megacore Pilates Reformer \u00dcbung wird beachtet und von mehr und mehr Menschen angenommen.<\/p>\n<p><strong><b>Wettbewerbsf\u00e4hig klein<\/b><\/strong><\/p>\n<p>Megacore Pilates Reformer bietet professionelle Anpassungsm\u00f6glichkeiten, die eine Differenzierung nach Kundenbed\u00fcrfnissen erm\u00f6glichen und sich an unterschiedliche M\u00e4rkte und Kundengruppen anpassen k\u00f6nnen.<\/p>\n<p>&nbsp;<\/p>\n<p><strong>Vorteile unserer Fabrik<\/strong><\/p>\n<p><strong><b>Qualit\u00e4t<\/b><\/strong><\/p>\n<p>Wir nehmen Qualit\u00e4t bei Megacore Pilates Reformer ernst. Unsere Reformer sind gr\u00f6\u00dftenteils aus Stahl gefertigt und so gebaut, dass sie dem Test der Zeit standhalten. Wir sind bestrebt, Ihnen ein Produkt zu liefern, das nicht nur effektiv, sondern auch \u00e4sthetisch ansprechend ist. Unsere Liebe zum Detail und unsere Qualit\u00e4tskontrolle stellen sicher, dass jeder Reformer perfekt ist, bevor er unser Werk verl\u00e4sst.<\/p>\n<p><strong><b>Personalisierung<\/b><\/strong><\/p>\n<p>Wir wissen, dass Ihr Pilates-Reformer zu Ihrem pers\u00f6nlichen Stil passen sollte. Deshalb bieten wir Ihnen die M\u00f6glichkeit der individuellen Gestaltung. Mit unserem OEM\/ODM-Service k\u00f6nnen Sie die Farbe und das Logo auf Ihrem Reformer an Ihre pers\u00f6nlichen Vorlieben anpassen. Mit unseren Anpassungsoptionen k\u00f6nnen Sie sich auf dem \u00fcberf\u00fcllten Fitnessmarkt von der Masse abheben.<\/p>\n<p><strong><b>Preisgestaltung<\/b><\/strong><\/p>\n<p>Bei Megacore Pilates Reformer glauben wir daran, unseren Kunden au\u00dfergew\u00f6hnliche Qualit\u00e4t zu wettbewerbsf\u00e4higen Preisen zu bieten. Unsere Reformer sind zu einem erschwinglichen Preis erh\u00e4ltlich, ohne die hohen Standards zu vernachl\u00e4ssigen, f\u00fcr die wir bekannt sind. Wir bem\u00fchen uns, unsere Reformer f\u00fcr diejenigen zug\u00e4nglich zu machen, die ihre Pilates-Routine verbessern wollen, unabh\u00e4ngig vom Budget.<\/p>\n<p><strong><b>Produktionskapazit\u00e4ten<\/b><\/strong><\/p>\n<p>Mit unserer eigenen Fabrik sind wir in der Lage, den Herstellungsprozess von Anfang bis Ende streng zu kontrollieren. So k\u00f6nnen wir ma\u00dfgeschneiderte Produkte zu einem erschwinglichen Preis anbieten, ohne dass die Qualit\u00e4t darunter leidet.<\/p>\n<p><strong><b>Kundenbetreuung<\/b><\/strong><\/p>\n<p>Unser engagiertes Team ist immer f\u00fcr Sie da, um Ihre Fragen und Anliegen zu beantworten und Ihnen einen erstklassigen Kundenservice zu bieten. Wir sind bestrebt, Ihnen den bestm\u00f6glichen Kundenservice zu bieten, um sicherzustellen, dass Sie von Anfang bis Ende einen reibungslosen Ablauf haben.<\/p>\n<p>Zusammenfassend l\u00e4sst sich sagen, dass unsere Produkt- und Fabrikvorteile es uns erm\u00f6glichen, einige der besten Pilates-Reformer auf dem heutigen Markt zu produzieren und gleichzeitig erschwingliche und wettbewerbsf\u00e4hige Preise anzubieten. Unser Engagement f\u00fcr Qualit\u00e4t, Kundenzufriedenheit und exzellente Fertigung hebt uns von unseren Mitbewerbern ab. Vielen Dank, dass Sie sich f\u00fcr Megacore Pilates Reformer entschieden haben, um Ihren Bedarf an Pilates-Ger\u00e4ten zu decken.<\/p>\n<p>[\/et_pb_accordion_item][\/et_pb_accordion][\/et_pb_column][\/et_pb_row][\/et_pb_section]<\/p>","protected":false},"excerpt":{"rendered":"<p>[et_pb_section fb_built=&#8221;1&#8243; _builder_version=&#8221;4.15.1&#8243; _module_preset=&#8221;default&#8221; global_colors_info=&#8221;{}&#8221; theme_builder_area=&#8221;post_content&#8221;][et_pb_row _builder_version=&#8221;4.15.1&#8243; _module_preset=&#8221;default&#8221; global_colors_info=&#8221;{}&#8221; theme_builder_area=&#8221;post_content&#8221;][et_pb_column type=&#8221;4_4&#8243; _builder_version=&#8221;4.15.1&#8243; _module_preset=&#8221;default&#8221; global_colors_info=&#8221;{}&#8221; theme_builder_area=&#8221;post_content&#8221;][et_pb_accordion _builder_version=&#8221;4.15.1&#8243; _module_preset=&#8221;default&#8221; hover_enabled=&#8221;0&#8243; global_colors_info=&#8221;{}&#8221; theme_builder_area=&#8221;post_content&#8221; sticky_enabled=&#8221;0&#8243;][et_pb_accordion_item title=&#8221;Our Advantage&#8221; open=&#8221;on&#8221; _builder_version=&#8221;4.15.1&#8243; _module_preset=&#8221;default&#8221; hover_enabled=&#8221;0&#8243; global_colors_info=&#8221;{}&#8221; theme_builder_area=&#8221;post_content&#8221; sticky_enabled=&#8221;0&#8243;] Welcome to Megacore Pilates Reformer, where we pride ourselves in creating high-quality pilates reformers. Our brand offers home and commercial options that are crafted mostly [&hellip;]<\/p>","protected":false},"author":2,"featured_media":0,"parent":0,"menu_order":0,"comment_status":"closed","ping_status":"closed","template":"","meta":{"footnotes":""},"class_list":["post-986","page","type-page","status-publish","hentry"],"_links":{"self":[{"href":"https:\/\/megacorepilates.com\/de\/wp-json\/wp\/v2\/pages\/986","targetHints":{"allow":["GET"]}}],"collection":[{"href":"https:\/\/megacorepilates.com\/de\/wp-json\/wp\/v2\/pages"}],"about":[{"href":"https:\/\/megacorepilates.com\/de\/wp-json\/wp\/v2\/types\/page"}],"author":[{"embeddable":true,"href":"https:\/\/megacorepilates.com\/de\/wp-json\/wp\/v2\/users\/2"}],"replies":[{"embeddable":true,"href":"https:\/\/megacorepilates.com\/de\/wp-json\/wp\/v2\/comments?post=986"}],"version-history":[{"count":0,"href":"https:\/\/megacorepilates.com\/de\/wp-json\/wp\/v2\/pages\/986\/revisions"}],"wp:attachment":[{"href":"https:\/\/megacorepilates.com\/de\/wp-json\/wp\/v2\/media?parent=986"}],"curies":[{"name":"wp","href":"https:\/\/api.w.org\/{rel}","templated":true}]}}