{"id":2117,"date":"2025-09-17T13:59:59","date_gmt":"2025-09-17T05:59:59","guid":{"rendered":"https:\/\/megacorepilates.com\/?post_type=product&#038;p=2117"},"modified":"2025-09-22T11:33:04","modified_gmt":"2025-09-22T03:33:04","slug":"megacorepilates-megaformer-t59","status":"publish","type":"product","link":"https:\/\/megacorepilates.com\/de\/produkt\/megacorepilates-megaformer-t59\/","title":{"rendered":"MegaCorePilates Megaformer T59"},"content":{"rendered":"<p><b>Top Qualit\u00e4t neue starke Metall Pilates Reformer Heavy Duty kommerzielle Pilates Ausr\u00fcstung\u00a0<\/b><\/p>\n<p><img fetchpriority=\"high\" decoding=\"async\" class=\"alignnone wp-image-2107\" src=\"http:\/\/megacorepilates.com\/wp-content\/uploads\/2.1-300x300.jpg\" alt=\"\" width=\"628\" height=\"628\" title=\"\" srcset=\"https:\/\/megacorepilates.com\/wp-content\/uploads\/2.1-300x300.jpg 300w, https:\/\/megacorepilates.com\/wp-content\/uploads\/2.1-150x150.jpg 150w, https:\/\/megacorepilates.com\/wp-content\/uploads\/2.1-768x768.jpg 768w, https:\/\/megacorepilates.com\/wp-content\/uploads\/2.1-600x600.jpg 600w, https:\/\/megacorepilates.com\/wp-content\/uploads\/2.1-100x100.jpg 100w, https:\/\/megacorepilates.com\/wp-content\/uploads\/2.1.jpg 960w\" sizes=\"(max-width: 628px) 100vw, 628px\" \/><\/p>\n<div class=\"rich-text-table\">\n<table>\n<tbody>\n<tr>\n<td><b>Mehr Details<\/b><\/td>\n<\/tr>\n<tr>\n<td>1. Der Abstand zwischen dem Kissen und dem Boden: 427mm<\/td>\n<\/tr>\n<tr>\n<td>2. Material des Hauptrahmens: 100*50*2.5<\/td>\n<\/tr>\n<tr>\n<td>3. Material der Griffstange: 38*3<\/td>\n<\/tr>\n<tr>\n<td>4. Material des Wagens: 60*30*3<\/td>\n<\/tr>\n<tr>\n<td>5. Strapazierf\u00e4hige, leicht zu reinigende Polsterung: Superfaser-Leder+EVA+Schwamm<\/td>\n<\/tr>\n<tr>\n<td>6. einstellbarer Winkel f\u00fcr den Fu\u00dfb\u00fcgel 90\u00b0, 65\u00b0, 40\u00b0, 15\u00b0 (4 Positionen)<\/td>\n<\/tr>\n<tr>\n<td>7. einstellbarer Winkel f\u00fcr den vorderen Lenker0\u00b0,90\u00b0,180\u00b0,270\u00b0<\/td>\n<\/tr>\n<tr>\n<td>8. Fu\u00dfstange kann leicht durch Pedal eingestellt werden<\/td>\n<\/tr>\n<tr>\n<td>9. Federsystem: 88LBS *1St\u00fcck(blau),22LBS*2St\u00fcck(schwarz),8LBS* 2St\u00fcck((grau)<\/td>\n<\/tr>\n<tr>\n<td>10. Zwei Paare Riemen (4 Riemen)<\/td>\n<\/tr>\n<tr>\n<td>11. 1Paar Schlaufen: mit Hand und Fu\u00df zusammen<\/td>\n<\/tr>\n<tr>\n<td>12. K\u00f6rperstange: 2 St\u00fcck (3kg+5kg)<\/td>\n<\/tr>\n<tr>\n<td>13. Kurzhantel: 2 Paar (4lbs+6lbs)<\/td>\n<\/tr>\n<tr>\n<td>14. Garantie: 3 Jahre f\u00fcr den Rahmen, ein Jahr f\u00fcr das Zubeh\u00f6r<\/td>\n<\/tr>\n<tr>\n<td>15. 20GP:27 ST\u00dcCK, 40HQ:57 ST\u00dcCK<\/td>\n<\/tr>\n<\/tbody>\n<\/table>\n<\/div>\n<p><b>Werksangaben :<br \/>\n<img decoding=\"async\" class=\"\" src=\"https:\/\/image.made-in-china.com\/226f3j00PShIDOjLCiGH\/Best-Quality-New-Strong-Metal-Pilates-Reformer-Commercial-Pilates-Equipment.webp\" alt=\"Beste Qualit\u00e4t Neue robuste Pilates Reformer aus Metall Kommerzielle Pilates-Ausr\u00fcstung\" width=\"672\" height=\"511\" data-original=\"\/\/image.made-in-china.com\/226f3j00PShIDOjLCiGH\/Best-Quality-New-Strong-Metal-Pilates-Reformer-Commercial-Pilates-Equipment.webp\" data-faw_img=\"true\" title=\"\"><br \/>\n<\/b><img decoding=\"async\" src=\"https:\/\/image.made-in-china.com\/226f3j00WjVDHTsavlYP\/Best-Quality-New-Strong-Metal-Pilates-Reformer-Commercial-Pilates-Equipment.webp\" alt=\"Beste Qualit\u00e4t Neue robuste Pilates Reformer aus Metall Kommerzielle Pilates-Ausr\u00fcstung\" width=\"1060\" height=\"\" data-original=\"\/\/image.made-in-china.com\/226f3j00WjVDHTsavlYP\/Best-Quality-New-Strong-Metal-Pilates-Reformer-Commercial-Pilates-Equipment.webp\" data-faw_img=\"true\" title=\"\"><br \/>\n<b>Produktionslinie :<\/b><br \/>\n<img decoding=\"async\" src=\"https:\/\/image.made-in-china.com\/226f3j00lsVLIrSKbWYD\/Best-Quality-New-Strong-Metal-Pilates-Reformer-Commercial-Pilates-Equipment.webp\" alt=\"Beste Qualit\u00e4t Neue robuste Pilates Reformer aus Metall Kommerzielle Pilates-Ausr\u00fcstung\" width=\"1060\" height=\"\" data-original=\"\/\/image.made-in-china.com\/226f3j00lsVLIrSKbWYD\/Best-Quality-New-Strong-Metal-Pilates-Reformer-Commercial-Pilates-Equipment.webp\" data-faw_img=\"true\" title=\"\"><br \/>\n<b>Ausstellungsraum:<\/b><\/p>\n<div data-mic-template=\"\">\n<div>\n<div data-mic-template-item=\"\" data-mic-template-text=\"\">\n<div>\n<p>Wir produzieren mehr als 600 Arten von verschiedenen\u00a0<b>Fitnessger\u00e4te-Produkte<\/b>, wurde in mehr als 150 L\u00e4nder exportiert. Die Produktpalette umfasst Familien-Fitness-Center, verschiedene Arten von kommerziellen Fitness-Clubs, Regierung und Schule Beschaffung, Fitness-Studio Ausbildung, Sportler Training und Rehabilitation Center, weibliche Fitness-Center,\u00a0<b>Pilates-Studio<\/b>\u00a0und andere technische Projekte.<\/p>\n<p>Wir bieten\u00a0<b>OEM&amp;ODM-Dienstleistung<\/b>\u00a0ist seit langem in der Fitnessbranche t\u00e4tig und verf\u00fcgt \u00fcber mehr als 27 Jahre Berufserfahrung.<\/p>\n<p>Wir schenken der Produktentwicklung, dem Bau und der\u00a0<b>professionelles F&amp;E-Team<\/b>\u00a0um verschiedene spezielle Bed\u00fcrfnisse unserer Kunden zu erf\u00fcllen. Genie\u00dfen Sie hohe Wertsch\u00e4tzung in der Fitnessbranche.<\/p>\n<p>Wir streben einen gesunden und aktiven Lebensstil an. Wir betrachten die Produktqualit\u00e4t stets als Kernst\u00fcck unserer Innovation und unabh\u00e4ngigen Entwicklung.<\/p>\n<p>Wir bieten Service aus einer Hand und helfen Ihnen, Zeit und Kosten zu sparen. Sie k\u00f6nnen die ganze Reihe von\u00a0<b>Fitnessger\u00e4te<\/b>\u00a0wie Kardioger\u00e4te, Kraftger\u00e4te, Hanteln usw.<\/p>\n<p>Wir bieten den besten Kundendienst und die beste Standardgarantie in der Fitnessbranche.<\/p>\n<\/div>\n<\/div>\n<div data-mic-template-image=\"\" data-mic-template-item=\"\"><img decoding=\"async\" src=\"https:\/\/image.made-in-china.com\/226f3j00hjlPHVsSZWfI\/Best-Quality-New-Strong-Metal-Pilates-Reformer-Commercial-Pilates-Equipment.webp\" alt=\"Beste Qualit\u00e4t Neue robuste Pilates Reformer aus Metall Kommerzielle Pilates-Ausr\u00fcstung\" width=\"497\" height=\"\" data-original=\"\/\/image.made-in-china.com\/226f3j00hjlPHVsSZWfI\/Best-Quality-New-Strong-Metal-Pilates-Reformer-Commercial-Pilates-Equipment.webp\" data-faw_img=\"true\" title=\"\"><\/div>\n<\/div>\n<\/div>\n<p><b>Unsere Ehre :\u00a0<\/b><br \/>\n<img decoding=\"async\" src=\"https:\/\/image.made-in-china.com\/226f3j00VSlPIeZhCiRH\/Best-Quality-New-Strong-Metal-Pilates-Reformer-Commercial-Pilates-Equipment.webp\" alt=\"Beste Qualit\u00e4t Neue robuste Pilates Reformer aus Metall Kommerzielle Pilates-Ausr\u00fcstung\" width=\"1060\" height=\"\" data-original=\"\/\/image.made-in-china.com\/226f3j00VSlPIeZhCiRH\/Best-Quality-New-Strong-Metal-Pilates-Reformer-Commercial-Pilates-Equipment.webp\" data-faw_img=\"true\" title=\"\"><br \/>\n<b>Ausstellung :\u00a0<\/b><br \/>\n<img decoding=\"async\" src=\"https:\/\/image.made-in-china.com\/226f3j00VZWPDnKGbiYI\/Best-Quality-New-Strong-Metal-Pilates-Reformer-Commercial-Pilates-Equipment.webp\" alt=\"Beste Qualit\u00e4t Neue robuste Pilates Reformer aus Metall Kommerzielle Pilates-Ausr\u00fcstung\" width=\"1060\" height=\"\" data-original=\"\/\/image.made-in-china.com\/226f3j00VZWPDnKGbiYI\/Best-Quality-New-Strong-Metal-Pilates-Reformer-Commercial-Pilates-Equipment.webp\" data-faw_img=\"true\" title=\"\"><b>Verpackung und Versand :<br \/>\n<img decoding=\"async\" src=\"https:\/\/image.made-in-china.com\/226f3j00bjhHDEZybiUP\/Best-Quality-New-Strong-Metal-Pilates-Reformer-Commercial-Pilates-Equipment.webp\" alt=\"Beste Qualit\u00e4t Neue robuste Pilates Reformer aus Metall Kommerzielle Pilates-Ausr\u00fcstung\" width=\"1043\" height=\"\" data-original=\"\/\/image.made-in-china.com\/226f3j00bjhHDEZybiUP\/Best-Quality-New-Strong-Metal-Pilates-Reformer-Commercial-Pilates-Equipment.webp\" data-faw_img=\"true\" title=\"\"><\/b><\/p>","protected":false},"excerpt":{"rendered":"<p>Der MegaCorePilates Megaformer T59 ist ein professioneller Reformer f\u00fcr das Ganzk\u00f6rpertraining mit Pilates. Mit seinem einstellbaren Widerstand, dem sanften Gleiten und der robusten Konstruktion verbessert er die Rumpfkraft, die Flexibilit\u00e4t und die allgemeine Fitness und ist damit ideal f\u00fcr Studios, Fitnessstudios zu Hause und Rehabilitationsprogramme.<\/p>","protected":false},"featured_media":2105,"template":"","meta":[],"product_brand":[157],"product_cat":[15],"product_tag":[99,86,98,91,25,20,95,93],"class_list":{"0":"post-2117","1":"product","2":"type-product","3":"status-publish","4":"has-post-thumbnail","6":"product_brand-megacore","7":"product_cat-commercial-pilates-reformer","8":"product_tag-adjustable-pilates-reformer","9":"product_tag-aluminum-pilates-reformer","10":"product_tag-comfortable-pilates-reformer","11":"product_tag-heavy-duty-pilates-reformer","12":"product_tag-home-gym","13":"product_tag-pilates","14":"product_tag-pro-grade-pilates-reformer","15":"product_tag-versatile-pilates-reformer","17":"first","18":"instock","19":"shipping-taxable","20":"product-type-simple"},"_links":{"self":[{"href":"https:\/\/megacorepilates.com\/de\/wp-json\/wp\/v2\/product\/2117","targetHints":{"allow":["GET"]}}],"collection":[{"href":"https:\/\/megacorepilates.com\/de\/wp-json\/wp\/v2\/product"}],"about":[{"href":"https:\/\/megacorepilates.com\/de\/wp-json\/wp\/v2\/types\/product"}],"wp:featuredmedia":[{"embeddable":true,"href":"https:\/\/megacorepilates.com\/de\/wp-json\/wp\/v2\/media\/2105"}],"wp:attachment":[{"href":"https:\/\/megacorepilates.com\/de\/wp-json\/wp\/v2\/media?parent=2117"}],"wp:term":[{"taxonomy":"product_brand","embeddable":true,"href":"https:\/\/megacorepilates.com\/de\/wp-json\/wp\/v2\/product_brand?post=2117"},{"taxonomy":"product_cat","embeddable":true,"href":"https:\/\/megacorepilates.com\/de\/wp-json\/wp\/v2\/product_cat?post=2117"},{"taxonomy":"product_tag","embeddable":true,"href":"https:\/\/megacorepilates.com\/de\/wp-json\/wp\/v2\/product_tag?post=2117"}],"curies":[{"name":"wp","href":"https:\/\/api.w.org\/{rel}","templated":true}]}}