{"id":2517,"date":"2025-09-17T13:42:57","date_gmt":"2025-09-17T05:42:57","guid":{"rendered":"https:\/\/megacorepilates.com\/?post_type=product&#038;p=2517"},"modified":"2025-09-17T15:21:04","modified_gmt":"2025-09-17T07:21:04","slug":"megaformer-machine-for-sale","status":"publish","type":"product","link":"https:\/\/megacorepilates.com\/de\/produkt\/megaformer-machine-for-sale\/","title":{"rendered":"megaformer machine for sale"},"content":{"rendered":"<table style=\"height: 526px;\" width=\"720\">\n<tbody>\n<tr>\n<td width=\"270\"><strong><b>Material<\/b><\/strong><\/td>\n<td width=\"316\">Rostfreier Stahl<\/td>\n<td width=\"269\"><strong><b>Ort der Herkunft<\/b><\/strong><\/td>\n<td width=\"278\">Guangdong, China<\/td>\n<\/tr>\n<tr>\n<td width=\"270\"><strong><b>Markenname<\/b><\/strong><\/td>\n<td width=\"316\">Megacore<\/td>\n<td width=\"269\"><strong><b>Modellnummer<\/b><\/strong><\/td>\n<td width=\"278\">C26<\/td>\n<\/tr>\n<tr>\n<td width=\"270\"><strong><b>Produktname<\/b><\/strong><\/td>\n<td width=\"316\">Pilates-Reformer<\/td>\n<td width=\"269\"><strong><b>Material<\/b><\/strong><\/td>\n<td width=\"278\">Stahl<\/td>\n<\/tr>\n<tr>\n<td width=\"270\"><strong><b>Farbe<\/b><\/strong><\/td>\n<td width=\"316\">Kundenspezifische Farbe<\/td>\n<td width=\"269\"><strong><b>Dimension<\/b><\/strong><\/td>\n<td width=\"278\">327*86.6*89.4cm<\/td>\n<\/tr>\n<tr>\n<td width=\"270\"><strong><b>Gr\u00f6\u00dfe der Frames<\/b><\/strong><\/td>\n<td width=\"316\">299,7*66,8*45cm<\/td>\n<td width=\"269\"><strong><b>H\u00f6he<\/b><\/strong><\/td>\n<td width=\"278\">452mm<\/td>\n<\/tr>\n<tr>\n<td width=\"270\"><strong><b>Gr\u00f6\u00dfe des Fahrzeugs<\/b><\/strong><\/td>\n<td width=\"316\">1200*668mm<\/td>\n<td width=\"269\"><strong><b>Vordere Plattform<\/b><\/strong><\/td>\n<td width=\"278\">300*668mm<\/td>\n<\/tr>\n<tr>\n<td width=\"270\"><strong><b>Hintere Plattform<\/b><\/strong><\/td>\n<td width=\"316\">433*668mm<\/td>\n<td width=\"269\"><strong><b>Einstellbarer Winkel f\u00fcr den hinteren Fu\u00dfb\u00fcgel<\/b><\/strong><\/td>\n<td width=\"278\">28\u00b0 ,55\u00b0, 90\u00b0 ,125\u00b0<\/p>\n<p>&nbsp;<\/td>\n<\/tr>\n<tr>\n<td width=\"270\"><strong><b>Zubeh\u00f6r<\/b><\/strong><\/td>\n<td width=\"316\">Kabel*4St\u00fcck,Doppelschleife:2Paare,B\u00e4nder:5St\u00fcck<\/td>\n<td width=\"269\"><strong><b>Fr\u00fchling<\/b><\/strong><\/td>\n<td width=\"278\">8St\u00fcck(4lbs*2+8lbs*3<br \/>\n22lbs*2+88lbs*1)<\/td>\n<\/tr>\n<tr>\n<td width=\"270\"><strong><b>NW<\/b><\/strong><\/td>\n<td width=\"316\">150KG<\/td>\n<td width=\"269\"><strong><b>GW<\/b><\/strong><\/td>\n<td width=\"278\">160KG<\/td>\n<\/tr>\n<\/tbody>\n<\/table>\n<p>&nbsp;<\/p>\n<p><img fetchpriority=\"high\" decoding=\"async\" class=\"wp-image-2532\" src=\"http:\/\/megacorepilates.com\/wp-content\/uploads\/\u4e3b\u56fe_03-300x233.jpg\" alt=\"stainless steel pilates reformer\" width=\"557\" height=\"433\" title=\"\" srcset=\"https:\/\/megacorepilates.com\/wp-content\/uploads\/\u4e3b\u56fe_03-300x233.jpg 300w, https:\/\/megacorepilates.com\/wp-content\/uploads\/\u4e3b\u56fe_03-150x117.jpg 150w, https:\/\/megacorepilates.com\/wp-content\/uploads\/\u4e3b\u56fe_03-768x597.jpg 768w, https:\/\/megacorepilates.com\/wp-content\/uploads\/\u4e3b\u56fe_03-600x467.jpg 600w, https:\/\/megacorepilates.com\/wp-content\/uploads\/\u4e3b\u56fe_03.jpg 881w\" sizes=\"(max-width: 557px) 100vw, 557px\" \/> <img decoding=\"async\" class=\"wp-image-2533\" src=\"http:\/\/megacorepilates.com\/wp-content\/uploads\/\u4e3b\u56fe_04-300x208.jpg\" alt=\"megareformer\" width=\"506\" height=\"351\" title=\"\" srcset=\"https:\/\/megacorepilates.com\/wp-content\/uploads\/\u4e3b\u56fe_04-300x208.jpg 300w, https:\/\/megacorepilates.com\/wp-content\/uploads\/\u4e3b\u56fe_04-150x104.jpg 150w, https:\/\/megacorepilates.com\/wp-content\/uploads\/\u4e3b\u56fe_04-600x416.jpg 600w, https:\/\/megacorepilates.com\/wp-content\/uploads\/\u4e3b\u56fe_04.jpg 720w\" sizes=\"(max-width: 506px) 100vw, 506px\" \/><\/p>\n<p>&nbsp;<\/p>\n<h3><span style=\"color: #00ccff;\"><strong>\u00a0 \u00a0 \u00a0Hauptmerkmal:<\/strong><\/span><\/h3>\n<ul>\n<li data-start=\"501\" data-end=\"776\">\n<p data-start=\"503\" data-end=\"776\"><strong data-start=\"503\" data-end=\"537\">Langlebiger Rahmen aus rostfreiem Stahl:<\/strong><br data-start=\"537\" data-end=\"540\" \/>Die <span style=\"color: #00ccff;\"><a style=\"color: #00ccff;\" href=\"https:\/\/megacorepilates.com\/de\/produkt\/megaformer-machine-for-sale\/\">MegaCore MegaFormer<\/a><\/span> verf\u00fcgt \u00fcber einen hochwertigen Edelstahlrahmen, der Stabilit\u00e4t, Festigkeit und Langlebigkeit gew\u00e4hrleistet. Dieses Ger\u00e4t ist f\u00fcr den intensiven t\u00e4glichen Gebrauch gebaut und bietet die n\u00f6tige Haltbarkeit f\u00fcr eine Vielzahl von Pilates-\u00dcbungen.<\/p>\n<\/li>\n<li data-start=\"778\" data-end=\"1056\">\n<p data-start=\"780\" data-end=\"1056\"><strong data-start=\"780\" data-end=\"806\">Einstellbarer Widerstand:<\/strong><br data-start=\"806\" data-end=\"809\" \/>Mit dem MegaFormer k\u00f6nnen Sie die Widerstandsstufe ganz einfach an Ihre Fitnessbed\u00fcrfnisse anpassen. Ganz gleich, ob Sie ein leichtes Stretching oder ein anspruchsvolles Training suchen, mit dieser Funktion k\u00f6nnen Sie verschiedene Muskelgruppen ansprechen und so Muskelwachstum und Fettabbau f\u00f6rdern.<\/p>\n<\/li>\n<li data-start=\"1058\" data-end=\"1346\">\n<p data-start=\"1060\" data-end=\"1346\"><strong data-start=\"1060\" data-end=\"1088\">Leichtg\u00e4ngiger Schlitten:<\/strong><br data-start=\"1088\" data-end=\"1091\" \/>Der sanft gleitende Schlitten des Ger\u00e4ts sorgt bei jeder \u00dcbung f\u00fcr flie\u00dfende Bewegungen, wodurch das Verletzungsrisiko verringert und die Trainingseffizienz maximiert wird. Der Schlitten ist so konzipiert, dass er sowohl langsame, kontrollierte Bewegungen als auch rasante Routinen m\u00fchelos bew\u00e4ltigt.<\/p>\n<\/li>\n<li data-start=\"1348\" data-end=\"1576\">\n<p data-start=\"1350\" data-end=\"1576\"><strong data-start=\"1350\" data-end=\"1369\">Kompaktes Design:<\/strong><br data-start=\"1369\" data-end=\"1372\" \/>Trotz seiner Vielseitigkeit ist der MegaFormer kompakt und eignet sich daher perfekt f\u00fcr Heimtrainingsr\u00e4ume und professionelle Studios mit begrenztem Platzangebot. Er bietet ein Ganzk\u00f6rpertraining, ohne den verf\u00fcgbaren Platz zu beeintr\u00e4chtigen.<\/p>\n<\/li>\n<li data-start=\"1578\" data-end=\"1819\">\n<p data-start=\"1580\" data-end=\"1819\"><strong data-start=\"1580\" data-end=\"1621\">Verbesserte Flexibilit\u00e4t und Kernkraft:<\/strong><br data-start=\"1621\" data-end=\"1624\" \/>Diese <a href=\"https:\/\/megacorepilates.com\/de\/contact-us\/\"><span style=\"color: #00ccff;\">MegaFormer-Maschine<\/span><\/a> eignet sich hervorragend zur Verbesserung der Flexibilit\u00e4t und der Rumpfkraft und bietet eine breite Palette von \u00dcbungen f\u00fcr Bauch, Beine, Arme und Ges\u00e4\u00df. Es ist perfekt, um einen schlanken, straffen K\u00f6rperbau zu formen.<\/p>\n<\/li>\n<\/ul>\n<p><img decoding=\"async\" class=\"wp-image-2534\" src=\"http:\/\/megacorepilates.com\/wp-content\/uploads\/\u4e3b\u56fe_05-300x226.jpg\" alt=\"Megacore pilates reformer zu verkaufen\" width=\"563\" height=\"424\" title=\"\" srcset=\"https:\/\/megacorepilates.com\/wp-content\/uploads\/\u4e3b\u56fe_05-300x226.jpg 300w, https:\/\/megacorepilates.com\/wp-content\/uploads\/\u4e3b\u56fe_05-150x113.jpg 150w, https:\/\/megacorepilates.com\/wp-content\/uploads\/\u4e3b\u56fe_05-600x452.jpg 600w, https:\/\/megacorepilates.com\/wp-content\/uploads\/\u4e3b\u56fe_05.jpg 750w\" sizes=\"(max-width: 563px) 100vw, 563px\" \/><\/p>\n<p><img loading=\"lazy\" decoding=\"async\" class=\"wp-image-2535\" src=\"http:\/\/megacorepilates.com\/wp-content\/uploads\/\u4e3b\u56fe_06-300x200.jpg\" alt=\"pilates reformer supplies\" width=\"563\" height=\"375\" title=\"\" srcset=\"https:\/\/megacorepilates.com\/wp-content\/uploads\/\u4e3b\u56fe_06-300x200.jpg 300w, https:\/\/megacorepilates.com\/wp-content\/uploads\/\u4e3b\u56fe_06-150x100.jpg 150w, https:\/\/megacorepilates.com\/wp-content\/uploads\/\u4e3b\u56fe_06-600x400.jpg 600w, https:\/\/megacorepilates.com\/wp-content\/uploads\/\u4e3b\u56fe_06.jpg 750w\" sizes=\"(max-width: 563px) 100vw, 563px\" \/><\/p>\n<p>&nbsp;<\/p>","protected":false},"excerpt":{"rendered":"<p>Entdecken Sie die <a href=\"https:\/\/megacorepilates.com\/de\/contact-us\/\">MegaFormer-Maschine<\/a> zum Verkauf, entwickelt f\u00fcr dynamische Pilates-Workouts. Es ist ideal f\u00fcr Kraft, Flexibilit\u00e4t und K\u00f6rperformung und bietet einen einstellbaren Widerstand f\u00fcr alle Fitnesslevel und Ziele.<br \/>\nDimension:327*87.2*83.6cm<br \/>\nRahmengr\u00f6\u00dfe:299.7*66.8*45cm<br \/>\nH\u00f6he (Rahmen zum Boden):452mm<br \/>\nKaraige Gr\u00f6\u00dfe:12008668mm<br \/>\nVordere Plattform:300*668mm<br \/>\nhintere Plattform:433*668mm<\/p>","protected":false},"featured_media":2530,"template":"","meta":[],"product_brand":[157],"product_cat":[15],"product_tag":[86,98,91,22,92,93],"class_list":{"0":"post-2517","1":"product","2":"type-product","3":"status-publish","4":"has-post-thumbnail","6":"product_brand-megacore","7":"product_cat-commercial-pilates-reformer","8":"product_tag-aluminum-pilates-reformer","9":"product_tag-comfortable-pilates-reformer","10":"product_tag-heavy-duty-pilates-reformer","11":"product_tag-pilates-reformer","12":"product_tag-studio-quality-pilates-reformer","13":"product_tag-versatile-pilates-reformer","15":"first","16":"outofstock","17":"shipping-taxable","18":"product-type-variable"},"_links":{"self":[{"href":"https:\/\/megacorepilates.com\/de\/wp-json\/wp\/v2\/product\/2517","targetHints":{"allow":["GET"]}}],"collection":[{"href":"https:\/\/megacorepilates.com\/de\/wp-json\/wp\/v2\/product"}],"about":[{"href":"https:\/\/megacorepilates.com\/de\/wp-json\/wp\/v2\/types\/product"}],"wp:featuredmedia":[{"embeddable":true,"href":"https:\/\/megacorepilates.com\/de\/wp-json\/wp\/v2\/media\/2530"}],"wp:attachment":[{"href":"https:\/\/megacorepilates.com\/de\/wp-json\/wp\/v2\/media?parent=2517"}],"wp:term":[{"taxonomy":"product_brand","embeddable":true,"href":"https:\/\/megacorepilates.com\/de\/wp-json\/wp\/v2\/product_brand?post=2517"},{"taxonomy":"product_cat","embeddable":true,"href":"https:\/\/megacorepilates.com\/de\/wp-json\/wp\/v2\/product_cat?post=2517"},{"taxonomy":"product_tag","embeddable":true,"href":"https:\/\/megacorepilates.com\/de\/wp-json\/wp\/v2\/product_tag?post=2517"}],"curies":[{"name":"wp","href":"https:\/\/api.w.org\/{rel}","templated":true}]}}