{"id":583,"date":"2025-09-11T21:52:45","date_gmt":"2025-09-11T13:52:45","guid":{"rendered":"http:\/\/megacorepilates.com\/?post_type=product&#038;p=583"},"modified":"2025-09-17T15:53:14","modified_gmt":"2025-09-17T07:53:14","slug":"versatile-steel-pilates-reformer","status":"publish","type":"product","link":"https:\/\/megacorepilates.com\/de\/produkt\/versatile-steel-pilates-reformer\/","title":{"rendered":"Vielseitiger Pilates-Reformer aus Stahl"},"content":{"rendered":"<p>&nbsp;<\/p>\n<div class=\"rich-text-table\">\n<table border=\"1\" cellspacing=\"1\" cellpadding=\"1\">\n<tbody>\n<tr>\n<td>Pad to ground height<\/td>\n<td>\u00a0430mm<\/td>\n<\/tr>\n<tr>\n<td>Carriage size<\/td>\n<td>1200 * 668mm<\/td>\n<\/tr>\n<tr>\n<td>Front Platform<\/td>\n<td>380 * 668mm<\/td>\n<\/tr>\n<tr>\n<td>Rear Platform :<\/td>\n<td>440 * 668mm<\/td>\n<\/tr>\n<tr>\n<td>The rear handle has four rotation angles:<\/td>\n<td>0 \u00b0, 90 \u00b0, 180 \u00b0 and 270 \u00b0 (the front and rear angles are not adjustable)<\/td>\n<\/tr>\n<tr>\n<td>The front handle has four rotation angles:<\/td>\n<td>0 \u00b0, 90 \u00b0, 180 \u00b0 and 270 \u00b0 (the front and rear angles are not adjustable)<\/td>\n<\/tr>\n<\/tbody>\n<\/table>\n<\/div>\n<p><img decoding=\"async\" src=\"https:\/\/image.made-in-china.com\/226f3j00acgWdMCDfHoy\/Customized-Top-Quality-Gym-Equipment-Aluminium-Pilates-Studio-Pilates-Reformer.webp\" alt=\"Customized Top Quality Gym Equipment Aluminium Pilates Studio Pilates Reformer\" width=\"800px\" data-original=\"\/\/image.made-in-china.com\/226f3j00acgWdMCDfHoy\/Customized-Top-Quality-Gym-Equipment-Aluminium-Pilates-Studio-Pilates-Reformer.webp\" title=\"\"><\/p>\n<p><b>Prodcut details<\/b><\/p>\n<p><img decoding=\"async\" src=\"https:\/\/image.made-in-china.com\/226f3j00akuWmnCBMPqN\/Customized-Top-Quality-Gym-Equipment-Aluminium-Pilates-Studio-Pilates-Reformer.webp\" alt=\"Customized Top Quality Gym Equipment Aluminium Pilates Studio Pilates Reformer\" width=\"800px\" data-original=\"\/\/image.made-in-china.com\/226f3j00akuWmnCBMPqN\/Customized-Top-Quality-Gym-Equipment-Aluminium-Pilates-Studio-Pilates-Reformer.webp\" title=\"\"><\/p>\n<p><img decoding=\"async\" src=\"https:\/\/image.made-in-china.com\/226f3j00YkgiwEvJrDoF\/Customized-Top-Quality-Gym-Equipment-Aluminium-Pilates-Studio-Pilates-Reformer.webp\" alt=\"Customized Top Quality Gym Equipment Aluminium Pilates Studio Pilates Reformer\" width=\"800px\" data-original=\"\/\/image.made-in-china.com\/226f3j00YkgiwEvJrDoF\/Customized-Top-Quality-Gym-Equipment-Aluminium-Pilates-Studio-Pilates-Reformer.webp\" title=\"\"><img decoding=\"async\" src=\"https:\/\/image.made-in-china.com\/226f3j00YqgiwzvFLIky\/Customized-Top-Quality-Gym-Equipment-Aluminium-Pilates-Studio-Pilates-Reformer.webp\" alt=\"Customized Top Quality Gym Equipment Aluminium Pilates Studio Pilates Reformer\" width=\"800px\" data-original=\"\/\/image.made-in-china.com\/226f3j00YqgiwzvFLIky\/Customized-Top-Quality-Gym-Equipment-Aluminium-Pilates-Studio-Pilates-Reformer.webp\" title=\"\"><\/p>\n<p><b>Werksangaben :<br \/>\n<img decoding=\"async\" src=\"https:\/\/image.made-in-china.com\/226f3j00YkpVmivCLHoF\/Customized-Top-Quality-Gym-Equipment-Aluminium-Pilates-Studio-Pilates-Reformer.webp\" alt=\"Customized Top Quality Gym Equipment Aluminium Pilates Studio Pilates Reformer\" width=\"1058px\" data-original=\"\/\/image.made-in-china.com\/226f3j00YkpVmivCLHoF\/Customized-Top-Quality-Gym-Equipment-Aluminium-Pilates-Studio-Pilates-Reformer.webp\" title=\"\"><\/b><img decoding=\"async\" src=\"https:\/\/image.made-in-china.com\/226f3j00GbgiABMdyDcF\/Customized-Top-Quality-Gym-Equipment-Aluminium-Pilates-Studio-Pilates-Reformer.webp\" alt=\"Customized Top Quality Gym Equipment Aluminium Pilates Studio Pilates Reformer\" width=\"1060px\" data-original=\"\/\/image.made-in-china.com\/226f3j00GbgiABMdyDcF\/Customized-Top-Quality-Gym-Equipment-Aluminium-Pilates-Studio-Pilates-Reformer.webp\" title=\"\"><br \/>\n<b>Produktionslinie :<\/b><br \/>\n<img decoding=\"async\" src=\"https:\/\/image.made-in-china.com\/226f3j00UqgiAOCzLPky\/Customized-Top-Quality-Gym-Equipment-Aluminium-Pilates-Studio-Pilates-Reformer.webp\" alt=\"Customized Top Quality Gym Equipment Aluminium Pilates Studio Pilates Reformer\" width=\"1060px\" data-original=\"\/\/image.made-in-china.com\/226f3j00UqgiAOCzLPky\/Customized-Top-Quality-Gym-Equipment-Aluminium-Pilates-Studio-Pilates-Reformer.webp\" title=\"\"><br \/>\n<b>Ausstellungsraum:<\/b><\/p>\n<div data-mic-template=\"\">\n<div data-mic-template-item=\"\" data-mic-template-text=\"\">\n<p>Wir produzieren mehr als 600 Arten von verschiedenen\u00a0<b>Fitnessger\u00e4te-Produkte<\/b>, wurde in mehr als 150 L\u00e4nder exportiert. Die Produktpalette umfasst Familien-Fitness-Center, verschiedene Arten von kommerziellen Fitness-Clubs, Regierung und Schule Beschaffung, Fitness-Studio Ausbildung, Sportler Training und Rehabilitation Center, weibliche Fitness-Center,\u00a0<b>Pilates-Studio<\/b>\u00a0und andere technische Projekte.<\/p>\n<p>Wir bieten\u00a0<b>OEM&amp;ODM-Dienstleistung<\/b>\u00a0ist seit langem in der Fitnessbranche t\u00e4tig und verf\u00fcgt \u00fcber mehr als 27 Jahre Berufserfahrung.<\/p>\n<p>Wir schenken der Produktentwicklung, dem Bau und der\u00a0<b>professionelles F&amp;E-Team<\/b>\u00a0um verschiedene spezielle Bed\u00fcrfnisse unserer Kunden zu erf\u00fcllen. Genie\u00dfen Sie hohe Wertsch\u00e4tzung in der Fitnessbranche.<\/p>\n<p>Wir streben einen gesunden und aktiven Lebensstil an. Wir betrachten die Produktqualit\u00e4t stets als Kernst\u00fcck unserer Innovation und unabh\u00e4ngigen Entwicklung.<\/p>\n<p>Wir bieten Service aus einer Hand und helfen Ihnen, Zeit und Kosten zu sparen. Sie k\u00f6nnen die ganze Reihe von\u00a0<b>Fitnessger\u00e4te<\/b>\u00a0wie Kardioger\u00e4te, Kraftger\u00e4te, Hanteln usw.<\/p>\n<p>Wir bieten den besten Kundendienst und die beste Standardgarantie in der Fitnessbranche.<\/p>\n<\/div>\n<\/div>\n<p><b>Unsere Ehre :\u00a0<\/b><br \/>\n<img decoding=\"async\" src=\"https:\/\/image.made-in-china.com\/226f3j00rogVwzvIAPcn\/Customized-Top-Quality-Gym-Equipment-Aluminium-Pilates-Studio-Pilates-Reformer.webp\" alt=\"Customized Top Quality Gym Equipment Aluminium Pilates Studio Pilates Reformer\" width=\"1060px\" data-original=\"\/\/image.made-in-china.com\/226f3j00rogVwzvIAPcn\/Customized-Top-Quality-Gym-Equipment-Aluminium-Pilates-Studio-Pilates-Reformer.webp\" title=\"\"><br \/>\n<b>Ausstellung :\u00a0<\/b><br \/>\n<img decoding=\"async\" src=\"https:\/\/image.made-in-china.com\/226f3j00zkrVJivKkHqF\/Customized-Top-Quality-Gym-Equipment-Aluminium-Pilates-Studio-Pilates-Reformer.webp\" alt=\"Customized Top Quality Gym Equipment Aluminium Pilates Studio Pilates Reformer\" width=\"1060px\" data-original=\"\/\/image.made-in-china.com\/226f3j00zkrVJivKkHqF\/Customized-Top-Quality-Gym-Equipment-Aluminium-Pilates-Studio-Pilates-Reformer.webp\" title=\"\"><\/p>","protected":false},"excerpt":{"rendered":"<p data-start=\"97\" data-end=\"591\"><strong data-start=\"97\" data-end=\"133\">Vielseitiger Pilates-Reformer aus Stahl<\/strong> ist ein robustes, professionelles Pilates-Ger\u00e4t f\u00fcr das Ganzk\u00f6rpertraining. Der starke Stahlrahmen sorgt f\u00fcr Stabilit\u00e4t und dauerhafte Leistung, w\u00e4hrend der einstellbare Widerstand und das sanfte Gleiten individuelle \u00dcbungen f\u00fcr Kernkraft, Flexibilit\u00e4t, K\u00f6rperhaltung und Gleichgewicht erm\u00f6glichen. Dieser vielseitige Reformer eignet sich perfekt f\u00fcr Fitnessstudios, Heimtrainer und Rehabilitationsprogramme und bietet ein sicheres und effektives Pilates-Erlebnis f\u00fcr Benutzer aller F\u00e4higkeitsstufen.<\/p>","protected":false},"featured_media":859,"template":"","meta":[],"product_brand":[157],"product_cat":[15],"product_tag":[95,94,93],"class_list":{"0":"post-583","1":"product","2":"type-product","3":"status-publish","4":"has-post-thumbnail","6":"product_brand-megacore","7":"product_cat-commercial-pilates-reformer","8":"product_tag-pro-grade-pilates-reformer","9":"product_tag-smooth-glide-pilates-reformer","10":"product_tag-versatile-pilates-reformer","12":"first","13":"instock","14":"shipping-taxable","15":"product-type-simple"},"_links":{"self":[{"href":"https:\/\/megacorepilates.com\/de\/wp-json\/wp\/v2\/product\/583","targetHints":{"allow":["GET"]}}],"collection":[{"href":"https:\/\/megacorepilates.com\/de\/wp-json\/wp\/v2\/product"}],"about":[{"href":"https:\/\/megacorepilates.com\/de\/wp-json\/wp\/v2\/types\/product"}],"wp:featuredmedia":[{"embeddable":true,"href":"https:\/\/megacorepilates.com\/de\/wp-json\/wp\/v2\/media\/859"}],"wp:attachment":[{"href":"https:\/\/megacorepilates.com\/de\/wp-json\/wp\/v2\/media?parent=583"}],"wp:term":[{"taxonomy":"product_brand","embeddable":true,"href":"https:\/\/megacorepilates.com\/de\/wp-json\/wp\/v2\/product_brand?post=583"},{"taxonomy":"product_cat","embeddable":true,"href":"https:\/\/megacorepilates.com\/de\/wp-json\/wp\/v2\/product_cat?post=583"},{"taxonomy":"product_tag","embeddable":true,"href":"https:\/\/megacorepilates.com\/de\/wp-json\/wp\/v2\/product_tag?post=583"}],"curies":[{"name":"wp","href":"https:\/\/api.w.org\/{rel}","templated":true}]}}