{"id":584,"date":"2025-09-11T21:52:45","date_gmt":"2025-09-11T13:52:45","guid":{"rendered":"http:\/\/megacorepilates.com\/?post_type=product&#038;p=584"},"modified":"2025-09-19T12:07:13","modified_gmt":"2025-09-19T04:07:13","slug":"advanced-pilates-reformer-with-elevated-platform","status":"publish","type":"product","link":"https:\/\/megacorepilates.com\/de\/produkt\/advanced-pilates-reformer-with-elevated-platform\/","title":{"rendered":"Advanced Pilates Reformer mit erh\u00f6hter Plattform"},"content":{"rendered":"<p>&nbsp;<\/p>\n<div class=\"resp-tabs-container hor_1\">\n<div>\n<div class=\"text\">\n<p><strong>Pilates-Reformer-Ger\u00e4te aus China<\/strong>\u00a0focus on strength, muscle toning, body control, and flexibility, with the main emphasis being core strength. Pilates is a disciplined practice that when done regularly provides the greatest benefit.<\/p>\n<p class=\"\">A range of all people male or female, dancers, swimmers, athletes, and seniors will benefit from this\u00a0type of flexible exercise. Modifications\u00a0can be made to accommodate\u00a0any ones flexible ability.\u00a0\u00a0All the\u00a0exercises allow for a range of difficulty ranging from beginning to advanced.<\/p>\n<p><strong><span style=\"font-size: 16px; color: #0099cc;\">Specification:<\/span><\/strong><\/p>\n<ul>\n<li>Material: Steel frame<\/li>\n<li>Product color: White frame, black platform<\/li>\n<li>Springs: 10 lbs*5pcs (yellow), 40 lbs*3pcs (red)<\/li>\n<li>Size: 3296*867*840 mm<\/li>\n<li>Packing size A: 1790*775*450 mm,\u00a0<span style=\"white-space: normal;\">Packing size B: 1610*695*450 mm<\/span><\/li>\n<li>N.W.: 150 kg<\/li>\n<li>G.W.: 160 kg<\/li>\n<li>Affordable weight: 135 KG<\/li>\n<li><span style=\"font-family: Arial;\">Cushion: PU leather + High density sponge<\/span><\/li>\n<li>\n<p class=\"\"><span style=\"font-family: Arial;\">F<\/span><span style=\"font-family: Arial;\">ront handlebar\u00a0rotation\u00a0<\/span><span style=\"font-family: Arial;\">a<\/span><span style=\"font-family: Arial;\">ngle:\u00a0<span style=\"font-family: Arial;\">0 \u00b0\uff0c90 \u00b0\uff0c180 \u00b0\uff0c270 \u00b0<\/span><\/span><\/p>\n<\/li>\n<li>\n<p class=\"\"><span style=\"font-family: Arial;\"><span style=\"font-family: Arial;\">Back handlebar rotation angle:\u00a0<span style=\"font-family: Arial; white-space: normal;\">0 \u00b0\uff0c9<\/span><span style=\"font-family: Arial; white-space: normal;\">0 \u00b0\uff0c18<\/span><span style=\"font-family: Arial; white-space: normal;\">0 \u00b0\uff0c27<\/span><span style=\"font-family: Arial; white-space: normal;\">0 \u00b0<\/span><\/span><\/span><\/p>\n<\/li>\n<\/ul>\n<p class=\"\"><span style=\"font-family: Arial; font-size: 16px; color: #0099cc;\"><strong>\u00a0<\/strong><\/span><\/p>\n<p class=\"\"><span style=\"font-family: Arial; font-size: 16px; color: #0099cc;\"><strong>T<\/strong><\/span><span style=\"font-family: Arial; font-size: 16px; color: #0099cc;\"><strong>echnologies<\/strong><\/span><span style=\"font-family: Arial; font-size: 16px; color: #0099cc;\"><strong>:<\/strong><\/span><\/p>\n<ul>\n<li><span style=\"font-size: 14px; font-family: Arial;\">Material of main frame: 90*50*3, 80*60*3 rectangular tube is used for steel pipe, D32*3 circular tube is used for handlebar pipe, and the thickness of plate is 4mm. \u00a0<\/span><\/li>\n<li><span style=\"font-size: 14px; font-family: Arial;\">The pad group is made of microfiber leather, high and low density EVA sponge and glued wood board structure \u00a0<\/span><\/li>\n<li><span style=\"font-size: 14px; font-family: Arial;\">Pulley: high strength POM pulley with diameter of 50mm \u00a0<\/span><\/li>\n<li><span style=\"font-size: 14px; font-family: Arial;\">Pull rope: using \u03c6 5 multi-strand wire rope, bearing 1.47 tons \u00a0<\/span><\/li>\n<li><span style=\"font-size: 14px; font-family: Arial;\">Accessories: 4 stainless steel 32mm diameter small pulley, 4 steel wire rope, 4 handle, slide pad with 2 straps, front pad with 1 strap, back pad with 1 strap, the position under the front frame with 1 strap, 1 set of foot strap, 1 set of elastic rope, 12 large hoist hook, 6 small hoist hook \u00a0<\/span><\/li>\n<li><span style=\"font-size: 14px; font-family: Arial;\">Handle: use inner ring + outer ring cotton fiber cloth + rope ring \u00a0<\/span><\/li>\n<li><span style=\"font-size: 14px; font-family: Arial;\">The host rack is composed of two parts: the front rack and the rear rack. \u00a0<\/span><\/li>\n<li><span style=\"font-size: 14px; font-family: Arial;\">Bearing screws :10.9 high strength screws \u00a0<\/span><\/li>\n<li><span style=\"font-size: 14px; font-family: Arial;\">Baking powder: high protection, anti-rust epoxy powder coating process, German equipment baking powder line operation (frame spraying baking powder coverage for three years) <\/span><span style=\"font-size: 14px; font-family: Arial;\">\u00a0<\/span><\/li>\n<\/ul>\n<p>&nbsp;<\/p>\n<p><strong><span style=\"font-size: 16px; color: #0099cc;\">Feature:<\/span><\/strong><\/p>\n<ul>\n<li>Easy to assemble.<\/li>\n<li>Smooth pulley.<\/li>\n<li>Adjustable spring resistance.<\/li>\n<li>Head and neck pillow.<\/li>\n<li>Custom colors<\/li>\n<li>Hundreds of training moves.<\/li>\n<li>Train whole body.<\/li>\n<li>\n<p class=\"\">Handle adjustment mode: straight pull rotation, release the hand can be self-locking, no need to bolt positioning.<\/p>\n<\/li>\n<\/ul>\n<p>&nbsp;<\/p>\n<p><span style=\"font-family: Arial; font-size: 16px; color: #0099cc;\"><strong>Container Load:<\/strong><\/span><\/p>\n<ul>\n<li><span style=\"font-family: Arial;\">20 Feet 20 pcs<\/span><\/li>\n<li><span style=\"font-family: Arial;\"><span style=\"font-size: 14px;\">40 HQ 50 pcs<\/span><\/span><\/li>\n<\/ul>\n<p>&nbsp;<\/p>\n<p><strong><span style=\"font-size: 16px; color: #0099cc;\">Warranty:<\/span><\/strong><\/p>\n<ul>\n<li>3 years frame\/365 days parts<\/li>\n<\/ul>\n<p>&nbsp;<\/p>\n<p><span style=\"color: #0099cc; font-size: 16px;\"><strong>Size Comparison:\u00a0<\/strong><\/span><\/p>\n<p><span style=\"color: #0099cc; font-size: 16px;\"><strong><img fetchpriority=\"high\" decoding=\"async\" class=\"\" title=\"Pilates fitness equipment\" src=\"http:\/\/megacorepilates.com\/img\/20210810150740_82039.jpg\" alt=\"Pilates fitness equipment\" width=\"587\" height=\"587\" align=\"\" \/><br \/>\n<\/strong><\/span><\/p>\n<p>&nbsp;<\/p>\n<p>&nbsp;<\/p>\n<p><strong><span style=\"font-size: 16px; color: #0099cc;\">Products Display:<\/span><\/strong><\/p>\n<p><img decoding=\"async\" class=\"\" title=\"Commercial fitness pilates reformer\" src=\"http:\/\/megacorepilates.com\/img\/20210810142935_62035.jpg\" alt=\"Commercial fitness pilates reformer\" width=\"458\" height=\"458\" align=\"\" \/><\/p>\n<p>&nbsp;<\/p>\n<p>&nbsp;<\/p>\n<p><iframe title=\"YouTube-Video-Player\" src=\"https:\/\/www.youtube.com\/embed\/mQ8aKodhg3w\" width=\"948\" height=\"625\" frameborder=\"0\" allowfullscreen=\"allowfullscreen\"><br \/>\n<\/iframe><\/p>\n<\/div>\n<\/div>\n<\/div>","protected":false},"excerpt":{"rendered":"<div id=\"clicktocopy_text_1\" class=\"bubble-element Text cmaZpy\">Lassen Sie sich nicht l\u00e4nger von Gelenkbeschwerden oder eingeschr\u00e4nkter Mobilit\u00e4t aufhalten - erleben Sie die transformative Unterst\u00fctzung und die Ergebnisse, die nur unser Advanced Pilates Reformer mit erh\u00f6hter Plattform liefern kann. Das n\u00e4chste Level an Kraft und Flexibilit\u00e4t ist f\u00fcr Sie zum Greifen nah, aber dieses exklusive Angebot gilt nicht lange. Sichern Sie sich jetzt Ihr Ger\u00e4t und gewinnen Sie die Bewegung und das Selbstvertrauen zur\u00fcck, das Sie verdienen, bevor es zu sp\u00e4t ist!<\/div>\n<div class=\"bubble-element Alert cmaZpz bubble-r-vertical-center velocity-animating\">\n<div><\/div>\n<\/div>","protected":false},"featured_media":862,"template":"","meta":[],"product_brand":[157],"product_cat":[15],"product_tag":[86,98,91,22,92,93],"class_list":{"0":"post-584","1":"product","2":"type-product","3":"status-publish","4":"has-post-thumbnail","6":"product_brand-megacore","7":"product_cat-commercial-pilates-reformer","8":"product_tag-aluminum-pilates-reformer","9":"product_tag-comfortable-pilates-reformer","10":"product_tag-heavy-duty-pilates-reformer","11":"product_tag-pilates-reformer","12":"product_tag-studio-quality-pilates-reformer","13":"product_tag-versatile-pilates-reformer","15":"first","16":"instock","17":"shipping-taxable","18":"product-type-simple"},"_links":{"self":[{"href":"https:\/\/megacorepilates.com\/de\/wp-json\/wp\/v2\/product\/584","targetHints":{"allow":["GET"]}}],"collection":[{"href":"https:\/\/megacorepilates.com\/de\/wp-json\/wp\/v2\/product"}],"about":[{"href":"https:\/\/megacorepilates.com\/de\/wp-json\/wp\/v2\/types\/product"}],"wp:featuredmedia":[{"embeddable":true,"href":"https:\/\/megacorepilates.com\/de\/wp-json\/wp\/v2\/media\/862"}],"wp:attachment":[{"href":"https:\/\/megacorepilates.com\/de\/wp-json\/wp\/v2\/media?parent=584"}],"wp:term":[{"taxonomy":"product_brand","embeddable":true,"href":"https:\/\/megacorepilates.com\/de\/wp-json\/wp\/v2\/product_brand?post=584"},{"taxonomy":"product_cat","embeddable":true,"href":"https:\/\/megacorepilates.com\/de\/wp-json\/wp\/v2\/product_cat?post=584"},{"taxonomy":"product_tag","embeddable":true,"href":"https:\/\/megacorepilates.com\/de\/wp-json\/wp\/v2\/product_tag?post=584"}],"curies":[{"name":"wp","href":"https:\/\/api.w.org\/{rel}","templated":true}]}}