{"id":986,"date":"2023-05-23T17:04:57","date_gmt":"2023-05-23T09:04:57","guid":{"rendered":"https:\/\/megacorepilates.com\/?page_id=986"},"modified":"2025-09-22T17:44:29","modified_gmt":"2025-09-22T09:44:29","slug":"nuestro-showroom","status":"publish","type":"page","link":"https:\/\/megacorepilates.com\/es\/nuestro-showroom\/","title":{"rendered":"Nuestro showroom"},"content":{"rendered":"<p>[et_pb_section fb_built=\u201d1\u2033 _builder_version=\u201d4.15.1\u2033 _module_preset=\u201ddefault\u201d global_colors_info=\u201d{}\u201d theme_builder_area=\u201dpost_content\u201d][et_pb_row _builder_version=\u201d4.15.1\u2033 _module_preset=\u201ddefault\u201d global_colors_info=\u201d{}\u201d theme_builder_area=\u201dpost_content\u201d][et_pb_column type=\u201d4_4\u2033 _builder_version=\u201d4.15.1\u2033 _module_preset=\u201ddefault\u201d global_colors_info=\u201d{}\u201d theme_builder_area=\u201dpost_content\u201d][et_pb_accordion _builder_version=\u201d4.15.1\u2033 _module_preset=\u201ddefault\u201d global_colors_info=\u201d{}\u201d theme_builder_area=\u201dpost_content\u201d][et_pb_accordion _builder_version=\u201d4.15.1\u2033 _module_preset=\u201ddefault\u201d hover_enabled=\u201d0\u2033 global_colors_info=\u201d{}\u201d theme_builder_area=\u201dpost_content\u201d sticky_enabled=\u201d0\u2033][et_pb_accordion_item title=\u201dNuestra ventaja\u201d open=\u201don\u201d _builder_version=\u201d4.15.1\u2033 _module_preset=\u201ddefault\" hover_enabled=\"0\u2033 global_colors_info=\"{}\" theme_builder_area=\"post_content\" sticky_enabled=\"0\u2033]<\/p>\n<p>Bienvenido a Megacore Pilates Reformer, donde nos enorgullecemos de crear reformadores de pilates de alta calidad. Nuestra marca ofrece opciones dom\u00e9sticas y comerciales fabricadas principalmente con acero. Como empresa, nos comprometemos a ofrecer productos y servicios excepcionales que superen sus expectativas. Creemos que nuestros productos y nuestro servicio son lo que nos diferencia de la competencia.<\/p>\n<p><strong>Nuestros productos Ventajas<\/strong><\/p>\n<p><strong><b>Avanzado <\/b><\/strong><\/p>\n<p>Megacore Pilates Reformer conjunto de muchos expertos en fitness experiencia y tecnolog\u00eda avanzada, utilizando el \u00faltimo concepto de dise\u00f1o industrial integraci\u00f3n.<\/p>\n<p><strong><b>Buen material<\/b><\/strong><strong><b>\u00a0<\/b><\/strong><\/p>\n<p>Reformador de Pilates Megacore Fabricado con materiales met\u00e1licos de alta calidad y excelente tecnolog\u00eda, puede soportar impactos mucho m\u00e1s fuertes que el reformador de Pilates tradicional, duradero.<\/p>\n<p><strong><b>Top<\/b><\/strong><strong><b>\u00a0calidad <\/b><\/strong><\/p>\n<p>Megacore Pilates Reformer autorizado internacional famosa marca OEM de fabricaci\u00f3n, sistema de control de calidad ISO, para garantizar que cada proceso y cada detalle cumplir con las normas.<\/p>\n<p><strong><b>Funcional<\/b><\/strong><\/p>\n<p>Megacore Pilates Reformer est\u00e1n dise\u00f1ados para ser totalmente funcional y ergon\u00f3mico con resistencia ajustable, permitiendo a los usuarios personalizar sus entrenamientos a sus necesidades y objetivos espec\u00edficos. Se pueden realizar clases de Pilates, yoga, aer\u00f3bic y entrenamiento de fuerza. Es un equipo de fitness multifuncional.<\/p>\n<p><strong><b>Clientes <\/b><\/strong><\/p>\n<p>Megacore Pilates Reformer puede ejercitar el n\u00facleo y los peque\u00f1os grupos musculares, as\u00ed como otros grupos musculares de todo el cuerpo, corregir y optimizar la forma del cuerpo, y satisfacer las necesidades de fitness de diferentes clientes, desde adolescentes hasta personas de mediana edad y ancianos, desde personas en rehabilitaci\u00f3n hasta personas con problemas de salud, desde personas amantes de la forma hasta personas profesionales.<\/p>\n<p><strong><b>Escena Amplia <\/b><\/strong><\/p>\n<p>El tama\u00f1o compacto del Pilates Reformer Megacore lo hace adecuado para una gran variedad de espacios, desde hogares y estudios hasta grandes gimnasios.<\/p>\n<p><strong><b>F\u00e1cil mantenimiento<\/b><\/strong><\/p>\n<p>Megacore Pilates Reformer es f\u00e1cil de limpiar y se mantiene en perfectas condiciones con un mantenimiento m\u00ednimo.<\/p>\n<p><strong><b>Buenas perspectivas <\/b><\/strong><\/p>\n<p>Con la recuperaci\u00f3n de la epidemia, cada vez m\u00e1s personas se preocupan por la salud, y la novedosa y eficaz forma de ejercicio del reformador megacore pilates est\u00e1 siendo objeto de atenci\u00f3n y adoptada por cada vez m\u00e1s gente.<\/p>\n<p><strong><b>Peque\u00f1os competidores<\/b><\/strong><\/p>\n<p>Megacore Pilates Reformer ofrece personalizaci\u00f3n profesional, que puede lograr la diferenciaci\u00f3n seg\u00fan las necesidades del cliente y adaptarse a diferentes mercados y grupos de clientes.<\/p>\n<p>&nbsp;<\/p>\n<p><strong>Ventajas de nuestra f\u00e1brica<\/strong><\/p>\n<p><strong><b>Calidad<\/b><\/strong><\/p>\n<p>En Megacore Pilates Reformer nos tomamos muy en serio la calidad. Nuestros reformers son en su mayor\u00eda de acero y est\u00e1n construidos para resistir la prueba del tiempo. Nos dedicamos a ofrecerle un producto que no s\u00f3lo es eficaz, sino tambi\u00e9n est\u00e9ticamente agradable. Nuestra atenci\u00f3n al detalle y el control de calidad garantizan que cada reformer sea perfecto antes de salir de nuestra f\u00e1brica.<\/p>\n<p><strong><b>Personalizaci\u00f3n<\/b><\/strong><\/p>\n<p>Entendemos que su reformador de pilates debe coincidir con su estilo personal, por lo que ofrecemos opciones de personalizaci\u00f3n. Con nuestro servicio OEM\/ODM, puede personalizar el color y el logotipo de su reformador para que coincida con sus preferencias personales. Nuestras opciones de personalizaci\u00f3n le permiten destacar en el saturado mercado del fitness.<\/p>\n<p><strong><b>Precios<\/b><\/strong><\/p>\n<p>En Megacore Pilates Reformer, creemos en ofrecer a nuestros clientes una calidad excepcional a precios competitivos. Nuestros reformers tienen un precio asequible, manteniendo los altos est\u00e1ndares por los que somos conocidos. Nos esforzamos para que nuestros reformadores sean accesibles para aquellos que quieren mejorar su rutina de pilates, independientemente de su presupuesto.<\/p>\n<p><strong><b>Capacidad de fabricaci\u00f3n<\/b><\/strong><\/p>\n<p>Con nuestra propia f\u00e1brica, podemos mantener un estricto control sobre el proceso de fabricaci\u00f3n de principio a fin. Esto nos permite ofrecer productos personalizados a un precio asequible sin sacrificar la calidad.<\/p>\n<p><strong><b>Atenci\u00f3n al cliente<\/b><\/strong><\/p>\n<p>Nuestro dedicado equipo est\u00e1 siempre a su disposici\u00f3n para responder a cualquier pregunta o duda que pueda tener, ofreci\u00e9ndole un servicio de atenci\u00f3n al cliente de primera clase. Estamos comprometidos a proporcionar el mejor servicio al cliente posible, asegurando que usted tenga una experiencia perfecta de principio a fin.<\/p>\n<p>En resumen, nuestras ventajas de producto y de f\u00e1brica nos permiten producir algunos de los mejores reformadores de pilates del mercado actual, sin dejar de ofrecer precios asequibles y competitivos. Nuestro compromiso con la calidad, la satisfacci\u00f3n del cliente y la excelencia en la fabricaci\u00f3n nos diferencian de nuestros competidores. Gracias por elegir Megacore Pilates Reformer para todas sus necesidades de equipamiento de pilates.<\/p>\n<p>[\/et_pb_accordion_item][\/et_pb_accordion][\/et_pb_column][\/et_pb_row][\/et_pb_section]<\/p>","protected":false},"excerpt":{"rendered":"<p>[et_pb_section fb_built=&#8221;1&#8243; _builder_version=&#8221;4.15.1&#8243; _module_preset=&#8221;default&#8221; global_colors_info=&#8221;{}&#8221; theme_builder_area=&#8221;post_content&#8221;][et_pb_row _builder_version=&#8221;4.15.1&#8243; _module_preset=&#8221;default&#8221; global_colors_info=&#8221;{}&#8221; theme_builder_area=&#8221;post_content&#8221;][et_pb_column type=&#8221;4_4&#8243; _builder_version=&#8221;4.15.1&#8243; _module_preset=&#8221;default&#8221; global_colors_info=&#8221;{}&#8221; theme_builder_area=&#8221;post_content&#8221;][et_pb_accordion _builder_version=&#8221;4.15.1&#8243; _module_preset=&#8221;default&#8221; hover_enabled=&#8221;0&#8243; global_colors_info=&#8221;{}&#8221; theme_builder_area=&#8221;post_content&#8221; sticky_enabled=&#8221;0&#8243;][et_pb_accordion_item title=&#8221;Our Advantage&#8221; open=&#8221;on&#8221; _builder_version=&#8221;4.15.1&#8243; _module_preset=&#8221;default&#8221; hover_enabled=&#8221;0&#8243; global_colors_info=&#8221;{}&#8221; theme_builder_area=&#8221;post_content&#8221; sticky_enabled=&#8221;0&#8243;] Welcome to Megacore Pilates Reformer, where we pride ourselves in creating high-quality pilates reformers. Our brand offers home and commercial options that are crafted mostly [&hellip;]<\/p>","protected":false},"author":2,"featured_media":0,"parent":0,"menu_order":0,"comment_status":"closed","ping_status":"closed","template":"","meta":{"footnotes":""},"class_list":["post-986","page","type-page","status-publish","hentry"],"_links":{"self":[{"href":"https:\/\/megacorepilates.com\/es\/wp-json\/wp\/v2\/pages\/986","targetHints":{"allow":["GET"]}}],"collection":[{"href":"https:\/\/megacorepilates.com\/es\/wp-json\/wp\/v2\/pages"}],"about":[{"href":"https:\/\/megacorepilates.com\/es\/wp-json\/wp\/v2\/types\/page"}],"author":[{"embeddable":true,"href":"https:\/\/megacorepilates.com\/es\/wp-json\/wp\/v2\/users\/2"}],"replies":[{"embeddable":true,"href":"https:\/\/megacorepilates.com\/es\/wp-json\/wp\/v2\/comments?post=986"}],"version-history":[{"count":0,"href":"https:\/\/megacorepilates.com\/es\/wp-json\/wp\/v2\/pages\/986\/revisions"}],"wp:attachment":[{"href":"https:\/\/megacorepilates.com\/es\/wp-json\/wp\/v2\/media?parent=986"}],"curies":[{"name":"wp","href":"https:\/\/api.w.org\/{rel}","templated":true}]}}