{"id":2117,"date":"2025-09-17T13:59:59","date_gmt":"2025-09-17T05:59:59","guid":{"rendered":"https:\/\/megacorepilates.com\/?post_type=product&#038;p=2117"},"modified":"2025-09-22T11:33:04","modified_gmt":"2025-09-22T03:33:04","slug":"megacorepilates-megaformer-t59","status":"publish","type":"product","link":"https:\/\/megacorepilates.com\/es\/product\/megacorepilates-megaformer-t59\/","title":{"rendered":"MegaCorePilates Megaformer T59"},"content":{"rendered":"<p><b>Pilates Reformer de Metal de Alta Calidad y Resistencia Equipo Comercial de Pilates\u00a0<\/b><\/p>\n<p><img fetchpriority=\"high\" decoding=\"async\" class=\"alignnone wp-image-2107\" src=\"http:\/\/megacorepilates.com\/wp-content\/uploads\/2.1-300x300.jpg\" alt=\"\" width=\"628\" height=\"628\" title=\"\" srcset=\"https:\/\/megacorepilates.com\/wp-content\/uploads\/2.1-300x300.jpg 300w, https:\/\/megacorepilates.com\/wp-content\/uploads\/2.1-150x150.jpg 150w, https:\/\/megacorepilates.com\/wp-content\/uploads\/2.1-768x768.jpg 768w, https:\/\/megacorepilates.com\/wp-content\/uploads\/2.1-600x600.jpg 600w, https:\/\/megacorepilates.com\/wp-content\/uploads\/2.1-100x100.jpg 100w, https:\/\/megacorepilates.com\/wp-content\/uploads\/2.1.jpg 960w\" sizes=\"(max-width: 628px) 100vw, 628px\" \/><\/p>\n<div class=\"rich-text-table\">\n<table>\n<tbody>\n<tr>\n<td><b>M\u00e1s detalles<\/b><\/td>\n<\/tr>\n<tr>\n<td>1. La distancia entre el coj\u00edn y el suelo: 427mm<\/td>\n<\/tr>\n<tr>\n<td>2. Material del marco principal: 100*50*2.5<\/td>\n<\/tr>\n<tr>\n<td>3. Materail de la barra de la manija: 38*3<\/td>\n<\/tr>\n<tr>\n<td>4. Material del carro: 60*30*3<\/td>\n<\/tr>\n<tr>\n<td>5. Tapicer\u00eda resistente y f\u00e1cil de limpiar:Superfibra de cuero+EVA+esponja<\/td>\n<\/tr>\n<tr>\n<td>6. \u00e1ngulo ajustable para la barra de pies 90\u00b0,65\u00b0 ,40\u00b0,15\u00b0 (4 posiciones)<\/td>\n<\/tr>\n<tr>\n<td>7. \u00e1ngulo ajustable para el manillar delantero0\u00b0,90\u00b0,180\u00b0,270\u00b0.<\/td>\n<\/tr>\n<tr>\n<td>8. La barra de pies puede ajustarse f\u00e1cilmente mediante pedal<\/td>\n<\/tr>\n<tr>\n<td>9. Sistema de muelles: 88LBS *1pcs(azul) ,22LBS*2pcs(negro),8LBS* 2pcs((gris)<\/td>\n<\/tr>\n<tr>\n<td>10. Dos pares de correas (4 correas )<\/td>\n<\/tr>\n<tr>\n<td>11. Lazos de 1 par: con la mano y el pie juntos<\/td>\n<\/tr>\n<tr>\n<td>12. barra de cuerpo:2pcs(3kg+5kg)<\/td>\n<\/tr>\n<tr>\n<td>13. mancuernas:2 pares(4lbs+6lbs)<\/td>\n<\/tr>\n<tr>\n<td>14. Garant\u00eda: 3 a\u00f1os para el cuadro, un a\u00f1o para los accesorios.<\/td>\n<\/tr>\n<tr>\n<td>15. 20GP:27 UDS, 40HQ:57 UDS<\/td>\n<\/tr>\n<\/tbody>\n<\/table>\n<\/div>\n<p><b>Informaci\u00f3n de f\u00e1brica :<br \/>\n<img decoding=\"async\" class=\"\" src=\"https:\/\/image.made-in-china.com\/226f3j00PShIDOjLCiGH\/Best-Quality-New-Strong-Metal-Pilates-Reformer-Commercial-Pilates-Equipment.webp\" alt=\"Reformer de Pilates de metal resistente y nuevo de la mejor calidad, equipo comercial de Pilates.\" width=\"672\" height=\"511\" data-original=\"\/\/image.made-in-china.com\/226f3j00PShIDOjLCiGH\/Best-Quality-New-Strong-Metal-Pilates-Reformer-Commercial-Pilates-Equipment.webp\" data-faw_img=\"true\" title=\"\"><br \/>\n<\/b><img decoding=\"async\" src=\"https:\/\/image.made-in-china.com\/226f3j00WjVDHTsavlYP\/Best-Quality-New-Strong-Metal-Pilates-Reformer-Commercial-Pilates-Equipment.webp\" alt=\"Reformer de Pilates de metal resistente y nuevo de la mejor calidad, equipo comercial de Pilates.\" width=\"1060\" height=\"\" data-original=\"\/\/image.made-in-china.com\/226f3j00WjVDHTsavlYP\/Best-Quality-New-Strong-Metal-Pilates-Reformer-Commercial-Pilates-Equipment.webp\" data-faw_img=\"true\" title=\"\"><br \/>\n<b>L\u00ednea de producci\u00f3n :<\/b><br \/>\n<img decoding=\"async\" src=\"https:\/\/image.made-in-china.com\/226f3j00lsVLIrSKbWYD\/Best-Quality-New-Strong-Metal-Pilates-Reformer-Commercial-Pilates-Equipment.webp\" alt=\"Reformer de Pilates de metal resistente y nuevo de la mejor calidad, equipo comercial de Pilates.\" width=\"1060\" height=\"\" data-original=\"\/\/image.made-in-china.com\/226f3j00lsVLIrSKbWYD\/Best-Quality-New-Strong-Metal-Pilates-Reformer-Commercial-Pilates-Equipment.webp\" data-faw_img=\"true\" title=\"\"><br \/>\n<b>Sala de exposiciones:<\/b><\/p>\n<div data-mic-template=\"\">\n<div>\n<div data-mic-template-item=\"\" data-mic-template-text=\"\">\n<div>\n<p>Producimos m\u00e1s de 600 tipos de\u00a0<b>productos de fitness<\/b>, se ha exportado a m\u00e1s de 150 pa\u00edses. Gama de productos incluyen centros de fitness familiar, varios tipos de clubes de fitness comerciales, el gobierno y la adquisici\u00f3n de la escuela, gimnasio de entrenamiento, entrenamiento de atletas y centro de rehabilitaci\u00f3n , centro de fitness femenino,\u00a0<b>estudio de pilates<\/b>\u00a0y otros proyectos de ingenier\u00eda.<\/p>\n<p>Ofrecemos\u00a0<b>Servicio OEM&amp;ODM<\/b>\u00a0desde hace mucho tiempo en la industria del fitness sobre la base de m\u00e1s de 27 a\u00f1os de experiencia profesional.<\/p>\n<p>Prestamos m\u00e1s atenci\u00f3n al desarrollo de productos, la construcci\u00f3n\u00a0<b>equipo profesional de I+D<\/b>\u00a0para satisfacer las diferentes necesidades especiales de nuestros clientes. Disfrutar de una alta apreciaci\u00f3n en la industria del fitness.<\/p>\n<p>Buscamos estilos de vida saludables y activos. Siempre tomamos la calidad del producto como la base de la innovaci\u00f3n y el desarrollo independiente.<\/p>\n<p>Le ofrecemos un servicio integral que le ayudar\u00e1 a ahorrar tiempo y dinero. Puede elegir todo el conjunto de\u00a0<b>aparatos de gimnasia<\/b>\u00a0de nosotros, como cardio, m\u00e1quinas de fuerza, mancuernas, etc.<\/p>\n<p>Ofrecemos el mejor servicio posventa y la garant\u00eda est\u00e1ndar del sector del fitness.<\/p>\n<\/div>\n<\/div>\n<div data-mic-template-image=\"\" data-mic-template-item=\"\"><img decoding=\"async\" src=\"https:\/\/image.made-in-china.com\/226f3j00hjlPHVsSZWfI\/Best-Quality-New-Strong-Metal-Pilates-Reformer-Commercial-Pilates-Equipment.webp\" alt=\"Reformer de Pilates de metal resistente y nuevo de la mejor calidad, equipo comercial de Pilates.\" width=\"497\" height=\"\" data-original=\"\/\/image.made-in-china.com\/226f3j00hjlPHVsSZWfI\/Best-Quality-New-Strong-Metal-Pilates-Reformer-Commercial-Pilates-Equipment.webp\" data-faw_img=\"true\" title=\"\"><\/div>\n<\/div>\n<\/div>\n<p><b>Nuestro Honor :\u00a0<\/b><br \/>\n<img decoding=\"async\" src=\"https:\/\/image.made-in-china.com\/226f3j00VSlPIeZhCiRH\/Best-Quality-New-Strong-Metal-Pilates-Reformer-Commercial-Pilates-Equipment.webp\" alt=\"Reformer de Pilates de metal resistente y nuevo de la mejor calidad, equipo comercial de Pilates.\" width=\"1060\" height=\"\" data-original=\"\/\/image.made-in-china.com\/226f3j00VSlPIeZhCiRH\/Best-Quality-New-Strong-Metal-Pilates-Reformer-Commercial-Pilates-Equipment.webp\" data-faw_img=\"true\" title=\"\"><br \/>\n<b>Exposici\u00f3n :\u00a0<\/b><br \/>\n<img decoding=\"async\" src=\"https:\/\/image.made-in-china.com\/226f3j00VZWPDnKGbiYI\/Best-Quality-New-Strong-Metal-Pilates-Reformer-Commercial-Pilates-Equipment.webp\" alt=\"Reformer de Pilates de metal resistente y nuevo de la mejor calidad, equipo comercial de Pilates.\" width=\"1060\" height=\"\" data-original=\"\/\/image.made-in-china.com\/226f3j00VZWPDnKGbiYI\/Best-Quality-New-Strong-Metal-Pilates-Reformer-Commercial-Pilates-Equipment.webp\" data-faw_img=\"true\" title=\"\"><b>Embalaje y env\u00edo :<br \/>\n<img decoding=\"async\" src=\"https:\/\/image.made-in-china.com\/226f3j00bjhHDEZybiUP\/Best-Quality-New-Strong-Metal-Pilates-Reformer-Commercial-Pilates-Equipment.webp\" alt=\"Reformer de Pilates de metal resistente y nuevo de la mejor calidad, equipo comercial de Pilates.\" width=\"1043\" height=\"\" data-original=\"\/\/image.made-in-china.com\/226f3j00bjhHDEZybiUP\/Best-Quality-New-Strong-Metal-Pilates-Reformer-Commercial-Pilates-Equipment.webp\" data-faw_img=\"true\" title=\"\"><\/b><\/p>","protected":false},"excerpt":{"rendered":"<p>MegaCorePilates Megaformer T59 es un reformer de calidad profesional dise\u00f1ado para entrenamientos de Pilates de cuerpo completo. Con resistencia ajustable, deslizamiento suave y construcci\u00f3n duradera, mejora la fuerza central, la flexibilidad y la forma f\u00edsica general, por lo que es ideal para estudios, gimnasios en casa y programas de rehabilitaci\u00f3n.<\/p>","protected":false},"featured_media":2105,"template":"","meta":[],"product_brand":[157],"product_cat":[15],"product_tag":[99,86,98,91,25,20,95,93],"class_list":{"0":"post-2117","1":"product","2":"type-product","3":"status-publish","4":"has-post-thumbnail","6":"product_brand-megacore","7":"product_cat-commercial-pilates-reformer","8":"product_tag-adjustable-pilates-reformer","9":"product_tag-aluminum-pilates-reformer","10":"product_tag-comfortable-pilates-reformer","11":"product_tag-heavy-duty-pilates-reformer","12":"product_tag-home-gym","13":"product_tag-pilates","14":"product_tag-pro-grade-pilates-reformer","15":"product_tag-versatile-pilates-reformer","17":"first","18":"instock","19":"shipping-taxable","20":"product-type-simple"},"_links":{"self":[{"href":"https:\/\/megacorepilates.com\/es\/wp-json\/wp\/v2\/product\/2117","targetHints":{"allow":["GET"]}}],"collection":[{"href":"https:\/\/megacorepilates.com\/es\/wp-json\/wp\/v2\/product"}],"about":[{"href":"https:\/\/megacorepilates.com\/es\/wp-json\/wp\/v2\/types\/product"}],"wp:featuredmedia":[{"embeddable":true,"href":"https:\/\/megacorepilates.com\/es\/wp-json\/wp\/v2\/media\/2105"}],"wp:attachment":[{"href":"https:\/\/megacorepilates.com\/es\/wp-json\/wp\/v2\/media?parent=2117"}],"wp:term":[{"taxonomy":"product_brand","embeddable":true,"href":"https:\/\/megacorepilates.com\/es\/wp-json\/wp\/v2\/product_brand?post=2117"},{"taxonomy":"product_cat","embeddable":true,"href":"https:\/\/megacorepilates.com\/es\/wp-json\/wp\/v2\/product_cat?post=2117"},{"taxonomy":"product_tag","embeddable":true,"href":"https:\/\/megacorepilates.com\/es\/wp-json\/wp\/v2\/product_tag?post=2117"}],"curies":[{"name":"wp","href":"https:\/\/api.w.org\/{rel}","templated":true}]}}