{"id":2517,"date":"2025-09-17T13:42:57","date_gmt":"2025-09-17T05:42:57","guid":{"rendered":"https:\/\/megacorepilates.com\/?post_type=product&#038;p=2517"},"modified":"2025-09-17T15:21:04","modified_gmt":"2025-09-17T07:21:04","slug":"maquina-megaformadora-en-venta","status":"publish","type":"product","link":"https:\/\/megacorepilates.com\/es\/product\/maquina-megaformadora-en-venta\/","title":{"rendered":"m\u00e1quina megaformadora en venta"},"content":{"rendered":"<table style=\"height: 526px;\" width=\"720\">\n<tbody>\n<tr>\n<td width=\"270\"><strong><b>Material<\/b><\/strong><\/td>\n<td width=\"316\">Acero inoxidable<\/td>\n<td width=\"269\"><strong><b>Lugar de origen<\/b><\/strong><\/td>\n<td width=\"278\">Guangdong, China<\/td>\n<\/tr>\n<tr>\n<td width=\"270\"><strong><b>Marca<\/b><\/strong><\/td>\n<td width=\"316\">Megacore<\/td>\n<td width=\"269\"><strong><b>N\u00famero de modelo<\/b><\/strong><\/td>\n<td width=\"278\">C26<\/td>\n<\/tr>\n<tr>\n<td width=\"270\"><strong><b>Nombre del producto<\/b><\/strong><\/td>\n<td width=\"316\">Reformador de Pilates<\/td>\n<td width=\"269\"><strong><b>Material<\/b><\/strong><\/td>\n<td width=\"278\">Acero<\/td>\n<\/tr>\n<tr>\n<td width=\"270\"><strong><b>Color<\/b><\/strong><\/td>\n<td width=\"316\">Color personalizado<\/td>\n<td width=\"269\"><strong><b>Dimensi\u00f3n<\/b><\/strong><\/td>\n<td width=\"278\">327*86,6*89,4 cm<\/td>\n<\/tr>\n<tr>\n<td width=\"270\"><strong><b>Tama\u00f1o de los fotogramas<\/b><\/strong><\/td>\n<td width=\"316\">299,7*66,8*45cm<\/td>\n<td width=\"269\"><strong><b>Altura<\/b><\/strong><\/td>\n<td width=\"278\">452 mm<\/td>\n<\/tr>\n<tr>\n<td width=\"270\"><strong><b>Tama\u00f1o del coche<\/b><\/strong><\/td>\n<td width=\"316\">1200*668mm<\/td>\n<td width=\"269\"><strong><b>Plataforma delantera<\/b><\/strong><\/td>\n<td width=\"278\">300*668 mm<\/td>\n<\/tr>\n<tr>\n<td width=\"270\"><strong><b>Plataforma trasera<\/b><\/strong><\/td>\n<td width=\"316\">433*668mm<\/td>\n<td width=\"269\"><strong><b>\u00c1ngulo ajustable para la barra de pies trasera<\/b><\/strong><\/td>\n<td width=\"278\">28\u00b0 ,55\u00b0, 90\u00b0 ,125\u00b0<\/p>\n<p>&nbsp;<\/td>\n<\/tr>\n<tr>\n<td width=\"270\"><strong><b>Accesorios<\/b><\/strong><\/td>\n<td width=\"316\">cables*4pcs,bucle doble:2pares,correas:5pcs<\/td>\n<td width=\"269\"><strong><b>Primavera<\/b><\/strong><\/td>\n<td width=\"278\">8pcs(4lbs*2+8lbs*3<br \/>\n22lbs*2+88lbs*1)<\/td>\n<\/tr>\n<tr>\n<td width=\"270\"><strong><b>NW<\/b><\/strong><\/td>\n<td width=\"316\">150KG<\/td>\n<td width=\"269\"><strong><b>GW<\/b><\/strong><\/td>\n<td width=\"278\">160KG<\/td>\n<\/tr>\n<\/tbody>\n<\/table>\n<p>&nbsp;<\/p>\n<p><img fetchpriority=\"high\" decoding=\"async\" class=\"wp-image-2532\" src=\"http:\/\/megacorepilates.com\/wp-content\/uploads\/\u4e3b\u56fe_03-300x233.jpg\" alt=\"stainless steel pilates reformer\" width=\"557\" height=\"433\" title=\"\" srcset=\"\" sizes=\"(max-width: 557px) 100vw, 557px\" data-srcset=\"\" \/> <img decoding=\"async\" class=\"wp-image-2533\" src=\"http:\/\/megacorepilates.com\/wp-content\/uploads\/\u4e3b\u56fe_04-300x208.jpg\" alt=\"megareformer\" width=\"506\" height=\"351\" title=\"\" srcset=\"\" sizes=\"(max-width: 506px) 100vw, 506px\" data-srcset=\"\" \/><\/p>\n<p>&nbsp;<\/p>\n<h3><span style=\"color: #00ccff;\"><strong>\u00a0 \u00a0 \u00a0Caracter\u00edstica clave:<\/strong><\/span><\/h3>\n<ul>\n<li data-start=\"501\" data-end=\"776\">\n<p data-start=\"503\" data-end=\"776\"><strong data-start=\"503\" data-end=\"537\">Duradero marco de acero inoxidable:<\/strong><br data-start=\"537\" data-end=\"540\" \/>En <span style=\"color: #00ccff;\"><a style=\"color: #00ccff;\" href=\"https:\/\/megacorepilates.com\/es\/product\/maquina-megaformadora-en-venta\/\">MegaCore MegaFormer<\/a><\/span> cuenta con un armaz\u00f3n de acero inoxidable de alta calidad que garantiza estabilidad, resistencia y longevidad. Construida para soportar un uso diario intenso, esta m\u00e1quina proporciona la durabilidad necesaria para una gran variedad de ejercicios de Pilates.<\/p>\n<\/li>\n<li data-start=\"778\" data-end=\"1056\">\n<p data-start=\"780\" data-end=\"1056\"><strong data-start=\"780\" data-end=\"806\">Resistencia ajustable:<\/strong><br data-start=\"806\" data-end=\"809\" \/>Con el MegaFormer, puedes ajustar f\u00e1cilmente el nivel de resistencia para adaptarlo a tus necesidades de fitness. Tanto si buscas un estiramiento suave como un entrenamiento exigente, esta funci\u00f3n te ayuda a trabajar varios grupos musculares, fomentando el crecimiento muscular y la p\u00e9rdida de grasa.<\/p>\n<\/li>\n<li data-start=\"1058\" data-end=\"1346\">\n<p data-start=\"1060\" data-end=\"1346\"><strong data-start=\"1060\" data-end=\"1088\">Carro de deslizamiento suave:<\/strong><br data-start=\"1088\" data-end=\"1091\" \/>El carro de deslizamiento suave de la m\u00e1quina garantiza movimientos fluidos en todos los ejercicios, lo que reduce el riesgo de lesiones y maximiza la eficacia del entrenamiento. El carro est\u00e1 dise\u00f1ado para realizar con facilidad tanto movimientos lentos y controlados como rutinas r\u00e1pidas.<\/p>\n<\/li>\n<li data-start=\"1348\" data-end=\"1576\">\n<p data-start=\"1350\" data-end=\"1576\"><strong data-start=\"1350\" data-end=\"1369\">Dise\u00f1o compacto:<\/strong><br data-start=\"1369\" data-end=\"1372\" \/>A pesar de su versatilidad, el MegaFormer es compacto, lo que lo hace perfecto tanto para gimnasios dom\u00e9sticos como para estudios profesionales con espacio limitado. Ofrece un entrenamiento de cuerpo completo sin comprometer el espacio disponible.<\/p>\n<\/li>\n<li data-start=\"1578\" data-end=\"1819\">\n<p data-start=\"1580\" data-end=\"1819\"><strong data-start=\"1580\" data-end=\"1621\">Mayor flexibilidad y fuerza central:<\/strong><br data-start=\"1621\" data-end=\"1624\" \/>Este <a href=\"https:\/\/megacorepilates.com\/es\/contacto\/\"><span style=\"color: #00ccff;\">M\u00e1quina MegaFormer<\/span><\/a> destaca en la mejora de la flexibilidad y la fuerza central, con una amplia gama de ejercicios dirigidos a abdominales, piernas, brazos y gl\u00fateos. Es perfecto para esculpir un f\u00edsico esbelto y tonificado.<\/p>\n<\/li>\n<\/ul>\n<p><img decoding=\"async\" class=\"wp-image-2534\" src=\"http:\/\/megacorepilates.com\/wp-content\/uploads\/\u4e3b\u56fe_05-300x226.jpg\" alt=\"Se vende reformador de pilates Megacore\" width=\"563\" height=\"424\" title=\"\" srcset=\"\" sizes=\"(max-width: 563px) 100vw, 563px\" data-srcset=\"\" \/><\/p>\n<p><img loading=\"lazy\" decoding=\"async\" class=\"wp-image-2535\" src=\"http:\/\/megacorepilates.com\/wp-content\/uploads\/\u4e3b\u56fe_06-300x200.jpg\" alt=\"pilates reformer suministros\" width=\"563\" height=\"375\" title=\"\" srcset=\"\" sizes=\"(max-width: 563px) 100vw, 563px\" data-srcset=\"\" \/><\/p>\n<p>&nbsp;<\/p>","protected":false},"excerpt":{"rendered":"<p>Descubre la <a href=\"https:\/\/megacorepilates.com\/es\/contacto\/\">M\u00e1quina MegaFormer<\/a> en venta, dise\u00f1ado para entrenamientos din\u00e1micos de Pilates. Ideal para fuerza, flexibilidad y escultura corporal, ofrece resistencia ajustable para todos los niveles y objetivos de fitness.<br \/>\nDimension:327*87.2*83.6cm<br \/>\nTama\u00f1o del marco:299,7*66,8*45cm<br \/>\naltura (marco al suelo):452mm<br \/>\ncaraige tama\u00f1o:12008668mm<br \/>\nplataforma delantera:300*668mm<br \/>\nplataforma trasera:433*668mm<\/p>","protected":false},"featured_media":2530,"template":"","meta":[],"product_brand":[157],"product_cat":[15],"product_tag":[86,98,91,22,92,93],"class_list":{"0":"post-2517","1":"product","2":"type-product","3":"status-publish","4":"has-post-thumbnail","6":"product_brand-megacore","7":"product_cat-commercial-pilates-reformer","8":"product_tag-aluminum-pilates-reformer","9":"product_tag-comfortable-pilates-reformer","10":"product_tag-heavy-duty-pilates-reformer","11":"product_tag-pilates-reformer","12":"product_tag-studio-quality-pilates-reformer","13":"product_tag-versatile-pilates-reformer","15":"first","16":"outofstock","17":"shipping-taxable","18":"product-type-variable"},"_links":{"self":[{"href":"https:\/\/megacorepilates.com\/es\/wp-json\/wp\/v2\/product\/2517","targetHints":{"allow":["GET"]}}],"collection":[{"href":"https:\/\/megacorepilates.com\/es\/wp-json\/wp\/v2\/product"}],"about":[{"href":"https:\/\/megacorepilates.com\/es\/wp-json\/wp\/v2\/types\/product"}],"wp:featuredmedia":[{"embeddable":true,"href":"https:\/\/megacorepilates.com\/es\/wp-json\/wp\/v2\/media\/2530"}],"wp:attachment":[{"href":"https:\/\/megacorepilates.com\/es\/wp-json\/wp\/v2\/media?parent=2517"}],"wp:term":[{"taxonomy":"product_brand","embeddable":true,"href":"https:\/\/megacorepilates.com\/es\/wp-json\/wp\/v2\/product_brand?post=2517"},{"taxonomy":"product_cat","embeddable":true,"href":"https:\/\/megacorepilates.com\/es\/wp-json\/wp\/v2\/product_cat?post=2517"},{"taxonomy":"product_tag","embeddable":true,"href":"https:\/\/megacorepilates.com\/es\/wp-json\/wp\/v2\/product_tag?post=2517"}],"curies":[{"name":"wp","href":"https:\/\/api.w.org\/{rel}","templated":true}]}}