{"id":582,"date":"2025-09-11T21:52:45","date_gmt":"2025-09-11T13:52:45","guid":{"rendered":"http:\/\/megacorepilates.com\/?post_type=product&#038;p=582"},"modified":"2025-09-17T15:07:28","modified_gmt":"2025-09-17T07:07:28","slug":"pilates-reformer-for-rehabilitation","status":"publish","type":"product","link":"https:\/\/megacorepilates.com\/es\/product\/pilates-reformer-for-rehabilitation\/","title":{"rendered":"Pilates Reformer para rehabilitaci\u00f3n y fisioterapia"},"content":{"rendered":"<div class=\"J_module\">\n<div class=\"detail-decorate-json-renderer-container\">\n<div class=\"magic-0\">\n<div class=\"magic-1\">\n<div class=\"magic-2\">\n<div class=\"magic-3\">\n<div class=\"magic-4\" data-spm-anchor-id=\"a2700.details.0.i40.4034228e5YtmSy\"><\/div>\n<\/div>\n<\/div>\n<\/div>\n<\/div>\n<\/div>\n<\/div>\n<div class=\"J_module\">\n<div class=\"icbu-pc-detailManyImage magic-5\">\n<div class=\"magic-6\"><img decoding=\"async\" class=\"magic-7\" src=\"https:\/\/s.alicdn.com\/@sc04\/kf\/Hc76b16039fc24295aba45f65e14b6fbb2\/200239637\/Hc76b16039fc24295aba45f65e14b6fbb2.jpg?quality=close\" data-src=\"\/\/s.alicdn.com\/@sc04\/kf\/Hc76b16039fc24295aba45f65e14b6fbb2\/200239637\/Hc76b16039fc24295aba45f65e14b6fbb2.jpg?quality=close\" alt=\"\" title=\"\"><\/div>\n<div class=\"magic-8\"><img decoding=\"async\" class=\"magic-9\" src=\"https:\/\/s.alicdn.com\/@sc04\/kf\/H2ebe2d5d693547678816e72443afc6b31\/200239637\/H2ebe2d5d693547678816e72443afc6b31.jpg?quality=close\" data-src=\"\/\/s.alicdn.com\/@sc04\/kf\/H2ebe2d5d693547678816e72443afc6b31\/200239637\/H2ebe2d5d693547678816e72443afc6b31.jpg?quality=close\" alt=\"\" title=\"\"><\/div>\n<div class=\"magic-8\"><img decoding=\"async\" class=\"magic-9\" src=\"https:\/\/s.alicdn.com\/@sc04\/kf\/Hb71878f1f21842c68ed871731e3a65b1U\/200239637\/Hb71878f1f21842c68ed871731e3a65b1U.jpg?quality=close\" data-src=\"\/\/s.alicdn.com\/@sc04\/kf\/Hb71878f1f21842c68ed871731e3a65b1U\/200239637\/Hb71878f1f21842c68ed871731e3a65b1U.jpg?quality=close\" alt=\"\" title=\"\"><\/div>\n<\/div>\n<\/div>\n<div class=\"J_module\">\n<div class=\"detail-decorate-json-renderer-container\">\n<div class=\"magic-0\">\n<div class=\"magic-1\">\n<div class=\"magic-2\">\n<div class=\"magic-3\"><b><span class=\"magic-10\">Prodcut details<\/span><\/b><\/div>\n<\/div>\n<\/div>\n<\/div>\n<\/div>\n<\/div>\n<div class=\"J_module\">\n<div class=\"icbu-pc-images magic-11\">\n<div>\n<div class=\"flex-layout-v\">\n<div class=\"flex-layout-h magic-11\">\n<div class=\"magic-12\"><img decoding=\"async\" class=\"magic-13\" src=\"https:\/\/s.alicdn.com\/@sc04\/kf\/H5d9c6821257d456fa241024378c90a6ff\/200239637\/H5d9c6821257d456fa241024378c90a6ff.jpg?quality=close\" data-src=\"\/\/s.alicdn.com\/@sc04\/kf\/H5d9c6821257d456fa241024378c90a6ff\/200239637\/H5d9c6821257d456fa241024378c90a6ff.jpg?quality=close\" alt=\"\" title=\"\"><\/div>\n<\/div>\n<\/div>\n<\/div>\n<\/div>\n<\/div>\n<div class=\"J_module\">\n<div class=\"icbu-pc-images magic-11\">\n<div>\n<div class=\"flex-layout-v\">\n<div class=\"flex-layout-h magic-11\">\n<div class=\"magic-12\"><img decoding=\"async\" class=\"magic-13\" src=\"https:\/\/s.alicdn.com\/@sc04\/kf\/H0bea8373c2fd44f4832dfcadcef6a9ef2\/200239637\/H0bea8373c2fd44f4832dfcadcef6a9ef2.jpg?quality=close\" data-src=\"\/\/s.alicdn.com\/@sc04\/kf\/H0bea8373c2fd44f4832dfcadcef6a9ef2\/200239637\/H0bea8373c2fd44f4832dfcadcef6a9ef2.jpg?quality=close\" alt=\"\" title=\"\"><\/div>\n<\/div>\n<\/div>\n<\/div>\n<\/div>\n<\/div>\n<div class=\"J_module\">\n<div class=\"icbu-pc-images magic-11\">\n<div>\n<div class=\"flex-layout-v\">\n<div class=\"flex-layout-h magic-11\">\n<div class=\"magic-14\"><img decoding=\"async\" class=\"magic-15\" src=\"https:\/\/s.alicdn.com\/@sc04\/kf\/H0f247d6da84540d98531e9847ff23a68h\/200239637\/H0f247d6da84540d98531e9847ff23a68h.jpg?quality=close\" data-src=\"\/\/s.alicdn.com\/@sc04\/kf\/H0f247d6da84540d98531e9847ff23a68h\/200239637\/H0f247d6da84540d98531e9847ff23a68h.jpg?quality=close\" alt=\"\" title=\"\"><\/div>\n<\/div>\n<\/div>\n<\/div>\n<\/div>\n<\/div>\n<div class=\"J_module\">\n<div class=\"icbu-pc-images magic-11\">\n<div>\n<div class=\"flex-layout-v\">\n<div class=\"flex-layout-h magic-11\">\n<div class=\"magic-16\"><img decoding=\"async\" class=\"magic-17\" src=\"https:\/\/s.alicdn.com\/@sc04\/kf\/Hf50396e3ddab49cbb0a9ba27cdf6abb2q\/200239637\/Hf50396e3ddab49cbb0a9ba27cdf6abb2q.jpg?quality=close\" data-src=\"\/\/s.alicdn.com\/@sc04\/kf\/Hf50396e3ddab49cbb0a9ba27cdf6abb2q\/200239637\/Hf50396e3ddab49cbb0a9ba27cdf6abb2q.jpg?quality=close\" alt=\"\" title=\"\"><\/div>\n<\/div>\n<\/div>\n<\/div>\n<\/div>\n<\/div>\n<div class=\"J_module\">\n<div id=\"ali-anchor-AliMagic-q7zsmh\" class=\"magic-18\" data-section=\"AliMagic-q7zsmh\" data-section-title=\"Specification\">Specification<\/div>\n<\/div>\n<div class=\"J_module\">\n<div class=\"ife-detail-decorate-table\">\n<table class=\"has-title all magic-19\">\n<tbody>\n<tr>\n<td colspan=\"1\" rowspan=\"1\">\n<div class=\"magic-20\">OEM &amp; ODM<\/div>\n<\/td>\n<td colspan=\"1\" rowspan=\"1\">\n<div class=\"magic-21\">YES<\/div>\n<\/td>\n<\/tr>\n<tr>\n<td colspan=\"1\" rowspan=\"1\">\n<div class=\"magic-20\">Size<\/div>\n<\/td>\n<td colspan=\"1\" rowspan=\"1\">\n<div class=\"magic-21\">249.8*80.8*90.2cm<\/div>\n<\/td>\n<\/tr>\n<tr>\n<td colspan=\"1\" rowspan=\"1\">\n<div class=\"magic-20\">Color<\/div>\n<\/td>\n<td colspan=\"1\" rowspan=\"1\">\n<div class=\"magic-21\">White\/Black\/Yellow<\/div>\n<\/td>\n<\/tr>\n<tr>\n<td colspan=\"1\" rowspan=\"1\">\n<div class=\"magic-20\">Cushion<\/div>\n<\/td>\n<td colspan=\"1\" rowspan=\"1\">\n<div class=\"magic-21\">Super-fiber leather+EVA+sponge<\/div>\n<\/td>\n<\/tr>\n<\/tbody>\n<\/table>\n<\/div>\n<\/div>\n<div class=\"J_module\">\n<div id=\"ali-anchor-AliMagic-836x4z\" class=\"magic-18\" data-section=\"AliMagic-836x4z\" data-section-title=\"Company Profile\">Company Profile<\/div>\n<\/div>\n<div class=\"J_module\">\n<div class=\"detail-decorate-json-renderer-container\">\n<div class=\"magic-0\">\n<div class=\"magic-1\">\n<div class=\"magic-2\">\n<div class=\"magic-3\"><span class=\"magic-22\">1. We are the professional manufacturer of commecial gym equipment and home treadmill and we are the biggest manufacturer of gym equipment in Southern China.<br \/>\n2. We have a factory with over 30,000 square meters,and our supply is sufficient to gurantee the customers\u2019 demand.<br \/>\n3. We can supply the full set of gym equipment for you.<br \/>\n4. We can make OEM and customized order for different customers<br \/>\n5. We ship goods on time with good price and high quality.<br \/>\n6. We can supply best after-sales service for all the cusotmers<\/span><\/div>\n<\/div>\n<\/div>\n<\/div>\n<\/div>\n<\/div>\n<div class=\"J_module\">\n<div class=\"detail-decorate-json-renderer-container\">\n<div class=\"magic-0\">\n<div class=\"magic-1\">\n<div class=\"magic-2\">\n<div class=\"magic-3\"><b><span class=\"magic-10\">Informaci\u00f3n de f\u00e1brica :<\/span><\/b><\/div>\n<\/div>\n<\/div>\n<\/div>\n<\/div>\n<\/div>\n<div class=\"J_module\">\n<div class=\"icbu-pc-images magic-11\">\n<div>\n<div class=\"flex-layout-v\">\n<div class=\"flex-layout-h magic-11\">\n<div class=\"magic-23\"><img decoding=\"async\" class=\"magic-24\" src=\"https:\/\/s.alicdn.com\/@sc04\/kf\/Ab1899f02e23349ff984e7cff1f373517Q\/200239637\/Ab1899f02e23349ff984e7cff1f373517Q.jpg?quality=close\" data-src=\"\/\/s.alicdn.com\/@sc04\/kf\/Ab1899f02e23349ff984e7cff1f373517Q\/200239637\/Ab1899f02e23349ff984e7cff1f373517Q.jpg?quality=close\" alt=\"\" title=\"\"><\/div>\n<\/div>\n<\/div>\n<\/div>\n<\/div>\n<\/div>\n<div class=\"J_module\">\n<div class=\"detail-decorate-json-renderer-container\">\n<div class=\"magic-0\">\n<div class=\"magic-1\">\n<div class=\"magic-2\">\n<div class=\"magic-3\"><b><span class=\"magic-10\">L\u00ednea de producci\u00f3n :<\/span><\/b><\/div>\n<\/div>\n<\/div>\n<\/div>\n<\/div>\n<\/div>\n<div class=\"J_module\">\n<div class=\"icbu-pc-images magic-11\">\n<div>\n<div class=\"flex-layout-v\">\n<div class=\"flex-layout-h magic-11\">\n<div class=\"magic-12\"><img decoding=\"async\" class=\"magic-13\" src=\"https:\/\/s.alicdn.com\/@sc04\/kf\/Ac41bb34e59854587b33c84d6b8907778a\/200239637\/Ac41bb34e59854587b33c84d6b8907778a.jpg?quality=close\" data-src=\"\/\/s.alicdn.com\/@sc04\/kf\/Ac41bb34e59854587b33c84d6b8907778a\/200239637\/Ac41bb34e59854587b33c84d6b8907778a.jpg?quality=close\" alt=\"\" title=\"\"><\/div>\n<\/div>\n<\/div>\n<\/div>\n<\/div>\n<\/div>\n<div class=\"J_module\">\n<div class=\"detail-decorate-json-renderer-container\">\n<div class=\"magic-0\">\n<div class=\"magic-1\">\n<div class=\"magic-2\">\n<div class=\"magic-3\"><span class=\"magic-10\"><b>Exhibition<\/b><\/span><\/div>\n<\/div>\n<\/div>\n<\/div>\n<\/div>\n<\/div>\n<div class=\"J_module\">\n<div class=\"icbu-pc-images magic-11\">\n<div>\n<div class=\"flex-layout-v\">\n<div class=\"flex-layout-h magic-11\">\n<div class=\"magic-25\"><img decoding=\"async\" class=\"magic-26\" src=\"https:\/\/s.alicdn.com\/@sc04\/kf\/A386a763e918a4d58acc1f295b731aae3F\/200239637\/A386a763e918a4d58acc1f295b731aae3F.jpg?quality=close\" data-src=\"\/\/s.alicdn.com\/@sc04\/kf\/A386a763e918a4d58acc1f295b731aae3F\/200239637\/A386a763e918a4d58acc1f295b731aae3F.jpg?quality=close\" alt=\"\" title=\"\"><\/div>\n<\/div>\n<\/div>\n<\/div>\n<\/div>\n<\/div>\n<div class=\"J_module\">\n<div id=\"ali-anchor-AliMagic-qv9kyy\" class=\"magic-18\" data-section=\"AliMagic-qv9kyy\" data-section-title=\"Certifications\">Certifications<\/div>\n<\/div>\n<div class=\"J_module\">\n<div class=\"icbu-pc-images magic-11\">\n<div>\n<div class=\"flex-layout-v\">\n<div class=\"flex-layout-h magic-11\">\n<div class=\"magic-27\"><img decoding=\"async\" class=\"magic-28\" src=\"https:\/\/s.alicdn.com\/@sc04\/kf\/HTB1cIvVNFXXXXbCXXXXq6xXFXXXe\/200239637\/HTB1cIvVNFXXXXbCXXXXq6xXFXXXe.jpg?quality=close\" data-src=\"\/\/s.alicdn.com\/@sc04\/kf\/HTB1cIvVNFXXXXbCXXXXq6xXFXXXe\/200239637\/HTB1cIvVNFXXXXbCXXXXq6xXFXXXe.jpg?quality=close\" alt=\"\" title=\"\"><\/div>\n<\/div>\n<\/div>\n<\/div>\n<\/div>\n<\/div>\n<div class=\"J_module\">\n<div id=\"ali-anchor-AliMagic-mywur2\" class=\"magic-18\" data-section=\"AliMagic-mywur2\" data-section-title=\"Packaging&amp; Shipping\">Packaging&amp; Shipping<\/div>\n<\/div>\n<div class=\"J_module\">\n<div class=\"icbu-pc-images magic-11\">\n<div>\n<div class=\"flex-layout-v\">\n<div class=\"flex-layout-h magic-11\">\n<div class=\"magic-29\"><img decoding=\"async\" class=\"magic-30\" src=\"https:\/\/s.alicdn.com\/@sc04\/kf\/HTB1S1nCNFXXXXbqXFXXq6xXFXXXA\/200239637\/HTB1S1nCNFXXXXbqXFXXq6xXFXXXA.jpg?quality=close\" data-src=\"\/\/s.alicdn.com\/@sc04\/kf\/HTB1S1nCNFXXXXbqXFXXq6xXFXXXA\/200239637\/HTB1S1nCNFXXXXbqXFXXq6xXFXXXA.jpg?quality=close\" alt=\"\" title=\"\"><\/div>\n<\/div>\n<\/div>\n<\/div>\n<\/div>\n<\/div>\n<div class=\"J_module\">\n<div id=\"ali-anchor-AliMagic-4uxg3g\" class=\"magic-18\" data-section=\"AliMagic-4uxg3g\" data-section-title=\"Contact Us\">Contacta con nosotros<\/div>\n<\/div>\n<div class=\"J_module\">\n<div class=\"icbu-pc-images magic-11\">\n<div>\n<div class=\"flex-layout-v\">\n<div class=\"flex-layout-h magic-11\">\n<div class=\"magic-27\"><a href=\"https:\/\/message.alibaba.com\/msgsend\/contact.htm?spm=a2700.details.0.0.45fe78a2ar6Nc0&amp;action=contact_action&amp;domain=2&amp;id=200344070&amp;id_f=IDX1hQCt46xL6dnKxTO55LTR3l0sZJ75cK_9--ZF0NBP8HZe2OvhUvwdiWi-UiMYSDIy&amp;mloca=main_site_contacts&amp;umidToken=B5022e9e1e48d9fbd86b2f47b8d17f3fd\" target=\"_blank\" rel=\"noopener\"><img decoding=\"async\" class=\"magic-28\" src=\"https:\/\/s.alicdn.com\/@sc04\/kf\/H4c3364ca40f048b8af123b48decabfd3H\/200239637\/H4c3364ca40f048b8af123b48decabfd3H.jpg?quality=close\" data-src=\"\/\/s.alicdn.com\/@sc04\/kf\/H4c3364ca40f048b8af123b48decabfd3H\/200239637\/H4c3364ca40f048b8af123b48decabfd3H.jpg?quality=close\" alt=\"\" title=\"\"><\/a><\/div>\n<\/div>\n<\/div>\n<\/div>\n<\/div>\n<\/div>","protected":false},"excerpt":{"rendered":"<p><strong data-start=\"157\" data-end=\"217\">Pilates Reformer para rehabilitaci\u00f3n y fisioterapia<\/strong> est\u00e1 dise\u00f1ada para realizar ejercicios seguros y de bajo impacto que ayudan a la recuperaci\u00f3n, mejoran la movilidad y fortalecen los m\u00fasculos. Su resistencia ajustable y su suave deslizamiento la hacen ideal para fisioterapia, programas de rehabilitaci\u00f3n y entrenamientos suaves en casa.<\/p>","protected":false},"featured_media":856,"template":"","meta":[],"product_brand":[157],"product_cat":[15],"product_tag":[91,92],"class_list":{"0":"post-582","1":"product","2":"type-product","3":"status-publish","4":"has-post-thumbnail","6":"product_brand-megacore","7":"product_cat-commercial-pilates-reformer","8":"product_tag-heavy-duty-pilates-reformer","9":"product_tag-studio-quality-pilates-reformer","11":"first","12":"instock","13":"shipping-taxable","14":"product-type-simple"},"_links":{"self":[{"href":"https:\/\/megacorepilates.com\/es\/wp-json\/wp\/v2\/product\/582","targetHints":{"allow":["GET"]}}],"collection":[{"href":"https:\/\/megacorepilates.com\/es\/wp-json\/wp\/v2\/product"}],"about":[{"href":"https:\/\/megacorepilates.com\/es\/wp-json\/wp\/v2\/types\/product"}],"wp:featuredmedia":[{"embeddable":true,"href":"https:\/\/megacorepilates.com\/es\/wp-json\/wp\/v2\/media\/856"}],"wp:attachment":[{"href":"https:\/\/megacorepilates.com\/es\/wp-json\/wp\/v2\/media?parent=582"}],"wp:term":[{"taxonomy":"product_brand","embeddable":true,"href":"https:\/\/megacorepilates.com\/es\/wp-json\/wp\/v2\/product_brand?post=582"},{"taxonomy":"product_cat","embeddable":true,"href":"https:\/\/megacorepilates.com\/es\/wp-json\/wp\/v2\/product_cat?post=582"},{"taxonomy":"product_tag","embeddable":true,"href":"https:\/\/megacorepilates.com\/es\/wp-json\/wp\/v2\/product_tag?post=582"}],"curies":[{"name":"wp","href":"https:\/\/api.w.org\/{rel}","templated":true}]}}