{"id":583,"date":"2025-09-11T21:52:45","date_gmt":"2025-09-11T13:52:45","guid":{"rendered":"http:\/\/megacorepilates.com\/?post_type=product&#038;p=583"},"modified":"2025-09-17T15:53:14","modified_gmt":"2025-09-17T07:53:14","slug":"versatile-steel-pilates-reformer","status":"publish","type":"product","link":"https:\/\/megacorepilates.com\/es\/product\/versatile-steel-pilates-reformer\/","title":{"rendered":"Reformador de Pilates de acero vers\u00e1til"},"content":{"rendered":"<p>&nbsp;<\/p>\n<div class=\"rich-text-table\">\n<table border=\"1\" cellspacing=\"1\" cellpadding=\"1\">\n<tbody>\n<tr>\n<td>Pad to ground height<\/td>\n<td>\u00a0430mm<\/td>\n<\/tr>\n<tr>\n<td>Carriage size<\/td>\n<td>1200 * 668mm<\/td>\n<\/tr>\n<tr>\n<td>Front Platform<\/td>\n<td>380 * 668mm<\/td>\n<\/tr>\n<tr>\n<td>Rear Platform :<\/td>\n<td>440 * 668mm<\/td>\n<\/tr>\n<tr>\n<td>The rear handle has four rotation angles:<\/td>\n<td>0 \u00b0, 90 \u00b0, 180 \u00b0 and 270 \u00b0 (the front and rear angles are not adjustable)<\/td>\n<\/tr>\n<tr>\n<td>The front handle has four rotation angles:<\/td>\n<td>0 \u00b0, 90 \u00b0, 180 \u00b0 and 270 \u00b0 (the front and rear angles are not adjustable)<\/td>\n<\/tr>\n<\/tbody>\n<\/table>\n<\/div>\n<p><img decoding=\"async\" src=\"https:\/\/image.made-in-china.com\/226f3j00acgWdMCDfHoy\/Customized-Top-Quality-Gym-Equipment-Aluminium-Pilates-Studio-Pilates-Reformer.webp\" alt=\"Customized Top Quality Gym Equipment Aluminium Pilates Studio Pilates Reformer\" width=\"800px\" data-original=\"\/\/image.made-in-china.com\/226f3j00acgWdMCDfHoy\/Customized-Top-Quality-Gym-Equipment-Aluminium-Pilates-Studio-Pilates-Reformer.webp\" title=\"\"><\/p>\n<p><b>Prodcut details<\/b><\/p>\n<p><img decoding=\"async\" src=\"https:\/\/image.made-in-china.com\/226f3j00akuWmnCBMPqN\/Customized-Top-Quality-Gym-Equipment-Aluminium-Pilates-Studio-Pilates-Reformer.webp\" alt=\"Customized Top Quality Gym Equipment Aluminium Pilates Studio Pilates Reformer\" width=\"800px\" data-original=\"\/\/image.made-in-china.com\/226f3j00akuWmnCBMPqN\/Customized-Top-Quality-Gym-Equipment-Aluminium-Pilates-Studio-Pilates-Reformer.webp\" title=\"\"><\/p>\n<p><img decoding=\"async\" src=\"https:\/\/image.made-in-china.com\/226f3j00YkgiwEvJrDoF\/Customized-Top-Quality-Gym-Equipment-Aluminium-Pilates-Studio-Pilates-Reformer.webp\" alt=\"Customized Top Quality Gym Equipment Aluminium Pilates Studio Pilates Reformer\" width=\"800px\" data-original=\"\/\/image.made-in-china.com\/226f3j00YkgiwEvJrDoF\/Customized-Top-Quality-Gym-Equipment-Aluminium-Pilates-Studio-Pilates-Reformer.webp\" title=\"\"><img decoding=\"async\" src=\"https:\/\/image.made-in-china.com\/226f3j00YqgiwzvFLIky\/Customized-Top-Quality-Gym-Equipment-Aluminium-Pilates-Studio-Pilates-Reformer.webp\" alt=\"Customized Top Quality Gym Equipment Aluminium Pilates Studio Pilates Reformer\" width=\"800px\" data-original=\"\/\/image.made-in-china.com\/226f3j00YqgiwzvFLIky\/Customized-Top-Quality-Gym-Equipment-Aluminium-Pilates-Studio-Pilates-Reformer.webp\" title=\"\"><\/p>\n<p><b>Informaci\u00f3n de f\u00e1brica :<br \/>\n<img decoding=\"async\" src=\"https:\/\/image.made-in-china.com\/226f3j00YkpVmivCLHoF\/Customized-Top-Quality-Gym-Equipment-Aluminium-Pilates-Studio-Pilates-Reformer.webp\" alt=\"Customized Top Quality Gym Equipment Aluminium Pilates Studio Pilates Reformer\" width=\"1058px\" data-original=\"\/\/image.made-in-china.com\/226f3j00YkpVmivCLHoF\/Customized-Top-Quality-Gym-Equipment-Aluminium-Pilates-Studio-Pilates-Reformer.webp\" title=\"\"><\/b><img decoding=\"async\" src=\"https:\/\/image.made-in-china.com\/226f3j00GbgiABMdyDcF\/Customized-Top-Quality-Gym-Equipment-Aluminium-Pilates-Studio-Pilates-Reformer.webp\" alt=\"Customized Top Quality Gym Equipment Aluminium Pilates Studio Pilates Reformer\" width=\"1060px\" data-original=\"\/\/image.made-in-china.com\/226f3j00GbgiABMdyDcF\/Customized-Top-Quality-Gym-Equipment-Aluminium-Pilates-Studio-Pilates-Reformer.webp\" title=\"\"><br \/>\n<b>L\u00ednea de producci\u00f3n :<\/b><br \/>\n<img decoding=\"async\" src=\"https:\/\/image.made-in-china.com\/226f3j00UqgiAOCzLPky\/Customized-Top-Quality-Gym-Equipment-Aluminium-Pilates-Studio-Pilates-Reformer.webp\" alt=\"Customized Top Quality Gym Equipment Aluminium Pilates Studio Pilates Reformer\" width=\"1060px\" data-original=\"\/\/image.made-in-china.com\/226f3j00UqgiAOCzLPky\/Customized-Top-Quality-Gym-Equipment-Aluminium-Pilates-Studio-Pilates-Reformer.webp\" title=\"\"><br \/>\n<b>Sala de exposiciones:<\/b><\/p>\n<div data-mic-template=\"\">\n<div data-mic-template-item=\"\" data-mic-template-text=\"\">\n<p>Producimos m\u00e1s de 600 tipos de\u00a0<b>productos de fitness<\/b>, se ha exportado a m\u00e1s de 150 pa\u00edses. Gama de productos incluyen centros de fitness familiar, varios tipos de clubes de fitness comerciales, el gobierno y la adquisici\u00f3n de la escuela, gimnasio de entrenamiento, entrenamiento de atletas y centro de rehabilitaci\u00f3n , centro de fitness femenino,\u00a0<b>estudio de pilates<\/b>\u00a0y otros proyectos de ingenier\u00eda.<\/p>\n<p>Ofrecemos\u00a0<b>Servicio OEM&amp;ODM<\/b>\u00a0desde hace mucho tiempo en la industria del fitness sobre la base de m\u00e1s de 27 a\u00f1os de experiencia profesional.<\/p>\n<p>Prestamos m\u00e1s atenci\u00f3n al desarrollo de productos, la construcci\u00f3n\u00a0<b>equipo profesional de I+D<\/b>\u00a0para satisfacer las diferentes necesidades especiales de nuestros clientes. Disfrutar de una alta apreciaci\u00f3n en la industria del fitness.<\/p>\n<p>Buscamos estilos de vida saludables y activos. Siempre tomamos la calidad del producto como la base de la innovaci\u00f3n y el desarrollo independiente.<\/p>\n<p>Le ofrecemos un servicio integral que le ayudar\u00e1 a ahorrar tiempo y dinero. Puede elegir todo el conjunto de\u00a0<b>aparatos de gimnasia<\/b>\u00a0de nosotros, como cardio, m\u00e1quinas de fuerza, mancuernas, etc.<\/p>\n<p>Ofrecemos el mejor servicio posventa y la garant\u00eda est\u00e1ndar del sector del fitness.<\/p>\n<\/div>\n<\/div>\n<p><b>Nuestro Honor :\u00a0<\/b><br \/>\n<img decoding=\"async\" src=\"https:\/\/image.made-in-china.com\/226f3j00rogVwzvIAPcn\/Customized-Top-Quality-Gym-Equipment-Aluminium-Pilates-Studio-Pilates-Reformer.webp\" alt=\"Customized Top Quality Gym Equipment Aluminium Pilates Studio Pilates Reformer\" width=\"1060px\" data-original=\"\/\/image.made-in-china.com\/226f3j00rogVwzvIAPcn\/Customized-Top-Quality-Gym-Equipment-Aluminium-Pilates-Studio-Pilates-Reformer.webp\" title=\"\"><br \/>\n<b>Exposici\u00f3n :\u00a0<\/b><br \/>\n<img decoding=\"async\" src=\"https:\/\/image.made-in-china.com\/226f3j00zkrVJivKkHqF\/Customized-Top-Quality-Gym-Equipment-Aluminium-Pilates-Studio-Pilates-Reformer.webp\" alt=\"Customized Top Quality Gym Equipment Aluminium Pilates Studio Pilates Reformer\" width=\"1060px\" data-original=\"\/\/image.made-in-china.com\/226f3j00zkrVJivKkHqF\/Customized-Top-Quality-Gym-Equipment-Aluminium-Pilates-Studio-Pilates-Reformer.webp\" title=\"\"><\/p>","protected":false},"excerpt":{"rendered":"<p data-start=\"97\" data-end=\"591\"><strong data-start=\"97\" data-end=\"133\">Reformador de Pilates de acero vers\u00e1til<\/strong> es una m\u00e1quina de Pilates duradera y de calidad profesional dise\u00f1ada para entrenamientos de todo el cuerpo. Su robusto armaz\u00f3n de acero garantiza estabilidad y un rendimiento duradero, mientras que la resistencia ajustable y el deslizamiento suave permiten realizar ejercicios personalizados dirigidos a la fuerza central, la flexibilidad, la postura y el equilibrio. Perfecto para gimnasios dom\u00e9sticos, estudios y programas de rehabilitaci\u00f3n, este vers\u00e1til reformador ofrece una experiencia de Pilates segura y eficaz para usuarios de todos los niveles.<\/p>","protected":false},"featured_media":859,"template":"","meta":[],"product_brand":[157],"product_cat":[15],"product_tag":[95,94,93],"class_list":{"0":"post-583","1":"product","2":"type-product","3":"status-publish","4":"has-post-thumbnail","6":"product_brand-megacore","7":"product_cat-commercial-pilates-reformer","8":"product_tag-pro-grade-pilates-reformer","9":"product_tag-smooth-glide-pilates-reformer","10":"product_tag-versatile-pilates-reformer","12":"first","13":"instock","14":"shipping-taxable","15":"product-type-simple"},"_links":{"self":[{"href":"https:\/\/megacorepilates.com\/es\/wp-json\/wp\/v2\/product\/583","targetHints":{"allow":["GET"]}}],"collection":[{"href":"https:\/\/megacorepilates.com\/es\/wp-json\/wp\/v2\/product"}],"about":[{"href":"https:\/\/megacorepilates.com\/es\/wp-json\/wp\/v2\/types\/product"}],"wp:featuredmedia":[{"embeddable":true,"href":"https:\/\/megacorepilates.com\/es\/wp-json\/wp\/v2\/media\/859"}],"wp:attachment":[{"href":"https:\/\/megacorepilates.com\/es\/wp-json\/wp\/v2\/media?parent=583"}],"wp:term":[{"taxonomy":"product_brand","embeddable":true,"href":"https:\/\/megacorepilates.com\/es\/wp-json\/wp\/v2\/product_brand?post=583"},{"taxonomy":"product_cat","embeddable":true,"href":"https:\/\/megacorepilates.com\/es\/wp-json\/wp\/v2\/product_cat?post=583"},{"taxonomy":"product_tag","embeddable":true,"href":"https:\/\/megacorepilates.com\/es\/wp-json\/wp\/v2\/product_tag?post=583"}],"curies":[{"name":"wp","href":"https:\/\/api.w.org\/{rel}","templated":true}]}}