{"id":986,"date":"2023-05-23T17:04:57","date_gmt":"2023-05-23T09:04:57","guid":{"rendered":"https:\/\/megacorepilates.com\/?page_id=986"},"modified":"2025-09-22T17:44:29","modified_gmt":"2025-09-22T09:44:29","slug":"notre-salle-dexposition","status":"publish","type":"page","link":"https:\/\/megacorepilates.com\/fr\/notre-salle-dexposition\/","title":{"rendered":"Notre salle d'exposition"},"content":{"rendered":"<p>[et_pb_section fb_built=\u201d1\u2033 _builder_version=\u201d4.15.1\u2033 _module_preset=\u201ddefault\u201d global_colors_info=\u201d{}\u201d theme_builder_area=\u201dpost_content\u201d][et_pb_row _builder_version=\u201d4.15.1\u2033 _module_preset=\u201ddefault\u201d global_colors_info=\u201d{}\u201d theme_builder_area=\u201dpost_content\u201d][et_pb_column type=\u201d4_4\u2033 _builder_version=\u201d4.15.1\u2033 _module_preset=\u201ddefault\u201d global_colors_info=\u201d{}\u201d theme_builder_area=\u201dpost_content\u201d][et_pb_accordion _builder_version=\u201d4.15.1\u2033 _module_preset=\u201ddefault\u201d hover_enabled=\u201d0\u2033 global_colors_info=\u201d{}\u201d theme_builder_area=\u201dpost_content\u201d sticky_enabled=\u201d0\u2033][et_pb_accordion_item title=\u201dNotre avantage\u201d open=\u201don\u201d _builder_version=\u201d4.15.1\u2033 _module_preset=\u201ddefault\u201d hover_enabled=\u201d0\u2033 global_colors_info=\u201d{}\u201d theme_builder_area=\u201dpost_content\u201d sticky_enabled=\u201d0\u2033]<\/p>\n<p>Bienvenue chez Megacore Pilates Reformer, o\u00f9 nous sommes fiers de cr\u00e9er des r\u00e9formateurs de pilates de haute qualit\u00e9. Notre marque propose des options domestiques et commerciales qui sont principalement fabriqu\u00e9es en acier. En tant qu'entreprise, nous nous engageons \u00e0 fournir des produits et un service exceptionnels qui d\u00e9passent vos attentes. Nous pensons que nos produits et notre service sont ce qui nous diff\u00e9rencie de la concurrence.<\/p>\n<p><strong>Nos produits Avantages<\/strong><\/p>\n<p><strong><b>Avanc\u00e9 <\/b><\/strong><\/p>\n<p>Megacore Pilates Reformer est le fruit de l'exp\u00e9rience de nombreux experts en fitness et d'une technologie de pointe, utilisant le dernier concept d'int\u00e9gration du design industriel.<\/p>\n<p><strong><b>Bon mat\u00e9riel<\/b><\/strong><strong><b>\u00a0<\/b><\/strong><\/p>\n<p>R\u00e9formeur Pilates Megacore Fabriqu\u00e9 \u00e0 partir de mat\u00e9riaux m\u00e9talliques de haute qualit\u00e9 et d'une excellente technologie, il peut r\u00e9sister \u00e0 des impacts beaucoup plus forts que le r\u00e9formateur Pilates traditionnel, durable.<\/p>\n<p><strong><b>Haut de page<\/b><\/strong><strong><b>\u00a0qualit\u00e9 <\/b><\/strong><\/p>\n<p>Megacore Pilates Reformer est une marque internationale de renom autoris\u00e9e \u00e0 fabriquer des produits OEM. Le syst\u00e8me de contr\u00f4le de la qualit\u00e9 ISO permet de garantir que chaque processus et chaque d\u00e9tail r\u00e9pondent aux normes.<\/p>\n<p><strong><b>Fonctionnel<\/b><\/strong><\/p>\n<p>Les Megacore Pilates Reformer sont con\u00e7us pour \u00eatre enti\u00e8rement fonctionnels et ergonomiques avec une r\u00e9sistance r\u00e9glable, permettant aux utilisateurs d'adapter leurs s\u00e9ances d'entra\u00eenement \u00e0 leurs besoins et objectifs sp\u00e9cifiques. Les cours peuvent comprendre des exercices de Pilates, de yoga, d'a\u00e9robic et de musculation. Il s'agit d'un appareil de fitness multifonctionnel.<\/p>\n<p><strong><b>Clients <\/b><\/strong><\/p>\n<p>Le Megacore Pilates Reformer peut faire travailler le tronc et les petits groupes musculaires ainsi que d'autres groupes musculaires de l'ensemble du corps, corriger et optimiser la forme du corps et r\u00e9pondre aux besoins de remise en forme de diff\u00e9rents clients, des adolescents aux personnes d'\u00e2ge moyen et aux personnes \u00e2g\u00e9es, des personnes en r\u00e9adaptation aux personnes en mauvaise sant\u00e9, des personnes aimant la forme aux professionnels.<\/p>\n<p><strong><b>Sc\u00e8ne large <\/b><\/strong><\/p>\n<p>La taille compacte du Megacore Pilates Reformer lui permet de s'adapter \u00e0 une grande vari\u00e9t\u00e9 d'espaces, de la maison au studio en passant par les grandes salles de sport.<\/p>\n<p><strong><b>Entretien facile<\/b><\/strong><\/p>\n<p>Le Megacore Pilates Reformer est facile \u00e0 nettoyer et reste en parfait \u00e9tat avec un minimum d'entretien.<\/p>\n<p><strong><b>De bonnes perspectives <\/b><\/strong><\/p>\n<p>Avec la reprise de l'\u00e9pid\u00e9mie, de plus en plus de personnes se pr\u00e9occupent de leur sant\u00e9, et la m\u00e9thode nouvelle et efficace de l'exercice sur le reformateur megacore pilates est prise en compte et adopt\u00e9e par de plus en plus de personnes.<\/p>\n<p><strong><b>Petit comp\u00e9titif<\/b><\/strong><\/p>\n<p>Megacore Pilates Reformer offre une personnalisation professionnelle qui permet de diff\u00e9rencier les produits en fonction des besoins des clients et de s'adapter aux diff\u00e9rents march\u00e9s et groupes de clients.<\/p>\n<p>&nbsp;<\/p>\n<p><strong>Avantages de notre usine<\/strong><\/p>\n<p><strong><b>Qualit\u00e9<\/b><\/strong><\/p>\n<p>Chez Megacore Pilates Reformer, nous prenons la qualit\u00e9 au s\u00e9rieux. Nos reformers sont principalement fabriqu\u00e9s en acier et sont con\u00e7us pour r\u00e9sister \u00e0 l'\u00e9preuve du temps. Nous nous engageons \u00e0 vous fournir un produit non seulement efficace mais aussi esth\u00e9tique. L'attention que nous portons aux d\u00e9tails et le contr\u00f4le de la qualit\u00e9 nous permettent de nous assurer que chaque r\u00e9formateur est parfait avant m\u00eame qu'il ne quitte notre usine.<\/p>\n<p><strong><b>Personnalisation<\/b><\/strong><\/p>\n<p>Nous comprenons que votre reformateur de pilates doit correspondre \u00e0 votre style personnel, c'est pourquoi nous offrons des options de personnalisation. Gr\u00e2ce \u00e0 notre service OEM\/ODM, vous pouvez personnaliser la couleur et le logo de votre r\u00e9formateur en fonction de vos pr\u00e9f\u00e9rences personnelles. Nos options de personnalisation vous permettent de vous d\u00e9marquer sur le march\u00e9 encombr\u00e9 du fitness.<\/p>\n<p><strong><b>Tarification<\/b><\/strong><\/p>\n<p>Chez Megacore Pilates Reformer, nous croyons qu'il est important de fournir \u00e0 nos clients une qualit\u00e9 exceptionnelle \u00e0 des prix comp\u00e9titifs. Nos r\u00e9formateurs sont propos\u00e9s \u00e0 des prix abordables tout en conservant les normes \u00e9lev\u00e9es pour lesquelles nous sommes connus. Nous nous effor\u00e7ons de rendre nos r\u00e9formateurs accessibles \u00e0 tous ceux qui souhaitent am\u00e9liorer leur routine Pilates, quel que soit leur budget.<\/p>\n<p><strong><b>Capacit\u00e9s de production<\/b><\/strong><\/p>\n<p>Gr\u00e2ce \u00e0 notre propre usine, nous sommes en mesure de contr\u00f4ler \u00e9troitement le processus de fabrication du d\u00e9but \u00e0 la fin. Cela nous permet d'offrir des produits personnalis\u00e9s \u00e0 un prix abordable sans sacrifier la qualit\u00e9.<\/p>\n<p><strong><b>Service client\u00e8le<\/b><\/strong><\/p>\n<p>Notre \u00e9quipe d\u00e9vou\u00e9e est toujours l\u00e0 pour r\u00e9pondre \u00e0 vos questions ou \u00e0 vos pr\u00e9occupations et vous offrir un service client\u00e8le de premier ordre. Nous nous engageons \u00e0 fournir le meilleur service \u00e0 la client\u00e8le possible, en veillant \u00e0 ce que vous viviez une exp\u00e9rience sans faille du d\u00e9but \u00e0 la fin.<\/p>\n<p>En r\u00e9sum\u00e9, les avantages de notre produit et de notre usine nous permettent de produire certains des meilleurs reformers Pilates sur le march\u00e9 aujourd'hui, tout en offrant des prix abordables et comp\u00e9titifs. Notre engagement pour la qualit\u00e9, la satisfaction du client et l'excellence de la fabrication nous distingue de nos concurrents. Merci d'avoir choisi Megacore Pilates Reformer pour tous vos besoins en \u00e9quipement de pilates.<\/p>\n<p>[\/et_pb_accordion_item][\/et_pb_accordion][\/et_pb_column][\/et_pb_row][\/et_pb_section]<\/p>","protected":false},"excerpt":{"rendered":"<p>[et_pb_section fb_built=&#8221;1&#8243; _builder_version=&#8221;4.15.1&#8243; _module_preset=&#8221;default&#8221; global_colors_info=&#8221;{}&#8221; theme_builder_area=&#8221;post_content&#8221;][et_pb_row _builder_version=&#8221;4.15.1&#8243; _module_preset=&#8221;default&#8221; global_colors_info=&#8221;{}&#8221; theme_builder_area=&#8221;post_content&#8221;][et_pb_column type=&#8221;4_4&#8243; _builder_version=&#8221;4.15.1&#8243; _module_preset=&#8221;default&#8221; global_colors_info=&#8221;{}&#8221; theme_builder_area=&#8221;post_content&#8221;][et_pb_accordion _builder_version=&#8221;4.15.1&#8243; _module_preset=&#8221;default&#8221; hover_enabled=&#8221;0&#8243; global_colors_info=&#8221;{}&#8221; theme_builder_area=&#8221;post_content&#8221; sticky_enabled=&#8221;0&#8243;][et_pb_accordion_item title=&#8221;Our Advantage&#8221; open=&#8221;on&#8221; _builder_version=&#8221;4.15.1&#8243; _module_preset=&#8221;default&#8221; hover_enabled=&#8221;0&#8243; global_colors_info=&#8221;{}&#8221; theme_builder_area=&#8221;post_content&#8221; sticky_enabled=&#8221;0&#8243;] Welcome to Megacore Pilates Reformer, where we pride ourselves in creating high-quality pilates reformers. Our brand offers home and commercial options that are crafted mostly [&hellip;]<\/p>","protected":false},"author":2,"featured_media":0,"parent":0,"menu_order":0,"comment_status":"closed","ping_status":"closed","template":"","meta":{"footnotes":""},"class_list":["post-986","page","type-page","status-publish","hentry"],"_links":{"self":[{"href":"https:\/\/megacorepilates.com\/fr\/wp-json\/wp\/v2\/pages\/986","targetHints":{"allow":["GET"]}}],"collection":[{"href":"https:\/\/megacorepilates.com\/fr\/wp-json\/wp\/v2\/pages"}],"about":[{"href":"https:\/\/megacorepilates.com\/fr\/wp-json\/wp\/v2\/types\/page"}],"author":[{"embeddable":true,"href":"https:\/\/megacorepilates.com\/fr\/wp-json\/wp\/v2\/users\/2"}],"replies":[{"embeddable":true,"href":"https:\/\/megacorepilates.com\/fr\/wp-json\/wp\/v2\/comments?post=986"}],"version-history":[{"count":0,"href":"https:\/\/megacorepilates.com\/fr\/wp-json\/wp\/v2\/pages\/986\/revisions"}],"wp:attachment":[{"href":"https:\/\/megacorepilates.com\/fr\/wp-json\/wp\/v2\/media?parent=986"}],"curies":[{"name":"wp","href":"https:\/\/api.w.org\/{rel}","templated":true}]}}