{"id":2117,"date":"2025-09-17T13:59:59","date_gmt":"2025-09-17T05:59:59","guid":{"rendered":"https:\/\/megacorepilates.com\/?post_type=product&#038;p=2117"},"modified":"2025-09-22T11:33:04","modified_gmt":"2025-09-22T03:33:04","slug":"megacorepilates-megaformer-t59","status":"publish","type":"product","link":"https:\/\/megacorepilates.com\/fr\/product\/megacorepilates-megaformer-t59\/","title":{"rendered":"MegaCorePilates Megaformer T59"},"content":{"rendered":"<p><b>R\u00e9formateur Pilates en m\u00e9tal de haute qualit\u00e9, nouveau et robuste, \u00e9quipement commercial de Pilates\u00a0<\/b><\/p>\n<p><img fetchpriority=\"high\" decoding=\"async\" class=\"alignnone wp-image-2107\" src=\"http:\/\/megacorepilates.com\/wp-content\/uploads\/2.1-300x300.jpg\" alt=\"\" width=\"628\" height=\"628\" title=\"\" srcset=\"https:\/\/megacorepilates.com\/wp-content\/uploads\/2.1-300x300.jpg 300w, https:\/\/megacorepilates.com\/wp-content\/uploads\/2.1-150x150.jpg 150w, https:\/\/megacorepilates.com\/wp-content\/uploads\/2.1-768x768.jpg 768w, https:\/\/megacorepilates.com\/wp-content\/uploads\/2.1-600x600.jpg 600w, https:\/\/megacorepilates.com\/wp-content\/uploads\/2.1-100x100.jpg 100w, https:\/\/megacorepilates.com\/wp-content\/uploads\/2.1.jpg 960w\" sizes=\"(max-width: 628px) 100vw, 628px\" \/><\/p>\n<div class=\"rich-text-table\">\n<table>\n<tbody>\n<tr>\n<td><b>Plus de d\u00e9tails<\/b><\/td>\n<\/tr>\n<tr>\n<td>1. La distance entre le coussin et le sol : 427 mm<\/td>\n<\/tr>\n<tr>\n<td>2. Mat\u00e9riau du cadre principal : 100*50*2.5<\/td>\n<\/tr>\n<tr>\n<td>3. Mat\u00e9riau de la poign\u00e9e : 38*3<\/td>\n<\/tr>\n<tr>\n<td>4. Mat\u00e9riau du chariot : 60*30*3<\/td>\n<\/tr>\n<tr>\n<td>5. Rev\u00eatement robuste et facile \u00e0 nettoyer : cuir super-fibre+EVA+\u00e9ponge<\/td>\n<\/tr>\n<tr>\n<td>6. angle r\u00e9glable pour la barre de pied 90\u00b0,65\u00b0 ,40\u00b0,15\u00b0 (4 positions)<\/td>\n<\/tr>\n<tr>\n<td>7. angle r\u00e9glable pour le guidon0\u00b0,90\u00b0,180\u00b0,270\u00b0<\/td>\n<\/tr>\n<tr>\n<td>8. La barre de pied peut \u00eatre facilement r\u00e9gl\u00e9e \u00e0 l'aide d'une p\u00e9dale<\/td>\n<\/tr>\n<tr>\n<td>9. Syst\u00e8me de ressort : 88LBS *1pcs(bleu) ,22LBS*2pcs(noir),8LBS* 2pcs((gris)<\/td>\n<\/tr>\n<tr>\n<td>10. Deux paires de sangles (4 sangles)<\/td>\n<\/tr>\n<tr>\n<td>11. 1 paire de boucles : avec la main et le pied ensemble<\/td>\n<\/tr>\n<tr>\n<td>12. barre de musculation : 2 pi\u00e8ces (3kg+5kg)<\/td>\n<\/tr>\n<tr>\n<td>13. halt\u00e8res : 2 paires (4lbs+6lbs)<\/td>\n<\/tr>\n<tr>\n<td>14. Garantie : 3 ans pour le cadre, 1 an pour les accessoires<\/td>\n<\/tr>\n<tr>\n<td>15. 20GP:27 PCS, 40HQ:57PCS<\/td>\n<\/tr>\n<\/tbody>\n<\/table>\n<\/div>\n<p><b>Informations d'usine :<br \/>\n<img decoding=\"async\" class=\"\" src=\"https:\/\/image.made-in-china.com\/226f3j00PShIDOjLCiGH\/Best-Quality-New-Strong-Metal-Pilates-Reformer-Commercial-Pilates-Equipment.webp\" alt=\"Reformer Pilates en m\u00e9tal robuste, \u00e9quipement de Pilates commercial de qualit\u00e9 sup\u00e9rieure\" width=\"672\" height=\"511\" data-original=\"\/\/image.made-in-china.com\/226f3j00PShIDOjLCiGH\/Best-Quality-New-Strong-Metal-Pilates-Reformer-Commercial-Pilates-Equipment.webp\" data-faw_img=\"true\" title=\"\"><br \/>\n<\/b><img decoding=\"async\" src=\"https:\/\/image.made-in-china.com\/226f3j00WjVDHTsavlYP\/Best-Quality-New-Strong-Metal-Pilates-Reformer-Commercial-Pilates-Equipment.webp\" alt=\"Reformer Pilates en m\u00e9tal robuste, \u00e9quipement de Pilates commercial de qualit\u00e9 sup\u00e9rieure\" width=\"1060\" height=\"\" data-original=\"\/\/image.made-in-china.com\/226f3j00WjVDHTsavlYP\/Best-Quality-New-Strong-Metal-Pilates-Reformer-Commercial-Pilates-Equipment.webp\" data-faw_img=\"true\" title=\"\"><br \/>\n<b>Ligne de production :<\/b><br \/>\n<img decoding=\"async\" src=\"https:\/\/image.made-in-china.com\/226f3j00lsVLIrSKbWYD\/Best-Quality-New-Strong-Metal-Pilates-Reformer-Commercial-Pilates-Equipment.webp\" alt=\"Reformer Pilates en m\u00e9tal robuste, \u00e9quipement de Pilates commercial de qualit\u00e9 sup\u00e9rieure\" width=\"1060\" height=\"\" data-original=\"\/\/image.made-in-china.com\/226f3j00lsVLIrSKbWYD\/Best-Quality-New-Strong-Metal-Pilates-Reformer-Commercial-Pilates-Equipment.webp\" data-faw_img=\"true\" title=\"\"><br \/>\n<b>Salle d'exposition :<\/b><\/p>\n<div data-mic-template=\"\">\n<div>\n<div data-mic-template-item=\"\" data-mic-template-text=\"\">\n<div>\n<p>Nous produisons plus de 600 types de produits diff\u00e9rents\u00a0<b>produits d'\u00e9quipement de fitness<\/b>, L'entreprise a export\u00e9 ses produits dans plus de 150 pays. La gamme de produits comprend des centres de remise en forme familiaux, divers types de clubs de remise en forme commerciaux, des march\u00e9s publics et scolaires, des centres d'entra\u00eenement sportif, des centres d'entra\u00eenement et de r\u00e9adaptation pour athl\u00e8tes et des centres de remise en forme pour femmes,\u00a0<b>studio pilates<\/b>\u00a0et d'autres projets d'ing\u00e9nierie.<\/p>\n<p>Nous fournissons\u00a0<b>Service OEM&amp;ODM<\/b>\u00a0depuis longtemps dans l'industrie du fitness sur la base de plus de 27 ans d'exp\u00e9rience professionnelle.<\/p>\n<p>Nous accordons une plus grande attention au d\u00e9veloppement des produits, \u00e0 la construction et \u00e0 la commercialisation des produits.\u00a0<b>\u00e9quipe professionnelle de R&amp;D<\/b>\u00a0pour r\u00e9pondre aux diff\u00e9rents besoins sp\u00e9cifiques de nos clients. Ils sont tr\u00e8s appr\u00e9ci\u00e9s dans le secteur de la remise en forme.<\/p>\n<p>Nous recherchons des modes de vie sains et actifs. Nous consid\u00e9rons toujours la qualit\u00e9 des produits comme la base de l'innovation et du d\u00e9veloppement ind\u00e9pendant.<\/p>\n<p>Nous fournissons un service \u00e0 guichet unique, ce qui vous permet de gagner du temps et d'\u00e9conomiser de l'argent. Vous pouvez choisir l'ensemble des\u00a0<b>\u00e9quipement de gymnastique<\/b>\u00a0comme les appareils cardio, les machines de musculation, les halt\u00e8res, etc.<\/p>\n<p>Nous fournissons le meilleur service apr\u00e8s-vente et la meilleure garantie standard dans l'industrie du fitness.<\/p>\n<\/div>\n<\/div>\n<div data-mic-template-image=\"\" data-mic-template-item=\"\"><img decoding=\"async\" src=\"https:\/\/image.made-in-china.com\/226f3j00hjlPHVsSZWfI\/Best-Quality-New-Strong-Metal-Pilates-Reformer-Commercial-Pilates-Equipment.webp\" alt=\"Reformer Pilates en m\u00e9tal robuste, \u00e9quipement de Pilates commercial de qualit\u00e9 sup\u00e9rieure\" width=\"497\" height=\"\" data-original=\"\/\/image.made-in-china.com\/226f3j00hjlPHVsSZWfI\/Best-Quality-New-Strong-Metal-Pilates-Reformer-Commercial-Pilates-Equipment.webp\" data-faw_img=\"true\" title=\"\"><\/div>\n<\/div>\n<\/div>\n<p><b>Notre honneur :\u00a0<\/b><br \/>\n<img decoding=\"async\" src=\"https:\/\/image.made-in-china.com\/226f3j00VSlPIeZhCiRH\/Best-Quality-New-Strong-Metal-Pilates-Reformer-Commercial-Pilates-Equipment.webp\" alt=\"Reformer Pilates en m\u00e9tal robuste, \u00e9quipement de Pilates commercial de qualit\u00e9 sup\u00e9rieure\" width=\"1060\" height=\"\" data-original=\"\/\/image.made-in-china.com\/226f3j00VSlPIeZhCiRH\/Best-Quality-New-Strong-Metal-Pilates-Reformer-Commercial-Pilates-Equipment.webp\" data-faw_img=\"true\" title=\"\"><br \/>\n<b>Exposition :\u00a0<\/b><br \/>\n<img decoding=\"async\" src=\"https:\/\/image.made-in-china.com\/226f3j00VZWPDnKGbiYI\/Best-Quality-New-Strong-Metal-Pilates-Reformer-Commercial-Pilates-Equipment.webp\" alt=\"Reformer Pilates en m\u00e9tal robuste, \u00e9quipement de Pilates commercial de qualit\u00e9 sup\u00e9rieure\" width=\"1060\" height=\"\" data-original=\"\/\/image.made-in-china.com\/226f3j00VZWPDnKGbiYI\/Best-Quality-New-Strong-Metal-Pilates-Reformer-Commercial-Pilates-Equipment.webp\" data-faw_img=\"true\" title=\"\"><b>Emballage et exp\u00e9dition :<br \/>\n<img decoding=\"async\" src=\"https:\/\/image.made-in-china.com\/226f3j00bjhHDEZybiUP\/Best-Quality-New-Strong-Metal-Pilates-Reformer-Commercial-Pilates-Equipment.webp\" alt=\"Reformer Pilates en m\u00e9tal robuste, \u00e9quipement de Pilates commercial de qualit\u00e9 sup\u00e9rieure\" width=\"1043\" height=\"\" data-original=\"\/\/image.made-in-china.com\/226f3j00bjhHDEZybiUP\/Best-Quality-New-Strong-Metal-Pilates-Reformer-Commercial-Pilates-Equipment.webp\" data-faw_img=\"true\" title=\"\"><\/b><\/p>","protected":false},"excerpt":{"rendered":"<p>Le MegaCorePilates Megaformer T59 est un reformer de qualit\u00e9 professionnelle con\u00e7u pour des exercices de Pilates sur tout le corps. Avec une r\u00e9sistance r\u00e9glable, un glissement en douceur et une construction durable, il am\u00e9liore la force centrale, la flexibilit\u00e9 et la condition physique g\u00e9n\u00e9rale, ce qui le rend id\u00e9al pour les studios, les salles de sport \u00e0 domicile et les programmes de r\u00e9\u00e9ducation.<\/p>","protected":false},"featured_media":2105,"template":"","meta":[],"product_brand":[157],"product_cat":[15],"product_tag":[99,86,98,91,25,20,95,93],"class_list":{"0":"post-2117","1":"product","2":"type-product","3":"status-publish","4":"has-post-thumbnail","6":"product_brand-megacore","7":"product_cat-commercial-pilates-reformer","8":"product_tag-adjustable-pilates-reformer","9":"product_tag-aluminum-pilates-reformer","10":"product_tag-comfortable-pilates-reformer","11":"product_tag-heavy-duty-pilates-reformer","12":"product_tag-home-gym","13":"product_tag-pilates","14":"product_tag-pro-grade-pilates-reformer","15":"product_tag-versatile-pilates-reformer","17":"first","18":"instock","19":"shipping-taxable","20":"product-type-simple"},"_links":{"self":[{"href":"https:\/\/megacorepilates.com\/fr\/wp-json\/wp\/v2\/product\/2117","targetHints":{"allow":["GET"]}}],"collection":[{"href":"https:\/\/megacorepilates.com\/fr\/wp-json\/wp\/v2\/product"}],"about":[{"href":"https:\/\/megacorepilates.com\/fr\/wp-json\/wp\/v2\/types\/product"}],"wp:featuredmedia":[{"embeddable":true,"href":"https:\/\/megacorepilates.com\/fr\/wp-json\/wp\/v2\/media\/2105"}],"wp:attachment":[{"href":"https:\/\/megacorepilates.com\/fr\/wp-json\/wp\/v2\/media?parent=2117"}],"wp:term":[{"taxonomy":"product_brand","embeddable":true,"href":"https:\/\/megacorepilates.com\/fr\/wp-json\/wp\/v2\/product_brand?post=2117"},{"taxonomy":"product_cat","embeddable":true,"href":"https:\/\/megacorepilates.com\/fr\/wp-json\/wp\/v2\/product_cat?post=2117"},{"taxonomy":"product_tag","embeddable":true,"href":"https:\/\/megacorepilates.com\/fr\/wp-json\/wp\/v2\/product_tag?post=2117"}],"curies":[{"name":"wp","href":"https:\/\/api.w.org\/{rel}","templated":true}]}}