{"id":2517,"date":"2025-09-17T13:42:57","date_gmt":"2025-09-17T05:42:57","guid":{"rendered":"https:\/\/megacorepilates.com\/?post_type=product&#038;p=2517"},"modified":"2025-09-17T15:21:04","modified_gmt":"2025-09-17T07:21:04","slug":"machine-megaformer-a-vendre","status":"publish","type":"product","link":"https:\/\/megacorepilates.com\/fr\/product\/machine-megaformer-a-vendre\/","title":{"rendered":"machine megaformer \u00e0 vendre"},"content":{"rendered":"<table style=\"height: 526px;\" width=\"720\">\n<tbody>\n<tr>\n<td width=\"270\"><strong><b>Mat\u00e9riau<\/b><\/strong><\/td>\n<td width=\"316\">Acier inoxydable<\/td>\n<td width=\"269\"><strong><b>Lieu d'origine<\/b><\/strong><\/td>\n<td width=\"278\">Guangdong, Chine<\/td>\n<\/tr>\n<tr>\n<td width=\"270\"><strong><b>Nom de la marque<\/b><\/strong><\/td>\n<td width=\"316\">M\u00e9gacore<\/td>\n<td width=\"269\"><strong><b>Num\u00e9ro de mod\u00e8le<\/b><\/strong><\/td>\n<td width=\"278\">C26<\/td>\n<\/tr>\n<tr>\n<td width=\"270\"><strong><b>Nom du produit<\/b><\/strong><\/td>\n<td width=\"316\">Pilates Reformer<\/td>\n<td width=\"269\"><strong><b>Mat\u00e9riau<\/b><\/strong><\/td>\n<td width=\"278\">Acier<\/td>\n<\/tr>\n<tr>\n<td width=\"270\"><strong><b>Couleur<\/b><\/strong><\/td>\n<td width=\"316\">Couleur personnalis\u00e9e<\/td>\n<td width=\"269\"><strong><b>Dimension<\/b><\/strong><\/td>\n<td width=\"278\">327*86.6*89.4cm<\/td>\n<\/tr>\n<tr>\n<td width=\"270\"><strong><b>Taille des images<\/b><\/strong><\/td>\n<td width=\"316\">299,7*66,8*45cm<\/td>\n<td width=\"269\"><strong><b>Hauteur<\/b><\/strong><\/td>\n<td width=\"278\">452mm<\/td>\n<\/tr>\n<tr>\n<td width=\"270\"><strong><b>Taille de la voiture<\/b><\/strong><\/td>\n<td width=\"316\">1200*668mm<\/td>\n<td width=\"269\"><strong><b>Plate-forme frontale<\/b><\/strong><\/td>\n<td width=\"278\">300*668mm<\/td>\n<\/tr>\n<tr>\n<td width=\"270\"><strong><b>Plate-forme arri\u00e8re<\/b><\/strong><\/td>\n<td width=\"316\">433*668mm<\/td>\n<td width=\"269\"><strong><b>Angle r\u00e9glable pour la barre de pied arri\u00e8re<\/b><\/strong><\/td>\n<td width=\"278\">28\u00b0 ,55\u00b0, 90\u00b0 ,125\u00b0<\/p>\n<p>&nbsp;<\/td>\n<\/tr>\n<tr>\n<td width=\"270\"><strong><b>Accessoires<\/b><\/strong><\/td>\n<td width=\"316\">c\u00e2bles*4pcs, double boucle:2pairs, sangles:5pcs<\/td>\n<td width=\"269\"><strong><b>Printemps<\/b><\/strong><\/td>\n<td width=\"278\">8pcs(4lbs*2+8lbs*3)<br \/>\n22lbs*2+88lbs*1)<\/td>\n<\/tr>\n<tr>\n<td width=\"270\"><strong><b>NW<\/b><\/strong><\/td>\n<td width=\"316\">150KG<\/td>\n<td width=\"269\"><strong><b>GW<\/b><\/strong><\/td>\n<td width=\"278\">160KG<\/td>\n<\/tr>\n<\/tbody>\n<\/table>\n<p>&nbsp;<\/p>\n<p><img fetchpriority=\"high\" decoding=\"async\" class=\"wp-image-2532\" src=\"http:\/\/megacorepilates.com\/wp-content\/uploads\/\u4e3b\u56fe_03-300x233.jpg\" alt=\"stainless steel pilates reformer\" width=\"557\" height=\"433\" title=\"\" srcset=\"\" sizes=\"(max-width: 557px) 100vw, 557px\" data-srcset=\"\" \/> <img decoding=\"async\" class=\"wp-image-2533\" src=\"http:\/\/megacorepilates.com\/wp-content\/uploads\/\u4e3b\u56fe_04-300x208.jpg\" alt=\"megareformer\" width=\"506\" height=\"351\" title=\"\" srcset=\"\" sizes=\"(max-width: 506px) 100vw, 506px\" data-srcset=\"\" \/><\/p>\n<p>&nbsp;<\/p>\n<h3><span style=\"color: #00ccff;\"><strong>\u00a0 \u00a0 \u00a0Caract\u00e9ristiques principales :<\/strong><\/span><\/h3>\n<ul>\n<li data-start=\"501\" data-end=\"776\">\n<p data-start=\"503\" data-end=\"776\"><strong data-start=\"503\" data-end=\"537\">Cadre en acier inoxydable durable :<\/strong><br data-start=\"537\" data-end=\"540\" \/>Les <span style=\"color: #00ccff;\"><a style=\"color: #00ccff;\" href=\"https:\/\/megacorepilates.com\/fr\/product\/machine-megaformer-a-vendre\/\">MegaCore MegaFormer<\/a><\/span> est dot\u00e9 d'un cadre en acier inoxydable de haute qualit\u00e9 qui garantit la stabilit\u00e9, la solidit\u00e9 et la long\u00e9vit\u00e9 de l'appareil. Construit pour r\u00e9sister \u00e0 un usage quotidien intense, cet appareil offre la durabilit\u00e9 n\u00e9cessaire pour une vari\u00e9t\u00e9 d'exercices de Pilates.<\/p>\n<\/li>\n<li data-start=\"778\" data-end=\"1056\">\n<p data-start=\"780\" data-end=\"1056\"><strong data-start=\"780\" data-end=\"806\">R\u00e9sistance r\u00e9glable :<\/strong><br data-start=\"806\" data-end=\"809\" \/>Avec le MegaFormer, vous pouvez facilement r\u00e9gler le niveau de r\u00e9sistance en fonction de vos besoins. Que vous recherchiez un \u00e9tirement l\u00e9ger ou une s\u00e9ance d'entra\u00eenement difficile, cette fonction permet de cibler diff\u00e9rents groupes de muscles, favorisant ainsi la croissance musculaire et la perte de graisse.<\/p>\n<\/li>\n<li data-start=\"1058\" data-end=\"1346\">\n<p data-start=\"1060\" data-end=\"1346\"><strong data-start=\"1060\" data-end=\"1088\">Chariot \u00e0 glissement doux :<\/strong><br data-start=\"1088\" data-end=\"1091\" \/>Le chariot coulissant de l'appareil garantit des mouvements fluides tout au long de l'exercice, r\u00e9duisant ainsi le risque de blessure tout en maximisant l'efficacit\u00e9 de l'entra\u00eenement. Le chariot est con\u00e7u pour g\u00e9rer facilement les mouvements lents et contr\u00f4l\u00e9s ainsi que les routines rapides.<\/p>\n<\/li>\n<li data-start=\"1348\" data-end=\"1576\">\n<p data-start=\"1350\" data-end=\"1576\"><strong data-start=\"1350\" data-end=\"1369\">Conception compacte :<\/strong><br data-start=\"1369\" data-end=\"1372\" \/>Malgr\u00e9 sa polyvalence, le MegaFormer est compact, ce qui le rend id\u00e9al pour les salles de sport \u00e0 domicile et les studios professionnels disposant d'un espace limit\u00e9. Il offre un entra\u00eenement complet du corps sans compromettre l'espace disponible.<\/p>\n<\/li>\n<li data-start=\"1578\" data-end=\"1819\">\n<p data-start=\"1580\" data-end=\"1819\"><strong data-start=\"1580\" data-end=\"1621\">Am\u00e9lioration de la flexibilit\u00e9 et de la force du tronc :<\/strong><br data-start=\"1621\" data-end=\"1624\" \/>Le pr\u00e9sent <a href=\"https:\/\/megacorepilates.com\/fr\/nous-contacter\/\"><span style=\"color: #00ccff;\">Machine MegaFormer<\/span><\/a> excelle dans l'am\u00e9lioration de la flexibilit\u00e9 et de la force centrale, avec une large gamme d'exercices ciblant les abdominaux, les jambes, les bras et les fessiers. Il est parfait pour sculpter un physique mince et tonique.<\/p>\n<\/li>\n<\/ul>\n<p><img decoding=\"async\" class=\"wp-image-2534\" src=\"http:\/\/megacorepilates.com\/wp-content\/uploads\/\u4e3b\u56fe_05-300x226.jpg\" alt=\"Reformateur pilates Megacore \u00e0 vendre\" width=\"563\" height=\"424\" title=\"\" srcset=\"\" sizes=\"(max-width: 563px) 100vw, 563px\" data-srcset=\"\" \/><\/p>\n<p><img loading=\"lazy\" decoding=\"async\" class=\"wp-image-2535\" src=\"http:\/\/megacorepilates.com\/wp-content\/uploads\/\u4e3b\u56fe_06-300x200.jpg\" alt=\"Pilates reformer supplies\" width=\"563\" height=\"375\" title=\"\" srcset=\"\" sizes=\"(max-width: 563px) 100vw, 563px\" data-srcset=\"\" \/><\/p>\n<p>&nbsp;<\/p>","protected":false},"excerpt":{"rendered":"<p>D\u00e9couvrez les <a href=\"https:\/\/megacorepilates.com\/fr\/nous-contacter\/\">Machine MegaFormer<\/a> \u00e0 vendre, con\u00e7u pour les s\u00e9ances d'entra\u00eenement dynamiques de Pilates. Id\u00e9al pour la force, la flexibilit\u00e9 et le modelage du corps, il offre une r\u00e9sistance r\u00e9glable pour tous les niveaux de fitness et tous les objectifs.<br \/>\nDimension:327*87.2*83.6cm<br \/>\nDimensions du cadre : 299.7*66.8*45cm<br \/>\nhauteur (du cadre au sol) : 452 mm<br \/>\ncaraige taille:12008668mm<br \/>\nplate-forme avant : 300*668mm<br \/>\nPlate-forme arri\u00e8re : 433*668mm<\/p>","protected":false},"featured_media":2530,"template":"","meta":[],"product_brand":[157],"product_cat":[15],"product_tag":[86,98,91,22,92,93],"class_list":{"0":"post-2517","1":"product","2":"type-product","3":"status-publish","4":"has-post-thumbnail","6":"product_brand-megacore","7":"product_cat-commercial-pilates-reformer","8":"product_tag-aluminum-pilates-reformer","9":"product_tag-comfortable-pilates-reformer","10":"product_tag-heavy-duty-pilates-reformer","11":"product_tag-pilates-reformer","12":"product_tag-studio-quality-pilates-reformer","13":"product_tag-versatile-pilates-reformer","15":"first","16":"outofstock","17":"shipping-taxable","18":"product-type-variable"},"_links":{"self":[{"href":"https:\/\/megacorepilates.com\/fr\/wp-json\/wp\/v2\/product\/2517","targetHints":{"allow":["GET"]}}],"collection":[{"href":"https:\/\/megacorepilates.com\/fr\/wp-json\/wp\/v2\/product"}],"about":[{"href":"https:\/\/megacorepilates.com\/fr\/wp-json\/wp\/v2\/types\/product"}],"wp:featuredmedia":[{"embeddable":true,"href":"https:\/\/megacorepilates.com\/fr\/wp-json\/wp\/v2\/media\/2530"}],"wp:attachment":[{"href":"https:\/\/megacorepilates.com\/fr\/wp-json\/wp\/v2\/media?parent=2517"}],"wp:term":[{"taxonomy":"product_brand","embeddable":true,"href":"https:\/\/megacorepilates.com\/fr\/wp-json\/wp\/v2\/product_brand?post=2517"},{"taxonomy":"product_cat","embeddable":true,"href":"https:\/\/megacorepilates.com\/fr\/wp-json\/wp\/v2\/product_cat?post=2517"},{"taxonomy":"product_tag","embeddable":true,"href":"https:\/\/megacorepilates.com\/fr\/wp-json\/wp\/v2\/product_tag?post=2517"}],"curies":[{"name":"wp","href":"https:\/\/api.w.org\/{rel}","templated":true}]}}