{"id":5043,"date":"2026-02-13T09:27:03","date_gmt":"2026-02-13T01:27:03","guid":{"rendered":"https:\/\/megacorepilates.com\/?post_type=product&#038;p=5043"},"modified":"2026-02-13T09:31:05","modified_gmt":"2026-02-13T01:31:05","slug":"megacore-pilates-reformer-machine","status":"publish","type":"product","link":"https:\/\/megacorepilates.com\/fr\/product\/megacore-pilates-reformer-machine\/","title":{"rendered":"Machine \u00e0 r\u00e9former Megacore pilates"},"content":{"rendered":"<table>\n<tbody>\n<tr>\n<td width=\"270\"><strong><b>Mat\u00e9riau<\/b><\/strong><\/td>\n<td width=\"316\">Aluminium \/ Alliage d'aluminium<\/p>\n<p>&nbsp;<\/td>\n<td width=\"269\"><strong><b>Lieu d'origine<\/b><\/strong><\/td>\n<td width=\"278\">Guangdong, Chine<\/td>\n<\/tr>\n<tr>\n<td width=\"270\"><strong><b>Nom de la marque<\/b><\/strong><\/td>\n<td width=\"316\">M\u00e9gacore<\/td>\n<td width=\"269\"><strong><b>Num\u00e9ro de mod\u00e8le<\/b><\/strong><\/td>\n<td width=\"278\">T07<\/td>\n<\/tr>\n<tr>\n<td width=\"270\"><strong><b>Nom du produit<\/b><\/strong><\/td>\n<td width=\"316\">Pilates Reformer<\/td>\n<td width=\"269\"><strong><b>\u00c9paisseur du mat\u00e9riau<\/b><\/strong><\/td>\n<td width=\"278\">3,0 mm<\/p>\n<p>&nbsp;<\/td>\n<\/tr>\n<tr>\n<td width=\"270\"><strong><b>Couleur<\/b><\/strong><\/td>\n<td width=\"316\">En option ou gris fonc\u00e9<\/td>\n<td width=\"269\"><strong><b>OEM\/ODM<\/b><\/strong><\/p>\n<p><strong><b>\u00a0<\/b><\/strong><\/td>\n<td width=\"278\">Disponible<\/p>\n<p>&nbsp;<\/td>\n<\/tr>\n<tr>\n<td width=\"270\"><strong><b>taille<\/b><\/strong><\/td>\n<td width=\"316\">248*54*56cm<\/p>\n<p>&nbsp;<\/td>\n<td width=\"269\"><strong><b>Hauteur<\/b><\/strong><\/td>\n<td width=\"278\">452mm<\/td>\n<\/tr>\n<tr>\n<td width=\"270\"><strong><b>Application<\/b><\/strong><\/td>\n<td width=\"316\">Centre de remise en forme<\/td>\n<td width=\"269\"><strong><b>Plate-forme frontale<\/b><\/strong><\/td>\n<td width=\"278\">300*668mm<\/td>\n<\/tr>\n<tr>\n<td width=\"270\"><strong><b>20GP<\/b><\/strong><\/td>\n<td width=\"316\">100PCS<\/td>\n<td width=\"269\"><strong><b>40HQ<\/b><\/strong><\/td>\n<td width=\"278\">231PCS<\/td>\n<\/tr>\n<tr>\n<td width=\"270\"><strong><b>Accessoires<\/b><\/strong><\/td>\n<td width=\"316\">Bo\u00eete d'assise\/planche \u00e0 sauter\/jambi\u00e8re<\/td>\n<td width=\"269\"><strong><b>Printemps<\/b><\/strong><\/td>\n<td width=\"278\">19.8kg*2pcs(red),12.9kg*2pcs<br \/>\n(bleu),8.5kg*1pcs(jaune)<\/td>\n<\/tr>\n<tr>\n<td width=\"270\"><strong><b>NW<\/b><\/strong><\/td>\n<td width=\"316\">47KGS<\/td>\n<td width=\"269\"><strong><b>GW<\/b><\/strong><\/td>\n<td width=\"278\">51KGS<\/td>\n<\/tr>\n<\/tbody>\n<\/table>\n<h3><strong>\u00a0 \u00a0<\/strong><\/h3>\n<h3><strong>Megacore Custom Aluminium Pilates Reformer Commercial Studio Pilates Equipment Foldable Pilates Reformer Machine<\/strong><\/h3>\n<p><img fetchpriority=\"high\" decoding=\"async\" class=\"wp-image-2571\" src=\"http:\/\/megacorepilates.com\/wp-content\/uploads\/5.1-3-300x300.jpg\" alt=\"Mat\u00e9riel de Pilates\" width=\"556\" height=\"556\" title=\"\" srcset=\"https:\/\/megacorepilates.com\/wp-content\/uploads\/5.1-3-300x300.jpg 300w, https:\/\/megacorepilates.com\/wp-content\/uploads\/5.1-3-150x150.jpg 150w, https:\/\/megacorepilates.com\/wp-content\/uploads\/5.1-3-768x768.jpg 768w, https:\/\/megacorepilates.com\/wp-content\/uploads\/5.1-3-600x600.jpg 600w, https:\/\/megacorepilates.com\/wp-content\/uploads\/5.1-3-100x100.jpg 100w, https:\/\/megacorepilates.com\/wp-content\/uploads\/5.1-3.jpg 960w\" sizes=\"(max-width: 556px) 100vw, 556px\" \/><\/p>\n<p><img decoding=\"async\" class=\"wp-image-2570\" src=\"http:\/\/megacorepilates.com\/wp-content\/uploads\/4.1-2-300x300.jpg\" alt=\"Machine Pilates Reformer\" width=\"543\" height=\"543\" title=\"\" srcset=\"https:\/\/megacorepilates.com\/wp-content\/uploads\/4.1-2-300x300.jpg 300w, https:\/\/megacorepilates.com\/wp-content\/uploads\/4.1-2-150x150.jpg 150w, https:\/\/megacorepilates.com\/wp-content\/uploads\/4.1-2-768x768.jpg 768w, https:\/\/megacorepilates.com\/wp-content\/uploads\/4.1-2-600x600.jpg 600w, https:\/\/megacorepilates.com\/wp-content\/uploads\/4.1-2-100x100.jpg 100w, https:\/\/megacorepilates.com\/wp-content\/uploads\/4.1-2.jpg 960w\" sizes=\"(max-width: 543px) 100vw, 543px\" \/><\/p>\n<ul>\n<li><strong>Une douceur sup\u00e9rieure<\/strong><br \/>\nFaites l'exp\u00e9rience d'une fluidit\u00e9 de mouvement in\u00e9gal\u00e9e. Le syst\u00e8me de poulies et de roulements, con\u00e7u avec pr\u00e9cision, permet aux reformeurs de fonctionner en douceur pour un contr\u00f4le pr\u00e9cis \u00e0 chaque r\u00e9p\u00e9tition.<\/li>\n<li><strong>Durabilit\u00e9 \u00e0 long terme<\/strong><br \/>\nCon\u00e7u pour une utilisation \u00e0 vie. Le cadre en aluminium de qualit\u00e9 a\u00e9ronautique et les composants de la plus haute qualit\u00e9 r\u00e9sistent \u00e0 une utilisation quotidienne, ce qui en fait un investissement fiable pour les utilisateurs en studio et \u00e0 domicile.<\/li>\n<li><strong>Ajustement in\u00e9gal\u00e9<\/strong><br \/>\nParfaitement adaptable \u00e0 tout type de corps ou de style d'entra\u00eenement. Les repose-pieds, l'appui-t\u00eate et les \u00e9pauli\u00e8res facilement r\u00e9glables offrent un soutien et un confort enti\u00e8rement personnalis\u00e9s.<\/li>\n<li><strong>Syst\u00e8me de stockage int\u00e9gr\u00e9<\/strong><br \/>\nGardez votre espace bien rang\u00e9. Le design innovant int\u00e8gre des poulies, des cordes et des rangements d'accessoires pour des zones d'entra\u00eenement organis\u00e9es.<\/li>\n<li><strong>Options de formation polyvalentes<\/strong><br \/>\nAllez au-del\u00e0 du Pilates traditionnel. Compatible avec de nombreux accessoires, tels que des tours, des anneaux et des tremplins, transformez votre appareil en une station de fitness compl\u00e8te.<\/li>\n<li><strong>Inspir\u00e9 par la tradition, un design innovant<\/strong><br \/>\nAlliant les principes originaux de Joseph Pilates \u00e0 l'ergonomie et \u00e0 l'innovation modernes, cet appareil offre une exp\u00e9rience d'entra\u00eenement authentique et efficace.<\/li>\n<\/ul>","protected":false},"excerpt":{"rendered":"<p>Sa conception ergonomique, ses accessoires inclusifs et son faible encombrement en font un outil id\u00e9al pour les studios \u00e0 domicile et les environnements professionnels. Investissez dans l'\u00e9talon-or pour une pratique transformatrice.<\/p>\n<p>Cadre principal : tube carr\u00e9 de 40*40*2,5mm<br \/>\nCoussin : cuir PU + \u00e9ponge haute densit\u00e9<br \/>\nTaille : 2480*540*560mm<br \/>\nTaille pli\u00e9e : 1320*540*320mm<br \/>\nBarre de pied : r\u00e9glable \u00e0 65\u00b0, 90\u00b0, 115\u00b0, 180\u00b0.<\/p>","protected":false},"featured_media":2524,"template":"","meta":[],"product_brand":[157],"product_cat":[96],"product_tag":[99,86,98,25,20,22,94,97,92],"class_list":{"0":"post-5043","1":"product","2":"type-product","3":"status-publish","4":"has-post-thumbnail","6":"product_brand-megacore","7":"product_cat-home-use-pilates-reformer","8":"product_tag-adjustable-pilates-reformer","9":"product_tag-aluminum-pilates-reformer","10":"product_tag-comfortable-pilates-reformer","11":"product_tag-home-gym","12":"product_tag-pilates","13":"product_tag-pilates-reformer","14":"product_tag-smooth-glide-pilates-reformer","15":"product_tag-space-saving-pilates-reformer","16":"product_tag-studio-quality-pilates-reformer","18":"first","19":"instock","20":"shipping-taxable","21":"product-type-simple"},"_links":{"self":[{"href":"https:\/\/megacorepilates.com\/fr\/wp-json\/wp\/v2\/product\/5043","targetHints":{"allow":["GET"]}}],"collection":[{"href":"https:\/\/megacorepilates.com\/fr\/wp-json\/wp\/v2\/product"}],"about":[{"href":"https:\/\/megacorepilates.com\/fr\/wp-json\/wp\/v2\/types\/product"}],"wp:featuredmedia":[{"embeddable":true,"href":"https:\/\/megacorepilates.com\/fr\/wp-json\/wp\/v2\/media\/2524"}],"wp:attachment":[{"href":"https:\/\/megacorepilates.com\/fr\/wp-json\/wp\/v2\/media?parent=5043"}],"wp:term":[{"taxonomy":"product_brand","embeddable":true,"href":"https:\/\/megacorepilates.com\/fr\/wp-json\/wp\/v2\/product_brand?post=5043"},{"taxonomy":"product_cat","embeddable":true,"href":"https:\/\/megacorepilates.com\/fr\/wp-json\/wp\/v2\/product_cat?post=5043"},{"taxonomy":"product_tag","embeddable":true,"href":"https:\/\/megacorepilates.com\/fr\/wp-json\/wp\/v2\/product_tag?post=5043"}],"curies":[{"name":"wp","href":"https:\/\/api.w.org\/{rel}","templated":true}]}}