{"id":583,"date":"2025-09-11T21:52:45","date_gmt":"2025-09-11T13:52:45","guid":{"rendered":"http:\/\/megacorepilates.com\/?post_type=product&#038;p=583"},"modified":"2025-09-17T15:53:14","modified_gmt":"2025-09-17T07:53:14","slug":"versatile-steel-pilates-reformer","status":"publish","type":"product","link":"https:\/\/megacorepilates.com\/fr\/product\/versatile-steel-pilates-reformer\/","title":{"rendered":"R\u00e9formeur Pilates polyvalent en acier"},"content":{"rendered":"<p>&nbsp;<\/p>\n<div class=\"rich-text-table\">\n<table border=\"1\" cellspacing=\"1\" cellpadding=\"1\">\n<tbody>\n<tr>\n<td>Pad to ground height<\/td>\n<td>\u00a0430mm<\/td>\n<\/tr>\n<tr>\n<td>Carriage size<\/td>\n<td>1200 * 668mm<\/td>\n<\/tr>\n<tr>\n<td>Front Platform<\/td>\n<td>380 * 668mm<\/td>\n<\/tr>\n<tr>\n<td>Rear Platform :<\/td>\n<td>440 * 668mm<\/td>\n<\/tr>\n<tr>\n<td>The rear handle has four rotation angles:<\/td>\n<td>0 \u00b0, 90 \u00b0, 180 \u00b0 and 270 \u00b0 (the front and rear angles are not adjustable)<\/td>\n<\/tr>\n<tr>\n<td>The front handle has four rotation angles:<\/td>\n<td>0 \u00b0, 90 \u00b0, 180 \u00b0 and 270 \u00b0 (the front and rear angles are not adjustable)<\/td>\n<\/tr>\n<\/tbody>\n<\/table>\n<\/div>\n<p><img decoding=\"async\" src=\"https:\/\/image.made-in-china.com\/226f3j00acgWdMCDfHoy\/Customized-Top-Quality-Gym-Equipment-Aluminium-Pilates-Studio-Pilates-Reformer.webp\" alt=\"Customized Top Quality Gym Equipment Aluminium Pilates Studio Pilates Reformer\" width=\"800px\" data-original=\"\/\/image.made-in-china.com\/226f3j00acgWdMCDfHoy\/Customized-Top-Quality-Gym-Equipment-Aluminium-Pilates-Studio-Pilates-Reformer.webp\" title=\"\"><\/p>\n<p><b>Prodcut details<\/b><\/p>\n<p><img decoding=\"async\" src=\"https:\/\/image.made-in-china.com\/226f3j00akuWmnCBMPqN\/Customized-Top-Quality-Gym-Equipment-Aluminium-Pilates-Studio-Pilates-Reformer.webp\" alt=\"Customized Top Quality Gym Equipment Aluminium Pilates Studio Pilates Reformer\" width=\"800px\" data-original=\"\/\/image.made-in-china.com\/226f3j00akuWmnCBMPqN\/Customized-Top-Quality-Gym-Equipment-Aluminium-Pilates-Studio-Pilates-Reformer.webp\" title=\"\"><\/p>\n<p><img decoding=\"async\" src=\"https:\/\/image.made-in-china.com\/226f3j00YkgiwEvJrDoF\/Customized-Top-Quality-Gym-Equipment-Aluminium-Pilates-Studio-Pilates-Reformer.webp\" alt=\"Customized Top Quality Gym Equipment Aluminium Pilates Studio Pilates Reformer\" width=\"800px\" data-original=\"\/\/image.made-in-china.com\/226f3j00YkgiwEvJrDoF\/Customized-Top-Quality-Gym-Equipment-Aluminium-Pilates-Studio-Pilates-Reformer.webp\" title=\"\"><img decoding=\"async\" src=\"https:\/\/image.made-in-china.com\/226f3j00YqgiwzvFLIky\/Customized-Top-Quality-Gym-Equipment-Aluminium-Pilates-Studio-Pilates-Reformer.webp\" alt=\"Customized Top Quality Gym Equipment Aluminium Pilates Studio Pilates Reformer\" width=\"800px\" data-original=\"\/\/image.made-in-china.com\/226f3j00YqgiwzvFLIky\/Customized-Top-Quality-Gym-Equipment-Aluminium-Pilates-Studio-Pilates-Reformer.webp\" title=\"\"><\/p>\n<p><b>Informations d'usine :<br \/>\n<img decoding=\"async\" src=\"https:\/\/image.made-in-china.com\/226f3j00YkpVmivCLHoF\/Customized-Top-Quality-Gym-Equipment-Aluminium-Pilates-Studio-Pilates-Reformer.webp\" alt=\"Customized Top Quality Gym Equipment Aluminium Pilates Studio Pilates Reformer\" width=\"1058px\" data-original=\"\/\/image.made-in-china.com\/226f3j00YkpVmivCLHoF\/Customized-Top-Quality-Gym-Equipment-Aluminium-Pilates-Studio-Pilates-Reformer.webp\" title=\"\"><\/b><img decoding=\"async\" src=\"https:\/\/image.made-in-china.com\/226f3j00GbgiABMdyDcF\/Customized-Top-Quality-Gym-Equipment-Aluminium-Pilates-Studio-Pilates-Reformer.webp\" alt=\"Customized Top Quality Gym Equipment Aluminium Pilates Studio Pilates Reformer\" width=\"1060px\" data-original=\"\/\/image.made-in-china.com\/226f3j00GbgiABMdyDcF\/Customized-Top-Quality-Gym-Equipment-Aluminium-Pilates-Studio-Pilates-Reformer.webp\" title=\"\"><br \/>\n<b>Ligne de production :<\/b><br \/>\n<img decoding=\"async\" src=\"https:\/\/image.made-in-china.com\/226f3j00UqgiAOCzLPky\/Customized-Top-Quality-Gym-Equipment-Aluminium-Pilates-Studio-Pilates-Reformer.webp\" alt=\"Customized Top Quality Gym Equipment Aluminium Pilates Studio Pilates Reformer\" width=\"1060px\" data-original=\"\/\/image.made-in-china.com\/226f3j00UqgiAOCzLPky\/Customized-Top-Quality-Gym-Equipment-Aluminium-Pilates-Studio-Pilates-Reformer.webp\" title=\"\"><br \/>\n<b>Salle d'exposition :<\/b><\/p>\n<div data-mic-template=\"\">\n<div data-mic-template-item=\"\" data-mic-template-text=\"\">\n<p>Nous produisons plus de 600 types de produits diff\u00e9rents\u00a0<b>produits d'\u00e9quipement de fitness<\/b>, L'entreprise a export\u00e9 ses produits dans plus de 150 pays. La gamme de produits comprend des centres de remise en forme familiaux, divers types de clubs de remise en forme commerciaux, des march\u00e9s publics et scolaires, des centres d'entra\u00eenement sportif, des centres d'entra\u00eenement et de r\u00e9adaptation pour athl\u00e8tes et des centres de remise en forme pour femmes,\u00a0<b>studio pilates<\/b>\u00a0et d'autres projets d'ing\u00e9nierie.<\/p>\n<p>Nous fournissons\u00a0<b>Service OEM&amp;ODM<\/b>\u00a0depuis longtemps dans l'industrie du fitness sur la base de plus de 27 ans d'exp\u00e9rience professionnelle.<\/p>\n<p>Nous accordons une plus grande attention au d\u00e9veloppement des produits, \u00e0 la construction et \u00e0 la commercialisation des produits.\u00a0<b>\u00e9quipe professionnelle de R&amp;D<\/b>\u00a0pour r\u00e9pondre aux diff\u00e9rents besoins sp\u00e9cifiques de nos clients. Ils sont tr\u00e8s appr\u00e9ci\u00e9s dans le secteur de la remise en forme.<\/p>\n<p>Nous recherchons des modes de vie sains et actifs. Nous consid\u00e9rons toujours la qualit\u00e9 des produits comme la base de l'innovation et du d\u00e9veloppement ind\u00e9pendant.<\/p>\n<p>Nous fournissons un service \u00e0 guichet unique, ce qui vous permet de gagner du temps et d'\u00e9conomiser de l'argent. Vous pouvez choisir l'ensemble des\u00a0<b>\u00e9quipement de gymnastique<\/b>\u00a0comme les appareils cardio, les machines de musculation, les halt\u00e8res, etc.<\/p>\n<p>Nous fournissons le meilleur service apr\u00e8s-vente et la meilleure garantie standard dans l'industrie du fitness.<\/p>\n<\/div>\n<\/div>\n<p><b>Notre honneur :\u00a0<\/b><br \/>\n<img decoding=\"async\" src=\"https:\/\/image.made-in-china.com\/226f3j00rogVwzvIAPcn\/Customized-Top-Quality-Gym-Equipment-Aluminium-Pilates-Studio-Pilates-Reformer.webp\" alt=\"Customized Top Quality Gym Equipment Aluminium Pilates Studio Pilates Reformer\" width=\"1060px\" data-original=\"\/\/image.made-in-china.com\/226f3j00rogVwzvIAPcn\/Customized-Top-Quality-Gym-Equipment-Aluminium-Pilates-Studio-Pilates-Reformer.webp\" title=\"\"><br \/>\n<b>Exposition :\u00a0<\/b><br \/>\n<img decoding=\"async\" src=\"https:\/\/image.made-in-china.com\/226f3j00zkrVJivKkHqF\/Customized-Top-Quality-Gym-Equipment-Aluminium-Pilates-Studio-Pilates-Reformer.webp\" alt=\"Customized Top Quality Gym Equipment Aluminium Pilates Studio Pilates Reformer\" width=\"1060px\" data-original=\"\/\/image.made-in-china.com\/226f3j00zkrVJivKkHqF\/Customized-Top-Quality-Gym-Equipment-Aluminium-Pilates-Studio-Pilates-Reformer.webp\" title=\"\"><\/p>","protected":false},"excerpt":{"rendered":"<p data-start=\"97\" data-end=\"591\"><strong data-start=\"97\" data-end=\"133\">R\u00e9formeur Pilates polyvalent en acier<\/strong> est un appareil de Pilates durable, de qualit\u00e9 professionnelle, con\u00e7u pour des s\u00e9ances d'entra\u00eenement de tout le corps. Son cadre en acier robuste garantit une stabilit\u00e9 et des performances durables, tandis que la r\u00e9sistance r\u00e9glable et le glissement en douceur permettent des exercices personnalis\u00e9s ciblant la force centrale, la flexibilit\u00e9, la posture et l'\u00e9quilibre. Parfait pour les salles de sport \u00e0 domicile, les studios et les programmes de r\u00e9\u00e9ducation, ce reformer polyvalent offre une exp\u00e9rience Pilates s\u00fbre et efficace aux utilisateurs de tous niveaux.<\/p>","protected":false},"featured_media":859,"template":"","meta":[],"product_brand":[157],"product_cat":[15],"product_tag":[95,94,93],"class_list":{"0":"post-583","1":"product","2":"type-product","3":"status-publish","4":"has-post-thumbnail","6":"product_brand-megacore","7":"product_cat-commercial-pilates-reformer","8":"product_tag-pro-grade-pilates-reformer","9":"product_tag-smooth-glide-pilates-reformer","10":"product_tag-versatile-pilates-reformer","12":"first","13":"instock","14":"shipping-taxable","15":"product-type-simple"},"_links":{"self":[{"href":"https:\/\/megacorepilates.com\/fr\/wp-json\/wp\/v2\/product\/583","targetHints":{"allow":["GET"]}}],"collection":[{"href":"https:\/\/megacorepilates.com\/fr\/wp-json\/wp\/v2\/product"}],"about":[{"href":"https:\/\/megacorepilates.com\/fr\/wp-json\/wp\/v2\/types\/product"}],"wp:featuredmedia":[{"embeddable":true,"href":"https:\/\/megacorepilates.com\/fr\/wp-json\/wp\/v2\/media\/859"}],"wp:attachment":[{"href":"https:\/\/megacorepilates.com\/fr\/wp-json\/wp\/v2\/media?parent=583"}],"wp:term":[{"taxonomy":"product_brand","embeddable":true,"href":"https:\/\/megacorepilates.com\/fr\/wp-json\/wp\/v2\/product_brand?post=583"},{"taxonomy":"product_cat","embeddable":true,"href":"https:\/\/megacorepilates.com\/fr\/wp-json\/wp\/v2\/product_cat?post=583"},{"taxonomy":"product_tag","embeddable":true,"href":"https:\/\/megacorepilates.com\/fr\/wp-json\/wp\/v2\/product_tag?post=583"}],"curies":[{"name":"wp","href":"https:\/\/api.w.org\/{rel}","templated":true}]}}