{"id":585,"date":"2025-09-11T21:52:45","date_gmt":"2025-09-11T13:52:45","guid":{"rendered":"http:\/\/megacorepilates.com\/?post_type=product&#038;p=585"},"modified":"2025-09-17T14:32:17","modified_gmt":"2025-09-17T06:32:17","slug":"foldable-pilates-reformer-for-small-spaces","status":"publish","type":"product","link":"https:\/\/megacorepilates.com\/fr\/product\/foldable-pilates-reformer-for-small-spaces\/","title":{"rendered":"R\u00e9formateur Pilates pliable pour les petits espaces"},"content":{"rendered":"<div class=\"J_module\">\n<div class=\"detail-decorate-json-renderer-container\">\n<div class=\"magic-1\">\n<div class=\"magic-2\">\n<div class=\"magic-3\">\n<div class=\"magic-4\">\n<div class=\"magic-5\"><\/div>\n<\/div>\n<\/div>\n<\/div>\n<\/div>\n<\/div>\n<\/div>\n<div class=\"J_module\">\n<div class=\"icbu-pc-detailManyImage magic-7\">\n<div class=\"magic-8\"><img fetchpriority=\"high\" decoding=\"async\" class=\"magic-9 alignnone\" src=\"https:\/\/s.alicdn.com\/@sc04\/kf\/Hd6745d6f9bd94762ad6f77640ea3c193L\/200239637\/Hd6745d6f9bd94762ad6f77640ea3c193L.jpg?quality=close\" width=\"486\" height=\"486\" data-src=\"\/\/s.alicdn.com\/@sc04\/kf\/Hd6745d6f9bd94762ad6f77640ea3c193L\/200239637\/Hd6745d6f9bd94762ad6f77640ea3c193L.jpg?quality=close\" alt=\"\" title=\"\"><\/div>\n<div class=\"magic-8\"><img decoding=\"async\" class=\"magic-9\" src=\"https:\/\/s.alicdn.com\/@sc04\/kf\/H4fe5678695774404a2ce646946a0180bn\/200239637\/H4fe5678695774404a2ce646946a0180bn.png?quality=close\" width=\"499\" height=\"499\" data-src=\"\/\/s.alicdn.com\/@sc04\/kf\/H4fe5678695774404a2ce646946a0180bn\/200239637\/H4fe5678695774404a2ce646946a0180bn.png?quality=close\" alt=\"\" title=\"\"><\/div>\n<div class=\"magic-8\"><img decoding=\"async\" class=\"magic-9\" src=\"https:\/\/s.alicdn.com\/@sc04\/kf\/H798e1ada226240988302d68441f0ca38E\/200239637\/H798e1ada226240988302d68441f0ca38E.jpg?quality=close\" width=\"431\" height=\"431\" data-src=\"\/\/s.alicdn.com\/@sc04\/kf\/H798e1ada226240988302d68441f0ca38E\/200239637\/H798e1ada226240988302d68441f0ca38E.jpg?quality=close\" alt=\"\" title=\"\"><\/div>\n<div class=\"magic-8\"><img loading=\"lazy\" decoding=\"async\" class=\"magic-9\" src=\"https:\/\/s.alicdn.com\/@sc04\/kf\/H32e58eb071c34726808a534a26899644t\/200239637\/H32e58eb071c34726808a534a26899644t.jpg?quality=close\" width=\"488\" height=\"488\" data-src=\"\/\/s.alicdn.com\/@sc04\/kf\/H32e58eb071c34726808a534a26899644t\/200239637\/H32e58eb071c34726808a534a26899644t.jpg?quality=close\" alt=\"\" title=\"\"><\/div>\n<\/div>\n<\/div>\n<div class=\"J_module\">\n<div id=\"ali-anchor-AliMagic-zj21g9\" class=\"magic-10\" data-section=\"AliMagic-zj21g9\" data-section-title=\"Specification\">Specification<\/div>\n<\/div>\n<div class=\"J_module\">\n<div class=\"ife-detail-decorate-table\">\n<table class=\"has-title all magic-11\">\n<tbody>\n<tr>\n<td colspan=\"1\" rowspan=\"1\">\n<div class=\"magic-12\">Item No.:<\/div>\n<\/td>\n<td colspan=\"1\" rowspan=\"1\">\n<div class=\"magic-13\">LK-T07<\/div>\n<\/td>\n<\/tr>\n<tr>\n<td colspan=\"1\" rowspan=\"1\">\n<div class=\"magic-12\">Nom<\/div>\n<\/td>\n<td colspan=\"1\" rowspan=\"1\">\n<div class=\"magic-13\">Pilates reformer for home use<\/div>\n<\/td>\n<\/tr>\n<tr>\n<td colspan=\"1\" rowspan=\"1\">\n<div class=\"magic-12\">Color option<\/div>\n<\/td>\n<td colspan=\"1\" rowspan=\"1\">\n<div class=\"magic-13\">Silver\/grey\/black<\/div>\n<\/td>\n<\/tr>\n<tr>\n<td colspan=\"1\" rowspan=\"1\">\n<div class=\"magic-12\">Size<\/div>\n<\/td>\n<td colspan=\"1\" rowspan=\"1\">\n<div class=\"magic-13\">Folding size:132*54*32cm Extension size:248*54*56cm<\/div>\n<\/td>\n<\/tr>\n<tr>\n<td colspan=\"1\" rowspan=\"1\">\n<div class=\"magic-12\">Packing size<\/div>\n<\/td>\n<td colspan=\"1\" rowspan=\"1\">\n<div class=\"magic-13\">133*30*46cm<\/div>\n<\/td>\n<\/tr>\n<tr>\n<td colspan=\"1\" rowspan=\"1\">\n<div class=\"magic-12\">Weight<\/div>\n<\/td>\n<td colspan=\"1\" rowspan=\"1\">\n<div class=\"magic-13\">NW:49KGS GW:53KGS<\/div>\n<\/td>\n<\/tr>\n<tr>\n<td colspan=\"1\" rowspan=\"1\">\n<div class=\"magic-12\">Springs<\/div>\n<\/td>\n<td colspan=\"1\" rowspan=\"1\">\n<div class=\"magic-13\">19.8KGS*2PCS, 12.9KGS*2PCS,8.5KGS*1PCS<\/div>\n<\/td>\n<\/tr>\n<tr>\n<td colspan=\"1\" rowspan=\"1\">\n<div class=\"magic-12\">Cushion<\/div>\n<\/td>\n<td colspan=\"1\" rowspan=\"1\">\n<div class=\"magic-13\">PU leather+High density sponge<\/div>\n<\/td>\n<\/tr>\n<tr>\n<td colspan=\"1\" rowspan=\"1\">\n<div class=\"magic-12\">Delivery time<\/div>\n<\/td>\n<td colspan=\"1\" rowspan=\"1\">\n<div class=\"magic-13\">20 days for production for 1*40HQ<\/div>\n<\/td>\n<\/tr>\n<tr>\n<td colspan=\"1\" rowspan=\"1\">\n<div class=\"magic-12\">Slide rail<\/div>\n<\/td>\n<td colspan=\"1\" rowspan=\"1\">\n<div class=\"magic-13\">304 stainless steel material<\/div>\n<\/td>\n<\/tr>\n<tr>\n<td colspan=\"1\" rowspan=\"1\">\n<div class=\"magic-12\">MOQ<\/div>\n<\/td>\n<td colspan=\"1\" rowspan=\"1\">\n<div class=\"magic-13\">If the production are in our stock warehouse.No MOQ for stocking production<\/div>\n<\/td>\n<\/tr>\n<\/tbody>\n<\/table>\n<\/div>\n<\/div>\n<div class=\"J_module\">\n<div id=\"ali-anchor-AliMagic-hi13m4\" class=\"magic-10\" data-section=\"AliMagic-hi13m4\" data-section-title=\"Company Profile\">Company Profile<\/div>\n<\/div>\n<div class=\"J_module\">\n<div class=\"icbu-pc-images magic-14\">\n<div>\n<div class=\"flex-layout-v\">\n<div class=\"flex-layout-h magic-14\">\n<div class=\"magic-15\"><img decoding=\"async\" class=\"magic-16\" src=\"https:\/\/s.alicdn.com\/@sc04\/kf\/Ab1899f02e23349ff984e7cff1f373517Q\/200239637\/Ab1899f02e23349ff984e7cff1f373517Q.jpg?quality=close\" data-src=\"\/\/s.alicdn.com\/@sc04\/kf\/Ab1899f02e23349ff984e7cff1f373517Q\/200239637\/Ab1899f02e23349ff984e7cff1f373517Q.jpg?quality=close\" alt=\"\" title=\"\"><\/div>\n<\/div>\n<\/div>\n<\/div>\n<\/div>\n<\/div>\n<div class=\"J_module\">\n<div class=\"icbu-pc-images magic-14\">\n<div>\n<div class=\"flex-layout-v\">\n<div class=\"flex-layout-h magic-14\">\n<div class=\"magic-17\"><img decoding=\"async\" class=\"magic-18\" src=\"https:\/\/s.alicdn.com\/@sc04\/kf\/Ha6d9c834fa304995add93d1c373104d29\/200239637\/Ha6d9c834fa304995add93d1c373104d29.jpg?quality=close\" data-src=\"\/\/s.alicdn.com\/@sc04\/kf\/Ha6d9c834fa304995add93d1c373104d29\/200239637\/Ha6d9c834fa304995add93d1c373104d29.jpg?quality=close\" alt=\"\" title=\"\"><\/div>\n<\/div>\n<\/div>\n<\/div>\n<\/div>\n<\/div>\n<div class=\"J_module\">\n<div class=\"icbu-pc-images magic-14\">\n<div>\n<div class=\"flex-layout-v\">\n<div class=\"flex-layout-h magic-14\">\n<div class=\"magic-17\"><img decoding=\"async\" class=\"magic-18\" src=\"https:\/\/s.alicdn.com\/@sc04\/kf\/H3952542fcfb240c6a1264d9a491df537r\/200239637\/H3952542fcfb240c6a1264d9a491df537r.jpg?quality=close\" data-src=\"\/\/s.alicdn.com\/@sc04\/kf\/H3952542fcfb240c6a1264d9a491df537r\/200239637\/H3952542fcfb240c6a1264d9a491df537r.jpg?quality=close\" alt=\"\" title=\"\"><\/div>\n<\/div>\n<\/div>\n<\/div>\n<\/div>\n<\/div>\n<div class=\"J_module\">\n<div id=\"ali-anchor-AliMagic-gyuuvr\" class=\"magic-10\" data-section=\"AliMagic-gyuuvr\" data-section-title=\"Certifications\">Certifications<\/div>\n<\/div>\n<div class=\"J_module\">\n<div class=\"icbu-pc-images magic-14\">\n<div>\n<div class=\"flex-layout-v\">\n<div class=\"flex-layout-h magic-14\">\n<div class=\"magic-19\"><img decoding=\"async\" class=\"magic-20\" src=\"https:\/\/s.alicdn.com\/@sc04\/kf\/HTB1cIvVNFXXXXbCXXXXq6xXFXXXe\/200239637\/HTB1cIvVNFXXXXbCXXXXq6xXFXXXe.jpg?quality=close\" data-src=\"\/\/s.alicdn.com\/@sc04\/kf\/HTB1cIvVNFXXXXbCXXXXq6xXFXXXe\/200239637\/HTB1cIvVNFXXXXbCXXXXq6xXFXXXe.jpg?quality=close\" alt=\"\" title=\"\"><\/div>\n<\/div>\n<\/div>\n<\/div>\n<\/div>\n<\/div>\n<div class=\"J_module\">\n<div id=\"ali-anchor-AliMagic-gqk1f3\" class=\"magic-10\" data-section=\"AliMagic-gqk1f3\" data-section-title=\"Production Line\">Production Line<\/div>\n<\/div>\n<div class=\"J_module\">\n<div class=\"icbu-pc-images magic-14\">\n<div>\n<div class=\"flex-layout-v\">\n<div class=\"flex-layout-h magic-14\">\n<div class=\"magic-17\"><img decoding=\"async\" class=\"magic-18\" src=\"https:\/\/s.alicdn.com\/@sc04\/kf\/H07ae8f6d37884c56a977eb384ae793f00\/200239637\/H07ae8f6d37884c56a977eb384ae793f00.jpg?quality=close\" data-src=\"\/\/s.alicdn.com\/@sc04\/kf\/H07ae8f6d37884c56a977eb384ae793f00\/200239637\/H07ae8f6d37884c56a977eb384ae793f00.jpg?quality=close\" alt=\"\" title=\"\"><\/div>\n<\/div>\n<\/div>\n<\/div>\n<\/div>\n<\/div>\n<div class=\"J_module\">\n<div id=\"ali-anchor-AliMagic-7d5hzd\" class=\"magic-10\" data-section=\"AliMagic-7d5hzd\" data-section-title=\"Customer Photos\">Customer Photos<\/div>\n<\/div>\n<div class=\"J_module\">\n<div class=\"icbu-pc-images magic-14\">\n<div>\n<div class=\"flex-layout-v\">\n<div class=\"flex-layout-h magic-14\">\n<div class=\"magic-23\"><img decoding=\"async\" class=\"magic-24\" src=\"https:\/\/s.alicdn.com\/@sc04\/kf\/H1533827302be4e8db74beaa7d7fc5c03Y\/200239637\/H1533827302be4e8db74beaa7d7fc5c03Y.jpg?quality=close\" data-src=\"\/\/s.alicdn.com\/@sc04\/kf\/H1533827302be4e8db74beaa7d7fc5c03Y\/200239637\/H1533827302be4e8db74beaa7d7fc5c03Y.jpg?quality=close\" alt=\"\" title=\"\"><\/div>\n<\/div>\n<\/div>\n<\/div>\n<\/div>\n<\/div>\n<div class=\"J_module\">\n<div class=\"icbu-pc-images magic-14\">\n<div class=\"flex-layout-v\">\n<div class=\"flex-layout-h magic-14\">\n<div class=\"magic-19\"><\/div>\n<\/div>\n<\/div>\n<\/div>\n<\/div>","protected":false},"excerpt":{"rendered":"<p>Le Pilates Reformer pliable pour les petits espaces offre une solution d'entra\u00eenement compacte et polyvalente con\u00e7ue pour les appartements et les petites maisons. Avec son pliage facile, sa r\u00e9sistance r\u00e9glable et sa construction durable, il offre une exp\u00e9rience Pilates compl\u00e8te, de qualit\u00e9 studio, dans le confort de votre maison.<\/p>","protected":false},"featured_media":866,"template":"","meta":[],"product_brand":[157],"product_cat":[96],"product_tag":[99,98,97],"class_list":{"0":"post-585","1":"product","2":"type-product","3":"status-publish","4":"has-post-thumbnail","6":"product_brand-megacore","7":"product_cat-home-use-pilates-reformer","8":"product_tag-adjustable-pilates-reformer","9":"product_tag-comfortable-pilates-reformer","10":"product_tag-space-saving-pilates-reformer","12":"first","13":"instock","14":"shipping-taxable","15":"product-type-simple"},"_links":{"self":[{"href":"https:\/\/megacorepilates.com\/fr\/wp-json\/wp\/v2\/product\/585","targetHints":{"allow":["GET"]}}],"collection":[{"href":"https:\/\/megacorepilates.com\/fr\/wp-json\/wp\/v2\/product"}],"about":[{"href":"https:\/\/megacorepilates.com\/fr\/wp-json\/wp\/v2\/types\/product"}],"wp:featuredmedia":[{"embeddable":true,"href":"https:\/\/megacorepilates.com\/fr\/wp-json\/wp\/v2\/media\/866"}],"wp:attachment":[{"href":"https:\/\/megacorepilates.com\/fr\/wp-json\/wp\/v2\/media?parent=585"}],"wp:term":[{"taxonomy":"product_brand","embeddable":true,"href":"https:\/\/megacorepilates.com\/fr\/wp-json\/wp\/v2\/product_brand?post=585"},{"taxonomy":"product_cat","embeddable":true,"href":"https:\/\/megacorepilates.com\/fr\/wp-json\/wp\/v2\/product_cat?post=585"},{"taxonomy":"product_tag","embeddable":true,"href":"https:\/\/megacorepilates.com\/fr\/wp-json\/wp\/v2\/product_tag?post=585"}],"curies":[{"name":"wp","href":"https:\/\/api.w.org\/{rel}","templated":true}]}}