{"id":986,"date":"2023-05-23T17:04:57","date_gmt":"2023-05-23T09:04:57","guid":{"rendered":"https:\/\/megacorepilates.com\/?page_id=986"},"modified":"2025-09-22T17:44:29","modified_gmt":"2025-09-22T09:44:29","slug":"il-nostro-showroom","status":"publish","type":"page","link":"https:\/\/megacorepilates.com\/it\/il-nostro-showroom\/","title":{"rendered":"Il nostro showroom"},"content":{"rendered":"<p>[et_pb_section fb_built=\u201d1\u2033 _builder_version=\u201d4.15.1\u2033 _module_preset=\u201ddefault\u201d global_colors_info=\u201d{}\u201d theme_builder_area=\u201dpost_content\u201d][et_pb_row _builder_version=\u201d4.15.1\u2033 _module_preset=\u201ddefault\u201d global_colors_info=\u201d{}\u201d theme_builder_area=\u201dpost_content\u201d][et_pb_column type=\u201d4_4\u2033 _builder_version=\u201d4.15.1\u2033 _module_preset=\u201ddefault\u201d global_colors_info=\u201d{}\u201d theme_builder_area=\u201dpost_content\u201d][et_pb_accordion _builder_version=\u201d4.15.1\u2033 _module_preset=\u201ddefault\u201d hover_enabled=\u201d0\u2033 global_colors_info=\u201d{}\u201d theme_builder_area=\u201dpost_content\u201d sticky_enabled=\u201d0\u2033][et_pb_accordion_item title=\u201dIl Nostro Vantaggio\u201d open=\u201don\u201d _builder_version=\u201d4.15.1\u2033 _module_preset=\u201ddefault\u201d hover_enabled=\u201d0\u2033 global_colors_info=\u201d{}\u201d theme_builder_area=\u201dpost_content\u201d sticky_enabled=\u201d0\u2033]<\/p>\n<p>Benvenuti su Megacore Pilates Reformer, dove siamo orgogliosi di creare reformer pilates di alta qualit\u00e0. Il nostro marchio offre opzioni domestiche e commerciali realizzate principalmente in acciaio. Come azienda, ci impegniamo a fornire prodotti e servizi eccezionali che superino le vostre aspettative. Crediamo che i nostri prodotti e il nostro servizio siano ci\u00f2 che ci distingue dalla concorrenza.<\/p>\n<p><strong>I nostri prodotti Vantaggi<\/strong><\/p>\n<p><strong><b>Avanzato <\/b><\/strong><\/p>\n<p>Megacore Pilates Reformer \u00e8 un insieme di esperienza di molti esperti di fitness e tecnologia avanzata, che utilizza l'integrazione del pi\u00f9 recente concetto di design industriale.<\/p>\n<p><strong><b>Buon materiale<\/b><\/strong><strong><b>\u00a0<\/b><\/strong><\/p>\n<p>Riformatore Pilates Megacore Realizzato con materiali metallici di alta qualit\u00e0 e tecnologia eccellente, \u00e8 in grado di resistere a impatti molto pi\u00f9 forti rispetto ai tradizionali reformer Pilates, durevoli.<\/p>\n<p><strong><b>In alto<\/b><\/strong><strong><b>\u00a0qualit\u00e0 <\/b><\/strong><\/p>\n<p>Megacore Pilates Reformer ha autorizzato la produzione OEM di marche famose a livello internazionale, il sistema di controllo qualit\u00e0 ISO, per garantire che ogni processo e ogni dettaglio soddisfino gli standard.<\/p>\n<p><strong><b>Funzionale<\/b><\/strong><\/p>\n<p>I Megacore Pilates Reformer sono progettati per essere completamente funzionali ed ergonomici con resistenza regolabile, consentendo agli utenti di personalizzare gli allenamenti in base alle proprie esigenze e obiettivi specifici. Le lezioni possono essere implementate includendo Pilates, yoga, aerobica e allenamento della forza. \u00c8 un'attrezzatura fitness multifunzionale.<\/p>\n<p><strong><b>Clienti <\/b><\/strong><\/p>\n<p>Megacore Pilates Reformer \u00e8 in grado di allenare il core e i piccoli gruppi muscolari, nonch\u00e9 altri gruppi muscolari di tutto il corpo, di correggere e ottimizzare la forma del corpo e di soddisfare le esigenze di fitness di clienti diversi, dagli adolescenti alle persone di mezza et\u00e0 e anziane, dalle persone in riabilitazione a quelle non in salute, dalle persone amanti della forma a quelle professioniste.<\/p>\n<p><strong><b>Scena ampia <\/b><\/strong><\/p>\n<p>Le dimensioni compatte del Megacore Pilates Reformer lo rendono adatto a una variet\u00e0 di spazi, da case e studi a grandi palestre.<\/p>\n<p><strong><b>Manutenzione semplice<\/b><\/strong><\/p>\n<p>Megacore Pilates Reformer \u00e8 facile da pulire e rimane in ottime condizioni con una manutenzione minima.<\/p>\n<p><strong><b>Buone prospettive <\/b><\/strong><\/p>\n<p>Con la ripresa dell'epidemia, sempre pi\u00f9 persone si preoccupano della salute e il metodo innovativo ed efficiente dell'esercizio con il reformer di megacore pilates viene preso in considerazione e adottato da un numero sempre maggiore di persone.<\/p>\n<p><strong><b>Piccolo competitivo<\/b><\/strong><\/p>\n<p>Megacore Pilates Reformer offre una personalizzazione professionale che consente di differenziarsi in base alle esigenze dei clienti e di adattarsi a diversi mercati e gruppi di clienti.<\/p>\n<p>&nbsp;<\/p>\n<p><strong>Vantaggi della nostra fabbrica<\/strong><\/p>\n<p><strong><b>Qualit\u00e0<\/b><\/strong><\/p>\n<p>In Megacore Pilates Reformer prendiamo sul serio la qualit\u00e0. I nostri reformer sono realizzati principalmente in acciaio e sono costruiti per resistere alla prova del tempo. Ci impegniamo a fornirvi un prodotto non solo efficace ma anche esteticamente gradevole. La nostra attenzione ai dettagli e il controllo della qualit\u00e0 assicurano che ogni reformer sia perfetto prima di lasciare la nostra fabbrica.<\/p>\n<p><strong><b>Personalizzazione<\/b><\/strong><\/p>\n<p>Siamo consapevoli che il vostro reformer per pilates deve corrispondere al vostro stile personale, per questo offriamo opzioni di personalizzazione. Con il nostro servizio OEM\/ODM, potete personalizzare il colore e il logo del vostro reformer in base alle vostre preferenze personali. Le nostre opzioni di personalizzazione vi permettono di distinguervi nell'affollato mercato del fitness.<\/p>\n<p><strong><b>Prezzi<\/b><\/strong><\/p>\n<p>Noi di Megacore Pilates Reformer crediamo nel fornire ai nostri clienti una qualit\u00e0 eccezionale a prezzi competitivi. I nostri reformer hanno un prezzo accessibile, pur mantenendo gli elevati standard per cui siamo conosciuti. Ci sforziamo di rendere i nostri reformer accessibili a tutti coloro che desiderano migliorare la propria routine di pilates, indipendentemente dal budget.<\/p>\n<p><strong><b>Capacit\u00e0 di produzione<\/b><\/strong><\/p>\n<p>Grazie alla nostra fabbrica, siamo in grado di mantenere uno stretto controllo sul processo di produzione dall'inizio alla fine. Questo ci permette di offrire prodotti personalizzati a un prezzo accessibile senza sacrificare la qualit\u00e0.<\/p>\n<p><strong><b>Servizio clienti<\/b><\/strong><\/p>\n<p>Il nostro team dedicato \u00e8 sempre a disposizione per rispondere a qualsiasi domanda o dubbio, fornendo un servizio clienti di altissimo livello. Ci impegniamo a fornire il miglior servizio clienti possibile, assicurandovi un'esperienza perfetta dall'inizio alla fine.<\/p>\n<p>In sintesi, i vantaggi offerti dai nostri prodotti e dalla nostra fabbrica ci consentono di produrre alcuni dei migliori reformer per pilates oggi disponibili sul mercato, pur offrendo prezzi accessibili e competitivi. Il nostro impegno per la qualit\u00e0, la soddisfazione del cliente e l'eccellenza produttiva ci distinguono dalla concorrenza. Grazie per aver scelto Megacore Pilates Reformer per tutte le vostre esigenze di attrezzature per il pilates.<\/p>\n<p>[\/et_pb_accordion_item][\/et_pb_accordion][\/et_pb_column][\/et_pb_row][\/et_pb_section]<\/p>","protected":false},"excerpt":{"rendered":"<p>[et_pb_section fb_built=&#8221;1&#8243; _builder_version=&#8221;4.15.1&#8243; _module_preset=&#8221;default&#8221; global_colors_info=&#8221;{}&#8221; theme_builder_area=&#8221;post_content&#8221;][et_pb_row _builder_version=&#8221;4.15.1&#8243; _module_preset=&#8221;default&#8221; global_colors_info=&#8221;{}&#8221; theme_builder_area=&#8221;post_content&#8221;][et_pb_column type=&#8221;4_4&#8243; _builder_version=&#8221;4.15.1&#8243; _module_preset=&#8221;default&#8221; global_colors_info=&#8221;{}&#8221; theme_builder_area=&#8221;post_content&#8221;][et_pb_accordion _builder_version=&#8221;4.15.1&#8243; _module_preset=&#8221;default&#8221; hover_enabled=&#8221;0&#8243; global_colors_info=&#8221;{}&#8221; theme_builder_area=&#8221;post_content&#8221; sticky_enabled=&#8221;0&#8243;][et_pb_accordion_item title=&#8221;Our Advantage&#8221; open=&#8221;on&#8221; _builder_version=&#8221;4.15.1&#8243; _module_preset=&#8221;default&#8221; hover_enabled=&#8221;0&#8243; global_colors_info=&#8221;{}&#8221; theme_builder_area=&#8221;post_content&#8221; sticky_enabled=&#8221;0&#8243;] Welcome to Megacore Pilates Reformer, where we pride ourselves in creating high-quality pilates reformers. Our brand offers home and commercial options that are crafted mostly [&hellip;]<\/p>","protected":false},"author":2,"featured_media":0,"parent":0,"menu_order":0,"comment_status":"closed","ping_status":"closed","template":"","meta":{"footnotes":""},"class_list":["post-986","page","type-page","status-publish","hentry"],"_links":{"self":[{"href":"https:\/\/megacorepilates.com\/it\/wp-json\/wp\/v2\/pages\/986","targetHints":{"allow":["GET"]}}],"collection":[{"href":"https:\/\/megacorepilates.com\/it\/wp-json\/wp\/v2\/pages"}],"about":[{"href":"https:\/\/megacorepilates.com\/it\/wp-json\/wp\/v2\/types\/page"}],"author":[{"embeddable":true,"href":"https:\/\/megacorepilates.com\/it\/wp-json\/wp\/v2\/users\/2"}],"replies":[{"embeddable":true,"href":"https:\/\/megacorepilates.com\/it\/wp-json\/wp\/v2\/comments?post=986"}],"version-history":[{"count":0,"href":"https:\/\/megacorepilates.com\/it\/wp-json\/wp\/v2\/pages\/986\/revisions"}],"wp:attachment":[{"href":"https:\/\/megacorepilates.com\/it\/wp-json\/wp\/v2\/media?parent=986"}],"curies":[{"name":"wp","href":"https:\/\/api.w.org\/{rel}","templated":true}]}}