{"id":2517,"date":"2025-09-17T13:42:57","date_gmt":"2025-09-17T05:42:57","guid":{"rendered":"https:\/\/megacorepilates.com\/?post_type=product&#038;p=2517"},"modified":"2025-09-17T15:21:04","modified_gmt":"2025-09-17T07:21:04","slug":"macchina-megaformatrice-in-vendita","status":"publish","type":"product","link":"https:\/\/megacorepilates.com\/it\/product\/macchina-megaformatrice-in-vendita\/","title":{"rendered":"Macchina megaformatrice in vendita"},"content":{"rendered":"<table style=\"height: 526px;\" width=\"720\">\n<tbody>\n<tr>\n<td width=\"270\"><strong><b>Materiale<\/b><\/strong><\/td>\n<td width=\"316\">Acciaio inox<\/td>\n<td width=\"269\"><strong><b>Luogo di origine<\/b><\/strong><\/td>\n<td width=\"278\">Guangdong, Cina<\/td>\n<\/tr>\n<tr>\n<td width=\"270\"><strong><b>Nome del marchio<\/b><\/strong><\/td>\n<td width=\"316\">Megacore<\/td>\n<td width=\"269\"><strong><b>Numero di modello<\/b><\/strong><\/td>\n<td width=\"278\">C26<\/td>\n<\/tr>\n<tr>\n<td width=\"270\"><strong><b>Nome del prodotto<\/b><\/strong><\/td>\n<td width=\"316\">Riformatore Pilates<\/td>\n<td width=\"269\"><strong><b>Materiale<\/b><\/strong><\/td>\n<td width=\"278\">Acciaio<\/td>\n<\/tr>\n<tr>\n<td width=\"270\"><strong><b>Colore<\/b><\/strong><\/td>\n<td width=\"316\">Colore personalizzato<\/td>\n<td width=\"269\"><strong><b>Dimensione<\/b><\/strong><\/td>\n<td width=\"278\">327*86,6*89,4cm<\/td>\n<\/tr>\n<tr>\n<td width=\"270\"><strong><b>Dimensione dei fotogrammi<\/b><\/strong><\/td>\n<td width=\"316\">299,7*66,8*45 cm<\/td>\n<td width=\"269\"><strong><b>Altezza<\/b><\/strong><\/td>\n<td width=\"278\">452 mm<\/td>\n<\/tr>\n<tr>\n<td width=\"270\"><strong><b>Dimensioni della vettura<\/b><\/strong><\/td>\n<td width=\"316\">1200*668 mm<\/td>\n<td width=\"269\"><strong><b>Piattaforma anteriore<\/b><\/strong><\/td>\n<td width=\"278\">300*668 mm<\/td>\n<\/tr>\n<tr>\n<td width=\"270\"><strong><b>Piattaforma posteriore<\/b><\/strong><\/td>\n<td width=\"316\">433*668 mm<\/td>\n<td width=\"269\"><strong><b>Angolo regolabile per la pedana posteriore<\/b><\/strong><\/td>\n<td width=\"278\">28\u00b0 ,55\u00b0, 90\u00b0 ,125\u00b0<\/p>\n<p>&nbsp;<\/td>\n<\/tr>\n<tr>\n<td width=\"270\"><strong><b>Accessori<\/b><\/strong><\/td>\n<td width=\"316\">cavi*4pcs, doppio anello: 2pairs, cinghie: 5pcs<\/td>\n<td width=\"269\"><strong><b>Primavera<\/b><\/strong><\/td>\n<td width=\"278\">8pz(4lbs*2+8lbs*3<br \/>\n22lbs*2+88lbs*1)<\/td>\n<\/tr>\n<tr>\n<td width=\"270\"><strong><b>NW<\/b><\/strong><\/td>\n<td width=\"316\">150KG<\/td>\n<td width=\"269\"><strong><b>GW<\/b><\/strong><\/td>\n<td width=\"278\">160KG<\/td>\n<\/tr>\n<\/tbody>\n<\/table>\n<p>&nbsp;<\/p>\n<p><img fetchpriority=\"high\" decoding=\"async\" class=\"wp-image-2532\" src=\"http:\/\/megacorepilates.com\/wp-content\/uploads\/\u4e3b\u56fe_03-300x233.jpg\" alt=\"stainless steel pilates reformer\" width=\"557\" height=\"433\" title=\"\" srcset=\"\" sizes=\"(max-width: 557px) 100vw, 557px\" data-srcset=\"\" \/> <img decoding=\"async\" class=\"wp-image-2533\" src=\"http:\/\/megacorepilates.com\/wp-content\/uploads\/\u4e3b\u56fe_04-300x208.jpg\" alt=\"megareformer\" width=\"506\" height=\"351\" title=\"\" srcset=\"\" sizes=\"(max-width: 506px) 100vw, 506px\" data-srcset=\"\" \/><\/p>\n<p>&nbsp;<\/p>\n<h3><span style=\"color: #00ccff;\"><strong>\u00a0 \u00a0 \u00a0Caratteristiche principali:<\/strong><\/span><\/h3>\n<ul>\n<li data-start=\"501\" data-end=\"776\">\n<p data-start=\"503\" data-end=\"776\"><strong data-start=\"503\" data-end=\"537\">Telaio in acciaio inox resistente:<\/strong><br data-start=\"537\" data-end=\"540\" \/>Il <span style=\"color: #00ccff;\"><a style=\"color: #00ccff;\" href=\"https:\/\/megacorepilates.com\/it\/product\/macchina-megaformatrice-in-vendita\/\">MegaCore MegaFormer<\/a><\/span> \u00e8 dotata di un telaio in acciaio inossidabile di alta qualit\u00e0 che garantisce stabilit\u00e0, resistenza e durata. Costruita per resistere a un uso quotidiano intenso, questa macchina offre la durata necessaria per una serie di esercizi di Pilates.<\/p>\n<\/li>\n<li data-start=\"778\" data-end=\"1056\">\n<p data-start=\"780\" data-end=\"1056\"><strong data-start=\"780\" data-end=\"806\">Resistenza regolabile:<\/strong><br data-start=\"806\" data-end=\"809\" \/>Con il MegaFormer \u00e8 possibile regolare facilmente il livello di resistenza in base alle proprie esigenze di fitness. Che si tratti di uno stretching leggero o di un allenamento impegnativo, questa funzione aiuta a colpire diversi gruppi muscolari, favorendo la crescita muscolare e la perdita di grasso.<\/p>\n<\/li>\n<li data-start=\"1058\" data-end=\"1346\">\n<p data-start=\"1060\" data-end=\"1346\"><strong data-start=\"1060\" data-end=\"1088\">Carrello scorrevole:<\/strong><br data-start=\"1088\" data-end=\"1091\" \/>Il carrello scorrevole della macchina assicura movimenti fluidi durante ogni esercizio, riducendo il rischio di lesioni e massimizzando l'efficienza dell'allenamento. Il carrello \u00e8 progettato per gestire con facilit\u00e0 sia i movimenti lenti e controllati sia le routine a ritmo sostenuto.<\/p>\n<\/li>\n<li data-start=\"1348\" data-end=\"1576\">\n<p data-start=\"1350\" data-end=\"1576\"><strong data-start=\"1350\" data-end=\"1369\">Design compatto:<\/strong><br data-start=\"1369\" data-end=\"1372\" \/>Nonostante la sua versatilit\u00e0, il MegaFormer \u00e8 compatto, il che lo rende perfetto sia per le palestre domestiche che per gli studi professionali con spazio limitato. Offre un allenamento completo del corpo senza compromettere lo spazio disponibile.<\/p>\n<\/li>\n<li data-start=\"1578\" data-end=\"1819\">\n<p data-start=\"1580\" data-end=\"1819\"><strong data-start=\"1580\" data-end=\"1621\">Flessibilit\u00e0 e forza del core migliorate:<\/strong><br data-start=\"1621\" data-end=\"1624\" \/>Questo <a href=\"https:\/\/megacorepilates.com\/it\/contattateci\/\"><span style=\"color: #00ccff;\">Macchina MegaFormer<\/span><\/a> \u00e8 in grado di migliorare la flessibilit\u00e0 e la forza del core, con un'ampia gamma di esercizi per addominali, gambe, braccia e glutei. \u00c8 perfetto per scolpire un fisico snello e tonico.<\/p>\n<\/li>\n<\/ul>\n<p><img decoding=\"async\" class=\"wp-image-2534\" src=\"http:\/\/megacorepilates.com\/wp-content\/uploads\/\u4e3b\u56fe_05-300x226.jpg\" alt=\"Megacore pilates reformer in vendita\" width=\"563\" height=\"424\" title=\"\" srcset=\"\" sizes=\"(max-width: 563px) 100vw, 563px\" data-srcset=\"\" \/><\/p>\n<p><img loading=\"lazy\" decoding=\"async\" class=\"wp-image-2535\" src=\"http:\/\/megacorepilates.com\/wp-content\/uploads\/\u4e3b\u56fe_06-300x200.jpg\" alt=\"forniture per pilates reformer\" width=\"563\" height=\"375\" title=\"\" srcset=\"\" sizes=\"(max-width: 563px) 100vw, 563px\" data-srcset=\"\" \/><\/p>\n<p>&nbsp;<\/p>","protected":false},"excerpt":{"rendered":"<p>Scoprire il <a href=\"https:\/\/megacorepilates.com\/it\/contattateci\/\">Macchina MegaFormer<\/a> in vendita, progettato per gli allenamenti dinamici di Pilates. Ideale per la forza, la flessibilit\u00e0 e il modellamento del corpo, offre una resistenza regolabile per tutti i livelli e gli obiettivi di fitness.<br \/>\nDimension:327*87.2*83.6cm<br \/>\nDimensione delle cornici: 299,7*66,8*45cm<br \/>\naltezza (telaio a terra): 452 mm<br \/>\nDimensione caraige: 12008668mm<br \/>\npiattaforma anteriore: 300*668 mm<br \/>\npiattaforma posteriore: 433*668 mm<\/p>","protected":false},"featured_media":2530,"template":"","meta":[],"product_brand":[157],"product_cat":[15],"product_tag":[86,98,91,22,92,93],"class_list":{"0":"post-2517","1":"product","2":"type-product","3":"status-publish","4":"has-post-thumbnail","6":"product_brand-megacore","7":"product_cat-commercial-pilates-reformer","8":"product_tag-aluminum-pilates-reformer","9":"product_tag-comfortable-pilates-reformer","10":"product_tag-heavy-duty-pilates-reformer","11":"product_tag-pilates-reformer","12":"product_tag-studio-quality-pilates-reformer","13":"product_tag-versatile-pilates-reformer","15":"first","16":"outofstock","17":"shipping-taxable","18":"product-type-variable"},"_links":{"self":[{"href":"https:\/\/megacorepilates.com\/it\/wp-json\/wp\/v2\/product\/2517","targetHints":{"allow":["GET"]}}],"collection":[{"href":"https:\/\/megacorepilates.com\/it\/wp-json\/wp\/v2\/product"}],"about":[{"href":"https:\/\/megacorepilates.com\/it\/wp-json\/wp\/v2\/types\/product"}],"wp:featuredmedia":[{"embeddable":true,"href":"https:\/\/megacorepilates.com\/it\/wp-json\/wp\/v2\/media\/2530"}],"wp:attachment":[{"href":"https:\/\/megacorepilates.com\/it\/wp-json\/wp\/v2\/media?parent=2517"}],"wp:term":[{"taxonomy":"product_brand","embeddable":true,"href":"https:\/\/megacorepilates.com\/it\/wp-json\/wp\/v2\/product_brand?post=2517"},{"taxonomy":"product_cat","embeddable":true,"href":"https:\/\/megacorepilates.com\/it\/wp-json\/wp\/v2\/product_cat?post=2517"},{"taxonomy":"product_tag","embeddable":true,"href":"https:\/\/megacorepilates.com\/it\/wp-json\/wp\/v2\/product_tag?post=2517"}],"curies":[{"name":"wp","href":"https:\/\/api.w.org\/{rel}","templated":true}]}}