{"id":2117,"date":"2025-09-17T13:59:59","date_gmt":"2025-09-17T05:59:59","guid":{"rendered":"https:\/\/megacorepilates.com\/?post_type=product&#038;p=2117"},"modified":"2025-09-22T11:33:04","modified_gmt":"2025-09-22T03:33:04","slug":"megacorepilates-megaformer-t59","status":"publish","type":"product","link":"https:\/\/megacorepilates.com\/lv\/products\/megacorepilates-megaformer-t59\/","title":{"rendered":"MegaCorePilates Megaformer T59"},"content":{"rendered":"<p><b>Top Quality New Strong Metal Pilates Reformer Heavy Duty Commercial Pilates Equipment\u00a0<\/b><\/p>\n<p><img fetchpriority=\"high\" decoding=\"async\" class=\"alignnone wp-image-2107\" src=\"http:\/\/megacorepilates.com\/wp-content\/uploads\/2.1-300x300.jpg\" alt=\"\" width=\"628\" height=\"628\" title=\"\" srcset=\"https:\/\/megacorepilates.com\/wp-content\/uploads\/2.1-300x300.jpg 300w, https:\/\/megacorepilates.com\/wp-content\/uploads\/2.1-150x150.jpg 150w, https:\/\/megacorepilates.com\/wp-content\/uploads\/2.1-768x768.jpg 768w, https:\/\/megacorepilates.com\/wp-content\/uploads\/2.1-600x600.jpg 600w, https:\/\/megacorepilates.com\/wp-content\/uploads\/2.1-100x100.jpg 100w, https:\/\/megacorepilates.com\/wp-content\/uploads\/2.1.jpg 960w\" sizes=\"(max-width: 628px) 100vw, 628px\" \/><\/p>\n<div class=\"rich-text-table\">\n<table>\n<tbody>\n<tr>\n<td><b>More Details<\/b><\/td>\n<\/tr>\n<tr>\n<td>1. The distance between the cushion and the ground: 427mm<\/td>\n<\/tr>\n<tr>\n<td>2. Material of main frame: 100*50*2.5<\/td>\n<\/tr>\n<tr>\n<td>3. Materail of handle bar: 38*3<\/td>\n<\/tr>\n<tr>\n<td>4. Material of carriage: 60*30*3<\/td>\n<\/tr>\n<tr>\n<td>5. Heavy-duty, easy-to-clean upholstery:Super-fibre leather+EVA+sponge<\/td>\n<\/tr>\n<tr>\n<td>6. adjustable angle for footbar 90\u00b0,65\u00b0 ,40\u00b0,15\u00b0 (4 position)<\/td>\n<\/tr>\n<tr>\n<td>7. adjustable angle for front handle bar0\u00b0,90\u00b0,180\u00b0,270\u00b0<\/td>\n<\/tr>\n<tr>\n<td>8. Footbar can be \u00a0easily adjusted by pedal<\/td>\n<\/tr>\n<tr>\n<td>9. Spring system: \u00a0 88LBS *1pcs(blue) ,22LBS*2pcs(black),8LBS* 2pcs((grey)<\/td>\n<\/tr>\n<tr>\n<td>10. Two Pairs Straps (4 straps )<\/td>\n<\/tr>\n<tr>\n<td>11. 1pair loops:with hand and foot together<\/td>\n<\/tr>\n<tr>\n<td>12. body\u00a0bar:2pcs(3kg+5kg)<\/td>\n<\/tr>\n<tr>\n<td>13. dumbbell:2 pairs(4lbs+6lbs)<\/td>\n<\/tr>\n<tr>\n<td>14. Warranty: 3 year for the frame, one year for the accessories<\/td>\n<\/tr>\n<tr>\n<td>15. 20GP:27 PCS,\u00a0 \u00a040HQ:57PCS<\/td>\n<\/tr>\n<\/tbody>\n<\/table>\n<\/div>\n<p><b>Factory Information :<br \/>\n<img decoding=\"async\" class=\"\" src=\"https:\/\/image.made-in-china.com\/226f3j00PShIDOjLCiGH\/Best-Quality-New-Strong-Metal-Pilates-Reformer-Commercial-Pilates-Equipment.webp\" alt=\"Lab\u0101k\u0101s kvalit\u0101tes jauns sp\u0113c\u012bgs met\u0101la Pilates Reformer Commercial Pilates apr\u012bkojums\" width=\"672\" height=\"511\" data-original=\"\/\/image.made-in-china.com\/226f3j00PShIDOjLCiGH\/Best-Quality-New-Strong-Metal-Pilates-Reformer-Commercial-Pilates-Equipment.webp\" data-faw_img=\"true\" title=\"\"><br \/>\n<\/b><img decoding=\"async\" src=\"https:\/\/image.made-in-china.com\/226f3j00WjVDHTsavlYP\/Best-Quality-New-Strong-Metal-Pilates-Reformer-Commercial-Pilates-Equipment.webp\" alt=\"Lab\u0101k\u0101s kvalit\u0101tes jauns sp\u0113c\u012bgs met\u0101la Pilates Reformer Commercial Pilates apr\u012bkojums\" width=\"1060\" height=\"\" data-original=\"\/\/image.made-in-china.com\/226f3j00WjVDHTsavlYP\/Best-Quality-New-Strong-Metal-Pilates-Reformer-Commercial-Pilates-Equipment.webp\" data-faw_img=\"true\" title=\"\"><br \/>\n<b>Production Line :<\/b><br \/>\n<img decoding=\"async\" src=\"https:\/\/image.made-in-china.com\/226f3j00lsVLIrSKbWYD\/Best-Quality-New-Strong-Metal-Pilates-Reformer-Commercial-Pilates-Equipment.webp\" alt=\"Lab\u0101k\u0101s kvalit\u0101tes jauns sp\u0113c\u012bgs met\u0101la Pilates Reformer Commercial Pilates apr\u012bkojums\" width=\"1060\" height=\"\" data-original=\"\/\/image.made-in-china.com\/226f3j00lsVLIrSKbWYD\/Best-Quality-New-Strong-Metal-Pilates-Reformer-Commercial-Pilates-Equipment.webp\" data-faw_img=\"true\" title=\"\"><br \/>\n<b>Showroom:<\/b><\/p>\n<div data-mic-template=\"\">\n<div>\n<div data-mic-template-item=\"\" data-mic-template-text=\"\">\n<div>\n<p>We\u00a0produces more than 600 kinds of\u00a0different\u00a0<b>fitness equipment products<\/b>, has been exported to more than 150 countries.\u00a0Products range\u00a0include family fitness centers, various types of commercial fitness clubs, government\u00a0and\u00a0school procurement, gym\u00a0training, athlete training and rehabilitation\u00a0center , female\u00a0fitness center,\u00a0<b>pilates studio<\/b>\u00a0and other engineering projects.<\/p>\n<p>We provide\u00a0<b>OEM&amp;ODM service<\/b>\u00a0for a long time in fitness industry base on more than 27 years professional experience.<\/p>\n<p>We pay more attention to the product development, building\u00a0<b>professional R&amp;D team<\/b>\u00a0to meet different special needs for our customers. Enjoy high appreciation in\u00a0fitness industry.<\/p>\n<p>We have been seeking\u00a0healthy\u00a0&amp; active lifestyles.\u00a0Always take product quality as the core\u00a0base on\u00a0innovation\u00a0&amp;\u00a0independent development.<\/p>\n<p>We provide one-stop service, help you to save time and cost. You can choose the whole set of\u00a0<b>gym equipment<\/b>\u00a0from us, such as cardio, strength machines, dumbbells etc.<\/p>\n<p>We provide the best after-sales service and standard warranty in the fitness industry.<\/p>\n<\/div>\n<\/div>\n<div data-mic-template-image=\"\" data-mic-template-item=\"\"><img decoding=\"async\" src=\"https:\/\/image.made-in-china.com\/226f3j00hjlPHVsSZWfI\/Best-Quality-New-Strong-Metal-Pilates-Reformer-Commercial-Pilates-Equipment.webp\" alt=\"Lab\u0101k\u0101s kvalit\u0101tes jauns sp\u0113c\u012bgs met\u0101la Pilates Reformer Commercial Pilates apr\u012bkojums\" width=\"497\" height=\"\" data-original=\"\/\/image.made-in-china.com\/226f3j00hjlPHVsSZWfI\/Best-Quality-New-Strong-Metal-Pilates-Reformer-Commercial-Pilates-Equipment.webp\" data-faw_img=\"true\" title=\"\"><\/div>\n<\/div>\n<\/div>\n<p><b>Our Honor :\u00a0<\/b><br \/>\n<img decoding=\"async\" src=\"https:\/\/image.made-in-china.com\/226f3j00VSlPIeZhCiRH\/Best-Quality-New-Strong-Metal-Pilates-Reformer-Commercial-Pilates-Equipment.webp\" alt=\"Lab\u0101k\u0101s kvalit\u0101tes jauns sp\u0113c\u012bgs met\u0101la Pilates Reformer Commercial Pilates apr\u012bkojums\" width=\"1060\" height=\"\" data-original=\"\/\/image.made-in-china.com\/226f3j00VSlPIeZhCiRH\/Best-Quality-New-Strong-Metal-Pilates-Reformer-Commercial-Pilates-Equipment.webp\" data-faw_img=\"true\" title=\"\"><br \/>\n<b>Exhibition :\u00a0<\/b><br \/>\n<img decoding=\"async\" src=\"https:\/\/image.made-in-china.com\/226f3j00VZWPDnKGbiYI\/Best-Quality-New-Strong-Metal-Pilates-Reformer-Commercial-Pilates-Equipment.webp\" alt=\"Lab\u0101k\u0101s kvalit\u0101tes jauns sp\u0113c\u012bgs met\u0101la Pilates Reformer Commercial Pilates apr\u012bkojums\" width=\"1060\" height=\"\" data-original=\"\/\/image.made-in-china.com\/226f3j00VZWPDnKGbiYI\/Best-Quality-New-Strong-Metal-Pilates-Reformer-Commercial-Pilates-Equipment.webp\" data-faw_img=\"true\" title=\"\"><b>Packing And Shipping :<br \/>\n<img decoding=\"async\" src=\"https:\/\/image.made-in-china.com\/226f3j00bjhHDEZybiUP\/Best-Quality-New-Strong-Metal-Pilates-Reformer-Commercial-Pilates-Equipment.webp\" alt=\"Lab\u0101k\u0101s kvalit\u0101tes jauns sp\u0113c\u012bgs met\u0101la Pilates Reformer Commercial Pilates apr\u012bkojums\" width=\"1043\" height=\"\" data-original=\"\/\/image.made-in-china.com\/226f3j00bjhHDEZybiUP\/Best-Quality-New-Strong-Metal-Pilates-Reformer-Commercial-Pilates-Equipment.webp\" data-faw_img=\"true\" title=\"\"><\/b><\/p>","protected":false},"excerpt":{"rendered":"<p>MegaCorePilates Megaformer T59 ir profesion\u0101las klases trena\u017eieris, kas paredz\u0113ts Pilates treni\u0146iem ar visu \u0137ermeni. Ar regul\u0113jamu pretest\u012bbu, vienm\u0113r\u012bgu sl\u012bd\u0113\u0161anu un iztur\u012bgu konstrukciju tas uzlabo \u0137erme\u0146a kodola sp\u0113ku, elast\u012bbu un visp\u0101r\u0113jo fizisko sagatavot\u012bbu, t\u0101p\u0113c ir ide\u0101li piem\u0113rots studij\u0101m, m\u0101jas sporta z\u0101l\u0113m un rehabilit\u0101cijas programm\u0101m.<\/p>","protected":false},"featured_media":2105,"template":"","meta":[],"product_brand":[157],"product_cat":[15],"product_tag":[99,86,98,91,25,20,95,93],"class_list":{"0":"post-2117","1":"product","2":"type-product","3":"status-publish","4":"has-post-thumbnail","6":"product_brand-megacore","7":"product_cat-commercial-pilates-reformer","8":"product_tag-adjustable-pilates-reformer","9":"product_tag-aluminum-pilates-reformer","10":"product_tag-comfortable-pilates-reformer","11":"product_tag-heavy-duty-pilates-reformer","12":"product_tag-home-gym","13":"product_tag-pilates","14":"product_tag-pro-grade-pilates-reformer","15":"product_tag-versatile-pilates-reformer","17":"first","18":"instock","19":"shipping-taxable","20":"product-type-simple"},"_links":{"self":[{"href":"https:\/\/megacorepilates.com\/lv\/wp-json\/wp\/v2\/product\/2117","targetHints":{"allow":["GET"]}}],"collection":[{"href":"https:\/\/megacorepilates.com\/lv\/wp-json\/wp\/v2\/product"}],"about":[{"href":"https:\/\/megacorepilates.com\/lv\/wp-json\/wp\/v2\/types\/product"}],"wp:featuredmedia":[{"embeddable":true,"href":"https:\/\/megacorepilates.com\/lv\/wp-json\/wp\/v2\/media\/2105"}],"wp:attachment":[{"href":"https:\/\/megacorepilates.com\/lv\/wp-json\/wp\/v2\/media?parent=2117"}],"wp:term":[{"taxonomy":"product_brand","embeddable":true,"href":"https:\/\/megacorepilates.com\/lv\/wp-json\/wp\/v2\/product_brand?post=2117"},{"taxonomy":"product_cat","embeddable":true,"href":"https:\/\/megacorepilates.com\/lv\/wp-json\/wp\/v2\/product_cat?post=2117"},{"taxonomy":"product_tag","embeddable":true,"href":"https:\/\/megacorepilates.com\/lv\/wp-json\/wp\/v2\/product_tag?post=2117"}],"curies":[{"name":"wp","href":"https:\/\/api.w.org\/{rel}","templated":true}]}}