{"id":583,"date":"2025-09-11T21:52:45","date_gmt":"2025-09-11T13:52:45","guid":{"rendered":"http:\/\/megacorepilates.com\/?post_type=product&#038;p=583"},"modified":"2025-09-17T15:53:14","modified_gmt":"2025-09-17T07:53:14","slug":"versatile-steel-pilates-reformer","status":"publish","type":"product","link":"https:\/\/megacorepilates.com\/lv\/products\/versatile-steel-pilates-reformer\/","title":{"rendered":"Univers\u0101ls t\u0113rauda pilates trena\u017eieris"},"content":{"rendered":"<p>&nbsp;<\/p>\n<div class=\"rich-text-table\">\n<table border=\"1\" cellspacing=\"1\" cellpadding=\"1\">\n<tbody>\n<tr>\n<td>Pad to ground height<\/td>\n<td>\u00a0430mm<\/td>\n<\/tr>\n<tr>\n<td>Carriage size<\/td>\n<td>1200 * 668mm<\/td>\n<\/tr>\n<tr>\n<td>Front Platform<\/td>\n<td>380 * 668mm<\/td>\n<\/tr>\n<tr>\n<td>Rear Platform :<\/td>\n<td>440 * 668mm<\/td>\n<\/tr>\n<tr>\n<td>The rear handle has four rotation angles:<\/td>\n<td>0 \u00b0, 90 \u00b0, 180 \u00b0 and 270 \u00b0 (the front and rear angles are not adjustable)<\/td>\n<\/tr>\n<tr>\n<td>The front handle has four rotation angles:<\/td>\n<td>0 \u00b0, 90 \u00b0, 180 \u00b0 and 270 \u00b0 (the front and rear angles are not adjustable)<\/td>\n<\/tr>\n<\/tbody>\n<\/table>\n<\/div>\n<p><img decoding=\"async\" src=\"https:\/\/image.made-in-china.com\/226f3j00acgWdMCDfHoy\/Customized-Top-Quality-Gym-Equipment-Aluminium-Pilates-Studio-Pilates-Reformer.webp\" alt=\"Customized Top Quality Gym Equipment Aluminium Pilates Studio Pilates Reformer\" width=\"800px\" data-original=\"\/\/image.made-in-china.com\/226f3j00acgWdMCDfHoy\/Customized-Top-Quality-Gym-Equipment-Aluminium-Pilates-Studio-Pilates-Reformer.webp\" title=\"\"><\/p>\n<p><b>Prodcut details<\/b><\/p>\n<p><img decoding=\"async\" src=\"https:\/\/image.made-in-china.com\/226f3j00akuWmnCBMPqN\/Customized-Top-Quality-Gym-Equipment-Aluminium-Pilates-Studio-Pilates-Reformer.webp\" alt=\"Customized Top Quality Gym Equipment Aluminium Pilates Studio Pilates Reformer\" width=\"800px\" data-original=\"\/\/image.made-in-china.com\/226f3j00akuWmnCBMPqN\/Customized-Top-Quality-Gym-Equipment-Aluminium-Pilates-Studio-Pilates-Reformer.webp\" title=\"\"><\/p>\n<p><img decoding=\"async\" src=\"https:\/\/image.made-in-china.com\/226f3j00YkgiwEvJrDoF\/Customized-Top-Quality-Gym-Equipment-Aluminium-Pilates-Studio-Pilates-Reformer.webp\" alt=\"Customized Top Quality Gym Equipment Aluminium Pilates Studio Pilates Reformer\" width=\"800px\" data-original=\"\/\/image.made-in-china.com\/226f3j00YkgiwEvJrDoF\/Customized-Top-Quality-Gym-Equipment-Aluminium-Pilates-Studio-Pilates-Reformer.webp\" title=\"\"><img decoding=\"async\" src=\"https:\/\/image.made-in-china.com\/226f3j00YqgiwzvFLIky\/Customized-Top-Quality-Gym-Equipment-Aluminium-Pilates-Studio-Pilates-Reformer.webp\" alt=\"Customized Top Quality Gym Equipment Aluminium Pilates Studio Pilates Reformer\" width=\"800px\" data-original=\"\/\/image.made-in-china.com\/226f3j00YqgiwzvFLIky\/Customized-Top-Quality-Gym-Equipment-Aluminium-Pilates-Studio-Pilates-Reformer.webp\" title=\"\"><\/p>\n<p><b>Factory Information :<br \/>\n<img decoding=\"async\" src=\"https:\/\/image.made-in-china.com\/226f3j00YkpVmivCLHoF\/Customized-Top-Quality-Gym-Equipment-Aluminium-Pilates-Studio-Pilates-Reformer.webp\" alt=\"Customized Top Quality Gym Equipment Aluminium Pilates Studio Pilates Reformer\" width=\"1058px\" data-original=\"\/\/image.made-in-china.com\/226f3j00YkpVmivCLHoF\/Customized-Top-Quality-Gym-Equipment-Aluminium-Pilates-Studio-Pilates-Reformer.webp\" title=\"\"><\/b><img decoding=\"async\" src=\"https:\/\/image.made-in-china.com\/226f3j00GbgiABMdyDcF\/Customized-Top-Quality-Gym-Equipment-Aluminium-Pilates-Studio-Pilates-Reformer.webp\" alt=\"Customized Top Quality Gym Equipment Aluminium Pilates Studio Pilates Reformer\" width=\"1060px\" data-original=\"\/\/image.made-in-china.com\/226f3j00GbgiABMdyDcF\/Customized-Top-Quality-Gym-Equipment-Aluminium-Pilates-Studio-Pilates-Reformer.webp\" title=\"\"><br \/>\n<b>Production Line :<\/b><br \/>\n<img decoding=\"async\" src=\"https:\/\/image.made-in-china.com\/226f3j00UqgiAOCzLPky\/Customized-Top-Quality-Gym-Equipment-Aluminium-Pilates-Studio-Pilates-Reformer.webp\" alt=\"Customized Top Quality Gym Equipment Aluminium Pilates Studio Pilates Reformer\" width=\"1060px\" data-original=\"\/\/image.made-in-china.com\/226f3j00UqgiAOCzLPky\/Customized-Top-Quality-Gym-Equipment-Aluminium-Pilates-Studio-Pilates-Reformer.webp\" title=\"\"><br \/>\n<b>Showroom:<\/b><\/p>\n<div data-mic-template=\"\">\n<div data-mic-template-item=\"\" data-mic-template-text=\"\">\n<p>We\u00a0produces more than 600 kinds of\u00a0different\u00a0<b>fitness equipment products<\/b>, has been exported to more than 150 countries.\u00a0Products range\u00a0include family fitness centers, various types of commercial fitness clubs, government\u00a0and\u00a0school procurement, gym\u00a0training, athlete training and rehabilitation\u00a0center , female\u00a0fitness center,\u00a0<b>pilates studio<\/b>\u00a0and other engineering projects.<\/p>\n<p>We provide\u00a0<b>OEM&amp;ODM service<\/b>\u00a0for a long time in fitness industry base on more than 27 years professional experience.<\/p>\n<p>We pay more attention to the product development, building\u00a0<b>professional R&amp;D team<\/b>\u00a0to meet different special needs for our customers. Enjoy high appreciation in\u00a0fitness industry.<\/p>\n<p>We have been seeking\u00a0healthy\u00a0&amp; active lifestyles.\u00a0Always take product quality as the core\u00a0base on\u00a0innovation\u00a0&amp;\u00a0independent development.<\/p>\n<p>We provide one-stop service, help you to save time and cost. You can choose the whole set of\u00a0<b>gym equipment<\/b>\u00a0from us, such as cardio, strength machines, dumbbells etc.<\/p>\n<p>We provide the best after-sales service and standard warranty in the fitness industry.<\/p>\n<\/div>\n<\/div>\n<p><b>Our Honor :\u00a0<\/b><br \/>\n<img decoding=\"async\" src=\"https:\/\/image.made-in-china.com\/226f3j00rogVwzvIAPcn\/Customized-Top-Quality-Gym-Equipment-Aluminium-Pilates-Studio-Pilates-Reformer.webp\" alt=\"Customized Top Quality Gym Equipment Aluminium Pilates Studio Pilates Reformer\" width=\"1060px\" data-original=\"\/\/image.made-in-china.com\/226f3j00rogVwzvIAPcn\/Customized-Top-Quality-Gym-Equipment-Aluminium-Pilates-Studio-Pilates-Reformer.webp\" title=\"\"><br \/>\n<b>Exhibition :\u00a0<\/b><br \/>\n<img decoding=\"async\" src=\"https:\/\/image.made-in-china.com\/226f3j00zkrVJivKkHqF\/Customized-Top-Quality-Gym-Equipment-Aluminium-Pilates-Studio-Pilates-Reformer.webp\" alt=\"Customized Top Quality Gym Equipment Aluminium Pilates Studio Pilates Reformer\" width=\"1060px\" data-original=\"\/\/image.made-in-china.com\/226f3j00zkrVJivKkHqF\/Customized-Top-Quality-Gym-Equipment-Aluminium-Pilates-Studio-Pilates-Reformer.webp\" title=\"\"><\/p>","protected":false},"excerpt":{"rendered":"<p data-start=\"97\" data-end=\"591\"><strong data-start=\"97\" data-end=\"133\">Univers\u0101ls t\u0113rauda pilates trena\u017eieris<\/strong> ir iztur\u012bgs, profesion\u0101las klases Pilates trena\u017eieris, kas paredz\u0113ts visa \u0137erme\u0146a treni\u0146iem. T\u0101 sp\u0113c\u012bgais t\u0113rauda r\u0101mis nodro\u0161ina stabilit\u0101ti un ilgsto\u0161u darb\u012bbu, bet regul\u0113jam\u0101 pretest\u012bba un vienm\u0113r\u012bg\u0101 sl\u012bd\u0113\u0161ana \u013cauj veikt piel\u0101gotus vingrin\u0101jumus, kas v\u0113rsti uz kodola sp\u0113ku, elast\u012bbu, st\u0101ju un l\u012bdzsvaru. \u0160is univers\u0101lais trena\u017eieris ir lieliski piem\u0113rots m\u0101jas trena\u017eieru z\u0101l\u0113m, studij\u0101m un rehabilit\u0101cijas programm\u0101m, un tas nodro\u0161ina dro\u0161u un efekt\u012bvu Pilates treni\u0146u pieredzi visu prasmju l\u012bme\u0146u lietot\u0101jiem.<\/p>","protected":false},"featured_media":859,"template":"","meta":[],"product_brand":[157],"product_cat":[15],"product_tag":[95,94,93],"class_list":{"0":"post-583","1":"product","2":"type-product","3":"status-publish","4":"has-post-thumbnail","6":"product_brand-megacore","7":"product_cat-commercial-pilates-reformer","8":"product_tag-pro-grade-pilates-reformer","9":"product_tag-smooth-glide-pilates-reformer","10":"product_tag-versatile-pilates-reformer","12":"first","13":"instock","14":"shipping-taxable","15":"product-type-simple"},"_links":{"self":[{"href":"https:\/\/megacorepilates.com\/lv\/wp-json\/wp\/v2\/product\/583","targetHints":{"allow":["GET"]}}],"collection":[{"href":"https:\/\/megacorepilates.com\/lv\/wp-json\/wp\/v2\/product"}],"about":[{"href":"https:\/\/megacorepilates.com\/lv\/wp-json\/wp\/v2\/types\/product"}],"wp:featuredmedia":[{"embeddable":true,"href":"https:\/\/megacorepilates.com\/lv\/wp-json\/wp\/v2\/media\/859"}],"wp:attachment":[{"href":"https:\/\/megacorepilates.com\/lv\/wp-json\/wp\/v2\/media?parent=583"}],"wp:term":[{"taxonomy":"product_brand","embeddable":true,"href":"https:\/\/megacorepilates.com\/lv\/wp-json\/wp\/v2\/product_brand?post=583"},{"taxonomy":"product_cat","embeddable":true,"href":"https:\/\/megacorepilates.com\/lv\/wp-json\/wp\/v2\/product_cat?post=583"},{"taxonomy":"product_tag","embeddable":true,"href":"https:\/\/megacorepilates.com\/lv\/wp-json\/wp\/v2\/product_tag?post=583"}],"curies":[{"name":"wp","href":"https:\/\/api.w.org\/{rel}","templated":true}]}}