{"id":3507,"date":"2025-10-13T15:40:26","date_gmt":"2025-10-13T07:40:26","guid":{"rendered":"https:\/\/megacorepilates.com\/?page_id=3507"},"modified":"2025-10-13T15:47:55","modified_gmt":"2025-10-13T07:47:55","slug":"acessorios-para-pilates","status":"publish","type":"page","link":"https:\/\/megacorepilates.com\/pt\/reforcador-de-pilates\/acessorios-para-pilates\/","title":{"rendered":"acess\u00f3rios para pilates"},"content":{"rendered":"<div data-elementor-type=\"wp-page\" data-elementor-id=\"3507\" class=\"elementor elementor-3507\" data-elementor-post-type=\"page\">\n\t\t\t\t<div class=\"elementor-element elementor-element-5ed79c57 e-flex e-con-boxed e-con e-parent\" data-id=\"5ed79c57\" data-element_type=\"container\" data-e-type=\"container\" data-settings=\"{&quot;background_background&quot;:&quot;classic&quot;}\">\n\t\t\t\t\t<div class=\"e-con-inner\">\n\t\t\t\t<div class=\"elementor-element elementor-element-17e04575 elementor-widget elementor-widget-text-editor\" data-id=\"17e04575\" data-element_type=\"widget\" data-e-type=\"widget\" data-widget_type=\"text-editor.default\">\n\t\t\t\t<div class=\"elementor-widget-container\">\n\t\t\t\t\t\t\t\t\t<p>Como fabricante l\u00edder de equipamento de Pilates na China, a Megacore est\u00e1 empenhada em fornecer uma variedade de m\u00e1quinas de Pilates comerciais, equipamento de Pilates dom\u00e9stico port\u00e1til e dobr\u00e1vel, bem como mais acess\u00f3rios para m\u00e1quinas de Pilates \u00e0 sua escolha. Contacte-nos para mais descontos!<\/p>\t\t\t\t\t\t\t\t<\/div>\n\t\t\t\t<\/div>\n\t\t\t\t<div class=\"elementor-element elementor-element-2ef04664 elementor-widget elementor-widget-button\" data-id=\"2ef04664\" data-element_type=\"widget\" data-e-type=\"widget\" data-widget_type=\"button.default\">\n\t\t\t\t<div class=\"elementor-widget-container\">\n\t\t\t\t\t\t\t\t\t<div class=\"elementor-button-wrapper\">\n\t\t\t\t\t<a class=\"elementor-button elementor-button-link elementor-size-sm\" href=\"#elementor-action%3Aaction%3Dpopup%3Aopen%26settings%3DeyJpZCI6IjI3NTciLCJ0b2dnbGUiOmZhbHNlfQ%3D%3D\">\n\t\t\t\t\t\t<span class=\"elementor-button-content-wrapper\">\n\t\t\t\t\t\t\t\t\t<span class=\"elementor-button-text\">OBTER UM OR\u00c7AMENTO INSTANT\u00c2NEO<\/span>\n\t\t\t\t\t<\/span>\n\t\t\t\t\t<\/a>\n\t\t\t\t<\/div>\n\t\t\t\t\t\t\t\t<\/div>\n\t\t\t\t<\/div>\n\t\t\t\t\t<\/div>\n\t\t\t\t<\/div>\n\t\t<div class=\"elementor-element elementor-element-4a126090 e-flex e-con-boxed e-con e-parent\" data-id=\"4a126090\" data-element_type=\"container\" data-e-type=\"container\">\n\t\t\t\t\t<div class=\"e-con-inner\">\n\t\t\t\t<div class=\"elementor-element elementor-element-2e6eaee elementor-widget elementor-widget-woocommerce-breadcrumb\" data-id=\"2e6eaee\" data-element_type=\"widget\" data-e-type=\"widget\" data-widget_type=\"woocommerce-breadcrumb.default\">\n\t\t\t\t<div class=\"elementor-widget-container\">\n\t\t\t\t\t<nav class=\"woocommerce-breadcrumb\" aria-label=\"Breadcrumb\" data-no-translation=\"\" data-trp-gettext=\"\">In\u00edcio<\/nav>\t\t\t\t<\/div>\n\t\t\t\t<\/div>\n\t\t\t\t\t<\/div>\n\t\t\t\t<\/div>\n\t\t<div class=\"elementor-element elementor-element-31997a91 e-flex e-con-boxed e-con e-parent\" data-id=\"31997a91\" data-element_type=\"container\" data-e-type=\"container\">\n\t\t\t\t\t<div class=\"e-con-inner\">\n\t\t<div class=\"elementor-element elementor-element-3590e135 e-con-full e-flex e-con e-child\" data-id=\"3590e135\" data-element_type=\"container\" data-e-type=\"container\">\n\t\t\t\t<div class=\"elementor-element elementor-element-3b3fd7ac elementor-widget elementor-widget-heading\" data-id=\"3b3fd7ac\" data-element_type=\"widget\" data-e-type=\"widget\" data-widget_type=\"heading.default\">\n\t\t\t\t<div class=\"elementor-widget-container\">\n\t\t\t\t\t<h2 class=\"elementor-heading-title elementor-size-default\">Catagrios de produtos<\/h2>\t\t\t\t<\/div>\n\t\t\t\t<\/div>\n\t\t\t\t<div class=\"elementor-element elementor-element-49eb8a32 elementor-widget elementor-widget-n-accordion\" data-id=\"49eb8a32\" data-element_type=\"widget\" data-e-type=\"widget\" data-settings=\"{&quot;default_state&quot;:&quot;expanded&quot;,&quot;max_items_expended&quot;:&quot;one&quot;,&quot;n_accordion_animation_duration&quot;:{&quot;unit&quot;:&quot;ms&quot;,&quot;size&quot;:400,&quot;sizes&quot;:[]}}\" data-widget_type=\"nested-accordion.default\">\n\t\t\t\t<div class=\"elementor-widget-container\">\n\t\t\t\t\t\t\t<div class=\"e-n-accordion\" aria-label=\"Acorde\u00e3o. Abrir liga\u00e7\u00f5es com Enter ou Espa\u00e7o, fechar com Escape e navegar com Setas\">\n\t\t\t\t\t\t<details id=\"e-n-accordion-item-1240\" class=\"e-n-accordion-item\" open>\n\t\t\t\t<summary class=\"e-n-accordion-item-title\" data-accordion-index=\"1\" tabindex=\"0\" aria-expanded=\"true\" aria-controls=\"e-n-accordion-item-1240\" >\n\t\t\t\t\t<span class='e-n-accordion-item-title-header'><div class=\"e-n-accordion-item-title-text\"> Reformer de Pilates comercial <\/div><\/span>\n\t\t\t\t\t\t\t<span class='e-n-accordion-item-title-icon'>\n\t\t\t<span class='e-opened' ><i aria-hidden=\"true\" class=\"fas fa-minus\"><\/i><\/span>\n\t\t\t<span class='e-closed'><i aria-hidden=\"true\" class=\"fas fa-plus\"><\/i><\/span>\n\t\t<\/span>\n\n\t\t\t\t\t\t<\/summary>\n\t\t\t\t<div role=\"region\" aria-labelledby=\"e-n-accordion-item-1240\" class=\"elementor-element elementor-element-1ada400c e-con-full e-flex e-con e-child\" data-id=\"1ada400c\" data-element_type=\"container\" data-e-type=\"container\">\n\t\t\t\t<div class=\"elementor-element elementor-element-4c3362e elementor-widget elementor-widget-text-editor\" data-id=\"4c3362e\" data-element_type=\"widget\" data-e-type=\"widget\" data-widget_type=\"text-editor.default\">\n\t\t\t\t<div class=\"elementor-widget-container\">\n\t\t\t\t\t\t\t\t\t<ul><li><a href=\"https:\/\/megacorepilates.com\/pt\/reforcador-de-pilates-comercial\/\"><strong>Reformer de Pilates comercial<\/strong><\/a><\/li><li><strong><a class=\"row-title\" href=\"https:\/\/megacorepilates.com\/pt\/product\/megacorepilates-megaformer-t59\/\" target=\"_blank\" rel=\"noopener\">MegaCorePilates Megaformer T59<\/a><\/strong><\/li><li><strong><a class=\"row-title\" href=\"https:\/\/megacorepilates.com\/pt\/product\/venda-de-megaformadores\/\" target=\"_blank\" rel=\"noopener\">venda de megaformadores<\/a><\/strong><\/li><li><strong><a class=\"row-title\" href=\"https:\/\/megacorepilates.com\/pt\/product\/pilates-reformer-machine\/\" target=\"_blank\" rel=\"noopener\">M\u00e1quina de pilates reformer Megacore<\/a><\/strong><\/li><li><strong><a class=\"row-title\" href=\"https:\/\/megacorepilates.com\/pt\/product\/simple-style-studio-fitness-pilates-reformer\/\" target=\"_blank\" rel=\"noopener\">C22 Commerce Simple Style Studio Fitness Pilates Reformer<\/a><\/strong><\/li><li><strong><a class=\"row-title\" href=\"https:\/\/megacorepilates.com\/pt\/product\/pilates-reformer-machine-for-full-body-workouts\/\" target=\"_blank\" rel=\"noopener\">M\u00e1quina de Pilates Reformer para exerc\u00edcios de corpo inteiro<\/a><\/strong><\/li><li><strong><a class=\"row-title\" href=\"https:\/\/megacorepilates.com\/pt\/product\/pilates-reformer-for-core-strengthening\/\" target=\"_blank\" rel=\"noopener\">Pilates Reformer para o fortalecimento do n\u00facleo<\/a><\/strong><\/li><li><strong><a class=\"row-title\" href=\"https:\/\/megacorepilates.com\/pt\/product\/pilates-reformer-for-rehabilitation\/\">Reformer de Pilates para Reabilita\u00e7\u00e3o e Fisioterapia<\/a><\/strong><\/li><li><strong><a class=\"row-title\" href=\"https:\/\/megacorepilates.com\/pt\/product\/versatile-steel-pilates-reformer\/\" target=\"_blank\" rel=\"noopener\">Reformer de Pilates em a\u00e7o vers\u00e1til<\/a><\/strong><\/li><li><strong><a class=\"row-title\" href=\"https:\/\/megacorepilates.com\/pt\/product\/advanced-pilates-reformer-with-elevated-platform\/\" target=\"_blank\" rel=\"noopener\">Reformer avan\u00e7ado de Pilates com plataforma elevada<\/a><\/strong><\/li><li><strong><a class=\"row-title\" href=\"https:\/\/megacorepilates.com\/pt\/product\/top-quality-pilates-reformers\/\" target=\"_blank\" rel=\"noopener\">Reformadores de Pilates de alta qualidade<\/a><\/strong><\/li><li><strong><a class=\"row-title\" href=\"https:\/\/megacorepilates.com\/pt\/product\/top-pilates-reformer-equipment-for-home-use\/\" target=\"_blank\" rel=\"noopener\">Os melhores equipamentos de Pilates Reformer para uso em est\u00fadio<\/a><\/strong><\/li><\/ul>\t\t\t\t\t\t\t\t<\/div>\n\t\t\t\t<\/div>\n\t\t\t\t<\/div>\n\t\t\t\t\t<\/details>\n\t\t\t\t\t\t<details id=\"e-n-accordion-item-1241\" class=\"e-n-accordion-item\" >\n\t\t\t\t<summary class=\"e-n-accordion-item-title\" data-accordion-index=\"2\" tabindex=\"-1\" aria-expanded=\"false\" aria-controls=\"e-n-accordion-item-1241\" >\n\t\t\t\t\t<span class='e-n-accordion-item-title-header'><div class=\"e-n-accordion-item-title-text\"> Refor\u00e7ador de pilates para uso dom\u00e9stico <\/div><\/span>\n\t\t\t\t\t\t\t<span class='e-n-accordion-item-title-icon'>\n\t\t\t<span class='e-opened' ><i aria-hidden=\"true\" class=\"fas fa-minus\"><\/i><\/span>\n\t\t\t<span class='e-closed'><i aria-hidden=\"true\" class=\"fas fa-plus\"><\/i><\/span>\n\t\t<\/span>\n\n\t\t\t\t\t\t<\/summary>\n\t\t\t\t<div role=\"region\" aria-labelledby=\"e-n-accordion-item-1241\" class=\"elementor-element elementor-element-3ca2b34c e-con-full e-flex e-con e-child\" data-id=\"3ca2b34c\" data-element_type=\"container\" data-e-type=\"container\">\n\t\t\t\t<div class=\"elementor-element elementor-element-18a43cee elementor-widget elementor-widget-text-editor\" data-id=\"18a43cee\" data-element_type=\"widget\" data-e-type=\"widget\" data-widget_type=\"text-editor.default\">\n\t\t\t\t<div class=\"elementor-widget-container\">\n\t\t\t\t\t\t\t\t\t<ul><li><strong><a class=\"row-title\" href=\"https:\/\/megacorepilates.com\/pt\/reforcador-de-pilates-para-uso-domestico\/\">Refor\u00e7ador de pilates para uso dom\u00e9stico <\/a><\/strong><\/li><li><strong><a class=\"row-title\" href=\"https:\/\/megacorepilates.com\/pt\/product\/foldable-pilates-reformer-for-small-spaces\/\">Reformer de Pilates dobr\u00e1vel para espa\u00e7os pequenos<\/a><\/strong><\/li><\/ul>\t\t\t\t\t\t\t\t<\/div>\n\t\t\t\t<\/div>\n\t\t\t\t<\/div>\n\t\t\t\t\t<\/details>\n\t\t\t\t\t\t<details id=\"e-n-accordion-item-1242\" class=\"e-n-accordion-item\" >\n\t\t\t\t<summary class=\"e-n-accordion-item-title\" data-accordion-index=\"3\" tabindex=\"-1\" aria-expanded=\"false\" aria-controls=\"e-n-accordion-item-1242\" >\n\t\t\t\t\t<span class='e-n-accordion-item-title-header'><div class=\"e-n-accordion-item-title-text\"> Acess\u00f3rios para Pilates <\/div><\/span>\n\t\t\t\t\t\t\t<span class='e-n-accordion-item-title-icon'>\n\t\t\t<span class='e-opened' ><i aria-hidden=\"true\" class=\"fas fa-minus\"><\/i><\/span>\n\t\t\t<span class='e-closed'><i aria-hidden=\"true\" class=\"fas fa-plus\"><\/i><\/span>\n\t\t<\/span>\n\n\t\t\t\t\t\t<\/summary>\n\t\t\t\t<div role=\"region\" aria-labelledby=\"e-n-accordion-item-1242\" class=\"elementor-element elementor-element-6cd19a2c e-con-full e-flex e-con e-child\" data-id=\"6cd19a2c\" data-element_type=\"container\" data-e-type=\"container\">\n\t\t\t\t<div class=\"elementor-element elementor-element-6a92f287 elementor-widget elementor-widget-text-editor\" data-id=\"6a92f287\" data-element_type=\"widget\" data-e-type=\"widget\" data-widget_type=\"text-editor.default\">\n\t\t\t\t<div class=\"elementor-widget-container\">\n\t\t\t\t\t\t\t\t\t<ul><li><strong><a href=\"https:\/\/megacorepilates.com\/pt\/acessorios-para-pilates\/\">Acess\u00f3rios para Pilates <\/a><\/strong><\/li><li><strong><a class=\"row-title\" href=\"https:\/\/megacorepilates.com\/pt\/product\/yoga-custom-non-slip-pilates-yoga-socks\/\">Meias de ioga personalizadas antiderrapantes para pilates<\/a><\/strong><\/li><li><strong><a class=\"row-title\" href=\"https:\/\/megacorepilates.com\/pt\/product\/high-quality-non-slip-pilates-yoga-towels\/\">Toalhas de Yoga para Pilates Antiderrapantes de Alta Qualidade<\/a><\/strong><\/li><li><strong><a class=\"row-title\" href=\"https:\/\/megacorepilates.com\/pt\/product\/pe-material-pilates-spine-corrector\/\">Material PE Corretor de coluna de Pilates<\/a><\/strong><\/li><li><strong><a class=\"row-title\" href=\"https:\/\/megacorepilates.com\/pt\/product\/high-quality-eva-pilates-yoga-blocks\/\">Blocos de Pilates Yoga em EVA de alta qualidade<\/a><\/strong><\/li><li><strong><a class=\"row-title\" href=\"https:\/\/megacorepilates.com\/pt\/product\/high-quality-tpe-yoga-wheel-roller\/\">Rolo de rodas para ioga em TPE de alta qualidade<\/a><\/strong><\/li><li><strong><a class=\"row-title\" href=\"https:\/\/megacorepilates.com\/pt\/product\/high-quality-home-use-yoga-pilates-ring\/\">Anel de Yoga Pilates de alta qualidade para uso dom\u00e9stico<\/a><\/strong><\/li><li><strong><a class=\"row-title\" href=\"https:\/\/megacorepilates.com\/pt\/product\/non-slip-pilates-reformer-yoga-mats\/\">Tapetes de Yoga Antiderrapantes para Pilates Reformer<\/a><\/strong><\/li><li><strong><a class=\"row-title\" href=\"https:\/\/megacorepilates.com\/pt\/product\/non-slip-yoga-pilates-resistance-band\/\">Banda de resist\u00eancia antiderrapante para Yoga Pilates<\/a><\/strong><\/li><li><strong><a class=\"row-title\" href=\"https:\/\/megacorepilates.com\/pt\/product\/yoga-hand-soft-pilates-weight-ball\/\">Bola de peso de Pilates macia para m\u00e3os de ioga<\/a><\/strong><\/li><\/ul>\t\t\t\t\t\t\t\t<\/div>\n\t\t\t\t<\/div>\n\t\t\t\t<\/div>\n\t\t\t\t\t<\/details>\n\t\t\t\t\t<\/div>\n\t\t\t\t\t<script type=\"application\/ld+json\">{\n    \"@context\": \"https:\\\/\\\/schema.org\",\n    \"@type\": \"FAQPage\",\n    \"mainEntity\": [\n        {\n            \"@type\": \"Question\",\n            \"name\": \"Commercial Pilates Reformer\",\n            \"acceptedAnswer\": {\n                \"@type\": \"Answer\",\n                \"text\": \"Commercial Pilates ReformerMegaCorePilates Megaformer T59megaformer machine for saleMegacore pilates reformer machineC22 Commerce Simple Style Studio Fitness Pilates ReformerPilates Reformer Machine for Full-Body WorkoutsPilates Reformer for Core StrengtheningPilates Reformer for Rehabilitation and Physical TherapyVersatile Steel Pilates ReformerAdvanced Pilates Reformer with Elevated PlatformTop-Quality Pilates ReformersTop Pilates Reformer Equipment for Studio Use\"\n            }\n        },\n        {\n            \"@type\": \"Question\",\n            \"name\": \"Home use pilates reformer\",\n            \"acceptedAnswer\": {\n                \"@type\": \"Answer\",\n                \"text\": \"Home use pilates reformer Foldable Pilates Reformer for Small Spaces\"\n            }\n        },\n        {\n            \"@type\": \"Question\",\n            \"name\": \"Pilates Accessories\",\n            \"acceptedAnswer\": {\n                \"@type\": \"Answer\",\n                \"text\": \"Pilates Accessories Yoga Custom Non Slip Pilates Yoga SocksHigh Quality Non-Slip Pilates Yoga TowelsPE Material Pilates Spine CorrectorHigh Quality EVA Pilates Yoga BlocksHigh Quality TPE Yoga Wheel RollerHigh Quality Home Use Yoga Pilates RingNon-Slip Pilates Reformer Yoga MatsNon-Slip Yoga Pilates Resistance BandYoga Hand Soft Pilates Weight Ball\"\n            }\n        }\n    ]\n}<\/script>\n\t\t\t\t\t\t\t<\/div>\n\t\t\t\t<\/div>\n\t\t\t\t<\/div>\n\t\t<div class=\"elementor-element elementor-element-70785b7f e-con-full e-flex e-con e-child\" data-id=\"70785b7f\" data-element_type=\"container\" data-e-type=\"container\">\n\t\t\t\t<div class=\"woocommerce elementor-element elementor-element-66f87dba elementor-grid-1 elementor-grid-tablet-2 elementor-grid-mobile-1 elementor-widget elementor-widget-loop-grid\" data-id=\"66f87dba\" data-element_type=\"widget\" data-e-type=\"widget\" data-settings=\"{&quot;_skin&quot;:&quot;product&quot;,&quot;template_id&quot;:&quot;2860&quot;,&quot;columns&quot;:1,&quot;columns_tablet&quot;:&quot;2&quot;,&quot;columns_mobile&quot;:&quot;1&quot;,&quot;edit_handle_selector&quot;:&quot;[data-elementor-type=\\&quot;loop-item\\&quot;]&quot;,&quot;row_gap&quot;:{&quot;unit&quot;:&quot;px&quot;,&quot;size&quot;:&quot;&quot;,&quot;sizes&quot;:[]},&quot;row_gap_tablet&quot;:{&quot;unit&quot;:&quot;px&quot;,&quot;size&quot;:&quot;&quot;,&quot;sizes&quot;:[]},&quot;row_gap_mobile&quot;:{&quot;unit&quot;:&quot;px&quot;,&quot;size&quot;:&quot;&quot;,&quot;sizes&quot;:[]}}\" data-widget_type=\"loop-grid.product\">\n\t\t\t\t<div class=\"elementor-widget-container\">\n\t\t\t\t\t\t\t<div class=\"e-loop-nothing-found-message\">\n\t\t<\/div>\n\t\t\t\t\t\t<\/div>\n\t\t\t\t<\/div>\n\t\t\t\t<\/div>\n\t\t\t\t\t<\/div>\n\t\t\t\t<\/div>\n\t\t\t\t<section class=\"elementor-section elementor-top-section elementor-element elementor-element-433b6204 elementor-section-boxed elementor-section-height-default elementor-section-height-default\" data-id=\"433b6204\" data-element_type=\"section\" data-e-type=\"section\" data-settings=\"{&quot;background_background&quot;:&quot;classic&quot;}\">\n\t\t\t\t\t\t\t<div class=\"elementor-background-overlay\"><\/div>\n\t\t\t\t\t\t\t<div class=\"elementor-container elementor-column-gap-default\">\n\t\t\t\t\t<div class=\"elementor-column elementor-col-100 elementor-top-column elementor-element elementor-element-7b84dbc0 elementor-invisible\" data-id=\"7b84dbc0\" data-element_type=\"column\" data-e-type=\"column\" data-settings=\"{&quot;animation&quot;:&quot;fadeIn&quot;}\">\n\t\t\t<div class=\"elementor-widget-wrap elementor-element-populated\">\n\t\t\t\t\t\t<div class=\"elementor-element elementor-element-71de5244 elementor-invisible elementor-widget elementor-widget-heading\" data-id=\"71de5244\" data-element_type=\"widget\" data-e-type=\"widget\" data-settings=\"{&quot;_animation&quot;:&quot;fadeIn&quot;}\" data-widget_type=\"heading.default\">\n\t\t\t\t<div class=\"elementor-widget-container\">\n\t\t\t\t\t<h2 class=\"elementor-heading-title elementor-size-default\">O seu futuro come\u00e7a aqui.<\/h2>\t\t\t\t<\/div>\n\t\t\t\t<\/div>\n\t\t\t\t<div class=\"elementor-element elementor-element-1b679f9f elementor-invisible elementor-widget elementor-widget-text-editor\" data-id=\"1b679f9f\" data-element_type=\"widget\" data-e-type=\"widget\" data-settings=\"{&quot;_animation&quot;:&quot;fadeIn&quot;,&quot;_animation_delay&quot;:100}\" data-widget_type=\"text-editor.default\">\n\t\t\t\t<div class=\"elementor-widget-container\">\n\t\t\t\t\t\t\t\t\t<p>OEM\/ODM, alta qualidade\/maior durabilidade\/maior vida \u00fatil<\/p>\t\t\t\t\t\t\t\t<\/div>\n\t\t\t\t<\/div>\n\t\t\t\t\t<\/div>\n\t\t<\/div>\n\t\t\t\t<div class=\"elementor-column elementor-col-100 elementor-top-column elementor-element elementor-element-777c9297 elementor-invisible\" data-id=\"777c9297\" data-element_type=\"column\" data-e-type=\"column\" data-settings=\"{&quot;animation&quot;:&quot;fadeIn&quot;,&quot;animation_delay&quot;:150}\">\n\t\t\t<div class=\"elementor-widget-wrap elementor-element-populated\">\n\t\t\t\t\t\t<div class=\"elementor-element elementor-element-6ac3a70b elementor-align-right elementor-mobile-align-center elementor-tablet-align-center elementor-invisible elementor-widget elementor-widget-button\" data-id=\"6ac3a70b\" data-element_type=\"widget\" data-e-type=\"widget\" data-settings=\"{&quot;_animation&quot;:&quot;fadeInUp&quot;,&quot;_animation_delay&quot;:200}\" data-widget_type=\"button.default\">\n\t\t\t\t<div class=\"elementor-widget-container\">\n\t\t\t\t\t\t\t\t\t<div class=\"elementor-button-wrapper\">\n\t\t\t\t\t<a class=\"elementor-button elementor-button-link elementor-size-sm\" href=\"#elementor-action%3Aaction%3Dpopup%3Aopen%26settings%3DeyJpZCI6IjE4NjUiLCJ0b2dnbGUiOmZhbHNlfQ%3D%3D\">\n\t\t\t\t\t\t<span class=\"elementor-button-content-wrapper\">\n\t\t\t\t\t\t<span class=\"elementor-button-icon\">\n\t\t\t\t<i aria-hidden=\"true\" class=\"fas fa-greater-than\"><\/i>\t\t\t<\/span>\n\t\t\t\t\t\t\t\t\t<span class=\"elementor-button-text\">contacto<\/span>\n\t\t\t\t\t<\/span>\n\t\t\t\t\t<\/a>\n\t\t\t\t<\/div>\n\t\t\t\t\t\t\t\t<\/div>\n\t\t\t\t<\/div>\n\t\t\t\t\t<\/div>\n\t\t<\/div>\n\t\t\t\t\t<\/div>\n\t\t<\/section>\n\t\t\t\t<\/div>","protected":false},"excerpt":{"rendered":"<p>As a leading manufacturer of Pilates equipment in China, Megacore is committed to providing a variety of commercial Pilates machines, portable and foldable home Pilates equipment, as well as more Pilates machine accessories for you to choose from. Contact us for more discounts! GET AN INSTANT QUOTE Product Catagrioes Commercial Pilates Reformer Commercial Pilates Reformer [&hellip;]<\/p>","protected":false},"author":3,"featured_media":1169,"parent":2837,"menu_order":0,"comment_status":"closed","ping_status":"closed","template":"","meta":{"footnotes":""},"class_list":["post-3507","page","type-page","status-publish","has-post-thumbnail","hentry"],"_links":{"self":[{"href":"https:\/\/megacorepilates.com\/pt\/wp-json\/wp\/v2\/pages\/3507","targetHints":{"allow":["GET"]}}],"collection":[{"href":"https:\/\/megacorepilates.com\/pt\/wp-json\/wp\/v2\/pages"}],"about":[{"href":"https:\/\/megacorepilates.com\/pt\/wp-json\/wp\/v2\/types\/page"}],"author":[{"embeddable":true,"href":"https:\/\/megacorepilates.com\/pt\/wp-json\/wp\/v2\/users\/3"}],"replies":[{"embeddable":true,"href":"https:\/\/megacorepilates.com\/pt\/wp-json\/wp\/v2\/comments?post=3507"}],"version-history":[{"count":0,"href":"https:\/\/megacorepilates.com\/pt\/wp-json\/wp\/v2\/pages\/3507\/revisions"}],"up":[{"embeddable":true,"href":"https:\/\/megacorepilates.com\/pt\/wp-json\/wp\/v2\/pages\/2837"}],"wp:featuredmedia":[{"embeddable":true,"href":"https:\/\/megacorepilates.com\/pt\/wp-json\/wp\/v2\/media\/1169"}],"wp:attachment":[{"href":"https:\/\/megacorepilates.com\/pt\/wp-json\/wp\/v2\/media?parent=3507"}],"curies":[{"name":"wp","href":"https:\/\/api.w.org\/{rel}","templated":true}]}}