{"id":986,"date":"2023-05-23T17:04:57","date_gmt":"2023-05-23T09:04:57","guid":{"rendered":"https:\/\/megacorepilates.com\/?page_id=986"},"modified":"2025-09-22T17:44:29","modified_gmt":"2025-09-22T09:44:29","slug":"a-nossa-sala-de-exposicoes","status":"publish","type":"page","link":"https:\/\/megacorepilates.com\/pt\/a-nossa-sala-de-exposicoes\/","title":{"rendered":"A nossa sala de exposi\u00e7\u00f5es"},"content":{"rendered":"<p>[et_pb_section fb_built=\u201d1\u2033 _builder_version=\u201d4.15.1\u2033 _module_preset=\u201ddefault\u201d global_colors_info=\u201d{}\u201d theme_builder_area=\u201dpost_content\u201d][et_pb_row _builder_version=\u201d4.15.1\u2033 _module_preset=\u201ddefault\u201d global_colors_info=\u201d{}\u201d theme_builder_area=\u201dpost_content\u201d][et_pb_column type=\u201d4_4\u2033 _builder_version=\u201d4.15.1\u2033 _module_preset=\u201ddefault\u201d global_colors_info=\u201d{}\u201d theme_builder_area=\u201dpost_content\u201d][et_pb_accordion _builder_version=\u201d4.15.1\u2033 _module_preset=\u201ddefault\u201d hover_enabled=\u201d0\u2033 global_colors_info=\u201d{}\u201d theme_builder_area=\u201dpost_content\u201d sticky_enabled=\u201d0\u2033][et_pb_accordion_item title=\u201dA nossa vantagem\u201d open=\u201don\u201d _builder_version=\u201d4.15.1\u2033 _module_preset=\u201ddefault\u201d hover_enabled=\u201d0\u2033 global_colors_info=\u201d{}\u201d theme_builder_area=\u201dpost_content\u201d sticky_enabled=\u201d0\u2033]<\/p>\n<p>Bem-vindo \u00e0 Megacore Pilates Reformer, onde nos orgulhamos de criar reformadores de pilates de alta qualidade. A nossa marca oferece op\u00e7\u00f5es dom\u00e9sticas e comerciais que s\u00e3o fabricadas maioritariamente em a\u00e7o. Como empresa, estamos empenhados em fornecer produtos e servi\u00e7os excepcionais que excedam as suas expectativas. Acreditamos que os nossos produtos e servi\u00e7os s\u00e3o o que nos distingue da concorr\u00eancia.<\/p>\n<p><strong>Vantagens dos nossos produtos<\/strong><\/p>\n<p><strong><b>Avan\u00e7ado <\/b><\/strong><\/p>\n<p>O Megacore Pilates Reformer \u00e9 um conjunto de especialistas em fitness com experi\u00eancia e tecnologia avan\u00e7ada, utilizando a mais recente integra\u00e7\u00e3o de conceitos de design industrial.<\/p>\n<p><strong><b>Bom material<\/b><\/strong><strong><b>\u00a0<\/b><\/strong><\/p>\n<p>Megacore Pilates Reformer Feito de materiais met\u00e1licos de alta qualidade e excelente tecnologia, pode suportar um impacto muito mais forte do que o reformador de Pilates tradicional, dur\u00e1vel.<\/p>\n<p><strong><b>Topo<\/b><\/strong><strong><b>\u00a0qualidade <\/b><\/strong><\/p>\n<p>Megacore Pilates Reformer autorizou o fabrico OEM de marcas internacionais famosas, sistema de controlo de qualidade ISO, para garantir que cada processo e cada detalhe cumprem as normas.<\/p>\n<p><strong><b>Funcional<\/b><\/strong><\/p>\n<p>Os Reformer de Pilates Megacore foram concebidos para serem totalmente funcionais e ergon\u00f3micos com resist\u00eancia ajust\u00e1vel, permitindo aos utilizadores personalizarem os seus treinos de acordo com as suas necessidades e objectivos espec\u00edficos. As aulas podem ser implementadas incluindo Pilates, yoga, aer\u00f3bica e treino de for\u00e7a. \u00c9 um equipamento de fitness multifuncional.<\/p>\n<p><strong><b>Clientes <\/b><\/strong><\/p>\n<p>O Megacore Pilates Reformer pode exercitar o n\u00facleo e os pequenos grupos musculares, bem como outros grupos musculares de todo o corpo, corrigir e otimizar a forma do corpo e satisfazer as necessidades de fitness de diferentes clientes, desde adolescentes a pessoas de meia-idade e idosas, desde pessoas em reabilita\u00e7\u00e3o a pessoas com sa\u00fade insuficiente, desde pessoas que adoram a forma a profissionais.<\/p>\n<p><strong><b>Cena ampla <\/b><\/strong><\/p>\n<p>O tamanho compacto do Megacore Pilates Reformer torna-o adequado para uma variedade de espa\u00e7os, desde casas e est\u00fadios a grandes gin\u00e1sios.<\/p>\n<p><strong><b>Manuten\u00e7\u00e3o f\u00e1cil<\/b><\/strong><\/p>\n<p>O Megacore Pilates Reformer \u00e9 f\u00e1cil de limpar e mant\u00e9m-se em \u00f3ptimas condi\u00e7\u00f5es com uma manuten\u00e7\u00e3o m\u00ednima.<\/p>\n<p><strong><b>Boas perspectivas <\/b><\/strong><\/p>\n<p>Com a recupera\u00e7\u00e3o da epidemia, cada vez mais pessoas se preocupam com a sa\u00fade, e a forma inovadora e eficiente do exerc\u00edcio megacore pilates reformer est\u00e1 a ser alvo de aten\u00e7\u00e3o e adoptada por cada vez mais pessoas.<\/p>\n<p><strong><b>Pequenas empresas competitivas<\/b><\/strong><\/p>\n<p>O Megacore Pilates Reformer oferece uma personaliza\u00e7\u00e3o profissional, que pode alcan\u00e7ar a diferencia\u00e7\u00e3o de acordo com as necessidades do cliente e adaptar-se a diferentes mercados e grupos de clientes.<\/p>\n<p>&nbsp;<\/p>\n<p><strong>Vantagens da nossa f\u00e1brica<\/strong><\/p>\n<p><strong><b>Qualidade<\/b><\/strong><\/p>\n<p>N\u00f3s levamos a qualidade a s\u00e9rio na Megacore Pilates Reformer. Os nossos reformadores s\u00e3o maioritariamente feitos de a\u00e7o e s\u00e3o constru\u00eddos para resistir ao teste do tempo. Dedicamo-nos a fornecer-lhe um produto que n\u00e3o \u00e9 apenas eficaz, mas tamb\u00e9m esteticamente agrad\u00e1vel. A nossa aten\u00e7\u00e3o aos detalhes e o controlo de qualidade garantem que cada reformador \u00e9 perfeito antes de sair da nossa f\u00e1brica.<\/p>\n<p><strong><b>Personaliza\u00e7\u00e3o<\/b><\/strong><\/p>\n<p>Compreendemos que o seu reformer de pilates deve corresponder ao seu estilo pessoal, e \u00e9 por isso que oferecemos op\u00e7\u00f5es de personaliza\u00e7\u00e3o. Com o nosso servi\u00e7o OEM\/ODM, pode personalizar a cor e o log\u00f3tipo do seu reformador de acordo com as suas prefer\u00eancias pessoais. As nossas op\u00e7\u00f5es de personaliza\u00e7\u00e3o permitem-lhe destacar-se no concorrido mercado do fitness.<\/p>\n<p><strong><b>Pre\u00e7os<\/b><\/strong><\/p>\n<p>Na Megacore Pilates Reformer, acreditamos em fornecer aos nossos clientes uma qualidade excecional a pre\u00e7os competitivos. Os nossos reformadores t\u00eam um pre\u00e7o acess\u00edvel, mantendo os elevados padr\u00f5es pelos quais somos conhecidos. Esfor\u00e7amo-nos por tornar os nossos reformadores acess\u00edveis a todos aqueles que querem melhorar a sua rotina de pilates, independentemente do or\u00e7amento.<\/p>\n<p><strong><b>Capacidades de fabrico<\/b><\/strong><\/p>\n<p>Com a nossa pr\u00f3pria f\u00e1brica, podemos manter um controlo apertado sobre o processo de fabrico do in\u00edcio ao fim. Isto permite-nos oferecer produtos personalizados a um pre\u00e7o acess\u00edvel sem sacrificar a qualidade.<\/p>\n<p><strong><b>Servi\u00e7o ao cliente<\/b><\/strong><\/p>\n<p>A nossa equipa dedicada est\u00e1 sempre aqui para ajudar a responder a quaisquer perguntas ou preocupa\u00e7\u00f5es que possa ter, fornecendo um servi\u00e7o ao cliente de primeira linha. Estamos empenhados em fornecer o melhor servi\u00e7o ao cliente poss\u00edvel, garantindo que tem uma experi\u00eancia perfeita do in\u00edcio ao fim.<\/p>\n<p>Em resumo, as vantagens do nosso produto e da nossa f\u00e1brica permitem-nos produzir alguns dos melhores reformadores de pilates atualmente no mercado, ao mesmo tempo que oferecemos pre\u00e7os acess\u00edveis e competitivos. O nosso compromisso com a qualidade, a satisfa\u00e7\u00e3o do cliente e a excel\u00eancia de fabrico distinguem-nos da concorr\u00eancia. Obrigado por escolher a Megacore Pilates Reformer para todas as suas necessidades de equipamento de pilates.<\/p>\n<p>[\/et_pb_accordion_item][\/et_pb_accordion][\/et_pb_column][\/et_pb_row][\/et_pb_section]<\/p>","protected":false},"excerpt":{"rendered":"<p>[et_pb_section fb_built=&#8221;1&#8243; _builder_version=&#8221;4.15.1&#8243; _module_preset=&#8221;default&#8221; global_colors_info=&#8221;{}&#8221; theme_builder_area=&#8221;post_content&#8221;][et_pb_row _builder_version=&#8221;4.15.1&#8243; _module_preset=&#8221;default&#8221; global_colors_info=&#8221;{}&#8221; theme_builder_area=&#8221;post_content&#8221;][et_pb_column type=&#8221;4_4&#8243; _builder_version=&#8221;4.15.1&#8243; _module_preset=&#8221;default&#8221; global_colors_info=&#8221;{}&#8221; theme_builder_area=&#8221;post_content&#8221;][et_pb_accordion _builder_version=&#8221;4.15.1&#8243; _module_preset=&#8221;default&#8221; hover_enabled=&#8221;0&#8243; global_colors_info=&#8221;{}&#8221; theme_builder_area=&#8221;post_content&#8221; sticky_enabled=&#8221;0&#8243;][et_pb_accordion_item title=&#8221;Our Advantage&#8221; open=&#8221;on&#8221; _builder_version=&#8221;4.15.1&#8243; _module_preset=&#8221;default&#8221; hover_enabled=&#8221;0&#8243; global_colors_info=&#8221;{}&#8221; theme_builder_area=&#8221;post_content&#8221; sticky_enabled=&#8221;0&#8243;] Welcome to Megacore Pilates Reformer, where we pride ourselves in creating high-quality pilates reformers. Our brand offers home and commercial options that are crafted mostly [&hellip;]<\/p>","protected":false},"author":2,"featured_media":0,"parent":0,"menu_order":0,"comment_status":"closed","ping_status":"closed","template":"","meta":{"footnotes":""},"class_list":["post-986","page","type-page","status-publish","hentry"],"_links":{"self":[{"href":"https:\/\/megacorepilates.com\/pt\/wp-json\/wp\/v2\/pages\/986","targetHints":{"allow":["GET"]}}],"collection":[{"href":"https:\/\/megacorepilates.com\/pt\/wp-json\/wp\/v2\/pages"}],"about":[{"href":"https:\/\/megacorepilates.com\/pt\/wp-json\/wp\/v2\/types\/page"}],"author":[{"embeddable":true,"href":"https:\/\/megacorepilates.com\/pt\/wp-json\/wp\/v2\/users\/2"}],"replies":[{"embeddable":true,"href":"https:\/\/megacorepilates.com\/pt\/wp-json\/wp\/v2\/comments?post=986"}],"version-history":[{"count":0,"href":"https:\/\/megacorepilates.com\/pt\/wp-json\/wp\/v2\/pages\/986\/revisions"}],"wp:attachment":[{"href":"https:\/\/megacorepilates.com\/pt\/wp-json\/wp\/v2\/media?parent=986"}],"curies":[{"name":"wp","href":"https:\/\/api.w.org\/{rel}","templated":true}]}}