{"id":2117,"date":"2025-09-17T13:59:59","date_gmt":"2025-09-17T05:59:59","guid":{"rendered":"https:\/\/megacorepilates.com\/?post_type=product&#038;p=2117"},"modified":"2025-09-22T11:33:04","modified_gmt":"2025-09-22T03:33:04","slug":"megacorepilates-megaformer-t59","status":"publish","type":"product","link":"https:\/\/megacorepilates.com\/pt\/product\/megacorepilates-megaformer-t59\/","title":{"rendered":"MegaCorePilates Megaformer T59"},"content":{"rendered":"<p><b>Equipamento de Pilates Comercial de Alta Qualidade Novo e Forte de Metal para Pilates\u00a0<\/b><\/p>\n<p><img fetchpriority=\"high\" decoding=\"async\" class=\"alignnone wp-image-2107\" src=\"http:\/\/megacorepilates.com\/wp-content\/uploads\/2.1-300x300.jpg\" alt=\"\" width=\"628\" height=\"628\" title=\"\" srcset=\"https:\/\/megacorepilates.com\/wp-content\/uploads\/2.1-300x300.jpg 300w, https:\/\/megacorepilates.com\/wp-content\/uploads\/2.1-150x150.jpg 150w, https:\/\/megacorepilates.com\/wp-content\/uploads\/2.1-768x768.jpg 768w, https:\/\/megacorepilates.com\/wp-content\/uploads\/2.1-600x600.jpg 600w, https:\/\/megacorepilates.com\/wp-content\/uploads\/2.1-100x100.jpg 100w, https:\/\/megacorepilates.com\/wp-content\/uploads\/2.1.jpg 960w\" sizes=\"(max-width: 628px) 100vw, 628px\" \/><\/p>\n<div class=\"rich-text-table\">\n<table>\n<tbody>\n<tr>\n<td><b>Mais pormenores<\/b><\/td>\n<\/tr>\n<tr>\n<td>1. A dist\u00e2ncia entre a almofada e o ch\u00e3o: 427 mm<\/td>\n<\/tr>\n<tr>\n<td>2. Material da estrutura principal: 100*50*2.5<\/td>\n<\/tr>\n<tr>\n<td>3. Material do guiador: 38*3<\/td>\n<\/tr>\n<tr>\n<td>4. Material de transporte: 60*30*3<\/td>\n<\/tr>\n<tr>\n<td>5. Estofos resistentes e f\u00e1ceis de limpar: couro de superfibra + EVA + esponja<\/td>\n<\/tr>\n<tr>\n<td>6. \u00e2ngulo ajust\u00e1vel para a barra de p\u00e9 90\u00b0,65\u00b0 ,40\u00b0,15\u00b0 (4 posi\u00e7\u00f5es)<\/td>\n<\/tr>\n<tr>\n<td>7. \u00c2ngulo ajust\u00e1vel para o guiador dianteiro0\u00b0,90\u00b0,180\u00b0,270\u00b0<\/td>\n<\/tr>\n<tr>\n<td>8. A barra de p\u00e9 pode ser facilmente ajustada por pedal<\/td>\n<\/tr>\n<tr>\n<td>9. Sistema de molas: 88LBS *1pcs(azul) ,22LBS*2pcs(preto),8LBS* 2pcs((cinzento)<\/td>\n<\/tr>\n<tr>\n<td>10. Dois pares de correias (4 correias)<\/td>\n<\/tr>\n<tr>\n<td>11. 1 par de la\u00e7os: com a m\u00e3o e o p\u00e9 juntos<\/td>\n<\/tr>\n<tr>\n<td>12. Barra do corpo:2pcs(3kg+5kg)<\/td>\n<\/tr>\n<tr>\n<td>13. halteres:2 pares (4lbs+6lbs)<\/td>\n<\/tr>\n<tr>\n<td>14. Garantia: 3 anos para a estrutura, um ano para os acess\u00f3rios<\/td>\n<\/tr>\n<tr>\n<td>15. 20GP:27 PCS, 40HQ:57PCS<\/td>\n<\/tr>\n<\/tbody>\n<\/table>\n<\/div>\n<p><b>Informa\u00e7\u00f5es de f\u00e1brica :<br \/>\n<img decoding=\"async\" class=\"\" src=\"https:\/\/image.made-in-china.com\/226f3j00PShIDOjLCiGH\/Best-Quality-New-Strong-Metal-Pilates-Reformer-Commercial-Pilates-Equipment.webp\" alt=\"Melhor Qualidade Novo Forte Metal Pilates Reformer Equipamento de Pilates Comercial\" width=\"672\" height=\"511\" data-original=\"\/\/image.made-in-china.com\/226f3j00PShIDOjLCiGH\/Best-Quality-New-Strong-Metal-Pilates-Reformer-Commercial-Pilates-Equipment.webp\" data-faw_img=\"true\" title=\"\"><br \/>\n<\/b><img decoding=\"async\" src=\"https:\/\/image.made-in-china.com\/226f3j00WjVDHTsavlYP\/Best-Quality-New-Strong-Metal-Pilates-Reformer-Commercial-Pilates-Equipment.webp\" alt=\"Melhor Qualidade Novo Forte Metal Pilates Reformer Equipamento de Pilates Comercial\" width=\"1060\" height=\"\" data-original=\"\/\/image.made-in-china.com\/226f3j00WjVDHTsavlYP\/Best-Quality-New-Strong-Metal-Pilates-Reformer-Commercial-Pilates-Equipment.webp\" data-faw_img=\"true\" title=\"\"><br \/>\n<b>Linha de produ\u00e7\u00e3o :<\/b><br \/>\n<img decoding=\"async\" src=\"https:\/\/image.made-in-china.com\/226f3j00lsVLIrSKbWYD\/Best-Quality-New-Strong-Metal-Pilates-Reformer-Commercial-Pilates-Equipment.webp\" alt=\"Melhor Qualidade Novo Forte Metal Pilates Reformer Equipamento de Pilates Comercial\" width=\"1060\" height=\"\" data-original=\"\/\/image.made-in-china.com\/226f3j00lsVLIrSKbWYD\/Best-Quality-New-Strong-Metal-Pilates-Reformer-Commercial-Pilates-Equipment.webp\" data-faw_img=\"true\" title=\"\"><br \/>\n<b>Sala de exposi\u00e7\u00f5es:<\/b><\/p>\n<div data-mic-template=\"\">\n<div>\n<div data-mic-template-item=\"\" data-mic-template-text=\"\">\n<div>\n<p>Produzimos mais de 600 tipos de diferentes\u00a0<b>produtos de equipamento de fitness<\/b>, A empresa, que j\u00e1 foi exportada para mais de 150 pa\u00edses. A gama de produtos inclui centros de fitness familiares, v\u00e1rios tipos de clubes de fitness comerciais, compras governamentais e escolares, treino em gin\u00e1sio, centro de treino e reabilita\u00e7\u00e3o de atletas, centro de fitness feminino,\u00a0<b>est\u00fadio de pilates<\/b>\u00a0e outros projectos de engenharia.<\/p>\n<p>Fornecemos\u00a0<b>Servi\u00e7o OEM&amp;ODM<\/b>\u00a0h\u00e1 muito tempo no sector do fitness, com base em mais de 27 anos de experi\u00eancia profissional.<\/p>\n<p>Prestamos mais aten\u00e7\u00e3o ao desenvolvimento do produto, \u00e0 constru\u00e7\u00e3o\u00a0<b>equipa profissional de I&amp;D<\/b>\u00a0para satisfazer as diferentes necessidades especiais dos nossos clientes. Goza de grande apre\u00e7o na ind\u00fastria do fitness.<\/p>\n<p>Temos procurado estilos de vida saud\u00e1veis e activos. Tomamos sempre a qualidade do produto como a base principal da inova\u00e7\u00e3o e do desenvolvimento independente.<\/p>\n<p>Fornecemos um servi\u00e7o de balc\u00e3o \u00fanico, ajudando-o a poupar tempo e dinheiro. Pode escolher o conjunto completo de\u00a0<b>equipamento de gin\u00e1sio<\/b>\u00a0de n\u00f3s, tais como m\u00e1quinas de cardio, de for\u00e7a, halteres, etc.<\/p>\n<p>Fornecemos o melhor servi\u00e7o p\u00f3s-venda e garantia padr\u00e3o no sector do fitness.<\/p>\n<\/div>\n<\/div>\n<div data-mic-template-image=\"\" data-mic-template-item=\"\"><img decoding=\"async\" src=\"https:\/\/image.made-in-china.com\/226f3j00hjlPHVsSZWfI\/Best-Quality-New-Strong-Metal-Pilates-Reformer-Commercial-Pilates-Equipment.webp\" alt=\"Melhor Qualidade Novo Forte Metal Pilates Reformer Equipamento de Pilates Comercial\" width=\"497\" height=\"\" data-original=\"\/\/image.made-in-china.com\/226f3j00hjlPHVsSZWfI\/Best-Quality-New-Strong-Metal-Pilates-Reformer-Commercial-Pilates-Equipment.webp\" data-faw_img=\"true\" title=\"\"><\/div>\n<\/div>\n<\/div>\n<p><b>A nossa honra :\u00a0<\/b><br \/>\n<img decoding=\"async\" src=\"https:\/\/image.made-in-china.com\/226f3j00VSlPIeZhCiRH\/Best-Quality-New-Strong-Metal-Pilates-Reformer-Commercial-Pilates-Equipment.webp\" alt=\"Melhor Qualidade Novo Forte Metal Pilates Reformer Equipamento de Pilates Comercial\" width=\"1060\" height=\"\" data-original=\"\/\/image.made-in-china.com\/226f3j00VSlPIeZhCiRH\/Best-Quality-New-Strong-Metal-Pilates-Reformer-Commercial-Pilates-Equipment.webp\" data-faw_img=\"true\" title=\"\"><br \/>\n<b>Exposi\u00e7\u00e3o :\u00a0<\/b><br \/>\n<img decoding=\"async\" src=\"https:\/\/image.made-in-china.com\/226f3j00VZWPDnKGbiYI\/Best-Quality-New-Strong-Metal-Pilates-Reformer-Commercial-Pilates-Equipment.webp\" alt=\"Melhor Qualidade Novo Forte Metal Pilates Reformer Equipamento de Pilates Comercial\" width=\"1060\" height=\"\" data-original=\"\/\/image.made-in-china.com\/226f3j00VZWPDnKGbiYI\/Best-Quality-New-Strong-Metal-Pilates-Reformer-Commercial-Pilates-Equipment.webp\" data-faw_img=\"true\" title=\"\"><b>Embalagem e expedi\u00e7\u00e3o :<br \/>\n<img decoding=\"async\" src=\"https:\/\/image.made-in-china.com\/226f3j00bjhHDEZybiUP\/Best-Quality-New-Strong-Metal-Pilates-Reformer-Commercial-Pilates-Equipment.webp\" alt=\"Melhor Qualidade Novo Forte Metal Pilates Reformer Equipamento de Pilates Comercial\" width=\"1043\" height=\"\" data-original=\"\/\/image.made-in-china.com\/226f3j00bjhHDEZybiUP\/Best-Quality-New-Strong-Metal-Pilates-Reformer-Commercial-Pilates-Equipment.webp\" data-faw_img=\"true\" title=\"\"><\/b><\/p>","protected":false},"excerpt":{"rendered":"<p>O MegaCorePilates Megaformer T59 \u00e9 um reformador de n\u00edvel profissional concebido para exerc\u00edcios de Pilates de corpo inteiro. Com resist\u00eancia ajust\u00e1vel, deslizamento suave e constru\u00e7\u00e3o duradoura, melhora a for\u00e7a do n\u00facleo, a flexibilidade e a condi\u00e7\u00e3o f\u00edsica geral, tornando-o ideal para est\u00fadios, gin\u00e1sios dom\u00e9sticos e programas de reabilita\u00e7\u00e3o.<\/p>","protected":false},"featured_media":2105,"template":"","meta":[],"product_brand":[157],"product_cat":[15],"product_tag":[99,86,98,91,25,20,95,93],"class_list":{"0":"post-2117","1":"product","2":"type-product","3":"status-publish","4":"has-post-thumbnail","6":"product_brand-megacore","7":"product_cat-commercial-pilates-reformer","8":"product_tag-adjustable-pilates-reformer","9":"product_tag-aluminum-pilates-reformer","10":"product_tag-comfortable-pilates-reformer","11":"product_tag-heavy-duty-pilates-reformer","12":"product_tag-home-gym","13":"product_tag-pilates","14":"product_tag-pro-grade-pilates-reformer","15":"product_tag-versatile-pilates-reformer","17":"first","18":"instock","19":"shipping-taxable","20":"product-type-simple"},"_links":{"self":[{"href":"https:\/\/megacorepilates.com\/pt\/wp-json\/wp\/v2\/product\/2117","targetHints":{"allow":["GET"]}}],"collection":[{"href":"https:\/\/megacorepilates.com\/pt\/wp-json\/wp\/v2\/product"}],"about":[{"href":"https:\/\/megacorepilates.com\/pt\/wp-json\/wp\/v2\/types\/product"}],"wp:featuredmedia":[{"embeddable":true,"href":"https:\/\/megacorepilates.com\/pt\/wp-json\/wp\/v2\/media\/2105"}],"wp:attachment":[{"href":"https:\/\/megacorepilates.com\/pt\/wp-json\/wp\/v2\/media?parent=2117"}],"wp:term":[{"taxonomy":"product_brand","embeddable":true,"href":"https:\/\/megacorepilates.com\/pt\/wp-json\/wp\/v2\/product_brand?post=2117"},{"taxonomy":"product_cat","embeddable":true,"href":"https:\/\/megacorepilates.com\/pt\/wp-json\/wp\/v2\/product_cat?post=2117"},{"taxonomy":"product_tag","embeddable":true,"href":"https:\/\/megacorepilates.com\/pt\/wp-json\/wp\/v2\/product_tag?post=2117"}],"curies":[{"name":"wp","href":"https:\/\/api.w.org\/{rel}","templated":true}]}}