{"id":2517,"date":"2025-09-17T13:42:57","date_gmt":"2025-09-17T05:42:57","guid":{"rendered":"https:\/\/megacorepilates.com\/?post_type=product&#038;p=2517"},"modified":"2025-09-17T15:21:04","modified_gmt":"2025-09-17T07:21:04","slug":"venda-de-megaformadores","status":"publish","type":"product","link":"https:\/\/megacorepilates.com\/pt\/product\/venda-de-megaformadores\/","title":{"rendered":"venda de megaformadores"},"content":{"rendered":"<table style=\"height: 526px;\" width=\"720\">\n<tbody>\n<tr>\n<td width=\"270\"><strong><b>Material<\/b><\/strong><\/td>\n<td width=\"316\">A\u00e7o inoxid\u00e1vel<\/td>\n<td width=\"269\"><strong><b>Local de origem<\/b><\/strong><\/td>\n<td width=\"278\">Guangdong, China<\/td>\n<\/tr>\n<tr>\n<td width=\"270\"><strong><b>Nome da marca<\/b><\/strong><\/td>\n<td width=\"316\">Megacore<\/td>\n<td width=\"269\"><strong><b>N\u00famero do modelo<\/b><\/strong><\/td>\n<td width=\"278\">C26<\/td>\n<\/tr>\n<tr>\n<td width=\"270\"><strong><b>Nome do produto<\/b><\/strong><\/td>\n<td width=\"316\">Pilates Reformer<\/td>\n<td width=\"269\"><strong><b>Material<\/b><\/strong><\/td>\n<td width=\"278\">A\u00e7o<\/td>\n<\/tr>\n<tr>\n<td width=\"270\"><strong><b>Cor<\/b><\/strong><\/td>\n<td width=\"316\">Cor personalizada<\/td>\n<td width=\"269\"><strong><b>Dimens\u00e3o<\/b><\/strong><\/td>\n<td width=\"278\">327*86,6*89,4cm<\/td>\n<\/tr>\n<tr>\n<td width=\"270\"><strong><b>Tamanho dos fotogramas<\/b><\/strong><\/td>\n<td width=\"316\">299,7*66,8*45cm<\/td>\n<td width=\"269\"><strong><b>Altura<\/b><\/strong><\/td>\n<td width=\"278\">452 mm<\/td>\n<\/tr>\n<tr>\n<td width=\"270\"><strong><b>Tamanho da carruagem<\/b><\/strong><\/td>\n<td width=\"316\">1200*668mm<\/td>\n<td width=\"269\"><strong><b>Plataforma frontal<\/b><\/strong><\/td>\n<td width=\"278\">300*668mm<\/td>\n<\/tr>\n<tr>\n<td width=\"270\"><strong><b>Plataforma traseira<\/b><\/strong><\/td>\n<td width=\"316\">433*668mm<\/td>\n<td width=\"269\"><strong><b>\u00c2ngulo ajust\u00e1vel para o estribo traseiro<\/b><\/strong><\/td>\n<td width=\"278\">28\u00b0 ,55\u00b0, 90\u00b0 ,125\u00b0<\/p>\n<p>&nbsp;<\/td>\n<\/tr>\n<tr>\n<td width=\"270\"><strong><b>Acess\u00f3rios<\/b><\/strong><\/td>\n<td width=\"316\">cabos*4pcs,la\u00e7o duplo:2pares,correias:5pcs<\/td>\n<td width=\"269\"><strong><b>primavera<\/b><\/strong><\/td>\n<td width=\"278\">8pcs(4lbs*2+8lbs*3<br \/>\n22lbs*2+88lbs*1)<\/td>\n<\/tr>\n<tr>\n<td width=\"270\"><strong><b>NW<\/b><\/strong><\/td>\n<td width=\"316\">150KG<\/td>\n<td width=\"269\"><strong><b>GW<\/b><\/strong><\/td>\n<td width=\"278\">160KG<\/td>\n<\/tr>\n<\/tbody>\n<\/table>\n<p>&nbsp;<\/p>\n<p><img fetchpriority=\"high\" decoding=\"async\" class=\"wp-image-2532\" src=\"http:\/\/megacorepilates.com\/wp-content\/uploads\/\u4e3b\u56fe_03-300x233.jpg\" alt=\"refor\u00e7ador de pilates em a\u00e7o inoxid\u00e1vel\" width=\"557\" height=\"433\" title=\"\" srcset=\"\" sizes=\"(max-width: 557px) 100vw, 557px\" data-srcset=\"\" \/> <img decoding=\"async\" class=\"wp-image-2533\" src=\"http:\/\/megacorepilates.com\/wp-content\/uploads\/\u4e3b\u56fe_04-300x208.jpg\" alt=\"megareformer\" width=\"506\" height=\"351\" title=\"\" srcset=\"\" sizes=\"(max-width: 506px) 100vw, 506px\" data-srcset=\"\" \/><\/p>\n<p>&nbsp;<\/p>\n<h3><span style=\"color: #00ccff;\"><strong>\u00a0 \u00a0 \u00a0Carater\u00edstica principal:<\/strong><\/span><\/h3>\n<ul>\n<li data-start=\"501\" data-end=\"776\">\n<p data-start=\"503\" data-end=\"776\"><strong data-start=\"503\" data-end=\"537\">Estrutura em a\u00e7o inoxid\u00e1vel dur\u00e1vel:<\/strong><br data-start=\"537\" data-end=\"540\" \/>O <span style=\"color: #00ccff;\"><a style=\"color: #00ccff;\" href=\"https:\/\/megacorepilates.com\/pt\/product\/venda-de-megaformadores\/\">MegaCore MegaFormer<\/a><\/span> possui uma estrutura em a\u00e7o inoxid\u00e1vel de alta qualidade que garante estabilidade, resist\u00eancia e longevidade. Constru\u00edda para suportar uma utiliza\u00e7\u00e3o di\u00e1ria intensa, esta m\u00e1quina proporciona a durabilidade necess\u00e1ria para uma variedade de exerc\u00edcios de Pilates.<\/p>\n<\/li>\n<li data-start=\"778\" data-end=\"1056\">\n<p data-start=\"780\" data-end=\"1056\"><strong data-start=\"780\" data-end=\"806\">Resist\u00eancia ajust\u00e1vel:<\/strong><br data-start=\"806\" data-end=\"809\" \/>Com a MegaFormer, pode ajustar facilmente o n\u00edvel de resist\u00eancia de acordo com as suas necessidades de fitness. Quer esteja \u00e0 procura de um alongamento ligeiro ou de um treino desafiante, esta funcionalidade ajuda a atingir v\u00e1rios grupos musculares, promovendo o crescimento muscular e a perda de gordura.<\/p>\n<\/li>\n<li data-start=\"1058\" data-end=\"1346\">\n<p data-start=\"1060\" data-end=\"1346\"><strong data-start=\"1060\" data-end=\"1088\">Carro de deslizamento suave:<\/strong><br data-start=\"1088\" data-end=\"1091\" \/>O carro de deslizamento suave da m\u00e1quina garante movimentos fluidos ao longo de cada exerc\u00edcio, reduzindo o risco de les\u00f5es e maximizando a efici\u00eancia do treino. O carro foi concebido para lidar facilmente com movimentos lentos e controlados e com rotinas de ritmo acelerado.<\/p>\n<\/li>\n<li data-start=\"1348\" data-end=\"1576\">\n<p data-start=\"1350\" data-end=\"1576\"><strong data-start=\"1350\" data-end=\"1369\">Design compacto:<\/strong><br data-start=\"1369\" data-end=\"1372\" \/>Apesar da sua versatilidade, a MegaFormer \u00e9 compacta, o que a torna perfeita tanto para gin\u00e1sios dom\u00e9sticos como para est\u00fadios profissionais com espa\u00e7o limitado. Oferece um treino de corpo inteiro sem comprometer o espa\u00e7o dispon\u00edvel.<\/p>\n<\/li>\n<li data-start=\"1578\" data-end=\"1819\">\n<p data-start=\"1580\" data-end=\"1819\"><strong data-start=\"1580\" data-end=\"1621\">Maior flexibilidade e for\u00e7a do n\u00facleo:<\/strong><br data-start=\"1621\" data-end=\"1624\" \/>Este <a href=\"https:\/\/megacorepilates.com\/pt\/contactar-nos\/\"><span style=\"color: #00ccff;\">M\u00e1quina MegaFormer<\/span><\/a> destaca-se por melhorar a flexibilidade e a for\u00e7a do n\u00facleo, com uma vasta gama de exerc\u00edcios direcionados para os abdominais, pernas, bra\u00e7os e gl\u00fateos. \u00c9 perfeito para esculpir um f\u00edsico magro e tonificado.<\/p>\n<\/li>\n<\/ul>\n<p><img decoding=\"async\" class=\"wp-image-2534\" src=\"http:\/\/megacorepilates.com\/wp-content\/uploads\/\u4e3b\u56fe_05-300x226.jpg\" alt=\"Venda de reformer de pilates Megacore\" width=\"563\" height=\"424\" title=\"\" srcset=\"\" sizes=\"(max-width: 563px) 100vw, 563px\" data-srcset=\"\" \/><\/p>\n<p><img loading=\"lazy\" decoding=\"async\" class=\"wp-image-2535\" src=\"http:\/\/megacorepilates.com\/wp-content\/uploads\/\u4e3b\u56fe_06-300x200.jpg\" alt=\"material para pilates reformer\" width=\"563\" height=\"375\" title=\"\" srcset=\"\" sizes=\"(max-width: 563px) 100vw, 563px\" data-srcset=\"\" \/><\/p>\n<p>&nbsp;<\/p>","protected":false},"excerpt":{"rendered":"<p>Descobrir o <a href=\"https:\/\/megacorepilates.com\/pt\/contactar-nos\/\">M\u00e1quina MegaFormer<\/a> para venda, concebido para exerc\u00edcios din\u00e2micos de Pilates. Ideal para for\u00e7a, flexibilidade e modela\u00e7\u00e3o do corpo, oferece resist\u00eancia ajust\u00e1vel para todos os n\u00edveis e objectivos de fitness.<br \/>\nDimension:327*87.2*83.6cm<br \/>\nTamanho da moldura: 299,7*66,8*45cm<br \/>\naltura (do quadro ao ch\u00e3o):452mm<br \/>\ncaraige tamanho:12008668mm<br \/>\nplataforma frontal:300*668mm<br \/>\nplataforma traseira:433*668mm<\/p>","protected":false},"featured_media":2530,"template":"","meta":[],"product_brand":[157],"product_cat":[15],"product_tag":[86,98,91,22,92,93],"class_list":{"0":"post-2517","1":"product","2":"type-product","3":"status-publish","4":"has-post-thumbnail","6":"product_brand-megacore","7":"product_cat-commercial-pilates-reformer","8":"product_tag-aluminum-pilates-reformer","9":"product_tag-comfortable-pilates-reformer","10":"product_tag-heavy-duty-pilates-reformer","11":"product_tag-pilates-reformer","12":"product_tag-studio-quality-pilates-reformer","13":"product_tag-versatile-pilates-reformer","15":"first","16":"outofstock","17":"shipping-taxable","18":"product-type-variable"},"_links":{"self":[{"href":"https:\/\/megacorepilates.com\/pt\/wp-json\/wp\/v2\/product\/2517","targetHints":{"allow":["GET"]}}],"collection":[{"href":"https:\/\/megacorepilates.com\/pt\/wp-json\/wp\/v2\/product"}],"about":[{"href":"https:\/\/megacorepilates.com\/pt\/wp-json\/wp\/v2\/types\/product"}],"wp:featuredmedia":[{"embeddable":true,"href":"https:\/\/megacorepilates.com\/pt\/wp-json\/wp\/v2\/media\/2530"}],"wp:attachment":[{"href":"https:\/\/megacorepilates.com\/pt\/wp-json\/wp\/v2\/media?parent=2517"}],"wp:term":[{"taxonomy":"product_brand","embeddable":true,"href":"https:\/\/megacorepilates.com\/pt\/wp-json\/wp\/v2\/product_brand?post=2517"},{"taxonomy":"product_cat","embeddable":true,"href":"https:\/\/megacorepilates.com\/pt\/wp-json\/wp\/v2\/product_cat?post=2517"},{"taxonomy":"product_tag","embeddable":true,"href":"https:\/\/megacorepilates.com\/pt\/wp-json\/wp\/v2\/product_tag?post=2517"}],"curies":[{"name":"wp","href":"https:\/\/api.w.org\/{rel}","templated":true}]}}