{"id":5043,"date":"2026-02-13T09:27:03","date_gmt":"2026-02-13T01:27:03","guid":{"rendered":"https:\/\/megacorepilates.com\/?post_type=product&#038;p=5043"},"modified":"2026-02-13T09:31:05","modified_gmt":"2026-02-13T01:31:05","slug":"megacore-pilates-reformer-machine","status":"publish","type":"product","link":"https:\/\/megacorepilates.com\/pt\/product\/megacore-pilates-reformer-machine\/","title":{"rendered":"M\u00e1quina de pilates reformer Megacore"},"content":{"rendered":"<table>\n<tbody>\n<tr>\n<td width=\"270\"><strong><b>Material<\/b><\/strong><\/td>\n<td width=\"316\">Alum\u00ednio \/ Liga de alum\u00ednio<\/p>\n<p>&nbsp;<\/td>\n<td width=\"269\"><strong><b>Local de origem<\/b><\/strong><\/td>\n<td width=\"278\">Guangdong, China<\/td>\n<\/tr>\n<tr>\n<td width=\"270\"><strong><b>Nome da marca<\/b><\/strong><\/td>\n<td width=\"316\">Megacore<\/td>\n<td width=\"269\"><strong><b>N\u00famero do modelo<\/b><\/strong><\/td>\n<td width=\"278\">T07<\/td>\n<\/tr>\n<tr>\n<td width=\"270\"><strong><b>Nome do produto<\/b><\/strong><\/td>\n<td width=\"316\">Pilates Reformer<\/td>\n<td width=\"269\"><strong><b>Espessura do material<\/b><\/strong><\/td>\n<td width=\"278\">3,0 mm<\/p>\n<p>&nbsp;<\/td>\n<\/tr>\n<tr>\n<td width=\"270\"><strong><b>Cor<\/b><\/strong><\/td>\n<td width=\"316\">Opcional ou cinzento escuro<\/td>\n<td width=\"269\"><strong><b>OEM\/ODM<\/b><\/strong><\/p>\n<p><strong><b>\u00a0<\/b><\/strong><\/td>\n<td width=\"278\">Dispon\u00edvel<\/p>\n<p>&nbsp;<\/td>\n<\/tr>\n<tr>\n<td width=\"270\"><strong><b>tamanho<\/b><\/strong><\/td>\n<td width=\"316\">248*54*56cm<\/p>\n<p>&nbsp;<\/td>\n<td width=\"269\"><strong><b>Altura<\/b><\/strong><\/td>\n<td width=\"278\">452 mm<\/td>\n<\/tr>\n<tr>\n<td width=\"270\"><strong><b>Aplica\u00e7\u00e3o<\/b><\/strong><\/td>\n<td width=\"316\">Centro de fitness<\/td>\n<td width=\"269\"><strong><b>Plataforma frontal<\/b><\/strong><\/td>\n<td width=\"278\">300*668mm<\/td>\n<\/tr>\n<tr>\n<td width=\"270\"><strong><b>20GP<\/b><\/strong><\/td>\n<td width=\"316\">100 UNIDADES<\/td>\n<td width=\"269\"><strong><b>40HQ<\/b><\/strong><\/td>\n<td width=\"278\">231PCS<\/td>\n<\/tr>\n<tr>\n<td width=\"270\"><strong><b>Acess\u00f3rios<\/b><\/strong><\/td>\n<td width=\"316\">Caixa de sentar\/placa de saltos\/apoio de pernas<\/td>\n<td width=\"269\"><strong><b>primavera<\/b><\/strong><\/td>\n<td width=\"278\">19.8kg*2pcs(red),12.9kg*2pcs<br \/>\n(azul),8,5kg*1pcs(amarelo)<\/td>\n<\/tr>\n<tr>\n<td width=\"270\"><strong><b>NW<\/b><\/strong><\/td>\n<td width=\"316\">47KGS<\/td>\n<td width=\"269\"><strong><b>GW<\/b><\/strong><\/td>\n<td width=\"278\">51KGS<\/td>\n<\/tr>\n<\/tbody>\n<\/table>\n<h3><strong>\u00a0 \u00a0<\/strong><\/h3>\n<h3><strong>Megacore Custom Aluminium Pilates Reformer Commercial Studio Pilates Equipment Foldable Pilates Reformer Machine<\/strong><\/h3>\n<p><img fetchpriority=\"high\" decoding=\"async\" class=\"wp-image-2571\" src=\"http:\/\/megacorepilates.com\/wp-content\/uploads\/5.1-3-300x300.jpg\" alt=\"Equipamento de Pilates\" width=\"556\" height=\"556\" title=\"\" srcset=\"https:\/\/megacorepilates.com\/wp-content\/uploads\/5.1-3-300x300.jpg 300w, https:\/\/megacorepilates.com\/wp-content\/uploads\/5.1-3-150x150.jpg 150w, https:\/\/megacorepilates.com\/wp-content\/uploads\/5.1-3-768x768.jpg 768w, https:\/\/megacorepilates.com\/wp-content\/uploads\/5.1-3-600x600.jpg 600w, https:\/\/megacorepilates.com\/wp-content\/uploads\/5.1-3-100x100.jpg 100w, https:\/\/megacorepilates.com\/wp-content\/uploads\/5.1-3.jpg 960w\" sizes=\"(max-width: 556px) 100vw, 556px\" \/><\/p>\n<p><img decoding=\"async\" class=\"wp-image-2570\" src=\"http:\/\/megacorepilates.com\/wp-content\/uploads\/4.1-2-300x300.jpg\" alt=\"M\u00e1quina de Pilates Reformer\" width=\"543\" height=\"543\" title=\"\" srcset=\"https:\/\/megacorepilates.com\/wp-content\/uploads\/4.1-2-300x300.jpg 300w, https:\/\/megacorepilates.com\/wp-content\/uploads\/4.1-2-150x150.jpg 150w, https:\/\/megacorepilates.com\/wp-content\/uploads\/4.1-2-768x768.jpg 768w, https:\/\/megacorepilates.com\/wp-content\/uploads\/4.1-2-600x600.jpg 600w, https:\/\/megacorepilates.com\/wp-content\/uploads\/4.1-2-100x100.jpg 100w, https:\/\/megacorepilates.com\/wp-content\/uploads\/4.1-2.jpg 960w\" sizes=\"(max-width: 543px) 100vw, 543px\" \/><\/p>\n<ul>\n<li><strong>Suavidade superior<\/strong><br \/>\nExperimente um movimento fluido sem paralelo. O sistema de roldanas e rolamentos concebido com precis\u00e3o garante que os reformadores funcionam de forma suave e sedosa para um controlo preciso em cada repeti\u00e7\u00e3o.<\/li>\n<li><strong>Durabilidade de longa dura\u00e7\u00e3o<\/strong><br \/>\nConcebida para uma vida inteira de utiliza\u00e7\u00e3o. A estrutura em alum\u00ednio de qualidade aeron\u00e1utica e os componentes da mais elevada qualidade suportam a utiliza\u00e7\u00e3o di\u00e1ria, tornando-a um investimento fi\u00e1vel para utilizadores dom\u00e9sticos e de est\u00fadio.<\/li>\n<li><strong>Ajustabilidade sem paralelo<\/strong><br \/>\nPerfeitamente adapt\u00e1vel a qualquer tipo de corpo ou estilo de treino. As barras para os p\u00e9s, o apoio para a cabe\u00e7a e as almofadas para os ombros, facilmente ajust\u00e1veis, proporcionam apoio e conforto totalmente personalizados.<\/li>\n<li><strong>Sistema de armazenamento integrado<\/strong><br \/>\nMantenha o seu espa\u00e7o arrumado. O design inovador integra roldanas, cordas e arruma\u00e7\u00e3o de acess\u00f3rios para \u00e1reas de pr\u00e1tica organizadas.<\/li>\n<li><strong>Op\u00e7\u00f5es de forma\u00e7\u00e3o vers\u00e1teis<\/strong><br \/>\nV\u00e1 para al\u00e9m do Pilates tradicional. Compat\u00edvel com uma variedade de acess\u00f3rios, como torres, an\u00e9is e trampolins, transforme a sua m\u00e1quina numa esta\u00e7\u00e3o de fitness completa.<\/li>\n<li><strong>Inspirado na tradi\u00e7\u00e3o, design inovador<\/strong><br \/>\nCombinando os princ\u00edpios originais de Joseph Pilates com a ergonomia e inova\u00e7\u00e3o modernas, esta m\u00e1quina proporciona uma experi\u00eancia de treino verdadeiramente aut\u00eantica e eficaz.<\/li>\n<\/ul>","protected":false},"excerpt":{"rendered":"<p>O design ergon\u00f3mico, os acess\u00f3rios inclusivos e o espa\u00e7o reduzido tornam-no perfeito tanto para est\u00fadios dom\u00e9sticos como para ambientes profissionais. Invista no padr\u00e3o de ouro para uma pr\u00e1tica transformadora.<\/p>\n<p>Estrutura principal:40*40*2.5mm tubo quadrado<br \/>\nAlmofada: couro PU + esponja de alta densidade<br \/>\nTamanho:2480*540*560mm<br \/>\nTamanho dobrado:1320*540*320mm<br \/>\nBarra para p\u00e9s: ajust\u00e1vel em 65\u00b0, 90\u00b0, 115\u00b0 e 180\u00b0<\/p>","protected":false},"featured_media":2524,"template":"","meta":[],"product_brand":[157],"product_cat":[96],"product_tag":[99,86,98,25,20,22,94,97,92],"class_list":{"0":"post-5043","1":"product","2":"type-product","3":"status-publish","4":"has-post-thumbnail","6":"product_brand-megacore","7":"product_cat-home-use-pilates-reformer","8":"product_tag-adjustable-pilates-reformer","9":"product_tag-aluminum-pilates-reformer","10":"product_tag-comfortable-pilates-reformer","11":"product_tag-home-gym","12":"product_tag-pilates","13":"product_tag-pilates-reformer","14":"product_tag-smooth-glide-pilates-reformer","15":"product_tag-space-saving-pilates-reformer","16":"product_tag-studio-quality-pilates-reformer","18":"first","19":"instock","20":"shipping-taxable","21":"product-type-simple"},"_links":{"self":[{"href":"https:\/\/megacorepilates.com\/pt\/wp-json\/wp\/v2\/product\/5043","targetHints":{"allow":["GET"]}}],"collection":[{"href":"https:\/\/megacorepilates.com\/pt\/wp-json\/wp\/v2\/product"}],"about":[{"href":"https:\/\/megacorepilates.com\/pt\/wp-json\/wp\/v2\/types\/product"}],"wp:featuredmedia":[{"embeddable":true,"href":"https:\/\/megacorepilates.com\/pt\/wp-json\/wp\/v2\/media\/2524"}],"wp:attachment":[{"href":"https:\/\/megacorepilates.com\/pt\/wp-json\/wp\/v2\/media?parent=5043"}],"wp:term":[{"taxonomy":"product_brand","embeddable":true,"href":"https:\/\/megacorepilates.com\/pt\/wp-json\/wp\/v2\/product_brand?post=5043"},{"taxonomy":"product_cat","embeddable":true,"href":"https:\/\/megacorepilates.com\/pt\/wp-json\/wp\/v2\/product_cat?post=5043"},{"taxonomy":"product_tag","embeddable":true,"href":"https:\/\/megacorepilates.com\/pt\/wp-json\/wp\/v2\/product_tag?post=5043"}],"curies":[{"name":"wp","href":"https:\/\/api.w.org\/{rel}","templated":true}]}}