{"id":583,"date":"2025-09-11T21:52:45","date_gmt":"2025-09-11T13:52:45","guid":{"rendered":"http:\/\/megacorepilates.com\/?post_type=product&#038;p=583"},"modified":"2025-09-17T15:53:14","modified_gmt":"2025-09-17T07:53:14","slug":"versatile-steel-pilates-reformer","status":"publish","type":"product","link":"https:\/\/megacorepilates.com\/pt\/product\/versatile-steel-pilates-reformer\/","title":{"rendered":"Reformer de Pilates em a\u00e7o vers\u00e1til"},"content":{"rendered":"<p>&nbsp;<\/p>\n<div class=\"rich-text-table\">\n<table border=\"1\" cellspacing=\"1\" cellpadding=\"1\">\n<tbody>\n<tr>\n<td>Altura da almofada ao solo<\/td>\n<td>\u00a0430 mm<\/td>\n<\/tr>\n<tr>\n<td>Tamanho do carro<\/td>\n<td>1200 * 668mm<\/td>\n<\/tr>\n<tr>\n<td>Plataforma frontal<\/td>\n<td>380 * 668mm<\/td>\n<\/tr>\n<tr>\n<td>Plataforma traseira :<\/td>\n<td>440 * 668mm<\/td>\n<\/tr>\n<tr>\n<td>A pega traseira tem quatro \u00e2ngulos de rota\u00e7\u00e3o:<\/td>\n<td>0 \u00b0, 90 \u00b0, 180 \u00b0 e 270 \u00b0 (os \u00e2ngulos frontal e traseiro n\u00e3o s\u00e3o ajust\u00e1veis)<\/td>\n<\/tr>\n<tr>\n<td>A pega frontal tem quatro \u00e2ngulos de rota\u00e7\u00e3o:<\/td>\n<td>0 \u00b0, 90 \u00b0, 180 \u00b0 e 270 \u00b0 (os \u00e2ngulos frontal e traseiro n\u00e3o s\u00e3o ajust\u00e1veis)<\/td>\n<\/tr>\n<\/tbody>\n<\/table>\n<\/div>\n<p><img decoding=\"async\" src=\"https:\/\/image.made-in-china.com\/226f3j00acgWdMCDfHoy\/Customized-Top-Quality-Gym-Equipment-Aluminium-Pilates-Studio-Pilates-Reformer.webp\" alt=\"Customized Top Quality Gym Equipment Aluminium Pilates Studio Pilates Reformer\" width=\"800px\" data-original=\"\/\/image.made-in-china.com\/226f3j00acgWdMCDfHoy\/Customized-Top-Quality-Gym-Equipment-Aluminium-Pilates-Studio-Pilates-Reformer.webp\" title=\"\"><\/p>\n<p><b>Detalhes do produto<\/b><\/p>\n<p><img decoding=\"async\" src=\"https:\/\/image.made-in-china.com\/226f3j00akuWmnCBMPqN\/Customized-Top-Quality-Gym-Equipment-Aluminium-Pilates-Studio-Pilates-Reformer.webp\" alt=\"Customized Top Quality Gym Equipment Aluminium Pilates Studio Pilates Reformer\" width=\"800px\" data-original=\"\/\/image.made-in-china.com\/226f3j00akuWmnCBMPqN\/Customized-Top-Quality-Gym-Equipment-Aluminium-Pilates-Studio-Pilates-Reformer.webp\" title=\"\"><\/p>\n<p><img decoding=\"async\" src=\"https:\/\/image.made-in-china.com\/226f3j00YkgiwEvJrDoF\/Customized-Top-Quality-Gym-Equipment-Aluminium-Pilates-Studio-Pilates-Reformer.webp\" alt=\"Customized Top Quality Gym Equipment Aluminium Pilates Studio Pilates Reformer\" width=\"800px\" data-original=\"\/\/image.made-in-china.com\/226f3j00YkgiwEvJrDoF\/Customized-Top-Quality-Gym-Equipment-Aluminium-Pilates-Studio-Pilates-Reformer.webp\" title=\"\"><img decoding=\"async\" src=\"https:\/\/image.made-in-china.com\/226f3j00YqgiwzvFLIky\/Customized-Top-Quality-Gym-Equipment-Aluminium-Pilates-Studio-Pilates-Reformer.webp\" alt=\"Customized Top Quality Gym Equipment Aluminium Pilates Studio Pilates Reformer\" width=\"800px\" data-original=\"\/\/image.made-in-china.com\/226f3j00YqgiwzvFLIky\/Customized-Top-Quality-Gym-Equipment-Aluminium-Pilates-Studio-Pilates-Reformer.webp\" title=\"\"><\/p>\n<p><b>Informa\u00e7\u00f5es de f\u00e1brica :<br \/>\n<img decoding=\"async\" src=\"https:\/\/image.made-in-china.com\/226f3j00YkpVmivCLHoF\/Customized-Top-Quality-Gym-Equipment-Aluminium-Pilates-Studio-Pilates-Reformer.webp\" alt=\"Customized Top Quality Gym Equipment Aluminium Pilates Studio Pilates Reformer\" width=\"1058px\" data-original=\"\/\/image.made-in-china.com\/226f3j00YkpVmivCLHoF\/Customized-Top-Quality-Gym-Equipment-Aluminium-Pilates-Studio-Pilates-Reformer.webp\" title=\"\"><\/b><img decoding=\"async\" src=\"https:\/\/image.made-in-china.com\/226f3j00GbgiABMdyDcF\/Customized-Top-Quality-Gym-Equipment-Aluminium-Pilates-Studio-Pilates-Reformer.webp\" alt=\"Customized Top Quality Gym Equipment Aluminium Pilates Studio Pilates Reformer\" width=\"1060px\" data-original=\"\/\/image.made-in-china.com\/226f3j00GbgiABMdyDcF\/Customized-Top-Quality-Gym-Equipment-Aluminium-Pilates-Studio-Pilates-Reformer.webp\" title=\"\"><br \/>\n<b>Linha de produ\u00e7\u00e3o :<\/b><br \/>\n<img decoding=\"async\" src=\"https:\/\/image.made-in-china.com\/226f3j00UqgiAOCzLPky\/Customized-Top-Quality-Gym-Equipment-Aluminium-Pilates-Studio-Pilates-Reformer.webp\" alt=\"Customized Top Quality Gym Equipment Aluminium Pilates Studio Pilates Reformer\" width=\"1060px\" data-original=\"\/\/image.made-in-china.com\/226f3j00UqgiAOCzLPky\/Customized-Top-Quality-Gym-Equipment-Aluminium-Pilates-Studio-Pilates-Reformer.webp\" title=\"\"><br \/>\n<b>Sala de exposi\u00e7\u00f5es:<\/b><\/p>\n<div data-mic-template=\"\">\n<div data-mic-template-item=\"\" data-mic-template-text=\"\">\n<p>Produzimos mais de 600 tipos de diferentes\u00a0<b>produtos de equipamento de fitness<\/b>, A empresa, que j\u00e1 foi exportada para mais de 150 pa\u00edses. A gama de produtos inclui centros de fitness familiares, v\u00e1rios tipos de clubes de fitness comerciais, compras governamentais e escolares, treino em gin\u00e1sio, centro de treino e reabilita\u00e7\u00e3o de atletas, centro de fitness feminino,\u00a0<b>est\u00fadio de pilates<\/b>\u00a0e outros projectos de engenharia.<\/p>\n<p>Fornecemos\u00a0<b>Servi\u00e7o OEM&amp;ODM<\/b>\u00a0h\u00e1 muito tempo no sector do fitness, com base em mais de 27 anos de experi\u00eancia profissional.<\/p>\n<p>Prestamos mais aten\u00e7\u00e3o ao desenvolvimento do produto, \u00e0 constru\u00e7\u00e3o\u00a0<b>equipa profissional de I&amp;D<\/b>\u00a0para satisfazer as diferentes necessidades especiais dos nossos clientes. Goza de grande apre\u00e7o na ind\u00fastria do fitness.<\/p>\n<p>Temos procurado estilos de vida saud\u00e1veis e activos. Tomamos sempre a qualidade do produto como a base principal da inova\u00e7\u00e3o e do desenvolvimento independente.<\/p>\n<p>Fornecemos um servi\u00e7o de balc\u00e3o \u00fanico, ajudando-o a poupar tempo e dinheiro. Pode escolher o conjunto completo de\u00a0<b>equipamento de gin\u00e1sio<\/b>\u00a0de n\u00f3s, tais como m\u00e1quinas de cardio, de for\u00e7a, halteres, etc.<\/p>\n<p>Fornecemos o melhor servi\u00e7o p\u00f3s-venda e garantia padr\u00e3o no sector do fitness.<\/p>\n<\/div>\n<\/div>\n<p><b>A nossa honra :\u00a0<\/b><br \/>\n<img decoding=\"async\" src=\"https:\/\/image.made-in-china.com\/226f3j00rogVwzvIAPcn\/Customized-Top-Quality-Gym-Equipment-Aluminium-Pilates-Studio-Pilates-Reformer.webp\" alt=\"Customized Top Quality Gym Equipment Aluminium Pilates Studio Pilates Reformer\" width=\"1060px\" data-original=\"\/\/image.made-in-china.com\/226f3j00rogVwzvIAPcn\/Customized-Top-Quality-Gym-Equipment-Aluminium-Pilates-Studio-Pilates-Reformer.webp\" title=\"\"><br \/>\n<b>Exposi\u00e7\u00e3o :\u00a0<\/b><br \/>\n<img decoding=\"async\" src=\"https:\/\/image.made-in-china.com\/226f3j00zkrVJivKkHqF\/Customized-Top-Quality-Gym-Equipment-Aluminium-Pilates-Studio-Pilates-Reformer.webp\" alt=\"Customized Top Quality Gym Equipment Aluminium Pilates Studio Pilates Reformer\" width=\"1060px\" data-original=\"\/\/image.made-in-china.com\/226f3j00zkrVJivKkHqF\/Customized-Top-Quality-Gym-Equipment-Aluminium-Pilates-Studio-Pilates-Reformer.webp\" title=\"\"><\/p>","protected":false},"excerpt":{"rendered":"<p data-start=\"97\" data-end=\"591\"><strong data-start=\"97\" data-end=\"133\">Reformer de Pilates em a\u00e7o vers\u00e1til<\/strong> \u00e9 uma m\u00e1quina de Pilates duradoura, de n\u00edvel profissional, concebida para exerc\u00edcios de corpo inteiro. A sua forte estrutura em a\u00e7o garante estabilidade e desempenho duradouro, enquanto a resist\u00eancia ajust\u00e1vel e o deslizamento suave permitem exerc\u00edcios personalizados que visam a for\u00e7a do n\u00facleo, a flexibilidade, a postura e o equil\u00edbrio. Perfeito para gin\u00e1sios dom\u00e9sticos, est\u00fadios e programas de reabilita\u00e7\u00e3o, este reformador vers\u00e1til proporciona uma experi\u00eancia de Pilates segura e eficaz para utilizadores de todos os n\u00edveis de compet\u00eancia.<\/p>","protected":false},"featured_media":859,"template":"","meta":[],"product_brand":[157],"product_cat":[15],"product_tag":[95,94,93],"class_list":{"0":"post-583","1":"product","2":"type-product","3":"status-publish","4":"has-post-thumbnail","6":"product_brand-megacore","7":"product_cat-commercial-pilates-reformer","8":"product_tag-pro-grade-pilates-reformer","9":"product_tag-smooth-glide-pilates-reformer","10":"product_tag-versatile-pilates-reformer","12":"first","13":"instock","14":"shipping-taxable","15":"product-type-simple"},"_links":{"self":[{"href":"https:\/\/megacorepilates.com\/pt\/wp-json\/wp\/v2\/product\/583","targetHints":{"allow":["GET"]}}],"collection":[{"href":"https:\/\/megacorepilates.com\/pt\/wp-json\/wp\/v2\/product"}],"about":[{"href":"https:\/\/megacorepilates.com\/pt\/wp-json\/wp\/v2\/types\/product"}],"wp:featuredmedia":[{"embeddable":true,"href":"https:\/\/megacorepilates.com\/pt\/wp-json\/wp\/v2\/media\/859"}],"wp:attachment":[{"href":"https:\/\/megacorepilates.com\/pt\/wp-json\/wp\/v2\/media?parent=583"}],"wp:term":[{"taxonomy":"product_brand","embeddable":true,"href":"https:\/\/megacorepilates.com\/pt\/wp-json\/wp\/v2\/product_brand?post=583"},{"taxonomy":"product_cat","embeddable":true,"href":"https:\/\/megacorepilates.com\/pt\/wp-json\/wp\/v2\/product_cat?post=583"},{"taxonomy":"product_tag","embeddable":true,"href":"https:\/\/megacorepilates.com\/pt\/wp-json\/wp\/v2\/product_tag?post=583"}],"curies":[{"name":"wp","href":"https:\/\/api.w.org\/{rel}","templated":true}]}}