{"id":986,"date":"2023-05-23T17:04:57","date_gmt":"2023-05-23T09:04:57","guid":{"rendered":"https:\/\/megacorepilates.com\/?page_id=986"},"modified":"2025-09-22T17:44:29","modified_gmt":"2025-09-22T09:44:29","slug":"showroom-ul-nostru","status":"publish","type":"page","link":"https:\/\/megacorepilates.com\/ro\/showroom-ul-nostru\/","title":{"rendered":"Showroom-ul nostru"},"content":{"rendered":"<p>[et_pb_section fb_built=\u201d1\u2033 _builder_version=\u201d4.15.1\u2033 _module_preset=\u201ddefault\u201d global_colors_info=\u201d{}\u201d theme_builder_area=\u201dpost_content\u201d][et_pb_row _builder_version=\u201d4.15.1\u2033 _module_preset=\u201ddefault\u201d global_colors_info=\u201d{}\u201d theme_builder_area=\u201dpost_content\u201d][et_pb_column type=\u201d4_4\u2033 _builder_version=\u201d4.15.1\u2033 _module_preset=\u201ddefault\u201d global_colors_info=\u201d{}\u201d theme_builder_area=\u201dpost_content\u201d][et_pb_accordion _builder_version=\u201d4.15.1\u2033 _module_preset=\u201ddefault\u201d hover_enabled=\u201d0\u2033 global_colors_info=\u201d{}\u201d theme_builder_area=\u201dpost_content\u201d sticky_enabled=\u201d0\u2033][et_pb_accordion_item title=\u201dAvantajul nostru\u201d open=\u201don\u201d _builder_version=\u201d4.15.1\u2033 _module_preset=\u201ddefault\u201d hover_enabled=\u201d0\u2033 global_colors_info=\u201d{}\u201d theme_builder_area=\u201dpost_content\u201d sticky_enabled=\u201d0\u2033]<\/p>\n<p>Bine a\u021bi venit la Megacore Pilates Reformer, unde ne m\u00e2ndrim cu crearea reformatoarelor pilates de \u00eenalt\u0103 calitate. Marca noastr\u0103 ofer\u0103 op\u021biuni de uz casnic \u0219i comercial care sunt fabricate \u00een principal din o\u021bel. Ca companie, ne angaj\u0103m s\u0103 oferim produse \u0219i servicii excep\u021bionale care s\u0103 v\u0103 dep\u0103\u0219easc\u0103 a\u0219tept\u0103rile. Credem c\u0103 produsele \u0219i serviciile noastre sunt ceea ce ne diferen\u021biaz\u0103 de concuren\u021b\u0103.<\/p>\n<p><strong>Avantajele produselor noastre<\/strong><\/p>\n<p><strong><b>Avansat <\/b><\/strong><\/p>\n<p>Megacore Pilates Reformer set mul\u021bi exper\u021bi de fitness experien\u021b\u0103 \u0219i tehnologie avansat\u0103, folosind cele mai recente concept de design industrial de integrare.<\/p>\n<p><strong><b>Material bun<\/b><\/strong><strong><b>\u00a0<\/b><\/strong><\/p>\n<p>Megacore Pilates Reformer Fabricat din materiale metalice de \u00eenalt\u0103 calitate \u0219i tehnologie excelent\u0103, poate rezista la un impact mult mai puternic dec\u00e2t reformerul Pilates tradi\u021bional, durabil.<\/p>\n<p><strong><b>Sus<\/b><\/strong><strong><b>\u00a0calitate <\/b><\/strong><\/p>\n<p>Megacore Pilates Reformer autorizat interna\u021bional celebru brand de fabrica\u021bie OEM, sistem ISO de control al calit\u0103\u021bii, pentru a se asigura c\u0103 fiecare proces \u0219i fiecare detaliu \u00eendeplinesc standardele.<\/p>\n<p><strong><b>Func\u021bionale<\/b><\/strong><\/p>\n<p>Megacore Pilates Reformer sunt proiectate pentru a fi complet func\u021bionale \u0219i ergonomice, cu rezisten\u021b\u0103 reglabil\u0103, permi\u021b\u00e2nd utilizatorilor s\u0103 \u00ee\u0219i personalizeze antrenamentele \u00een func\u021bie de nevoile \u0219i obiectivele lor specifice. Clasele pot fi implementate inclusiv Pilates, yoga, aerobic \u0219i antrenament de for\u021b\u0103. Este un echipament de fitness multifunc\u021bional.<\/p>\n<p><strong><b>Clien\u021bi <\/b><\/strong><\/p>\n<p>Megacore Pilates Reformer poate exercita nucleul \u0219i grupurile musculare mici, precum \u0219i alte grupuri musculare ale \u00eentregului corp, poate corecta \u0219i optimiza forma corpului \u0219i poate satisface nevoile de fitness ale diferi\u021bilor clien\u021bi, de la adolescen\u021bi la persoane de v\u00e2rst\u0103 mijlocie \u0219i v\u00e2rstnici, de la persoane de reabilitare la persoane sub-s\u0103n\u0103tate, de la persoane iubitoare de form\u0103 la persoane profesionale.<\/p>\n<p><strong><b>Scen\u0103 larg\u0103 <\/b><\/strong><\/p>\n<p>Dimensiunea compact\u0103 a Megacore Pilates Reformer \u00eel face potrivit pentru o varietate de spa\u021bii, de la case \u0219i studiouri la s\u0103li de sport mari.<\/p>\n<p><strong><b>\u00centre\u021binere u\u0219oar\u0103<\/b><\/strong><\/p>\n<p>Megacore Pilates Reformer este u\u0219or de cur\u0103\u021bat \u0219i r\u0103m\u00e2ne \u00een stare bun\u0103 cu \u00eentre\u021binere minim\u0103.<\/p>\n<p><strong><b>Perspective bune <\/b><\/strong><\/p>\n<p>Odat\u0103 cu recuperarea epidemiei, din ce \u00een ce mai mul\u021bi oameni sunt preocupa\u021bi de s\u0103n\u0103tate, iar modul nou \u0219i eficient de exerci\u021bii megacore pilates reformer este acordat aten\u021bie \u0219i adoptat de din ce \u00een ce mai mul\u021bi oameni.<\/p>\n<p><strong><b>Competitiv mic<\/b><\/strong><\/p>\n<p>Megacore Pilates Reformer ofer\u0103 personalizare profesional\u0103, care poate realiza diferen\u021bierea \u00een func\u021bie de nevoile clien\u021bilor \u0219i se poate adapta la diferite pie\u021be \u0219i grupuri de clien\u021bi.<\/p>\n<p>&nbsp;<\/p>\n<p><strong>Avantajele fabricii noastre<\/strong><\/p>\n<p><strong><b>Calitate<\/b><\/strong><\/p>\n<p>Lu\u0103m \u00een serios calitatea la Megacore Pilates Reformer. Reformatoarele noastre sunt realizate \u00een cea mai mare parte din o\u021bel \u0219i sunt construite pentru a rezista testului timpului. Suntem dedica\u021bi s\u0103 v\u0103 oferim un produs care nu este doar eficient, ci \u0219i pl\u0103cut din punct de vedere estetic. Aten\u021bia noastr\u0103 la detalii \u0219i controlul calit\u0103\u021bii asigur\u0103 c\u0103 fiecare reformer este perfect \u00eenainte de a p\u0103r\u0103si vreodat\u0103 fabrica noastr\u0103.<\/p>\n<p><strong><b>Personalizare<\/b><\/strong><\/p>\n<p>\u00cen\u021belegem c\u0103 reformerul dvs. de pilates ar trebui s\u0103 se potriveasc\u0103 cu stilul dvs. personal, motiv pentru care oferim op\u021biuni de personalizare. Cu serviciul nostru OEM\/ODM, pute\u021bi personaliza culoarea \u0219i logo-ul de pe reformerul dvs. pentru a se potrivi cu preferin\u021bele dvs. personale. Op\u021biunile noastre de personalizare v\u0103 permit s\u0103 ie\u0219i\u021bi \u00een eviden\u021b\u0103 pe pia\u021ba aglomerat\u0103 de fitness.<\/p>\n<p><strong><b>Pre\u021buri<\/b><\/strong><\/p>\n<p>La Megacore Pilates Reformer, credem \u00een a oferi clien\u021bilor no\u0219tri o calitate excep\u021bional\u0103 la pre\u021buri competitive. Reformatoarele noastre au pre\u021buri accesibile, men\u021bin\u00e2nd \u00een acela\u0219i timp standardele \u00eenalte pentru care suntem cunoscu\u021bi. Ne str\u0103duim s\u0103 facem reformatoarele noastre accesibile celor care doresc s\u0103 \u00ee\u0219i \u00eembun\u0103t\u0103\u021beasc\u0103 rutina pilates, indiferent de buget.<\/p>\n<p><strong><b>Capacit\u0103\u021bi de produc\u021bie<\/b><\/strong><\/p>\n<p>Av\u00e2nd propria noastr\u0103 fabric\u0103, putem men\u021bine un control strict asupra procesului de fabrica\u021bie de la \u00eenceput p\u00e2n\u0103 la sf\u00e2r\u0219it. Acest lucru ne permite s\u0103 oferim produse personalizate la un pre\u021b accesibil, f\u0103r\u0103 a sacrifica calitatea.<\/p>\n<p><strong><b>Serviciul clien\u021bi<\/b><\/strong><\/p>\n<p>Echipa noastr\u0103 dedicat\u0103 este \u00eentotdeauna aici pentru a v\u0103 ajuta s\u0103 r\u0103spunde\u021bi la orice \u00eentreb\u0103ri sau nel\u0103muriri pe care le pute\u021bi avea, oferind servicii pentru clien\u021bi de cea mai \u00eenalt\u0103 calitate. Ne angaj\u0103m s\u0103 oferim cel mai bun serviciu pentru clien\u021bi posibil, asigur\u00e2ndu-ne c\u0103 ave\u021bi o experien\u021b\u0103 f\u0103r\u0103 cusur de la \u00eenceput p\u00e2n\u0103 la sf\u00e2r\u0219it.<\/p>\n<p>Pe scurt, avantajele produselor \u0219i fabricii noastre ne permit s\u0103 producem unele dintre cele mai bune reformatoare Pilates de pe pia\u021b\u0103, oferind \u00een acela\u0219i timp pre\u021buri accesibile \u0219i competitive. Angajamentul nostru fa\u021b\u0103 de calitate, satisfac\u021bia clien\u021bilor \u0219i excelen\u021ba \u00een produc\u021bie ne diferen\u021biaz\u0103 de concuren\u021bi. V\u0103 mul\u021bumim c\u0103 a\u021bi ales Megacore Pilates Reformer pentru toate nevoile dvs. de echipamente pilates.<\/p>\n<p>[\/et_pb_accordion_item][\/et_pb_accordion][\/et_pb_column][\/et_pb_row][\/et_pb_section]<\/p>","protected":false},"excerpt":{"rendered":"<p>[et_pb_section fb_built=&#8221;1&#8243; _builder_version=&#8221;4.15.1&#8243; _module_preset=&#8221;default&#8221; global_colors_info=&#8221;{}&#8221; theme_builder_area=&#8221;post_content&#8221;][et_pb_row _builder_version=&#8221;4.15.1&#8243; _module_preset=&#8221;default&#8221; global_colors_info=&#8221;{}&#8221; theme_builder_area=&#8221;post_content&#8221;][et_pb_column type=&#8221;4_4&#8243; _builder_version=&#8221;4.15.1&#8243; _module_preset=&#8221;default&#8221; global_colors_info=&#8221;{}&#8221; theme_builder_area=&#8221;post_content&#8221;][et_pb_accordion _builder_version=&#8221;4.15.1&#8243; _module_preset=&#8221;default&#8221; hover_enabled=&#8221;0&#8243; global_colors_info=&#8221;{}&#8221; theme_builder_area=&#8221;post_content&#8221; sticky_enabled=&#8221;0&#8243;][et_pb_accordion_item title=&#8221;Our Advantage&#8221; open=&#8221;on&#8221; _builder_version=&#8221;4.15.1&#8243; _module_preset=&#8221;default&#8221; hover_enabled=&#8221;0&#8243; global_colors_info=&#8221;{}&#8221; theme_builder_area=&#8221;post_content&#8221; sticky_enabled=&#8221;0&#8243;] Welcome to Megacore Pilates Reformer, where we pride ourselves in creating high-quality pilates reformers. Our brand offers home and commercial options that are crafted mostly [&hellip;]<\/p>","protected":false},"author":2,"featured_media":0,"parent":0,"menu_order":0,"comment_status":"closed","ping_status":"closed","template":"","meta":{"footnotes":""},"class_list":["post-986","page","type-page","status-publish","hentry"],"_links":{"self":[{"href":"https:\/\/megacorepilates.com\/ro\/wp-json\/wp\/v2\/pages\/986","targetHints":{"allow":["GET"]}}],"collection":[{"href":"https:\/\/megacorepilates.com\/ro\/wp-json\/wp\/v2\/pages"}],"about":[{"href":"https:\/\/megacorepilates.com\/ro\/wp-json\/wp\/v2\/types\/page"}],"author":[{"embeddable":true,"href":"https:\/\/megacorepilates.com\/ro\/wp-json\/wp\/v2\/users\/2"}],"replies":[{"embeddable":true,"href":"https:\/\/megacorepilates.com\/ro\/wp-json\/wp\/v2\/comments?post=986"}],"version-history":[{"count":0,"href":"https:\/\/megacorepilates.com\/ro\/wp-json\/wp\/v2\/pages\/986\/revisions"}],"wp:attachment":[{"href":"https:\/\/megacorepilates.com\/ro\/wp-json\/wp\/v2\/media?parent=986"}],"curies":[{"name":"wp","href":"https:\/\/api.w.org\/{rel}","templated":true}]}}