{"id":1201,"date":"2025-09-13T16:58:55","date_gmt":"2025-09-13T08:58:55","guid":{"rendered":"https:\/\/megacorepilates.com\/?post_type=product&#038;p=1201"},"modified":"2025-09-19T12:06:45","modified_gmt":"2025-09-19T04:06:45","slug":"simple-style-studio-fitness-pilates-reformer","status":"publish","type":"product","link":"https:\/\/megacorepilates.com\/ro\/produs\/simple-style-studio-fitness-pilates-reformer\/","title":{"rendered":"C22 Comer\u021b Stil simplu Studio Fitness Pilates Reformer"},"content":{"rendered":"<table width=\"791\">\n<tbody>\n<tr>\n<td width=\"276\">Item No.<\/td>\n<td width=\"515\">C22<\/td>\n<\/tr>\n<tr>\n<td width=\"276\">Product name<\/td>\n<td width=\"515\">Reformer Pilates<\/td>\n<\/tr>\n<tr>\n<td width=\"276\">Picture<\/td>\n<td width=\"515\"><\/td>\n<\/tr>\n<tr>\n<td width=\"276\">Size<\/td>\n<td width=\"515\">251.1*80.4*91.9cm<\/td>\n<\/tr>\n<tr>\n<td width=\"276\">New Weight<\/td>\n<td width=\"515\">147KGS<\/td>\n<\/tr>\n<tr>\n<td width=\"276\">Description<\/td>\n<td width=\"515\">All aluminum alloy guide rail<\/td>\n<\/tr>\n<tr>\n<td width=\"276\">Height from ground to the carriage<\/td>\n<td width=\"515\">42.1cm<\/td>\n<\/tr>\n<tr>\n<td width=\"276\">Carriage size<\/td>\n<td width=\"515\">85*55cm<\/td>\n<\/tr>\n<tr>\n<td width=\"276\">Platform\u0103 frontal\u0103<\/td>\n<td width=\"515\">19.5*55cm<\/td>\n<\/tr>\n<tr>\n<td width=\"276\">Rear platform<\/td>\n<td width=\"515\">19.5*55cm<\/td>\n<\/tr>\n<tr>\n<td width=\"276\">Jump board<\/td>\n<td width=\"515\">61*44cm<\/td>\n<\/tr>\n<tr>\n<td width=\"276\">Sliding distance<\/td>\n<td width=\"515\">100cm<\/td>\n<\/tr>\n<tr>\n<td width=\"276\">Front handle<\/td>\n<td width=\"515\">0\u00b0\u300190\u00b0\u3001180\u00b0\u3001270\u00b0<\/td>\n<\/tr>\n<tr>\n<td width=\"276\">Footbar<\/td>\n<td width=\"515\">0\u00b0\u300123\u00b0\u300146\u00b0\uff1bIt can also move back and forth; Suitable for different heights or movements<\/td>\n<\/tr>\n<tr>\n<td width=\"276\">Springs<\/td>\n<td width=\"515\">made of piano steel, total 5 pcs ,8.5Kg*1pcs(yellow); 13Kg*2 pcs;\u00a0\u00a0 21Kg *2pcs(red)<\/td>\n<\/tr>\n<tr>\n<td width=\"276\">CONTAINER QTY<\/td>\n<td width=\"515\">24PCS\/20gp;\u00a0\u00a0\u00a0 48PCS\/40HQ<\/td>\n<\/tr>\n<tr>\n<td>\u00a0Color of frame<\/td>\n<td>Acceptable customization<\/td>\n<\/tr>\n<tr>\n<td>Color of upholstery<\/td>\n<td>Acceptable customization<\/td>\n<\/tr>\n<tr>\n<td>Other optional accessory<\/td>\n<td>sitting box, pole,<\/td>\n<\/tr>\n<\/tbody>\n<\/table>\n<p><img fetchpriority=\"high\" decoding=\"async\" class=\"alignnone wp-image-1210\" src=\"http:\/\/megacorepilates.com\/wp-content\/uploads\/2023\/06\/20230613170226-300x175.png\" alt=\"\" width=\"794\" height=\"463\" title=\"\" srcset=\"https:\/\/megacorepilates.com\/wp-content\/uploads\/2023\/06\/20230613170226-300x175.png 300w, https:\/\/megacorepilates.com\/wp-content\/uploads\/2023\/06\/20230613170226-768x447.png 768w, https:\/\/megacorepilates.com\/wp-content\/uploads\/2023\/06\/20230613170226-480x279.png 480w, https:\/\/megacorepilates.com\/wp-content\/uploads\/2023\/06\/20230613170226-600x349.png 600w, https:\/\/megacorepilates.com\/wp-content\/uploads\/2023\/06\/20230613170226.png 782w\" sizes=\"(max-width: 794px) 100vw, 794px\" \/><\/p>\n<p><img decoding=\"async\" class=\"alignnone wp-image-1211\" src=\"http:\/\/megacorepilates.com\/wp-content\/uploads\/2023\/06\/20230613170242-300x168.png\" alt=\"\" width=\"798\" height=\"447\" title=\"\" srcset=\"https:\/\/megacorepilates.com\/wp-content\/uploads\/2023\/06\/20230613170242-300x168.png 300w, https:\/\/megacorepilates.com\/wp-content\/uploads\/2023\/06\/20230613170242-480x269.png 480w, https:\/\/megacorepilates.com\/wp-content\/uploads\/2023\/06\/20230613170242-600x336.png 600w, https:\/\/megacorepilates.com\/wp-content\/uploads\/2023\/06\/20230613170242.png 680w\" sizes=\"(max-width: 798px) 100vw, 798px\" \/><\/p>\n<p>&nbsp;<\/p>","protected":false},"excerpt":{"rendered":"<p>C22 Commerce prezint\u0103 Simple Style Studio - un spa\u021biu de fitness modern, cu un design elegant, dotat cu un reformer Pilates premium, perfect pentru antrenamente transformatoare \u00eentr-o atmosfer\u0103 elegant\u0103 \u0219i primitoare.<\/p>","protected":false},"featured_media":1202,"template":"","meta":[],"product_brand":[157],"product_cat":[15],"product_tag":[86,98,91,22,92,93],"class_list":{"0":"post-1201","1":"product","2":"type-product","3":"status-publish","4":"has-post-thumbnail","6":"product_brand-megacore","7":"product_cat-commercial-pilates-reformer","8":"product_tag-aluminum-pilates-reformer","9":"product_tag-comfortable-pilates-reformer","10":"product_tag-heavy-duty-pilates-reformer","11":"product_tag-pilates-reformer","12":"product_tag-studio-quality-pilates-reformer","13":"product_tag-versatile-pilates-reformer","15":"first","16":"instock","17":"shipping-taxable","18":"product-type-simple"},"_links":{"self":[{"href":"https:\/\/megacorepilates.com\/ro\/wp-json\/wp\/v2\/product\/1201","targetHints":{"allow":["GET"]}}],"collection":[{"href":"https:\/\/megacorepilates.com\/ro\/wp-json\/wp\/v2\/product"}],"about":[{"href":"https:\/\/megacorepilates.com\/ro\/wp-json\/wp\/v2\/types\/product"}],"wp:featuredmedia":[{"embeddable":true,"href":"https:\/\/megacorepilates.com\/ro\/wp-json\/wp\/v2\/media\/1202"}],"wp:attachment":[{"href":"https:\/\/megacorepilates.com\/ro\/wp-json\/wp\/v2\/media?parent=1201"}],"wp:term":[{"taxonomy":"product_brand","embeddable":true,"href":"https:\/\/megacorepilates.com\/ro\/wp-json\/wp\/v2\/product_brand?post=1201"},{"taxonomy":"product_cat","embeddable":true,"href":"https:\/\/megacorepilates.com\/ro\/wp-json\/wp\/v2\/product_cat?post=1201"},{"taxonomy":"product_tag","embeddable":true,"href":"https:\/\/megacorepilates.com\/ro\/wp-json\/wp\/v2\/product_tag?post=1201"}],"curies":[{"name":"wp","href":"https:\/\/api.w.org\/{rel}","templated":true}]}}