{"id":2117,"date":"2025-09-17T13:59:59","date_gmt":"2025-09-17T05:59:59","guid":{"rendered":"https:\/\/megacorepilates.com\/?post_type=product&#038;p=2117"},"modified":"2025-09-22T11:33:04","modified_gmt":"2025-09-22T03:33:04","slug":"megacorepilates-megaformer-t59","status":"publish","type":"product","link":"https:\/\/megacorepilates.com\/ro\/produs\/megacorepilates-megaformer-t59\/","title":{"rendered":"MegaCorePilates Megaformer T59"},"content":{"rendered":"<p><b>Calitate superioar\u0103 Noua metal puternic Pilates Reformer Heavy Duty Comercial Pilates echipamente\u00a0<\/b><\/p>\n<p><img fetchpriority=\"high\" decoding=\"async\" class=\"alignnone wp-image-2107\" src=\"http:\/\/megacorepilates.com\/wp-content\/uploads\/2.1-300x300.jpg\" alt=\"\" width=\"628\" height=\"628\" title=\"\" srcset=\"https:\/\/megacorepilates.com\/wp-content\/uploads\/2.1-300x300.jpg 300w, https:\/\/megacorepilates.com\/wp-content\/uploads\/2.1-150x150.jpg 150w, https:\/\/megacorepilates.com\/wp-content\/uploads\/2.1-768x768.jpg 768w, https:\/\/megacorepilates.com\/wp-content\/uploads\/2.1-600x600.jpg 600w, https:\/\/megacorepilates.com\/wp-content\/uploads\/2.1-100x100.jpg 100w, https:\/\/megacorepilates.com\/wp-content\/uploads\/2.1.jpg 960w\" sizes=\"(max-width: 628px) 100vw, 628px\" \/><\/p>\n<div class=\"rich-text-table\">\n<table>\n<tbody>\n<tr>\n<td><b>Mai multe detalii<\/b><\/td>\n<\/tr>\n<tr>\n<td>1. Distan\u021ba dintre pern\u0103 \u0219i sol: 427mm<\/td>\n<\/tr>\n<tr>\n<td>2. Material de cadru principal: 100*50*2.5<\/td>\n<\/tr>\n<tr>\n<td>3. Materail de ghidon: 38*3<\/td>\n<\/tr>\n<tr>\n<td>4. Material de transport: 60*30*3<\/td>\n<\/tr>\n<tr>\n<td>5. Tapi\u021berie rezistent\u0103, u\u0219or de cur\u0103\u021bat: piele super-fibr\u0103+EVA+sponge<\/td>\n<\/tr>\n<tr>\n<td>6. unghi reglabil pentru bara de picioare 90\u00b0, 65\u00b0, 40\u00b0, 15\u00b0 (4 pozi\u021bii)<\/td>\n<\/tr>\n<tr>\n<td>7. unghi reglabil pentru ghidonul frontal0\u00b0, 90\u00b0, 180\u00b0, 270\u00b0<\/td>\n<\/tr>\n<tr>\n<td>8. Bara pentru picioare poate fi reglat\u0103 cu u\u0219urin\u021b\u0103 prin pedal\u0103<\/td>\n<\/tr>\n<tr>\n<td>9. Sistem de prim\u0103var\u0103: 88LBS * 1pcs (albastru), 22LBS * 2pcs (negru), 8LBS * 2pcs (gri)<\/td>\n<\/tr>\n<tr>\n<td>10. Dou\u0103 perechi de curele (4 curele)<\/td>\n<\/tr>\n<tr>\n<td>11. 1 pereche de bucle: cu m\u00e2na \u0219i piciorul \u00eempreun\u0103<\/td>\n<\/tr>\n<tr>\n<td>12. bara corpului: 2pcs (3kg + 5kg)<\/td>\n<\/tr>\n<tr>\n<td>13. halter\u0103: 2 perechi (4lbs + 6lbs)<\/td>\n<\/tr>\n<tr>\n<td>14. Garan\u021bie: 3 ani pentru cadru, un an pentru accesorii<\/td>\n<\/tr>\n<tr>\n<td>15. 20GP:27 BUC, 40HQ:57 BUC<\/td>\n<\/tr>\n<\/tbody>\n<\/table>\n<\/div>\n<p><b>Informa\u021bii din fabric\u0103 :<br \/>\n<img decoding=\"async\" class=\"\" src=\"https:\/\/image.made-in-china.com\/226f3j00PShIDOjLCiGH\/Best-Quality-New-Strong-Metal-Pilates-Reformer-Commercial-Pilates-Equipment.webp\" alt=\"Cea mai bun\u0103 calitate New Strong Metal Pilates Reformer Commercial Pilates Equipment\" width=\"672\" height=\"511\" data-original=\"\/\/image.made-in-china.com\/226f3j00PShIDOjLCiGH\/Best-Quality-New-Strong-Metal-Pilates-Reformer-Commercial-Pilates-Equipment.webp\" data-faw_img=\"true\" title=\"\"><br \/>\n<\/b><img decoding=\"async\" src=\"https:\/\/image.made-in-china.com\/226f3j00WjVDHTsavlYP\/Best-Quality-New-Strong-Metal-Pilates-Reformer-Commercial-Pilates-Equipment.webp\" alt=\"Cea mai bun\u0103 calitate New Strong Metal Pilates Reformer Commercial Pilates Equipment\" width=\"1060\" height=\"\" data-original=\"\/\/image.made-in-china.com\/226f3j00WjVDHTsavlYP\/Best-Quality-New-Strong-Metal-Pilates-Reformer-Commercial-Pilates-Equipment.webp\" data-faw_img=\"true\" title=\"\"><br \/>\n<b>Linia de produc\u021bie :<\/b><br \/>\n<img decoding=\"async\" src=\"https:\/\/image.made-in-china.com\/226f3j00lsVLIrSKbWYD\/Best-Quality-New-Strong-Metal-Pilates-Reformer-Commercial-Pilates-Equipment.webp\" alt=\"Cea mai bun\u0103 calitate New Strong Metal Pilates Reformer Commercial Pilates Equipment\" width=\"1060\" height=\"\" data-original=\"\/\/image.made-in-china.com\/226f3j00lsVLIrSKbWYD\/Best-Quality-New-Strong-Metal-Pilates-Reformer-Commercial-Pilates-Equipment.webp\" data-faw_img=\"true\" title=\"\"><br \/>\n<b>Showroom:<\/b><\/p>\n<div data-mic-template=\"\">\n<div>\n<div data-mic-template-item=\"\" data-mic-template-text=\"\">\n<div>\n<p>Noi producem mai mult de 600 de tipuri diferite de\u00a0<b>produse pentru echipamente de fitness<\/b>, a fost exportat \u00een mai mult de 150 de \u021b\u0103ri. Gama de produse include centre de fitness familiale, diverse tipuri de cluburi de fitness comerciale, achizi\u021bii publice \u0219i \u0219colare, s\u0103li de gimnastic\u0103, centre de formare \u0219i reabilitare a sportivilor, centre de fitness pentru femei,\u00a0<b>studio pilates<\/b>\u00a0\u0219i alte proiecte de inginerie.<\/p>\n<p>Noi oferim\u00a0<b>Servicii OEM&amp;ODM<\/b>\u00a0pentru o lung\u0103 perioad\u0103 de timp \u00een industria de fitness pe baza a mai mult de 27 de ani de experien\u021b\u0103 profesional\u0103.<\/p>\n<p>Acord\u0103m mai mult\u0103 aten\u021bie dezvolt\u0103rii produsului, construirii\u00a0<b>echip\u0103 profesionist\u0103 de cercetare \u0219i dezvoltare<\/b>\u00a0pentru a satisface diferite nevoi speciale pentru clien\u021bii no\u0219tri. Bucura\u021bi-v\u0103 de o apreciere ridicat\u0103 \u00een industria de fitness.<\/p>\n<p>Am c\u0103utat un stil de via\u021b\u0103 s\u0103n\u0103tos \u0219i activ. \u00centotdeauna lu\u0103m calitatea produsului ca baz\u0103 de baz\u0103 pentru inovare \u0219i dezvoltare independent\u0103.<\/p>\n<p>Oferim servicii unice, v\u0103 ajut\u0103m s\u0103 economisi\u021bi timp \u0219i costuri. Pute\u021bi alege \u00eentregul set de\u00a0<b>echipamente de gimnastic\u0103<\/b>\u00a0de la noi, cum ar fi aparate cardio, aparate de for\u021b\u0103, haltere etc.<\/p>\n<p>Oferim cel mai bun serviciu post-v\u00e2nzare \u0219i garan\u021bie standard \u00een industria de fitness.<\/p>\n<\/div>\n<\/div>\n<div data-mic-template-image=\"\" data-mic-template-item=\"\"><img decoding=\"async\" src=\"https:\/\/image.made-in-china.com\/226f3j00hjlPHVsSZWfI\/Best-Quality-New-Strong-Metal-Pilates-Reformer-Commercial-Pilates-Equipment.webp\" alt=\"Cea mai bun\u0103 calitate New Strong Metal Pilates Reformer Commercial Pilates Equipment\" width=\"497\" height=\"\" data-original=\"\/\/image.made-in-china.com\/226f3j00hjlPHVsSZWfI\/Best-Quality-New-Strong-Metal-Pilates-Reformer-Commercial-Pilates-Equipment.webp\" data-faw_img=\"true\" title=\"\"><\/div>\n<\/div>\n<\/div>\n<p><b>Onoarea noastr\u0103 :\u00a0<\/b><br \/>\n<img decoding=\"async\" src=\"https:\/\/image.made-in-china.com\/226f3j00VSlPIeZhCiRH\/Best-Quality-New-Strong-Metal-Pilates-Reformer-Commercial-Pilates-Equipment.webp\" alt=\"Cea mai bun\u0103 calitate New Strong Metal Pilates Reformer Commercial Pilates Equipment\" width=\"1060\" height=\"\" data-original=\"\/\/image.made-in-china.com\/226f3j00VSlPIeZhCiRH\/Best-Quality-New-Strong-Metal-Pilates-Reformer-Commercial-Pilates-Equipment.webp\" data-faw_img=\"true\" title=\"\"><br \/>\n<b>Expozi\u021bie :\u00a0<\/b><br \/>\n<img decoding=\"async\" src=\"https:\/\/image.made-in-china.com\/226f3j00VZWPDnKGbiYI\/Best-Quality-New-Strong-Metal-Pilates-Reformer-Commercial-Pilates-Equipment.webp\" alt=\"Cea mai bun\u0103 calitate New Strong Metal Pilates Reformer Commercial Pilates Equipment\" width=\"1060\" height=\"\" data-original=\"\/\/image.made-in-china.com\/226f3j00VZWPDnKGbiYI\/Best-Quality-New-Strong-Metal-Pilates-Reformer-Commercial-Pilates-Equipment.webp\" data-faw_img=\"true\" title=\"\"><b>Ambalare \u0219i expediere :<br \/>\n<img decoding=\"async\" src=\"https:\/\/image.made-in-china.com\/226f3j00bjhHDEZybiUP\/Best-Quality-New-Strong-Metal-Pilates-Reformer-Commercial-Pilates-Equipment.webp\" alt=\"Cea mai bun\u0103 calitate New Strong Metal Pilates Reformer Commercial Pilates Equipment\" width=\"1043\" height=\"\" data-original=\"\/\/image.made-in-china.com\/226f3j00bjhHDEZybiUP\/Best-Quality-New-Strong-Metal-Pilates-Reformer-Commercial-Pilates-Equipment.webp\" data-faw_img=\"true\" title=\"\"><\/b><\/p>","protected":false},"excerpt":{"rendered":"<p>MegaCorePilates Megaformer T59 este un reformer de calitate profesional\u0103 proiectat pentru antrenamente Pilates pentru \u00eentregul corp. Cu rezisten\u021b\u0103 reglabil\u0103, alunecare lin\u0103 \u0219i construc\u021bie durabil\u0103, acesta \u00eembun\u0103t\u0103\u021be\u0219te rezisten\u021ba nucleului, flexibilitatea \u0219i condi\u021bia fizic\u0103 general\u0103, fiind ideal pentru studiouri, s\u0103li de sport la domiciliu \u0219i programe de reabilitare.<\/p>","protected":false},"featured_media":2105,"template":"","meta":[],"product_brand":[157],"product_cat":[15],"product_tag":[99,86,98,91,25,20,95,93],"class_list":{"0":"post-2117","1":"product","2":"type-product","3":"status-publish","4":"has-post-thumbnail","6":"product_brand-megacore","7":"product_cat-commercial-pilates-reformer","8":"product_tag-adjustable-pilates-reformer","9":"product_tag-aluminum-pilates-reformer","10":"product_tag-comfortable-pilates-reformer","11":"product_tag-heavy-duty-pilates-reformer","12":"product_tag-home-gym","13":"product_tag-pilates","14":"product_tag-pro-grade-pilates-reformer","15":"product_tag-versatile-pilates-reformer","17":"first","18":"instock","19":"shipping-taxable","20":"product-type-simple"},"_links":{"self":[{"href":"https:\/\/megacorepilates.com\/ro\/wp-json\/wp\/v2\/product\/2117","targetHints":{"allow":["GET"]}}],"collection":[{"href":"https:\/\/megacorepilates.com\/ro\/wp-json\/wp\/v2\/product"}],"about":[{"href":"https:\/\/megacorepilates.com\/ro\/wp-json\/wp\/v2\/types\/product"}],"wp:featuredmedia":[{"embeddable":true,"href":"https:\/\/megacorepilates.com\/ro\/wp-json\/wp\/v2\/media\/2105"}],"wp:attachment":[{"href":"https:\/\/megacorepilates.com\/ro\/wp-json\/wp\/v2\/media?parent=2117"}],"wp:term":[{"taxonomy":"product_brand","embeddable":true,"href":"https:\/\/megacorepilates.com\/ro\/wp-json\/wp\/v2\/product_brand?post=2117"},{"taxonomy":"product_cat","embeddable":true,"href":"https:\/\/megacorepilates.com\/ro\/wp-json\/wp\/v2\/product_cat?post=2117"},{"taxonomy":"product_tag","embeddable":true,"href":"https:\/\/megacorepilates.com\/ro\/wp-json\/wp\/v2\/product_tag?post=2117"}],"curies":[{"name":"wp","href":"https:\/\/api.w.org\/{rel}","templated":true}]}}