{"id":2517,"date":"2025-09-17T13:42:57","date_gmt":"2025-09-17T05:42:57","guid":{"rendered":"https:\/\/megacorepilates.com\/?post_type=product&#038;p=2517"},"modified":"2025-09-17T15:21:04","modified_gmt":"2025-09-17T07:21:04","slug":"masina-megaformer-de-vanzare","status":"publish","type":"product","link":"https:\/\/megacorepilates.com\/ro\/produs\/masina-megaformer-de-vanzare\/","title":{"rendered":"ma\u0219in\u0103 megaformer de v\u00e2nzare"},"content":{"rendered":"<table style=\"height: 526px;\" width=\"720\">\n<tbody>\n<tr>\n<td width=\"270\"><strong><b>Material<\/b><\/strong><\/td>\n<td width=\"316\">O\u021bel inoxidabil<\/td>\n<td width=\"269\"><strong><b>Locul de origine<\/b><\/strong><\/td>\n<td width=\"278\">Guangdong, China<\/td>\n<\/tr>\n<tr>\n<td width=\"270\"><strong><b>Nume de marc\u0103<\/b><\/strong><\/td>\n<td width=\"316\">Megacore<\/td>\n<td width=\"269\"><strong><b>Num\u0103rul modelului<\/b><\/strong><\/td>\n<td width=\"278\">C26<\/td>\n<\/tr>\n<tr>\n<td width=\"270\"><strong><b>Numele produsului<\/b><\/strong><\/td>\n<td width=\"316\">Reformer Pilates<\/td>\n<td width=\"269\"><strong><b>Material<\/b><\/strong><\/td>\n<td width=\"278\">O\u021bel<\/td>\n<\/tr>\n<tr>\n<td width=\"270\"><strong><b>Culoare<\/b><\/strong><\/td>\n<td width=\"316\">Culoare personalizat\u0103<\/td>\n<td width=\"269\"><strong><b>Dimensiune<\/b><\/strong><\/td>\n<td width=\"278\">327*86.6*89.4cm<\/td>\n<\/tr>\n<tr>\n<td width=\"270\"><strong><b>Dimensiunea cadrelor<\/b><\/strong><\/td>\n<td width=\"316\">299.7*66.8*45cm<\/td>\n<td width=\"269\"><strong><b>\u00cen\u0103l\u021bime<\/b><\/strong><\/td>\n<td width=\"278\">452mm<\/td>\n<\/tr>\n<tr>\n<td width=\"270\"><strong><b>Dimensiunea carraige<\/b><\/strong><\/td>\n<td width=\"316\">1200*668mm<\/td>\n<td width=\"269\"><strong><b>Platform\u0103 frontal\u0103<\/b><\/strong><\/td>\n<td width=\"278\">300*668mm<\/td>\n<\/tr>\n<tr>\n<td width=\"270\"><strong><b>Platform\u0103 spate<\/b><\/strong><\/td>\n<td width=\"316\">433*668mm<\/td>\n<td width=\"269\"><strong><b>Unghi reglabil pentru bara pentru picioare din spate<\/b><\/strong><\/td>\n<td width=\"278\">28\u00b0 ,55\u00b0, 90\u00b0 ,125\u00b0<\/p>\n<p>&nbsp;<\/td>\n<\/tr>\n<tr>\n<td width=\"270\"><strong><b>Accesorii<\/b><\/strong><\/td>\n<td width=\"316\">cabluri * 4pcs, bucl\u0103 dubl\u0103: 2 perechi, curele: 5pcs<\/td>\n<td width=\"269\"><strong><b>Prim\u0103vara<\/b><\/strong><\/td>\n<td width=\"278\">8 buc\u0103\u021bi (4lbs*2+8lbs*3<br \/>\n22lbs*2+88lbs*1)<\/td>\n<\/tr>\n<tr>\n<td width=\"270\"><strong><b>NW<\/b><\/strong><\/td>\n<td width=\"316\">150KG<\/td>\n<td width=\"269\"><strong><b>GW<\/b><\/strong><\/td>\n<td width=\"278\">160KG<\/td>\n<\/tr>\n<\/tbody>\n<\/table>\n<p>&nbsp;<\/p>\n<p><img fetchpriority=\"high\" decoding=\"async\" class=\"wp-image-2532\" src=\"http:\/\/megacorepilates.com\/wp-content\/uploads\/\u4e3b\u56fe_03-300x233.jpg\" alt=\"stainless steel pilates reformer\" width=\"557\" height=\"433\" title=\"\" srcset=\"\" sizes=\"(max-width: 557px) 100vw, 557px\" data-srcset=\"\" \/> <img decoding=\"async\" class=\"wp-image-2533\" src=\"http:\/\/megacorepilates.com\/wp-content\/uploads\/\u4e3b\u56fe_04-300x208.jpg\" alt=\"megareformer\" width=\"506\" height=\"351\" title=\"\" srcset=\"\" sizes=\"(max-width: 506px) 100vw, 506px\" data-srcset=\"\" \/><\/p>\n<p>&nbsp;<\/p>\n<h3><span style=\"color: #00ccff;\"><strong>\u00a0 \u00a0 \u00a0Caracteristic\u0103 cheie:<\/strong><\/span><\/h3>\n<ul>\n<li data-start=\"501\" data-end=\"776\">\n<p data-start=\"503\" data-end=\"776\"><strong data-start=\"503\" data-end=\"537\">Cadru durabil din o\u021bel inoxidabil:<\/strong><br data-start=\"537\" data-end=\"540\" \/>The <span style=\"color: #00ccff;\"><a style=\"color: #00ccff;\" href=\"https:\/\/megacorepilates.com\/ro\/produs\/masina-megaformer-de-vanzare\/\">MegaCore MegaFormer<\/a><\/span> are un cadru din o\u021bel inoxidabil de \u00eenalt\u0103 calitate care asigur\u0103 stabilitate, rezisten\u021b\u0103 \u0219i longevitate. Construit pentru a rezista utiliz\u0103rii zilnice intense, acest aparat ofer\u0103 durabilitatea necesar\u0103 pentru o varietate de exerci\u021bii Pilates.<\/p>\n<\/li>\n<li data-start=\"778\" data-end=\"1056\">\n<p data-start=\"780\" data-end=\"1056\"><strong data-start=\"780\" data-end=\"806\">Rezisten\u021b\u0103 reglabil\u0103:<\/strong><br data-start=\"806\" data-end=\"809\" \/>Cu MegaFormer, pute\u021bi ajusta cu u\u0219urin\u021b\u0103 nivelul de rezisten\u021b\u0103 pentru a v\u0103 satisface nevoile de fitness. Fie c\u0103 sunte\u021bi \u00een c\u0103utarea unei \u00eentinderi u\u0219oare sau a unui antrenament provocator, aceast\u0103 caracteristic\u0103 ajut\u0103 la \u021bintirea diferitelor grupe musculare, promov\u00e2nd cre\u0219terea muscular\u0103 \u0219i pierderea de gr\u0103sime.<\/p>\n<\/li>\n<li data-start=\"1058\" data-end=\"1346\">\n<p data-start=\"1060\" data-end=\"1346\"><strong data-start=\"1060\" data-end=\"1088\">C\u0103rucior cu alunecare lin\u0103:<\/strong><br data-start=\"1088\" data-end=\"1091\" \/>C\u0103ruciorul cu alunecare lin\u0103 al aparatului asigur\u0103 mi\u0219c\u0103ri fluide pe parcursul fiec\u0103rui exerci\u021biu, reduc\u00e2nd riscul de accidentare \u0219i maximiz\u00e2nd \u00een acela\u0219i timp eficien\u021ba antrenamentului. C\u0103ruciorul este proiectat s\u0103 fac\u0103 fa\u021b\u0103 cu u\u0219urin\u021b\u0103 at\u00e2t mi\u0219c\u0103rilor lente \u0219i controlate, c\u00e2t \u0219i rutinelor rapide.<\/p>\n<\/li>\n<li data-start=\"1348\" data-end=\"1576\">\n<p data-start=\"1350\" data-end=\"1576\"><strong data-start=\"1350\" data-end=\"1369\">Design compact:<\/strong><br data-start=\"1369\" data-end=\"1372\" \/>\u00cen ciuda versatilit\u0103\u021bii sale, MegaFormer este compact, ceea ce \u00eel face perfect at\u00e2t pentru s\u0103lile de sport de acas\u0103, c\u00e2t \u0219i pentru studiourile profesionale cu spa\u021biu limitat. Acesta ofer\u0103 un antrenament pentru \u00eentregul corp f\u0103r\u0103 a compromite spa\u021biul disponibil.<\/p>\n<\/li>\n<li data-start=\"1578\" data-end=\"1819\">\n<p data-start=\"1580\" data-end=\"1819\"><strong data-start=\"1580\" data-end=\"1621\">Flexibilitate \u0219i for\u021b\u0103 de baz\u0103 \u00eembun\u0103t\u0103\u021bite:<\/strong><br data-start=\"1621\" data-end=\"1624\" \/>Aceasta <a href=\"https:\/\/megacorepilates.com\/ro\/contactati-ne\/\"><span style=\"color: #00ccff;\">Ma\u0219in\u0103 MegaFormer<\/span><\/a> exceleaz\u0103 \u00een \u00eembun\u0103t\u0103\u021birea flexibilit\u0103\u021bii \u0219i a for\u021bei de baz\u0103, cu o gam\u0103 larg\u0103 de exerci\u021bii care vizeaz\u0103 abdomenul, picioarele, bra\u021bele \u0219i fesele. Este perfect pentru sculptarea unui fizic suplu \u0219i tonifiat.<\/p>\n<\/li>\n<\/ul>\n<p><img decoding=\"async\" class=\"wp-image-2534\" src=\"http:\/\/megacorepilates.com\/wp-content\/uploads\/\u4e3b\u56fe_05-300x226.jpg\" alt=\"Megacore pilates reformer de v\u00e2nzare\" width=\"563\" height=\"424\" title=\"\" srcset=\"\" sizes=\"(max-width: 563px) 100vw, 563px\" data-srcset=\"\" \/><\/p>\n<p><img loading=\"lazy\" decoding=\"async\" class=\"wp-image-2535\" src=\"http:\/\/megacorepilates.com\/wp-content\/uploads\/\u4e3b\u56fe_06-300x200.jpg\" alt=\"Pilates reformer consumabile\" width=\"563\" height=\"375\" title=\"\" srcset=\"\" sizes=\"(max-width: 563px) 100vw, 563px\" data-srcset=\"\" \/><\/p>\n<p>&nbsp;<\/p>","protected":false},"excerpt":{"rendered":"<p>Descoperi\u021bi <a href=\"https:\/\/megacorepilates.com\/ro\/contactati-ne\/\">Ma\u0219in\u0103 MegaFormer<\/a> de v\u00e2nzare, conceput pentru antrenamente dinamice Pilates. Ideal pentru for\u021b\u0103, flexibilitate \u0219i modelarea corpului, ofer\u0103 rezisten\u021b\u0103 reglabil\u0103 pentru toate nivelurile \u0219i obiectivele de fitness.<br \/>\nDimension:327*87.2*83.6cm<br \/>\nDimensiunea cadrelor: 299.7*66.8*45cm<br \/>\n\u00een\u0103l\u021bime (cadru la sol): 452mm<br \/>\ncaraige dimensiune:12008668mm<br \/>\nplatforma frontal\u0103: 300 * 668mm<br \/>\nplatforma din spate: 433 * 668mm<\/p>","protected":false},"featured_media":2530,"template":"","meta":[],"product_brand":[157],"product_cat":[15],"product_tag":[86,98,91,22,92,93],"class_list":{"0":"post-2517","1":"product","2":"type-product","3":"status-publish","4":"has-post-thumbnail","6":"product_brand-megacore","7":"product_cat-commercial-pilates-reformer","8":"product_tag-aluminum-pilates-reformer","9":"product_tag-comfortable-pilates-reformer","10":"product_tag-heavy-duty-pilates-reformer","11":"product_tag-pilates-reformer","12":"product_tag-studio-quality-pilates-reformer","13":"product_tag-versatile-pilates-reformer","15":"first","16":"outofstock","17":"shipping-taxable","18":"product-type-variable"},"_links":{"self":[{"href":"https:\/\/megacorepilates.com\/ro\/wp-json\/wp\/v2\/product\/2517","targetHints":{"allow":["GET"]}}],"collection":[{"href":"https:\/\/megacorepilates.com\/ro\/wp-json\/wp\/v2\/product"}],"about":[{"href":"https:\/\/megacorepilates.com\/ro\/wp-json\/wp\/v2\/types\/product"}],"wp:featuredmedia":[{"embeddable":true,"href":"https:\/\/megacorepilates.com\/ro\/wp-json\/wp\/v2\/media\/2530"}],"wp:attachment":[{"href":"https:\/\/megacorepilates.com\/ro\/wp-json\/wp\/v2\/media?parent=2517"}],"wp:term":[{"taxonomy":"product_brand","embeddable":true,"href":"https:\/\/megacorepilates.com\/ro\/wp-json\/wp\/v2\/product_brand?post=2517"},{"taxonomy":"product_cat","embeddable":true,"href":"https:\/\/megacorepilates.com\/ro\/wp-json\/wp\/v2\/product_cat?post=2517"},{"taxonomy":"product_tag","embeddable":true,"href":"https:\/\/megacorepilates.com\/ro\/wp-json\/wp\/v2\/product_tag?post=2517"}],"curies":[{"name":"wp","href":"https:\/\/api.w.org\/{rel}","templated":true}]}}