{"id":580,"date":"2025-08-11T21:52:45","date_gmt":"2025-08-11T13:52:45","guid":{"rendered":"http:\/\/megacorepilates.com\/?post_type=product&#038;p=580"},"modified":"2025-09-19T12:07:30","modified_gmt":"2025-09-19T04:07:30","slug":"top-pilates-reformer-equipment-for-home-use","status":"publish","type":"product","link":"https:\/\/megacorepilates.com\/ro\/produs\/top-pilates-reformer-equipment-for-home-use\/","title":{"rendered":"Echipament Pilates Reformer de top pentru utilizare \u00een studio"},"content":{"rendered":"<p>&nbsp;<\/p>\n<div class=\"resp-tabs-container hor_1\">\n<div>\n<div class=\"text\">\n<p>Enjoy the flexibility of doing Pilates exercises with a full range of great equipment,including our latest\u00a0<strong>Reformer Megacore<\/strong>! With our top-quality pieces of <strong>Pilates Reformer Exercise Equipment<\/strong>, <span style=\"font-family: Arial; white-space: normal;\">\u00a0the combination of movement and movement can avoid some body movements contusion and reduce the negative effects caused by the wrong posture.<\/span><\/p>\n<p>&nbsp;<\/p>\n<p>&nbsp;<\/p>\n<p><strong><span style=\"font-size: 16px; color: #0099cc;\">Specification:<\/span><\/strong><\/p>\n<ul>\n<li>Material: Steel frame<\/li>\n<li>Product color: White frame, black platform<\/li>\n<li>Springs: 4 lbs*2pcs (white), 8 lbs*3pcs (grey), 22 lbs*2pcs (black), 88 lbs*1pc (blue)<\/li>\n<li>Size: 2800*650*860 mm<\/li>\n<li>N.W.: 150 kg<\/li>\n<li>G.W.: 160 kg<\/li>\n<li>Affordable weight: 135 KG<\/li>\n<li>Cushion: PU leather + High density sponge<\/li>\n<\/ul>\n<p>&nbsp;<\/p>\n<p class=\"\"><span style=\"font-family: Arial; font-size: 16px; color: #0099cc;\"><strong>T<\/strong><\/span><span style=\"font-family: Arial; font-size: 16px; color: #0099cc;\"><strong>echnologies<\/strong><\/span><span style=\"font-family: Arial; font-size: 16px; color: #0099cc;\"><strong>:<\/strong><\/span><\/p>\n<ul>\n<li>\n<p class=\"\" style=\"font-family: Arial; display: inline !important;\"><span style=\"font-family: Arial; font-size: 14px;\">1. Material of main frame: 90*50*3, 80*60*3 rectangular tube is used for steel pipe, D32*3 circular tube is used for handlebar pipe, and the thickness of plate is 4mm. \u00a0<\/span><\/p>\n<\/li>\n<li><span style=\"font-family: Arial; font-size: 14px;\">2. The pad group is made of microfiber leather, high and low density EVA sponge and glued wood board structure \u00a0<\/span><\/li>\n<li><span style=\"font-family: Arial; font-size: 14px;\">3. Pulley: high strength POM pulley with diameter of 50mm \u00a0<\/span><\/li>\n<li><span style=\"font-family: Arial; font-size: 14px;\">4. Pull rope: using \u03c6 5 multi-strand wire rope, bearing 1.47 tons \u00a0<\/span><\/li>\n<li><span style=\"font-family: Arial; font-size: 14px;\">5. Accessories: 4 stainless steel 32mm diameter small pulley, 4 steel wire rope, 4 handle, slide pad with 2 straps, front pad with 1 strap, back pad with 1 strap, 1 set of foot strap, 1 set of elastic rope, 16 large hoist hook, 6 small hoist hook \u00a0<\/span><\/li>\n<li><span style=\"font-family: Arial; font-size: 14px;\">6. Handle: use inner ring + outer ring cotton fiber cloth + rope ring \u00a0<\/span><\/li>\n<li><span style=\"font-family: Arial; font-size: 14px;\">7. The host rack is composed of two parts: the front rack and the rear rack. \u00a0<\/span><\/li>\n<li><span style=\"font-family: Arial; font-size: 14px;\">8. Bearing screws :10.9 high strength screws \u00a0<\/span><\/li>\n<li><span style=\"font-family: Arial; font-size: 14px;\">Baking powder: high protection, anti-rust epoxy powder coating process, German equipment baking powder line operation (frame spraying baking powder coverage for three years\u00a0\u00a0<\/span><\/li>\n<\/ul>\n<p><strong><span style=\"font-size: 16px; color: #0099cc;\">Feature:<\/span><\/strong><\/p>\n<ul>\n<li>Easy to assemble.<\/li>\n<li>Smooth pulley.<\/li>\n<li>Adjustable spring resistance.<\/li>\n<li>Head and neck pillow.<\/li>\n<li>Custom colors<\/li>\n<li>Hundreds of training moves.<\/li>\n<li>Train whole body.<\/li>\n<li>Enjoy professional pilates experience at home.<\/li>\n<\/ul>\n<p><span style=\"font-family: Arial; font-size: 16px; color: #0099cc;\"><strong>Container Load:<\/strong><\/span><\/p>\n<ul>\n<li><span style=\"font-family: Arial;\">20 Feet 20 pcs<\/span><\/li>\n<li><span style=\"font-family: Arial;\"><span style=\"font-size: 14px;\">40 HQ 50 pcs<\/span><\/span><\/li>\n<\/ul>\n<p>&nbsp;<\/p>\n<p><strong><span style=\"font-size: 16px; color: #0099cc;\">Warranty:<\/span><\/strong><\/p>\n<ul>\n<li>3 years frame\/365 days parts<\/li>\n<\/ul>\n<p>&nbsp;<\/p>\n<p><strong><span style=\"font-size: 16px; color: #0099cc;\">Products Display:<\/span><\/strong><\/p>\n<p><strong><span style=\"font-size: 16px; color: #0099cc;\"><img decoding=\"async\" src=\"http:\/\/megacorepilates.com\/img\/20210825172433_59921.jpg\" alt=\"\" title=\"\"><br \/>\n<\/span><\/strong><\/p>\n<p><img decoding=\"async\" src=\"http:\/\/megacorepilates.com\/img\/20210825172445_87239.jpg\" alt=\"\" title=\"\"><\/p>\n<p><img decoding=\"async\" src=\"http:\/\/megacorepilates.com\/img\/20220820173833_95450.jpg\" alt=\"\" title=\"\"><\/p>\n<\/div>\n<\/div>\n<\/div>","protected":false},"excerpt":{"rendered":"<p><strong data-start=\"210\" data-end=\"259\">Echipament Pilates Reformer de top pentru utilizare \u00een studio<\/strong> ofer\u0103 performan\u021be de nivel profesional pentru studiourile de fitness \u0219i centrele Pilates. Construit pentru durabilitate \u0219i versatilitate, suport\u0103 antrenamente pentru \u00eentregul corp, rezisten\u021b\u0103 reglabil\u0103 \u0219i alunecare lin\u0103, ideal\u0103 pentru instructorii \u0219i clien\u021bii care caut\u0103 Pilates de studio de \u00eenalt\u0103 calitate.<\/p>","protected":false},"featured_media":1622,"template":"","meta":[],"product_brand":[157],"product_cat":[15],"product_tag":[86,98,91,22,92,93],"class_list":{"0":"post-580","1":"product","2":"type-product","3":"status-publish","4":"has-post-thumbnail","6":"product_brand-megacore","7":"product_cat-commercial-pilates-reformer","8":"product_tag-aluminum-pilates-reformer","9":"product_tag-comfortable-pilates-reformer","10":"product_tag-heavy-duty-pilates-reformer","11":"product_tag-pilates-reformer","12":"product_tag-studio-quality-pilates-reformer","13":"product_tag-versatile-pilates-reformer","15":"first","16":"instock","17":"shipping-taxable","18":"product-type-simple"},"_links":{"self":[{"href":"https:\/\/megacorepilates.com\/ro\/wp-json\/wp\/v2\/product\/580","targetHints":{"allow":["GET"]}}],"collection":[{"href":"https:\/\/megacorepilates.com\/ro\/wp-json\/wp\/v2\/product"}],"about":[{"href":"https:\/\/megacorepilates.com\/ro\/wp-json\/wp\/v2\/types\/product"}],"wp:featuredmedia":[{"embeddable":true,"href":"https:\/\/megacorepilates.com\/ro\/wp-json\/wp\/v2\/media\/1622"}],"wp:attachment":[{"href":"https:\/\/megacorepilates.com\/ro\/wp-json\/wp\/v2\/media?parent=580"}],"wp:term":[{"taxonomy":"product_brand","embeddable":true,"href":"https:\/\/megacorepilates.com\/ro\/wp-json\/wp\/v2\/product_brand?post=580"},{"taxonomy":"product_cat","embeddable":true,"href":"https:\/\/megacorepilates.com\/ro\/wp-json\/wp\/v2\/product_cat?post=580"},{"taxonomy":"product_tag","embeddable":true,"href":"https:\/\/megacorepilates.com\/ro\/wp-json\/wp\/v2\/product_tag?post=580"}],"curies":[{"name":"wp","href":"https:\/\/api.w.org\/{rel}","templated":true}]}}