{"id":581,"date":"2025-09-11T21:52:45","date_gmt":"2025-09-11T13:52:45","guid":{"rendered":"http:\/\/megacorepilates.com\/?post_type=product&#038;p=581"},"modified":"2025-09-17T15:20:35","modified_gmt":"2025-09-17T07:20:35","slug":"pilates-reformer-for-core-strengthening","status":"publish","type":"product","link":"https:\/\/megacorepilates.com\/ro\/produs\/pilates-reformer-for-core-strengthening\/","title":{"rendered":"Pilates Reformer pentru \u00eent\u0103rirea nucleului"},"content":{"rendered":"<div class=\"J_module\">\n<div class=\"detail-decorate-json-renderer-container\">\n<div class=\"magic-1\">\n<div class=\"magic-6\">\n<div class=\"magic-7\">\n<div class=\"magic-8\"><\/div>\n<\/div>\n<\/div>\n<\/div>\n<\/div>\n<\/div>\n<div class=\"J_module\">\n<div class=\"icbu-pc-detailManyImage magic-9\">\n<div class=\"magic-10\"><img decoding=\"async\" class=\"magic-11\" src=\"https:\/\/s.alicdn.com\/@sc04\/kf\/He6f06eb9de04460193dbd98089f3e8a6y\/200239637\/He6f06eb9de04460193dbd98089f3e8a6y.png?quality=close\" data-src=\"\/\/s.alicdn.com\/@sc04\/kf\/He6f06eb9de04460193dbd98089f3e8a6y\/200239637\/He6f06eb9de04460193dbd98089f3e8a6y.png?quality=close\" alt=\"\" title=\"\"><\/div>\n<div class=\"magic-10\"><img decoding=\"async\" class=\"magic-11\" src=\"https:\/\/s.alicdn.com\/@sc04\/kf\/H5db761c4d68e48aebe262e85ab0940dbK\/200239637\/H5db761c4d68e48aebe262e85ab0940dbK.jpg?quality=close\" data-src=\"\/\/s.alicdn.com\/@sc04\/kf\/H5db761c4d68e48aebe262e85ab0940dbK\/200239637\/H5db761c4d68e48aebe262e85ab0940dbK.jpg?quality=close\" alt=\"\" title=\"\"><\/div>\n<div class=\"magic-10\"><img decoding=\"async\" class=\"magic-11\" src=\"https:\/\/s.alicdn.com\/@sc04\/kf\/Hfee2a4ed6d3f40acb65f565186e173f81\/200239637\/Hfee2a4ed6d3f40acb65f565186e173f81.jpg?quality=close\" data-src=\"\/\/s.alicdn.com\/@sc04\/kf\/Hfee2a4ed6d3f40acb65f565186e173f81\/200239637\/Hfee2a4ed6d3f40acb65f565186e173f81.jpg?quality=close\" alt=\"\" title=\"\"><\/div>\n<div class=\"magic-10\"><img decoding=\"async\" class=\"magic-11\" src=\"https:\/\/s.alicdn.com\/@sc04\/kf\/H627b531f26f348b4a63273cc374ec4551\/200239637\/H627b531f26f348b4a63273cc374ec4551.jpg?quality=close\" data-src=\"\/\/s.alicdn.com\/@sc04\/kf\/H627b531f26f348b4a63273cc374ec4551\/200239637\/H627b531f26f348b4a63273cc374ec4551.jpg?quality=close\" alt=\"\" title=\"\"><\/div>\n<div class=\"magic-10\"><img decoding=\"async\" class=\"magic-11\" src=\"https:\/\/s.alicdn.com\/@sc04\/kf\/H4d81fd6b5d8e4a2fa21ba1ff7d4fb290h\/200239637\/H4d81fd6b5d8e4a2fa21ba1ff7d4fb290h.jpg?quality=close\" data-src=\"\/\/s.alicdn.com\/@sc04\/kf\/H4d81fd6b5d8e4a2fa21ba1ff7d4fb290h\/200239637\/H4d81fd6b5d8e4a2fa21ba1ff7d4fb290h.jpg?quality=close\" alt=\"\" title=\"\"><\/div>\n<div class=\"magic-10\"><img decoding=\"async\" class=\"magic-11\" src=\"https:\/\/s.alicdn.com\/@sc04\/kf\/Hc8d455824db947c5be3cf7da4cf7ee297\/200239637\/Hc8d455824db947c5be3cf7da4cf7ee297.jpg?quality=close\" data-src=\"\/\/s.alicdn.com\/@sc04\/kf\/Hc8d455824db947c5be3cf7da4cf7ee297\/200239637\/Hc8d455824db947c5be3cf7da4cf7ee297.jpg?quality=close\" alt=\"\" title=\"\"><\/div>\n<div class=\"magic-10\"><img decoding=\"async\" class=\"magic-11\" src=\"https:\/\/s.alicdn.com\/@sc04\/kf\/Ha9e7b19705de486bb7426219917971f4w\/200239637\/Ha9e7b19705de486bb7426219917971f4w.jpg?quality=close\" data-src=\"\/\/s.alicdn.com\/@sc04\/kf\/Ha9e7b19705de486bb7426219917971f4w\/200239637\/Ha9e7b19705de486bb7426219917971f4w.jpg?quality=close\" alt=\"\" title=\"\"><\/div>\n<div class=\"magic-10\"><img decoding=\"async\" class=\"magic-11\" src=\"https:\/\/s.alicdn.com\/@sc04\/kf\/Hdd778d0ab53342f1828c72def25125adG\/200239637\/Hdd778d0ab53342f1828c72def25125adG.jpg?quality=close\" data-src=\"\/\/s.alicdn.com\/@sc04\/kf\/Hdd778d0ab53342f1828c72def25125adG\/200239637\/Hdd778d0ab53342f1828c72def25125adG.jpg?quality=close\" alt=\"\" title=\"\"><\/div>\n<div class=\"magic-10\"><img decoding=\"async\" class=\"magic-11\" src=\"https:\/\/s.alicdn.com\/@sc04\/kf\/Haf9b0ed0d9024cf384440962c9c06df0G\/200239637\/Haf9b0ed0d9024cf384440962c9c06df0G.jpg?quality=close\" data-src=\"\/\/s.alicdn.com\/@sc04\/kf\/Haf9b0ed0d9024cf384440962c9c06df0G\/200239637\/Haf9b0ed0d9024cf384440962c9c06df0G.jpg?quality=close\" alt=\"\" title=\"\"><\/div>\n<div class=\"magic-10\"><img decoding=\"async\" class=\"magic-11\" src=\"https:\/\/s.alicdn.com\/@sc04\/kf\/Hfc7ca3a3c1f14b298cc4fda18bfd2987b\/200239637\/Hfc7ca3a3c1f14b298cc4fda18bfd2987b.jpg?quality=close\" data-src=\"\/\/s.alicdn.com\/@sc04\/kf\/Hfc7ca3a3c1f14b298cc4fda18bfd2987b\/200239637\/Hfc7ca3a3c1f14b298cc4fda18bfd2987b.jpg?quality=close\" alt=\"\" title=\"\"><\/div>\n<\/div>\n<\/div>\n<div class=\"J_module\">\n<div class=\"ife-detail-decorate-table\">\n<table class=\"has-title all magic-12\">\n<tbody>\n<tr>\n<td colspan=\"2\" rowspan=\"1\">\n<div class=\"magic-13\">Mai multe detalii<\/div>\n<\/td>\n<\/tr>\n<tr>\n<td colspan=\"2\" rowspan=\"1\">\n<div class=\"magic-13\">dimensiune: 294*90*95cm<\/div>\n<\/td>\n<\/tr>\n<tr>\n<td colspan=\"2\" rowspan=\"1\">\n<div class=\"magic-13\">material: aliaj de aluminiu<\/div>\n<\/td>\n<\/tr>\n<tr>\n<td colspan=\"2\" rowspan=\"1\">\n<div class=\"magic-16\">greutate net\u0103: 170KGS<\/div>\n<\/td>\n<\/tr>\n<\/tbody>\n<\/table>\n<\/div>\n<\/div>\n<div class=\"J_module\">\n<div id=\"ali-anchor-AliMagic-crxsfa\" class=\"magic-17\" data-section=\"AliMagic-crxsfa\" data-section-title=\"Company Profile\">Profilul companiei<\/div>\n<\/div>\n<div class=\"J_module\">\n<div class=\"icbu-pc-images magic-18\">\n<div>\n<div class=\"flex-layout-v\">\n<div class=\"flex-layout-h magic-18\">\n<div class=\"magic-19\"><img decoding=\"async\" class=\"magic-20\" src=\"https:\/\/s.alicdn.com\/@sc04\/kf\/Ab1899f02e23349ff984e7cff1f373517Q\/200239637\/Ab1899f02e23349ff984e7cff1f373517Q.jpg?quality=close\" data-src=\"\/\/s.alicdn.com\/@sc04\/kf\/Ab1899f02e23349ff984e7cff1f373517Q\/200239637\/Ab1899f02e23349ff984e7cff1f373517Q.jpg?quality=close\" alt=\"\" title=\"\"><\/div>\n<\/div>\n<\/div>\n<\/div>\n<\/div>\n<\/div>\n<div class=\"J_module\">\n<div class=\"icbu-pc-images magic-18\">\n<div>\n<div class=\"flex-layout-v\">\n<div class=\"flex-layout-h magic-18\">\n<div class=\"magic-21\"><img decoding=\"async\" class=\"magic-22\" src=\"https:\/\/s.alicdn.com\/@sc04\/kf\/Ha6d9c834fa304995add93d1c373104d29\/200239637\/Ha6d9c834fa304995add93d1c373104d29.jpg?quality=close\" data-src=\"\/\/s.alicdn.com\/@sc04\/kf\/Ha6d9c834fa304995add93d1c373104d29\/200239637\/Ha6d9c834fa304995add93d1c373104d29.jpg?quality=close\" alt=\"\" title=\"\"><\/div>\n<\/div>\n<\/div>\n<\/div>\n<\/div>\n<\/div>\n<div class=\"J_module\">\n<div class=\"icbu-pc-images magic-18\">\n<div>\n<div class=\"flex-layout-v\">\n<div class=\"flex-layout-h magic-18\">\n<div class=\"magic-21\"><img decoding=\"async\" class=\"magic-22\" src=\"https:\/\/s.alicdn.com\/@sc04\/kf\/H3952542fcfb240c6a1264d9a491df537r\/200239637\/H3952542fcfb240c6a1264d9a491df537r.jpg?quality=close\" data-src=\"\/\/s.alicdn.com\/@sc04\/kf\/H3952542fcfb240c6a1264d9a491df537r\/200239637\/H3952542fcfb240c6a1264d9a491df537r.jpg?quality=close\" alt=\"\" title=\"\"><\/div>\n<\/div>\n<\/div>\n<\/div>\n<\/div>\n<\/div>\n<div class=\"J_module\">\n<div id=\"ali-anchor-AliMagic-5akzdp\" class=\"magic-17\" data-section=\"AliMagic-5akzdp\" data-section-title=\"Production Line\">Linie de produc\u021bie<\/div>\n<\/div>\n<div class=\"J_module\">\n<div class=\"icbu-pc-images magic-18\">\n<div>\n<div class=\"flex-layout-v\">\n<div class=\"flex-layout-h magic-18\">\n<div class=\"magic-21\"><img decoding=\"async\" class=\"magic-22\" src=\"https:\/\/s.alicdn.com\/@sc04\/kf\/H07ae8f6d37884c56a977eb384ae793f00\/200239637\/H07ae8f6d37884c56a977eb384ae793f00.jpg?quality=close\" data-src=\"\/\/s.alicdn.com\/@sc04\/kf\/H07ae8f6d37884c56a977eb384ae793f00\/200239637\/H07ae8f6d37884c56a977eb384ae793f00.jpg?quality=close\" alt=\"\" title=\"\"><\/div>\n<\/div>\n<\/div>\n<\/div>\n<\/div>\n<\/div>\n<div class=\"J_module\">\n<div id=\"ali-anchor-AliMagic-xxwgru\" class=\"magic-17\" data-section=\"AliMagic-xxwgru\" data-section-title=\"Customer Photos\">Fotografii client<\/div>\n<\/div>\n<div class=\"J_module\">\n<div class=\"icbu-pc-images magic-18\">\n<div>\n<div class=\"flex-layout-v\">\n<div class=\"flex-layout-h magic-18\">\n<div class=\"magic-25\"><img decoding=\"async\" class=\"magic-26\" src=\"https:\/\/s.alicdn.com\/@sc04\/kf\/H1533827302be4e8db74beaa7d7fc5c03Y\/200239637\/H1533827302be4e8db74beaa7d7fc5c03Y.jpg?quality=close\" data-src=\"\/\/s.alicdn.com\/@sc04\/kf\/H1533827302be4e8db74beaa7d7fc5c03Y\/200239637\/H1533827302be4e8db74beaa7d7fc5c03Y.jpg?quality=close\" alt=\"\" title=\"\"><\/div>\n<\/div>\n<\/div>\n<\/div>\n<\/div>\n<\/div>\n<div class=\"J_module\">\n<div id=\"ali-anchor-AliMagic-l1upub\" class=\"magic-17\" data-section=\"AliMagic-l1upub\" data-section-title=\"Contact Us\">Contacta\u021bi-ne<\/div>\n<\/div>\n<div class=\"J_module\">\n<div class=\"icbu-pc-images magic-18\">\n<div>\n<div class=\"flex-layout-v\">\n<div class=\"flex-layout-h magic-18\">\n<div class=\"magic-27\"><img decoding=\"async\" class=\"magic-28\" src=\"https:\/\/s.alicdn.com\/@sc04\/kf\/H4c3364ca40f048b8af123b48decabfd3H\/200239637\/H4c3364ca40f048b8af123b48decabfd3H.jpg?quality=close\" data-src=\"\/\/s.alicdn.com\/@sc04\/kf\/H4c3364ca40f048b8af123b48decabfd3H\/200239637\/H4c3364ca40f048b8af123b48decabfd3H.jpg?quality=close\" alt=\"\" title=\"\"><\/div>\n<\/div>\n<\/div>\n<\/div>\n<\/div>\n<\/div>","protected":false},"excerpt":{"rendered":"<p data-start=\"204\" data-end=\"482\"><strong data-start=\"204\" data-end=\"247\">Pilates Reformer pentru \u00eent\u0103rirea nucleului<\/strong> ajut\u0103 la \u00eembun\u0103t\u0103\u021birea for\u021bei abdominale, a stabilit\u0103\u021bii \u0219i a posturii prin exerci\u021bii cu impact redus, pentru \u00eentregul corp. Perfect pentru antrenamentele de acas\u0103, studiourile de fitness \u0219i programele de antrenament de baz\u0103 direc\u021bionate, acesta ofer\u0103 rezisten\u021b\u0103 reglabil\u0103 pentru toate nivelurile de calificare.<\/p>\n<p data-start=\"484\" data-end=\"645\">","protected":false},"featured_media":850,"template":"","meta":[],"product_brand":[157],"product_cat":[15],"product_tag":[86,22],"class_list":{"0":"post-581","1":"product","2":"type-product","3":"status-publish","4":"has-post-thumbnail","6":"product_brand-megacore","7":"product_cat-commercial-pilates-reformer","8":"product_tag-aluminum-pilates-reformer","9":"product_tag-pilates-reformer","11":"first","12":"instock","13":"shipping-taxable","14":"product-type-simple"},"_links":{"self":[{"href":"https:\/\/megacorepilates.com\/ro\/wp-json\/wp\/v2\/product\/581","targetHints":{"allow":["GET"]}}],"collection":[{"href":"https:\/\/megacorepilates.com\/ro\/wp-json\/wp\/v2\/product"}],"about":[{"href":"https:\/\/megacorepilates.com\/ro\/wp-json\/wp\/v2\/types\/product"}],"wp:featuredmedia":[{"embeddable":true,"href":"https:\/\/megacorepilates.com\/ro\/wp-json\/wp\/v2\/media\/850"}],"wp:attachment":[{"href":"https:\/\/megacorepilates.com\/ro\/wp-json\/wp\/v2\/media?parent=581"}],"wp:term":[{"taxonomy":"product_brand","embeddable":true,"href":"https:\/\/megacorepilates.com\/ro\/wp-json\/wp\/v2\/product_brand?post=581"},{"taxonomy":"product_cat","embeddable":true,"href":"https:\/\/megacorepilates.com\/ro\/wp-json\/wp\/v2\/product_cat?post=581"},{"taxonomy":"product_tag","embeddable":true,"href":"https:\/\/megacorepilates.com\/ro\/wp-json\/wp\/v2\/product_tag?post=581"}],"curies":[{"name":"wp","href":"https:\/\/api.w.org\/{rel}","templated":true}]}}