{"id":2517,"date":"2025-09-17T13:42:57","date_gmt":"2025-09-17T05:42:57","guid":{"rendered":"https:\/\/megacorepilates.com\/?post_type=product&#038;p=2517"},"modified":"2025-09-17T15:21:04","modified_gmt":"2025-09-17T07:21:04","slug":"megaformningsmaskin-till-salu","status":"publish","type":"product","link":"https:\/\/megacorepilates.com\/sv\/produkt\/megaformningsmaskin-till-salu\/","title":{"rendered":"megaformningsmaskin till salu"},"content":{"rendered":"<table style=\"height: 526px;\" width=\"720\">\n<tbody>\n<tr>\n<td width=\"270\"><strong><b>Material<\/b><\/strong><\/td>\n<td width=\"316\">Rostfritt st\u00e5l<\/td>\n<td width=\"269\"><strong><b>Ursprungsort<\/b><\/strong><\/td>\n<td width=\"278\">Guangdong, Kina<\/td>\n<\/tr>\n<tr>\n<td width=\"270\"><strong><b>Varum\u00e4rke<\/b><\/strong><\/td>\n<td width=\"316\">Megacore<\/td>\n<td width=\"269\"><strong><b>Modellnummer<\/b><\/strong><\/td>\n<td width=\"278\">C26<\/td>\n<\/tr>\n<tr>\n<td width=\"270\"><strong><b>Produktens namn<\/b><\/strong><\/td>\n<td width=\"316\">Pilates Reformer<\/td>\n<td width=\"269\"><strong><b>Material<\/b><\/strong><\/td>\n<td width=\"278\">St\u00e5l<\/td>\n<\/tr>\n<tr>\n<td width=\"270\"><strong><b>F\u00e4rg<\/b><\/strong><\/td>\n<td width=\"316\">Anpassad f\u00e4rg<\/td>\n<td width=\"269\"><strong><b>Dimension<\/b><\/strong><\/td>\n<td width=\"278\">327 * 86,6 * 89,4 cm<\/td>\n<\/tr>\n<tr>\n<td width=\"270\"><strong><b>Storlek p\u00e5 ramar<\/b><\/strong><\/td>\n<td width=\"316\">299,7*66,8*45 cm<\/td>\n<td width=\"269\"><strong><b>H\u00f6jd<\/b><\/strong><\/td>\n<td width=\"278\">452 mm<\/td>\n<\/tr>\n<tr>\n<td width=\"270\"><strong><b>Carraige storlek<\/b><\/strong><\/td>\n<td width=\"316\">1200*668mm<\/td>\n<td width=\"269\"><strong><b>Fr\u00e4mre plattform<\/b><\/strong><\/td>\n<td width=\"278\">300*668mm<\/td>\n<\/tr>\n<tr>\n<td width=\"270\"><strong><b>Bakre plattform<\/b><\/strong><\/td>\n<td width=\"316\">433*668 mm<\/td>\n<td width=\"269\"><strong><b>Justerbar vinkel f\u00f6r den bakre fotb\u00e5gen<\/b><\/strong><\/td>\n<td width=\"278\">28\u00b0 ,55\u00b0, 90\u00b0 ,125\u00b0<\/p>\n<p>&nbsp;<\/td>\n<\/tr>\n<tr>\n<td width=\"270\"><strong><b>Tillbeh\u00f6r<\/b><\/strong><\/td>\n<td width=\"316\">kablar*4st,dubbel\u00f6gla:2par,remmar:5st<\/td>\n<td width=\"269\"><strong><b>V\u00e5r<\/b><\/strong><\/td>\n<td width=\"278\">8st (4lbs*2+8lbs*3)<br \/>\n22lbs*2+88lbs*1)<\/td>\n<\/tr>\n<tr>\n<td width=\"270\"><strong><b>NW<\/b><\/strong><\/td>\n<td width=\"316\">150KG<\/td>\n<td width=\"269\"><strong><b>GW<\/b><\/strong><\/td>\n<td width=\"278\">160KG<\/td>\n<\/tr>\n<\/tbody>\n<\/table>\n<p>&nbsp;<\/p>\n<p><img fetchpriority=\"high\" decoding=\"async\" class=\"wp-image-2532\" src=\"http:\/\/megacorepilates.com\/wp-content\/uploads\/\u4e3b\u56fe_03-300x233.jpg\" alt=\"stainless steel pilates reformer\" width=\"557\" height=\"433\" title=\"\" srcset=\"https:\/\/megacorepilates.com\/wp-content\/uploads\/\u4e3b\u56fe_03-300x233.jpg 300w, https:\/\/megacorepilates.com\/wp-content\/uploads\/\u4e3b\u56fe_03-150x117.jpg 150w, https:\/\/megacorepilates.com\/wp-content\/uploads\/\u4e3b\u56fe_03-768x597.jpg 768w, https:\/\/megacorepilates.com\/wp-content\/uploads\/\u4e3b\u56fe_03-600x467.jpg 600w, https:\/\/megacorepilates.com\/wp-content\/uploads\/\u4e3b\u56fe_03.jpg 881w\" sizes=\"(max-width: 557px) 100vw, 557px\" \/> <img decoding=\"async\" class=\"wp-image-2533\" src=\"http:\/\/megacorepilates.com\/wp-content\/uploads\/\u4e3b\u56fe_04-300x208.jpg\" alt=\"megareformer\" width=\"506\" height=\"351\" title=\"\" srcset=\"https:\/\/megacorepilates.com\/wp-content\/uploads\/\u4e3b\u56fe_04-300x208.jpg 300w, https:\/\/megacorepilates.com\/wp-content\/uploads\/\u4e3b\u56fe_04-150x104.jpg 150w, https:\/\/megacorepilates.com\/wp-content\/uploads\/\u4e3b\u56fe_04-600x416.jpg 600w, https:\/\/megacorepilates.com\/wp-content\/uploads\/\u4e3b\u56fe_04.jpg 720w\" sizes=\"(max-width: 506px) 100vw, 506px\" \/><\/p>\n<p>&nbsp;<\/p>\n<h3><span style=\"color: #00ccff;\"><strong>\u00a0 \u00a0 \u00a0Viktig funktion:<\/strong><\/span><\/h3>\n<ul>\n<li data-start=\"501\" data-end=\"776\">\n<p data-start=\"503\" data-end=\"776\"><strong data-start=\"503\" data-end=\"537\">H\u00e5llbar ram i rostfritt st\u00e5l:<\/strong><br data-start=\"537\" data-end=\"540\" \/>Den <span style=\"color: #00ccff;\"><a style=\"color: #00ccff;\" href=\"https:\/\/megacorepilates.com\/sv\/produkt\/megaformningsmaskin-till-salu\/\">MegaCore MegaFormer<\/a><\/span> har en h\u00f6gkvalitativ rostfri st\u00e5lram som garanterar stabilitet, styrka och l\u00e5ng livsl\u00e4ngd. Den h\u00e4r maskinen \u00e4r byggd f\u00f6r att klara intensiv daglig anv\u00e4ndning och ger den h\u00e5llbarhet som kr\u00e4vs f\u00f6r en m\u00e4ngd olika Pilates-\u00f6vningar.<\/p>\n<\/li>\n<li data-start=\"778\" data-end=\"1056\">\n<p data-start=\"780\" data-end=\"1056\"><strong data-start=\"780\" data-end=\"806\">Justerbart motst\u00e5nd:<\/strong><br data-start=\"806\" data-end=\"809\" \/>Med MegaFormer kan du enkelt justera motst\u00e5ndsniv\u00e5n s\u00e5 att den passar dina tr\u00e4ningsbehov. Oavsett om du \u00e4r ute efter en l\u00e4tt stretch eller ett utmanande tr\u00e4ningspass hj\u00e4lper den h\u00e4r funktionen till att rikta in sig p\u00e5 olika muskelgrupper, vilket fr\u00e4mjar muskeltillv\u00e4xt och fettf\u00f6rbr\u00e4nning.<\/p>\n<\/li>\n<li data-start=\"1058\" data-end=\"1346\">\n<p data-start=\"1060\" data-end=\"1346\"><strong data-start=\"1060\" data-end=\"1088\">Mjukt glidande vagn:<\/strong><br data-start=\"1088\" data-end=\"1091\" \/>Maskinens smidigt glidande vagn s\u00e4kerst\u00e4ller flytande r\u00f6relser genom varje \u00f6vning, vilket minskar risken f\u00f6r skador samtidigt som tr\u00e4ningseffektiviteten maximeras. Vagnen \u00e4r utformad f\u00f6r att enkelt hantera b\u00e5de l\u00e5ngsamma, kontrollerade r\u00f6relser och snabba rutiner.<\/p>\n<\/li>\n<li data-start=\"1348\" data-end=\"1576\">\n<p data-start=\"1350\" data-end=\"1576\"><strong data-start=\"1350\" data-end=\"1369\">Kompakt design:<\/strong><br data-start=\"1369\" data-end=\"1372\" \/>Trots sin m\u00e5ngsidighet \u00e4r MegaFormer kompakt, vilket g\u00f6r den perfekt f\u00f6r b\u00e5de hemmagym och professionella studior med begr\u00e4nsat utrymme. Den erbjuder tr\u00e4ning f\u00f6r hela kroppen utan att kompromissa med det tillg\u00e4ngliga utrymmet.<\/p>\n<\/li>\n<li data-start=\"1578\" data-end=\"1819\">\n<p data-start=\"1580\" data-end=\"1819\"><strong data-start=\"1580\" data-end=\"1621\">F\u00f6rb\u00e4ttrad flexibilitet och b\u00e5lstyrka:<\/strong><br data-start=\"1621\" data-end=\"1624\" \/>Detta <a href=\"https:\/\/megacorepilates.com\/sv\/kontakta-oss\/\"><span style=\"color: #00ccff;\">MegaFormer-maskin<\/span><\/a> \u00e4r utm\u00e4rkt f\u00f6r att f\u00f6rb\u00e4ttra flexibilitet och b\u00e5lstyrka, med ett brett utbud av \u00f6vningar som riktar sig mot mage, ben, armar och s\u00e4tesmuskler. Den \u00e4r perfekt f\u00f6r att forma en smal och tonad kropp.<\/p>\n<\/li>\n<\/ul>\n<p><img decoding=\"async\" class=\"wp-image-2534\" src=\"http:\/\/megacorepilates.com\/wp-content\/uploads\/\u4e3b\u56fe_05-300x226.jpg\" alt=\"Megacore pilates reformer till salu\" width=\"563\" height=\"424\" title=\"\" srcset=\"https:\/\/megacorepilates.com\/wp-content\/uploads\/\u4e3b\u56fe_05-300x226.jpg 300w, https:\/\/megacorepilates.com\/wp-content\/uploads\/\u4e3b\u56fe_05-150x113.jpg 150w, https:\/\/megacorepilates.com\/wp-content\/uploads\/\u4e3b\u56fe_05-600x452.jpg 600w, https:\/\/megacorepilates.com\/wp-content\/uploads\/\u4e3b\u56fe_05.jpg 750w\" sizes=\"(max-width: 563px) 100vw, 563px\" \/><\/p>\n<p><img loading=\"lazy\" decoding=\"async\" class=\"wp-image-2535\" src=\"http:\/\/megacorepilates.com\/wp-content\/uploads\/\u4e3b\u56fe_06-300x200.jpg\" alt=\"tillbeh\u00f6r till pilatesreformer\" width=\"563\" height=\"375\" title=\"\" srcset=\"https:\/\/megacorepilates.com\/wp-content\/uploads\/\u4e3b\u56fe_06-300x200.jpg 300w, https:\/\/megacorepilates.com\/wp-content\/uploads\/\u4e3b\u56fe_06-150x100.jpg 150w, https:\/\/megacorepilates.com\/wp-content\/uploads\/\u4e3b\u56fe_06-600x400.jpg 600w, https:\/\/megacorepilates.com\/wp-content\/uploads\/\u4e3b\u56fe_06.jpg 750w\" sizes=\"(max-width: 563px) 100vw, 563px\" \/><\/p>\n<p>&nbsp;<\/p>","protected":false},"excerpt":{"rendered":"<p>Uppt\u00e4ck de <a href=\"https:\/\/megacorepilates.com\/sv\/kontakta-oss\/\">MegaFormer-maskin<\/a> till salu, designad f\u00f6r dynamiska Pilates-tr\u00e4ningspass. Den \u00e4r idealisk f\u00f6r styrka, flexibilitet och kroppsskulptering och erbjuder justerbart motst\u00e5nd f\u00f6r alla fitnessniv\u00e5er och m\u00e5l.<br \/>\nDimension:327*87.2*83.6cm<br \/>\nRamarnas storlek: 299,7*66,8*45cm<br \/>\nh\u00f6jd (ram till mark):452mm<br \/>\ncaraige storlek:12008668mm<br \/>\nfr\u00e4mre plattform:300*668mm<br \/>\nbakre plattform: 433 * 668 mm<\/p>","protected":false},"featured_media":2530,"template":"","meta":[],"product_brand":[157],"product_cat":[15],"product_tag":[86,98,91,22,92,93],"class_list":{"0":"post-2517","1":"product","2":"type-product","3":"status-publish","4":"has-post-thumbnail","6":"product_brand-megacore","7":"product_cat-commercial-pilates-reformer","8":"product_tag-aluminum-pilates-reformer","9":"product_tag-comfortable-pilates-reformer","10":"product_tag-heavy-duty-pilates-reformer","11":"product_tag-pilates-reformer","12":"product_tag-studio-quality-pilates-reformer","13":"product_tag-versatile-pilates-reformer","15":"first","16":"outofstock","17":"shipping-taxable","18":"product-type-variable"},"_links":{"self":[{"href":"https:\/\/megacorepilates.com\/sv\/wp-json\/wp\/v2\/product\/2517","targetHints":{"allow":["GET"]}}],"collection":[{"href":"https:\/\/megacorepilates.com\/sv\/wp-json\/wp\/v2\/product"}],"about":[{"href":"https:\/\/megacorepilates.com\/sv\/wp-json\/wp\/v2\/types\/product"}],"wp:featuredmedia":[{"embeddable":true,"href":"https:\/\/megacorepilates.com\/sv\/wp-json\/wp\/v2\/media\/2530"}],"wp:attachment":[{"href":"https:\/\/megacorepilates.com\/sv\/wp-json\/wp\/v2\/media?parent=2517"}],"wp:term":[{"taxonomy":"product_brand","embeddable":true,"href":"https:\/\/megacorepilates.com\/sv\/wp-json\/wp\/v2\/product_brand?post=2517"},{"taxonomy":"product_cat","embeddable":true,"href":"https:\/\/megacorepilates.com\/sv\/wp-json\/wp\/v2\/product_cat?post=2517"},{"taxonomy":"product_tag","embeddable":true,"href":"https:\/\/megacorepilates.com\/sv\/wp-json\/wp\/v2\/product_tag?post=2517"}],"curies":[{"name":"wp","href":"https:\/\/api.w.org\/{rel}","templated":true}]}}